{"id":5807,"date":"2026-04-22T10:59:13","date_gmt":"2026-04-22T10:59:13","guid":{"rendered":"https:\/\/ikf.ac.at\/?page_id=5807"},"modified":"2026-04-22T10:59:16","modified_gmt":"2026-04-22T10:59:16","slug":"projekte-lucia-delgado-freiberg","status":"publish","type":"page","link":"https:\/\/ikf.ac.at\/en\/projekte-lucia-delgado-freiberg","title":{"rendered":"Projects \u2013 Lucia Delgado Freiberg"},"content":{"rendered":"<div class=\"wp-block-atomic-blocks-ab-container alignfull ab-block-container\"><div class=\"ab-container-inside\"><div class=\"ab-container-content\"><div id=\"pl-gb5807-69f60a69e5b99\"  class=\"panel-layout wp-block-siteorigin-panels-layout-block\" ><div id=\"pg-gb5807-69f60a69e5b99-0\"  class=\"panel-grid panel-no-style\" ><div id=\"pgc-gb5807-69f60a69e5b99-0-0\"  class=\"panel-grid-cell\" ><div id=\"panel-gb5807-69f60a69e5b99-0-0-0\" class=\"so-panel widget widget_media_image panel-first-child panel-last-child\" data-index=\"0\" ><img loading=\"lazy\" decoding=\"async\" width=\"2554\" height=\"10\" src=\"https:\/\/ikf.ac.at\/wp-content\/uploads\/2021\/01\/linie_IKF.jpg\" class=\"image wp-image-754  attachment-full size-full\" alt=\"\" style=\"max-width: 100%; height: auto;\" srcset=\"https:\/\/ikf.ac.at\/wp-content\/uploads\/2021\/01\/linie_IKF.jpg 2554w, https:\/\/ikf.ac.at\/wp-content\/uploads\/2021\/01\/linie_IKF-300x1.jpg 300w, https:\/\/ikf.ac.at\/wp-content\/uploads\/2021\/01\/linie_IKF-1024x4.jpg 1024w, https:\/\/ikf.ac.at\/wp-content\/uploads\/2021\/01\/linie_IKF-768x3.jpg 768w, https:\/\/ikf.ac.at\/wp-content\/uploads\/2021\/01\/linie_IKF-1536x6.jpg 1536w, https:\/\/ikf.ac.at\/wp-content\/uploads\/2021\/01\/linie_IKF-2048x8.jpg 2048w\" sizes=\"auto, (max-width: 2554px) 100vw, 2554px\" \/><\/div><\/div><\/div><\/div>\n\n\n<div style=\"color:#ddd\" class=\"wp-block-genesis-blocks-gb-spacer gb-block-spacer gb-divider-solid gb-divider-size-1\"><hr style=\"height:30px\"\/><\/div>\n\n\n<div id=\"pl-gb5807-69f60a69e636a\"  class=\"panel-layout wp-block-siteorigin-panels-layout-block\" ><div id=\"pg-gb5807-69f60a69e636a-0\"  class=\"panel-grid panel-no-style\" ><div id=\"pgc-gb5807-69f60a69e636a-0-0\"  class=\"panel-grid-cell\" ><div id=\"panel-gb5807-69f60a69e636a-0-0-0\" class=\"so-panel widget widget_sow-editor panel-first-child panel-last-child\" data-index=\"0\" ><div\n\t\t\t\n\t\t\tclass=\"so-widget-sow-editor so-widget-sow-editor-base\"\n\t\t\t\n\t\t>\n<div class=\"siteorigin-widget-tinymce textwidget\">\n\t<\/div>\n<\/div><\/div><\/div><div id=\"pgc-gb5807-69f60a69e636a-0-1\"  class=\"panel-grid-cell\" ><div id=\"panel-gb5807-69f60a69e636a-0-1-0\" class=\"so-panel widget widget_sow-editor panel-first-child panel-last-child\" data-index=\"1\" ><div\n\t\t\t\n\t\t\tclass=\"so-widget-sow-editor so-widget-sow-editor-base\"\n\t\t\t\n\t\t>\n<div class=\"siteorigin-widget-tinymce textwidget\">\n\t<p>ongoing projects:<\/p>\n<\/div>\n<\/div><\/div><\/div><\/div><\/div>\n\n\n<div class=\"wp-block-atomic-blocks-ab-container ab-block-container\"><div class=\"ab-container-inside\"><div class=\"ab-container-content\"><div id=\"pl-gb5807-69f60a69e6aec\"  class=\"panel-layout wp-block-siteorigin-panels-layout-block\" ><div id=\"pg-gb5807-69f60a69e6aec-0\"  class=\"panel-grid panel-no-style\" ><div id=\"pgc-gb5807-69f60a69e6aec-0-0\"  class=\"panel-grid-cell panel-grid-cell-empty\" ><\/div><div id=\"pgc-gb5807-69f60a69e6aec-0-1\"  class=\"panel-grid-cell\" ><div id=\"panel-gb5807-69f60a69e6aec-0-1-0\" class=\"so-panel widget widget_sow-editor panel-first-child panel-last-child\" data-index=\"0\" ><div\n\t\t\t\n\t\t\tclass=\"so-widget-sow-editor so-widget-sow-editor-base\"\n\t\t\t\n\t\t>\n<div class=\"siteorigin-widget-tinymce textwidget\">\n\t<table style=\"width: 100%; border-collapse: collapse; height: 96px;\" border=\"1\">\n<tbody>\n<tr style=\"height: 24px;\">\n<td style=\"height: 24px; width: 99.9341%;\"><\/td>\n<\/tr>\n<tr>\n<td style=\"width: 99.9341%;\"><a href=\"https:\/\/ikf.ac.at\/en\/antifeminismus-begegnen-toolbox-fuer-die-offene-jugendarbeit\/\" target=\"_blank\" rel=\"noopener\">Antifeminismus begegnen \u2013 Toolbox f\u00fcr die Offene Jugendarbeit<\/a><\/td>\n<\/tr>\n<tr style=\"height: 24px;\">\n<td style=\"width: 99.9341%; height: 24px;\"><a href=\"https:\/\/ikf.ac.at\/en\/change-schueler-innen-erforschen-soziale-ungleichheit\/\" target=\"_blank\" rel=\"noopener\">CHANGE \u2013 Students research social inequality<\/a> (until 9\/2025)<\/td>\n<\/tr>\n<tr>\n<td style=\"width: 99.9341%;\"><a href=\"https:\/\/ikf.ac.at\/en\/checkst-du-jugendliche-interventionen-in-dominante-krisennarrative-in-oesterreich\/\" target=\"_blank\" rel=\"noopener\">Checkst du? Jugendliche Interventionen in dominante Krisennarrative in \u00d6sterreich. Demokratiest\u00e4rkung als Beitrag zur Extremismuspr\u00e4vention<\/a><\/td>\n<\/tr>\n<tr>\n<td style=\"width: 99.9341%;\"><a href=\"https:\/\/ikf.ac.at\/en\/gemeinsam-altern-unter-dem-regenbogen\/\" target=\"_blank\" rel=\"noopener\">\u201eGemeinsam altern unter dem Regenbogen\u201c \u2013 Wiener Pilotprojekt f\u00fcr \u00e4ltere LGBTIQ+ Personen (60+)<\/a><\/td>\n<\/tr>\n<\/tbody>\n<\/table>\n<\/div>\n<\/div><\/div><\/div><\/div><\/div><\/div><\/div><\/div>\n<\/div><\/div><\/div>\n\n\n\n<div class=\"wp-block-atomic-blocks-ab-container alignfull ab-block-container\"><div class=\"ab-container-inside\"><div class=\"ab-container-content\"><div id=\"pl-gb5807-69f60a69e6e01\"  class=\"panel-layout wp-block-siteorigin-panels-layout-block\" ><div id=\"pg-gb5807-69f60a69e6e01-0\"  class=\"panel-grid panel-no-style\" ><div id=\"pgc-gb5807-69f60a69e6e01-0-0\"  class=\"panel-grid-cell\" ><div id=\"panel-gb5807-69f60a69e6e01-0-0-0\" class=\"so-panel widget widget_sow-editor panel-first-child panel-last-child\" data-index=\"0\" ><div\n\t\t\t\n\t\t\tclass=\"so-widget-sow-editor so-widget-sow-editor-base\"\n\t\t\t\n\t\t>\n<div class=\"siteorigin-widget-tinymce textwidget\">\n\t<\/div>\n<\/div><\/div><\/div><div id=\"pgc-gb5807-69f60a69e6e01-0-1\"  class=\"panel-grid-cell\" ><div id=\"panel-gb5807-69f60a69e6e01-0-1-0\" class=\"so-panel widget widget_sow-editor panel-first-child panel-last-child\" data-index=\"1\" ><div\n\t\t\t\n\t\t\tclass=\"so-widget-sow-editor so-widget-sow-editor-base\"\n\t\t\t\n\t\t>\n<div class=\"siteorigin-widget-tinymce textwidget\">\n\t<p>completed projects:<\/p>\n<\/div>\n<\/div><\/div><\/div><\/div><\/div>\n\n\n<div class=\"wp-block-atomic-blocks-ab-container ab-block-container\"><div class=\"ab-container-inside\"><div class=\"ab-container-content\"><div id=\"pl-gb5807-69f60a69e720c\"  class=\"panel-layout wp-block-siteorigin-panels-layout-block\" ><div id=\"pg-gb5807-69f60a69e720c-0\"  class=\"panel-grid panel-no-style\" ><div id=\"pgc-gb5807-69f60a69e720c-0-0\"  class=\"panel-grid-cell panel-grid-cell-empty\" ><\/div><div id=\"pgc-gb5807-69f60a69e720c-0-1\"  class=\"panel-grid-cell\" ><div id=\"panel-gb5807-69f60a69e720c-0-1-0\" class=\"so-panel widget widget_sow-editor panel-first-child panel-last-child\" data-index=\"0\" ><div\n\t\t\t\n\t\t\tclass=\"so-widget-sow-editor so-widget-sow-editor-base\"\n\t\t\t\n\t\t>\n<div class=\"siteorigin-widget-tinymce textwidget\">\n\t<table style=\"width: 100%; border-collapse: collapse;\" border=\"1\">\n<tbody>\n<tr style=\"height: 24px;\">\n<td style=\"width: 5%; border-style: none; height: 24px;\"><\/td>\n<td style=\"width: 95; height: 24px;\"><\/td>\n<\/tr>\n<tr>\n<td style=\"width: 5%;\">2025:<\/td>\n<td style=\"width: 95%;\"><a href=\"https:\/\/ikf.ac.at\/en\/stop-4-0-stadtteile-ohne-partnergewalt\/\" target=\"_blank\" rel=\"noopener\">StoP 4.0 \u2013 Stadtteile ohne Partnergewalt<\/a><\/td>\n<\/tr>\n<\/tbody>\n<\/table>\n<\/div>\n<\/div><\/div><\/div><\/div><\/div><\/div><\/div><\/div>\n\n\n\n<div style=\"color:#333\" class=\"wp-block-genesis-blocks-gb-spacer gb-block-spacer gb-divider-solid gb-spacer-divider gb-divider-size-1\"><hr style=\"height:120px\"\/><\/div>\n<\/div><\/div><\/div>","protected":false},"excerpt":{"rendered":"","protected":false},"author":2,"featured_media":0,"parent":0,"menu_order":0,"comment_status":"closed","ping_status":"closed","template":"","meta":{"footnotes":""},"class_list":["post-5807","page","type-page","status-publish","hentry","post"],"featured_image_src":null,"featured_image_src_square":null,"_links":{"self":[{"href":"https:\/\/ikf.ac.at\/en\/wp-json\/wp\/v2\/pages\/5807","targetHints":{"allow":["GET"]}}],"collection":[{"href":"https:\/\/ikf.ac.at\/en\/wp-json\/wp\/v2\/pages"}],"about":[{"href":"https:\/\/ikf.ac.at\/en\/wp-json\/wp\/v2\/types\/page"}],"author":[{"embeddable":true,"href":"https:\/\/ikf.ac.at\/en\/wp-json\/wp\/v2\/users\/2"}],"replies":[{"embeddable":true,"href":"https:\/\/ikf.ac.at\/en\/wp-json\/wp\/v2\/comments?post=5807"}],"version-history":[{"count":2,"href":"https:\/\/ikf.ac.at\/en\/wp-json\/wp\/v2\/pages\/5807\/revisions"}],"predecessor-version":[{"id":5809,"href":"https:\/\/ikf.ac.at\/en\/wp-json\/wp\/v2\/pages\/5807\/revisions\/5809"}],"wp:attachment":[{"href":"https:\/\/ikf.ac.at\/en\/wp-json\/wp\/v2\/media?parent=5807"}],"curies":[{"name":"wp","href":"https:\/\/api.w.org\/{rel}","templated":true}]}}