{"id":5730,"date":"2026-04-02T10:13:04","date_gmt":"2026-04-02T10:13:04","guid":{"rendered":"https:\/\/ikf.ac.at\/?page_id=5730"},"modified":"2026-04-02T12:54:06","modified_gmt":"2026-04-02T12:54:06","slug":"gemeinsam-altern-unter-dem-regenbogen","status":"publish","type":"page","link":"https:\/\/ikf.ac.at\/en\/gemeinsam-altern-unter-dem-regenbogen","title":{"rendered":"\u201eGemeinsam altern unter dem Regenbogen\u201c \u2013 Wiener Pilotprojekt f\u00fcr \u00e4ltere LGBTIQ+ Personen (60+)"},"content":{"rendered":"<div class=\"wp-block-atomic-blocks-ab-container alignfull ab-block-container\"><div class=\"ab-container-inside\"><div class=\"ab-container-content\"><div id=\"pl-gb5730-69e75d9f5e878\"  class=\"panel-layout wp-block-siteorigin-panels-layout-block\" ><div id=\"pg-gb5730-69e75d9f5e878-0\"  class=\"panel-grid panel-no-style\" ><div id=\"pgc-gb5730-69e75d9f5e878-0-0\"  class=\"panel-grid-cell\" ><div id=\"panel-gb5730-69e75d9f5e878-0-0-0\" class=\"so-panel widget widget_media_image panel-first-child panel-last-child\" data-index=\"0\" ><img loading=\"lazy\" decoding=\"async\" width=\"2554\" height=\"10\" src=\"https:\/\/ikf.ac.at\/wp-content\/uploads\/2021\/01\/linie_IKF.jpg\" class=\"image wp-image-754  attachment-full size-full\" alt=\"\" style=\"max-width: 100%; height: auto;\" srcset=\"https:\/\/ikf.ac.at\/wp-content\/uploads\/2021\/01\/linie_IKF.jpg 2554w, https:\/\/ikf.ac.at\/wp-content\/uploads\/2021\/01\/linie_IKF-300x1.jpg 300w, https:\/\/ikf.ac.at\/wp-content\/uploads\/2021\/01\/linie_IKF-1024x4.jpg 1024w, https:\/\/ikf.ac.at\/wp-content\/uploads\/2021\/01\/linie_IKF-768x3.jpg 768w, https:\/\/ikf.ac.at\/wp-content\/uploads\/2021\/01\/linie_IKF-1536x6.jpg 1536w, https:\/\/ikf.ac.at\/wp-content\/uploads\/2021\/01\/linie_IKF-2048x8.jpg 2048w\" sizes=\"auto, (max-width: 2554px) 100vw, 2554px\" \/><\/div><\/div><\/div><\/div>\n\n\n<div style=\"color:#ddd\" class=\"wp-block-genesis-blocks-gb-spacer gb-block-spacer gb-divider-solid gb-divider-size-1\"><hr style=\"height:30px\"\/><\/div>\n\n\n<div id=\"pl-gb5730-69e75d9f5f19a\"  class=\"panel-layout wp-block-siteorigin-panels-layout-block\" ><div id=\"pg-gb5730-69e75d9f5f19a-0\"  class=\"panel-grid panel-no-style\" ><div id=\"pgc-gb5730-69e75d9f5f19a-0-0\"  class=\"panel-grid-cell panel-grid-cell-empty\" ><\/div><div id=\"pgc-gb5730-69e75d9f5f19a-0-1\"  class=\"panel-grid-cell\" ><div id=\"panel-gb5730-69e75d9f5f19a-0-1-0\" class=\"so-panel widget widget_sow-editor panel-first-child panel-last-child\" data-index=\"0\" ><div\n\t\t\t\n\t\t\tclass=\"so-widget-sow-editor so-widget-sow-editor-base\"\n\t\t\t\n\t\t>\n<div class=\"siteorigin-widget-tinymce textwidget\">\n\t<table style=\"height: 168px; width: 100%; border-collapse: collapse;\" border=\"1\" cellpadding=\"2\">\n<tbody>\n<tr style=\"height: 24px;\">\n<td style=\"width: 19.4056%; height: 24px;\">Project management:<\/td>\n<td style=\"width: 80.5944%; height: 24px;\" colspan=\"2\">Brigitte Temel<\/td>\n<\/tr>\n<tr style=\"height: 24px;\">\n<td style=\"width: 19.4056%; height: 24px;\">IKF project team:<\/td>\n<td style=\"width: 80.5944%; height: 24px;\" colspan=\"2\">Lucia Delgado Freiberg<br \/>\nIsabel Meuser<\/td>\n<\/tr>\n<tr style=\"height: 24px;\">\n<td style=\"width: 19.4056%; height: 24px;\">\n<hr \/>\n<\/td>\n<td style=\"width: 76.8356%; height: 24px;\">\n<hr \/>\n<\/td>\n<td style=\"width: 3.75878%; height: 24px;\"><\/td>\n<\/tr>\n<tr>\n<td style=\"width: 19.4056%;\">Projektteam extern:<\/td>\n<td style=\"width: 80.5944%;\" colspan=\"2\">Gela Schwarz<br \/>\nErnst Silbermayr<br \/>\nMariam Vedadinejad<\/td>\n<\/tr>\n<tr>\n<td style=\"width: 19.4056%;\">\n<hr \/>\n<\/td>\n<td style=\"width: 76.8356%;\">\n<hr \/>\n<\/td>\n<td style=\"width: 3.75878%;\"><\/td>\n<\/tr>\n<tr>\n<td style=\"width: 19.4056%;\">Kooperationspartner:innen:<\/td>\n<td style=\"width: 80.5944%;\" colspan=\"2\">Diversity Care Wien<br \/>\nOur*Bodies \u2013 Verein f\u00fcr feministischen Gesundheitsjournalismus<br \/>\nQwien \u2013 Zentrum f\u00fcr queere Kultur und Geschichte<br \/>\nVolkshilfe Wien<br \/>\nWiener Antidiskriminierungsstelle f\u00fcr LGBTIQ-Angelegenheiten (WASt)<\/td>\n<\/tr>\n<tr>\n<td style=\"width: 19.4056%;\">\n<hr \/>\n<\/td>\n<td style=\"width: 76.8356%;\">\n<hr \/>\n<\/td>\n<td style=\"width: 3.75878%;\"><\/td>\n<\/tr>\n<tr style=\"height: 24px;\">\n<td style=\"width: 19.4056%; height: 24px;\">Funded by:<\/td>\n<td style=\"height: 24px; width: 80.5944%;\" colspan=\"2\">Fonds Gesundes \u00d6sterreich<\/td>\n<\/tr>\n<tr>\n<td style=\"width: 19.4056%;\"><\/td>\n<td style=\"width: 80.5944%;\" colspan=\"2\"><img loading=\"lazy\" decoding=\"async\" class=\"alignleft wp-image-5734 size-large\" src=\"https:\/\/ikf.ac.at\/wp-content\/uploads\/2026\/04\/V2_kombilogo-bmasgpk-goeg-fgoe-foerderzusatz-CMYK-1024x155.jpg\" alt=\"\" width=\"720\" height=\"109\" srcset=\"https:\/\/ikf.ac.at\/wp-content\/uploads\/2026\/04\/V2_kombilogo-bmasgpk-goeg-fgoe-foerderzusatz-CMYK-1024x155.jpg 1024w, https:\/\/ikf.ac.at\/wp-content\/uploads\/2026\/04\/V2_kombilogo-bmasgpk-goeg-fgoe-foerderzusatz-CMYK-300x45.jpg 300w, https:\/\/ikf.ac.at\/wp-content\/uploads\/2026\/04\/V2_kombilogo-bmasgpk-goeg-fgoe-foerderzusatz-CMYK-768x116.jpg 768w, https:\/\/ikf.ac.at\/wp-content\/uploads\/2026\/04\/V2_kombilogo-bmasgpk-goeg-fgoe-foerderzusatz-CMYK-1536x232.jpg 1536w, https:\/\/ikf.ac.at\/wp-content\/uploads\/2026\/04\/V2_kombilogo-bmasgpk-goeg-fgoe-foerderzusatz-CMYK-2048x310.jpg 2048w, https:\/\/ikf.ac.at\/wp-content\/uploads\/2026\/04\/V2_kombilogo-bmasgpk-goeg-fgoe-foerderzusatz-CMYK-18x3.jpg 18w\" sizes=\"auto, (max-width: 720px) 100vw, 720px\" \/><\/td>\n<\/tr>\n<tr style=\"height: 24px;\">\n<td style=\"width: 19.4056%; height: 24px;\">\n<hr \/>\n<\/td>\n<td style=\"width: 76.8356%; height: 24px;\">\n<hr \/>\n<\/td>\n<td style=\"width: 3.75878%; height: 24px;\"><\/td>\n<\/tr>\n<tr style=\"height: 24px;\">\n<td style=\"width: 19.4056%; height: 24px;\">Duration:<\/td>\n<td style=\"height: 24px; width: 80.5944%;\" colspan=\"2\">01.01.2026 &#8211; 31.12.2028<\/td>\n<\/tr>\n<\/tbody>\n<\/table>\n<\/div>\n<\/div><\/div><\/div><\/div><\/div>\n\n\n<div style=\"color:#404168\" class=\"wp-block-genesis-blocks-gb-spacer gb-block-spacer gb-divider-solid gb-spacer-divider gb-divider-size-1\"><hr style=\"height:3px\"\/><\/div>\n\n\n\n<div style=\"color:#404168\" class=\"wp-block-genesis-blocks-gb-spacer gb-block-spacer gb-divider-solid gb-divider-size-1\"><hr style=\"height:10px\"\/><\/div>\n\n\n<div id=\"pl-gb5730-69e75d9f5fb02\"  class=\"panel-layout\" ><div id=\"pg-gb5730-69e75d9f5fb02-0\"  class=\"panel-grid panel-no-style\" ><div id=\"pgc-gb5730-69e75d9f5fb02-0-0\"  class=\"panel-grid-cell panel-grid-cell-empty\" ><\/div><div id=\"pgc-gb5730-69e75d9f5fb02-0-1\"  class=\"panel-grid-cell panel-grid-cell-mobile-last\" ><div id=\"panel-gb5730-69e75d9f5fb02-0-1-0\" class=\"so-panel widget widget_media_image panel-first-child panel-last-child\" data-index=\"0\" ><img loading=\"lazy\" decoding=\"async\" width=\"350\" height=\"54\" src=\"https:\/\/ikf.ac.at\/wp-content\/uploads\/2026\/04\/Standardlogo_Auf_gesunde_Nachbarschaft_einzeilig-768x119.jpg\" class=\"image wp-image-5733  attachment-350x54 size-350x54\" alt=\"\" style=\"max-width: 100%; height: auto;\" srcset=\"https:\/\/ikf.ac.at\/wp-content\/uploads\/2026\/04\/Standardlogo_Auf_gesunde_Nachbarschaft_einzeilig-768x119.jpg 768w, https:\/\/ikf.ac.at\/wp-content\/uploads\/2026\/04\/Standardlogo_Auf_gesunde_Nachbarschaft_einzeilig-300x47.jpg 300w, https:\/\/ikf.ac.at\/wp-content\/uploads\/2026\/04\/Standardlogo_Auf_gesunde_Nachbarschaft_einzeilig-1024x159.jpg 1024w, https:\/\/ikf.ac.at\/wp-content\/uploads\/2026\/04\/Standardlogo_Auf_gesunde_Nachbarschaft_einzeilig-1536x238.jpg 1536w, https:\/\/ikf.ac.at\/wp-content\/uploads\/2026\/04\/Standardlogo_Auf_gesunde_Nachbarschaft_einzeilig-2048x318.jpg 2048w, https:\/\/ikf.ac.at\/wp-content\/uploads\/2026\/04\/Standardlogo_Auf_gesunde_Nachbarschaft_einzeilig-18x3.jpg 18w\" sizes=\"auto, (max-width: 350px) 100vw, 350px\" \/><\/div><\/div><div id=\"pgc-gb5730-69e75d9f5fb02-0-2\"  class=\"panel-grid-cell panel-grid-cell-empty\" ><\/div><\/div><\/div>\n\n<div id=\"pl-gb5730-69e75d9f5ff9a\"  class=\"panel-layout wp-block-siteorigin-panels-layout-block\" ><div id=\"pg-gb5730-69e75d9f5ff9a-0\"  class=\"panel-grid panel-no-style\" ><div id=\"pgc-gb5730-69e75d9f5ff9a-0-0\"  class=\"panel-grid-cell panel-grid-cell-empty\" ><\/div><div id=\"pgc-gb5730-69e75d9f5ff9a-0-1\"  class=\"panel-grid-cell\" ><div id=\"panel-gb5730-69e75d9f5ff9a-0-1-0\" class=\"so-panel widget widget_text panel-first-child panel-last-child\" data-index=\"0\" >\t\t\t<div class=\"textwidget\"><p align=\"justify\">Aktuell gibt es in der Wiener LGBTIQ+ Community keine Praxis des \u201eguten Alterns\u201c. Trotz zahlreicher rechtlicher Errungenschaften und der (weitgehenden) M\u00f6glichkeit sichtbar als LGBTIQ+ Person zu leben und Teil der Community zu sein, werden bestehende R\u00e4ume und Veranstaltungen vor allem von jungen LGBTIQ+ Personen angenommen und besucht bzw. richten sich viele Angebote auch dezidiert an junge Zielgruppen. LGBTIQ+ Personen in der nachberuflichen Lebensphase und vor allem LGBTIQ+ Personen h\u00f6heren Alters sind in der Wiener LGBTIQ+ Community weitgehend unsichtbar, ein Zusammenkommen und Austausch unterschiedlicher Generationen kaum vorhanden.<\/p>\n<p align=\"justify\">Das vorliegende Projekt m\u00f6chte in diese Situation intervenieren und einen nachhaltigen Impuls setzen: Ziel ist es, ein Buddy-Projekt von und f\u00fcr \u00e4ltere LGBTIQ+ Personen (60+) aufzubauen, welches den strukturellen Rahmen bzw. M\u00f6glichkeiten schafft, Raum in der Community einzunehmen und diesen entlang eigener Bed\u00fcrfnisse und Utopien (mit-)zu gestalten. Methodisch wird hierbei ein partizipativer Ansatz zentriert: Mit Unterst\u00fctzung des Projektteams werden Mitglieder der Zielgruppe bef\u00e4higt, best\u00e4rkt und darin begleitet, das Buddy-Projekt nach ihren Vorstellungen zu konzipieren, umzusetzen und nachhaltig zu implementieren.<\/p>\n<p align=\"justify\">Einen weiteren wichtigen Baustein stellen Vernetzungst\u00e4tigkeiten dar. Die Relevanz von Vernetzungsarbeit erschlie\u00dft sich aus vielfachen Gr\u00fcnden: Das Buddy-Projekt einerseits unter der Zielgruppe, sprich \u00e4lteren oder hochaltrigen LGBTIQ+ Personen bekannt zu machen und diese einzubinden; andererseits aber das Projekt auch im Sinne einer Netzwerkarbeit an weitere relevante Akteure rund um die Themen LGBTIQ+, Gesundheit und Altern heranzutragen und an dieser komplexen und vielschichten Schnittstelle die in Wien wichtigsten Stakeholder einzubinden. Um dies zu erreichen ist unter anderem die Durchf\u00fchrung einer (Gesundheits-)Veranstaltungsreihe geplant. Inhalte, Formate und Ziele der Veranstaltungsreihe bzw. einzelner Termine werden wiederum in enger Zusammenarbeit der Zielgruppe sowie dem Projektteam erarbeitet.<\/p>\n<p align=\"justify\">Ein wichtiges Anliegen ist die nachhaltige Verankerung des Buddy-Projekts in der Community. Diese wird nicht zuletzt dadurch gew\u00e4hrleistet, dass Personen der Zielgruppe selbst ma\u00dfgeblich von Projektbeginn an in die Konzeption und Implementation eingebunden werden, was zu einer hohen Identifikation mit dem Projekt f\u00fchrt.<\/p>\n<p align=\"justify\">Im ersten Projektjahr 2026 liegt der Fokus auf einer umfassenden Bedarfserhebung zu Gesundheitsbedarfen von \u00e4lteren und hochaltrigen LGBTIQ+ Personen in Wien. Die entwickelten Outputs werden hier laufend zur Verf\u00fcgung gestellt.<\/p>\n<p align=\"justify\">Sie interessieren sich f\u00fcr das Buddy-Projekt? Dann kontaktieren Sie gerne <a href=\"mailto:brigitte.temel@ikf.ac.at\" target=\"_blank\" rel=\"noopener\">Brigitte Temel<\/a> f\u00fcr n\u00e4here Informationen!<\/p>\n<\/div>\n\t\t<\/div><\/div><div id=\"pgc-gb5730-69e75d9f5ff9a-0-2\"  class=\"panel-grid-cell\" ><div id=\"panel-gb5730-69e75d9f5ff9a-0-2-0\" class=\"so-panel widget widget_text panel-first-child panel-last-child\" data-index=\"1\" >\t\t\t<div class=\"textwidget\"><\/div>\n\t\t<\/div><\/div><\/div><\/div>\n\n\n<div style=\"color:#333\" class=\"wp-block-genesis-blocks-gb-spacer gb-block-spacer gb-divider-solid gb-spacer-divider gb-divider-size-1\"><hr style=\"height:80px\"\/><\/div>\n<\/div><\/div><\/div>\n\n\n\n<p><\/p>","protected":false},"excerpt":{"rendered":"","protected":false},"author":2,"featured_media":0,"parent":0,"menu_order":0,"comment_status":"closed","ping_status":"closed","template":"","meta":{"footnotes":""},"class_list":["post-5730","page","type-page","status-publish","hentry","post"],"featured_image_src":null,"featured_image_src_square":null,"_links":{"self":[{"href":"https:\/\/ikf.ac.at\/en\/wp-json\/wp\/v2\/pages\/5730","targetHints":{"allow":["GET"]}}],"collection":[{"href":"https:\/\/ikf.ac.at\/en\/wp-json\/wp\/v2\/pages"}],"about":[{"href":"https:\/\/ikf.ac.at\/en\/wp-json\/wp\/v2\/types\/page"}],"author":[{"embeddable":true,"href":"https:\/\/ikf.ac.at\/en\/wp-json\/wp\/v2\/users\/2"}],"replies":[{"embeddable":true,"href":"https:\/\/ikf.ac.at\/en\/wp-json\/wp\/v2\/comments?post=5730"}],"version-history":[{"count":11,"href":"https:\/\/ikf.ac.at\/en\/wp-json\/wp\/v2\/pages\/5730\/revisions"}],"predecessor-version":[{"id":5756,"href":"https:\/\/ikf.ac.at\/en\/wp-json\/wp\/v2\/pages\/5730\/revisions\/5756"}],"wp:attachment":[{"href":"https:\/\/ikf.ac.at\/en\/wp-json\/wp\/v2\/media?parent=5730"}],"curies":[{"name":"wp","href":"https:\/\/api.w.org\/{rel}","templated":true}]}}