{"id":5708,"date":"2026-04-02T09:48:47","date_gmt":"2026-04-02T09:48:47","guid":{"rendered":"https:\/\/ikf.ac.at\/?page_id=5708"},"modified":"2026-04-02T09:51:39","modified_gmt":"2026-04-02T09:51:39","slug":"checkst-du-jugendliche-interventionen-in-dominante-krisennarrative-in-oesterreich","status":"publish","type":"page","link":"https:\/\/ikf.ac.at\/en\/checkst-du-jugendliche-interventionen-in-dominante-krisennarrative-in-oesterreich","title":{"rendered":"Checkst du? Jugendliche Interventionen in dominante Krisennarrative in \u00d6sterreich. Demokratiest\u00e4rkung als Beitrag zur Extremismuspr\u00e4vention"},"content":{"rendered":"<div class=\"wp-block-atomic-blocks-ab-container alignfull ab-block-container\"><div class=\"ab-container-inside\"><div class=\"ab-container-content\"><div id=\"pl-gb5708-69e75d0309769\"  class=\"panel-layout wp-block-siteorigin-panels-layout-block\" ><div id=\"pg-gb5708-69e75d0309769-0\"  class=\"panel-grid panel-no-style\" ><div id=\"pgc-gb5708-69e75d0309769-0-0\"  class=\"panel-grid-cell\" ><div id=\"panel-gb5708-69e75d0309769-0-0-0\" class=\"so-panel widget widget_media_image panel-first-child panel-last-child\" data-index=\"0\" ><img loading=\"lazy\" decoding=\"async\" width=\"2554\" height=\"10\" src=\"https:\/\/ikf.ac.at\/wp-content\/uploads\/2021\/01\/linie_IKF.jpg\" class=\"image wp-image-754  attachment-full size-full\" alt=\"\" style=\"max-width: 100%; height: auto;\" srcset=\"https:\/\/ikf.ac.at\/wp-content\/uploads\/2021\/01\/linie_IKF.jpg 2554w, https:\/\/ikf.ac.at\/wp-content\/uploads\/2021\/01\/linie_IKF-300x1.jpg 300w, https:\/\/ikf.ac.at\/wp-content\/uploads\/2021\/01\/linie_IKF-1024x4.jpg 1024w, https:\/\/ikf.ac.at\/wp-content\/uploads\/2021\/01\/linie_IKF-768x3.jpg 768w, https:\/\/ikf.ac.at\/wp-content\/uploads\/2021\/01\/linie_IKF-1536x6.jpg 1536w, https:\/\/ikf.ac.at\/wp-content\/uploads\/2021\/01\/linie_IKF-2048x8.jpg 2048w\" sizes=\"auto, (max-width: 2554px) 100vw, 2554px\" \/><\/div><\/div><\/div><\/div>\n\n\n<div style=\"color:#ddd\" class=\"wp-block-genesis-blocks-gb-spacer gb-block-spacer gb-divider-solid gb-divider-size-1\"><hr style=\"height:30px\"\/><\/div>\n\n\n<div id=\"pl-gb5708-69e75d0309cc3\"  class=\"panel-layout wp-block-siteorigin-panels-layout-block\" ><div id=\"pg-gb5708-69e75d0309cc3-0\"  class=\"panel-grid panel-no-style\" ><div id=\"pgc-gb5708-69e75d0309cc3-0-0\"  class=\"panel-grid-cell panel-grid-cell-empty\" ><\/div><div id=\"pgc-gb5708-69e75d0309cc3-0-1\"  class=\"panel-grid-cell\" ><div id=\"panel-gb5708-69e75d0309cc3-0-1-0\" class=\"so-panel widget widget_sow-editor panel-first-child panel-last-child\" data-index=\"0\" ><div\n\t\t\t\n\t\t\tclass=\"so-widget-sow-editor so-widget-sow-editor-base\"\n\t\t\t\n\t\t>\n<div class=\"siteorigin-widget-tinymce textwidget\">\n\t<table style=\"height: 168px; width: 100%; border-collapse: collapse;\" border=\"1\" cellpadding=\"2\">\n<tbody>\n<tr style=\"height: 24px;\">\n<td style=\"width: 15.8421%; height: 24px;\">Project team:<\/td>\n<td style=\"width: 84.1579%; height: 24px;\" colspan=\"2\">Brigitte Temel (Projektleitung)<br \/>\nLucia Delgado Freiberg<br \/>\nIsabel Meuser<\/td>\n<\/tr>\n<tr style=\"height: 24px;\">\n<td style=\"width: 15.8421%; height: 24px;\">\n<hr \/>\n<\/td>\n<td style=\"width: 54.0349%; height: 24px;\">\n<hr \/>\n<\/td>\n<td style=\"width: 30.123%; height: 24px;\"><\/td>\n<\/tr>\n<tr style=\"height: 24px;\">\n<td style=\"width: 15.8421%; height: 24px;\">Funded by:<\/td>\n<td style=\"height: 24px; width: 84.1579%;\" colspan=\"2\">BM Arbeit, Soziales, Gesundheit, Pflege und Konsumentenschutz &#8211; Abt. V\/B\/3<\/td>\n<\/tr>\n<tr>\n<td style=\"width: 15.8421%;\">\n<hr \/>\n<\/td>\n<td style=\"width: 54.0349%;\">\n<hr \/>\n<\/td>\n<td style=\"width: 30.123%;\"><\/td>\n<\/tr>\n<tr style=\"height: 24px;\">\n<td style=\"width: 15.8421%; height: 24px;\">Duration:<\/td>\n<td style=\"height: 24px; width: 84.1579%;\" colspan=\"2\">Dezember 2025 &#8211; November 2027<\/td>\n<\/tr>\n<\/tbody>\n<\/table>\n<\/div>\n<\/div><\/div><\/div><\/div><\/div>\n\n\n<div style=\"color:#404168\" class=\"wp-block-genesis-blocks-gb-spacer gb-block-spacer gb-divider-solid gb-spacer-divider gb-divider-size-1\"><hr style=\"height:3px\"\/><\/div>\n\n\n\n<div style=\"color:#404168\" class=\"wp-block-genesis-blocks-gb-spacer gb-block-spacer gb-divider-solid gb-divider-size-1\"><hr style=\"height:10px\"\/><\/div>\n\n\n<div id=\"pl-gb5708-69e75d030a22e\"  class=\"panel-layout wp-block-siteorigin-panels-layout-block\" ><div id=\"pg-gb5708-69e75d030a22e-0\"  class=\"panel-grid panel-no-style\" ><div id=\"pgc-gb5708-69e75d030a22e-0-0\"  class=\"panel-grid-cell\" ><div id=\"panel-gb5708-69e75d030a22e-0-0-0\" class=\"so-panel widget widget_sow-editor panel-first-child panel-last-child\" data-index=\"0\" ><div\n\t\t\t\n\t\t\tclass=\"so-widget-sow-editor so-widget-sow-editor-base\"\n\t\t\t\n\t\t>\n<div class=\"siteorigin-widget-tinymce textwidget\">\n\t<\/div>\n<\/div><\/div><\/div><div id=\"pgc-gb5708-69e75d030a22e-0-1\"  class=\"panel-grid-cell\" ><div id=\"panel-gb5708-69e75d030a22e-0-1-0\" class=\"so-panel widget widget_media_image panel-first-child panel-last-child\" data-index=\"1\" ><img loading=\"lazy\" decoding=\"async\" width=\"300\" height=\"76\" src=\"https:\/\/ikf.ac.at\/wp-content\/uploads\/2026\/04\/BMASGPK_Logo_srgb-300x76.png\" class=\"image wp-image-5699  attachment-medium size-medium\" alt=\"\" style=\"max-width: 100%; height: auto;\" srcset=\"https:\/\/ikf.ac.at\/wp-content\/uploads\/2026\/04\/BMASGPK_Logo_srgb-300x76.png 300w, https:\/\/ikf.ac.at\/wp-content\/uploads\/2026\/04\/BMASGPK_Logo_srgb-1024x258.png 1024w, https:\/\/ikf.ac.at\/wp-content\/uploads\/2026\/04\/BMASGPK_Logo_srgb-768x193.png 768w, https:\/\/ikf.ac.at\/wp-content\/uploads\/2026\/04\/BMASGPK_Logo_srgb-1536x387.png 1536w, https:\/\/ikf.ac.at\/wp-content\/uploads\/2026\/04\/BMASGPK_Logo_srgb-18x5.png 18w, https:\/\/ikf.ac.at\/wp-content\/uploads\/2026\/04\/BMASGPK_Logo_srgb.png 1839w\" sizes=\"auto, (max-width: 300px) 100vw, 300px\" \/><\/div><\/div><div id=\"pgc-gb5708-69e75d030a22e-0-2\"  class=\"panel-grid-cell panel-grid-cell-mobile-last\" ><div id=\"panel-gb5708-69e75d030a22e-0-2-0\" class=\"so-panel widget widget_text panel-first-child panel-last-child\" data-index=\"2\" >\t\t\t<div class=\"textwidget\"><p align=\"justify\">Im vorliegenden Projekt wird auf mehrere aktuelle Problemstellungen reagiert, mit denen Jugendliche in \u00d6sterreich konfrontiert sind: Zum einen ist gegenw\u00e4rtig eine Abnahme von Vertrauen in unterschiedliche Institutionen der repr\u00e4sentativen Demokratie bei Jugendlichen in \u00d6sterreich zu beobachten: dies betrifft nicht nur das demokratische politische System insgesamt, sondern auch das Bildungssystem oder den Bereich der Medien. Gleichzeitig ist eine Zunahme der Zustimmung zu menschenfeindlichen Ideologien (Misogynie, Antifeminismus, Rassismus, Antisemitismus\u2026) bei Jugendlichen zu beobachten. Diese Situation stellt einen gef\u00e4hrlichen N\u00e4hrboden und ein Einfallstor f\u00fcr extremistische Narrative, Ideologien und Deutungsangebote dar. Das gegenst\u00e4ndliche Projekt reagiert auf diese komplexe Gemengelage und sich daraus ergebende Herausforderungen.<\/p>\n<p align=\"justify\">Demokratiest\u00e4rkung gilt als eine grundlegende Form der Extremismuspr\u00e4vention. Dieses Projekt geht von einem \u201ebreiten\u201c Extremismusverst\u00e4ndnis aus, das hei\u00dft es verfolgt keine singul\u00e4re, auf nur einen extremistischen Ph\u00e4nomenbereich reduzierte Pr\u00e4ventionsstrategie. Diese Vorgangsweise hat mehrere Gr\u00fcnde: Zum einen sind viele Ungleichheitsideologien ph\u00e4nomen\u00fcbergreifend in allen Extremismen zu finden, beispielsweise Misogynie, Antifeminismus oder starre Geschlechterordnungen, die mehr oder weniger unabh\u00e4ngig von spezifischen Extremismen gleicherma\u00dfen unerf\u00fcllte Bed\u00fcrfnisse und Sehns\u00fcchte adressieren und damit attraktiv f\u00fcr Jugendliche sein k\u00f6nnen. Zum anderen haben sich Radikalisierungswege\/-prozesse \u2013 nicht zuletzt durch Social Media \u2013 in den letzten Jahren ver\u00e4ndert. So zeigen Analysen von Radikalisierungspfaden zunehmend hybride Formen unterschiedlicher extremistischer Str\u00f6mungen, welche sich in der Ideologisierung einzelner Individuen \u00fcberschneiden. Daher ist es nur eingeschr\u00e4nkt sinnvoll, Extremismuspr\u00e4vention leidglich auf einen Ph\u00e4nomenbereich auszurichten.<\/p>\n<p align=\"justify\">Vor diesem Hintergrund umfasst das Projekt <strong>zwei gleich gewichtete Projektebenen<\/strong>:<\/p>\n<ul>\n<li>\n<p align=\"justify\"><strong>Workshops mit Sch\u00fcler:innen in \u00d6sterreich<\/strong>, in denen Jugendliche sich lebensweltorientiert und partizipativ kritisch mit aktuellen Krisennarrativen befassen und in diese intervenieren (z.B. k\u00fcnstlerische Aktionen im \u00f6ffentlichen Raum, Erstellung von Social-Media-Content, Podcasts). Die Workshops st\u00e4rken gleicherma\u00dfen Demokratiekompetenzen bei Jugendlichen und f\u00f6rdern Resilienz gegen extremistische Narrative und Ideologien.<\/p>\n<\/li>\n<li>\n<p align=\"justify\">Basierend auf den durchgef\u00fchrten Workshops und der diese begleitenden formativen Projektreflexion werden im Sinne des \u201eTrain the Trainer\u201c-Ansatzes <strong>Lehrer:innen und weitere Berufsgruppen in der Jugendarbeit trainiert<\/strong>, das Projekt selbst umzusetzen. Dies gew\u00e4hrleistet eine erste Verbreitung des Projekts \u00f6sterreichweit in unterschiedlichen Schul(typen) sowie weiteren Bildungszusammenh\u00e4ngen (z.B. Offene Jugendarbeit).<\/p>\n<\/li>\n<\/ul>\n<\/div>\n\t\t<\/div><\/div><div id=\"pgc-gb5708-69e75d030a22e-0-3\"  class=\"panel-grid-cell panel-grid-cell-empty\" ><\/div><\/div><\/div>\n\n\n<div style=\"color:#333\" class=\"wp-block-genesis-blocks-gb-spacer gb-block-spacer gb-divider-solid gb-spacer-divider gb-divider-size-1\"><hr style=\"height:100px\"\/><\/div>\n<\/div><\/div><\/div>","protected":false},"excerpt":{"rendered":"","protected":false},"author":2,"featured_media":0,"parent":0,"menu_order":0,"comment_status":"closed","ping_status":"closed","template":"","meta":{"footnotes":""},"class_list":["post-5708","page","type-page","status-publish","hentry","post"],"featured_image_src":null,"featured_image_src_square":null,"_links":{"self":[{"href":"https:\/\/ikf.ac.at\/en\/wp-json\/wp\/v2\/pages\/5708","targetHints":{"allow":["GET"]}}],"collection":[{"href":"https:\/\/ikf.ac.at\/en\/wp-json\/wp\/v2\/pages"}],"about":[{"href":"https:\/\/ikf.ac.at\/en\/wp-json\/wp\/v2\/types\/page"}],"author":[{"embeddable":true,"href":"https:\/\/ikf.ac.at\/en\/wp-json\/wp\/v2\/users\/2"}],"replies":[{"embeddable":true,"href":"https:\/\/ikf.ac.at\/en\/wp-json\/wp\/v2\/comments?post=5708"}],"version-history":[{"count":18,"href":"https:\/\/ikf.ac.at\/en\/wp-json\/wp\/v2\/pages\/5708\/revisions"}],"predecessor-version":[{"id":5727,"href":"https:\/\/ikf.ac.at\/en\/wp-json\/wp\/v2\/pages\/5708\/revisions\/5727"}],"wp:attachment":[{"href":"https:\/\/ikf.ac.at\/en\/wp-json\/wp\/v2\/media?parent=5708"}],"curies":[{"name":"wp","href":"https:\/\/api.w.org\/{rel}","templated":true}]}}