{"id":5693,"date":"2026-04-02T08:33:17","date_gmt":"2026-04-02T08:33:17","guid":{"rendered":"https:\/\/ikf.ac.at\/?page_id=5693"},"modified":"2026-04-02T08:33:18","modified_gmt":"2026-04-02T08:33:18","slug":"antifeminismus-begegnen-toolbox-fuer-die-offene-jugendarbeit","status":"publish","type":"page","link":"https:\/\/ikf.ac.at\/en\/antifeminismus-begegnen-toolbox-fuer-die-offene-jugendarbeit","title":{"rendered":"Antifeminismus begegnen \u2013 Toolbox f\u00fcr die Offene Jugendarbeit"},"content":{"rendered":"<div class=\"wp-block-atomic-blocks-ab-container alignfull ab-block-container\"><div class=\"ab-container-inside\"><div class=\"ab-container-content\"><div id=\"pl-gb5693-69e75c046bd1b\"  class=\"panel-layout wp-block-siteorigin-panels-layout-block\" ><div id=\"pg-gb5693-69e75c046bd1b-0\"  class=\"panel-grid panel-no-style\" ><div id=\"pgc-gb5693-69e75c046bd1b-0-0\"  class=\"panel-grid-cell\" ><div id=\"panel-gb5693-69e75c046bd1b-0-0-0\" class=\"so-panel widget widget_media_image panel-first-child panel-last-child\" data-index=\"0\" ><img loading=\"lazy\" decoding=\"async\" width=\"2554\" height=\"10\" src=\"https:\/\/ikf.ac.at\/wp-content\/uploads\/2021\/01\/linie_IKF.jpg\" class=\"image wp-image-754  attachment-full size-full\" alt=\"\" style=\"max-width: 100%; height: auto;\" srcset=\"https:\/\/ikf.ac.at\/wp-content\/uploads\/2021\/01\/linie_IKF.jpg 2554w, https:\/\/ikf.ac.at\/wp-content\/uploads\/2021\/01\/linie_IKF-300x1.jpg 300w, https:\/\/ikf.ac.at\/wp-content\/uploads\/2021\/01\/linie_IKF-1024x4.jpg 1024w, https:\/\/ikf.ac.at\/wp-content\/uploads\/2021\/01\/linie_IKF-768x3.jpg 768w, https:\/\/ikf.ac.at\/wp-content\/uploads\/2021\/01\/linie_IKF-1536x6.jpg 1536w, https:\/\/ikf.ac.at\/wp-content\/uploads\/2021\/01\/linie_IKF-2048x8.jpg 2048w\" sizes=\"auto, (max-width: 2554px) 100vw, 2554px\" \/><\/div><\/div><\/div><\/div>\n\n\n<div style=\"color:#ddd\" class=\"wp-block-genesis-blocks-gb-spacer gb-block-spacer gb-divider-solid gb-divider-size-1\"><hr style=\"height:30px\"\/><\/div>\n\n\n<div id=\"pl-gb5693-69e75c046c5ab\"  class=\"panel-layout wp-block-siteorigin-panels-layout-block\" ><div id=\"pg-gb5693-69e75c046c5ab-0\"  class=\"panel-grid panel-no-style\" ><div id=\"pgc-gb5693-69e75c046c5ab-0-0\"  class=\"panel-grid-cell panel-grid-cell-empty\" ><\/div><div id=\"pgc-gb5693-69e75c046c5ab-0-1\"  class=\"panel-grid-cell\" ><div id=\"panel-gb5693-69e75c046c5ab-0-1-0\" class=\"so-panel widget widget_sow-editor panel-first-child panel-last-child\" data-index=\"0\" ><div\n\t\t\t\n\t\t\tclass=\"so-widget-sow-editor so-widget-sow-editor-base\"\n\t\t\t\n\t\t>\n<div class=\"siteorigin-widget-tinymce textwidget\">\n\t<table style=\"height: 168px; width: 100%; border-collapse: collapse;\" border=\"1\" cellpadding=\"2\">\n<tbody>\n<tr style=\"height: 24px;\">\n<td style=\"width: 15.8421%; height: 24px;\">Project team:<\/td>\n<td style=\"width: 84.1579%; height: 24px;\" colspan=\"2\">Brigitte Temel (Projektleitung)<br \/>\nLucia Delgado Freiberg<br \/>\nIsabel Meuser<\/td>\n<\/tr>\n<tr style=\"height: 24px;\">\n<td style=\"width: 15.8421%; height: 24px;\">\n<hr \/>\n<\/td>\n<td style=\"width: 58.1221%; height: 24px;\">\n<hr \/>\n<\/td>\n<td style=\"width: 26.0358%; height: 24px;\"><\/td>\n<\/tr>\n<tr style=\"height: 24px;\">\n<td style=\"width: 15.8421%; height: 24px;\">Funded by:<\/td>\n<td style=\"height: 24px; width: 84.1579%;\" colspan=\"2\">BM Arbeit, Soziales, Gesundheit, Pflege und Konsumentenschutz &#8211; Abt. V\/B\/3<\/td>\n<\/tr>\n<tr>\n<td style=\"width: 15.8421%;\">\n<hr \/>\n<\/td>\n<td style=\"width: 58.1221%;\">\n<hr \/>\n<\/td>\n<td style=\"width: 26.0358%;\"><\/td>\n<\/tr>\n<tr>\n<td style=\"width: 15.8421%;\">Partner:<\/td>\n<td style=\"width: 84.1579%;\" colspan=\"2\">Verena Fabris (Beratungsstelle Extremismus &#8211; bOJA)<\/td>\n<\/tr>\n<tr style=\"height: 24px;\">\n<td style=\"width: 15.8421%; height: 24px;\">\n<hr \/>\n<\/td>\n<td style=\"width: 58.1221%; height: 24px;\">\n<hr \/>\n<\/td>\n<td style=\"width: 26.0358%; height: 24px;\"><\/td>\n<\/tr>\n<tr style=\"height: 24px;\">\n<td style=\"width: 15.8421%; height: 24px;\">Duration:<\/td>\n<td style=\"height: 24px; width: 84.1579%;\" colspan=\"2\">Dezember 2025 &#8211; M\u00e4rz 2027<\/td>\n<\/tr>\n<\/tbody>\n<\/table>\n<\/div>\n<\/div><\/div><\/div><\/div><\/div>\n\n\n<div style=\"color:#404168\" class=\"wp-block-genesis-blocks-gb-spacer gb-block-spacer gb-divider-solid gb-spacer-divider gb-divider-size-1\"><hr style=\"height:3px\"\/><\/div>\n\n\n\n<div style=\"color:#404168\" class=\"wp-block-genesis-blocks-gb-spacer gb-block-spacer gb-divider-solid gb-divider-size-1\"><hr style=\"height:10px\"\/><\/div>\n\n\n<div id=\"pl-gb5693-69e75c046cd14\"  class=\"panel-layout wp-block-siteorigin-panels-layout-block\" ><div id=\"pg-gb5693-69e75c046cd14-0\"  class=\"panel-grid panel-no-style\" ><div id=\"pgc-gb5693-69e75c046cd14-0-0\"  class=\"panel-grid-cell\" ><div id=\"panel-gb5693-69e75c046cd14-0-0-0\" class=\"so-panel widget widget_sow-editor panel-first-child panel-last-child\" data-index=\"0\" ><div\n\t\t\t\n\t\t\tclass=\"so-widget-sow-editor so-widget-sow-editor-base\"\n\t\t\t\n\t\t>\n<div class=\"siteorigin-widget-tinymce textwidget\">\n\t<\/div>\n<\/div><\/div><\/div><div id=\"pgc-gb5693-69e75c046cd14-0-1\"  class=\"panel-grid-cell\" ><div id=\"panel-gb5693-69e75c046cd14-0-1-0\" class=\"so-panel widget widget_media_image panel-first-child\" data-index=\"1\" ><img loading=\"lazy\" decoding=\"async\" width=\"300\" height=\"81\" src=\"https:\/\/ikf.ac.at\/wp-content\/uploads\/2026\/04\/Logo_BEX_BOJA_WEB_Medium_2-300x81.png\" class=\"image wp-image-5700  attachment-medium size-medium\" alt=\"\" style=\"max-width: 100%; height: auto;\" srcset=\"https:\/\/ikf.ac.at\/wp-content\/uploads\/2026\/04\/Logo_BEX_BOJA_WEB_Medium_2-300x81.png 300w, https:\/\/ikf.ac.at\/wp-content\/uploads\/2026\/04\/Logo_BEX_BOJA_WEB_Medium_2-18x5.png 18w, https:\/\/ikf.ac.at\/wp-content\/uploads\/2026\/04\/Logo_BEX_BOJA_WEB_Medium_2.png 320w\" sizes=\"auto, (max-width: 300px) 100vw, 300px\" \/><\/div><div id=\"panel-gb5693-69e75c046cd14-0-1-1\" class=\"so-panel widget widget_media_image panel-last-child\" data-index=\"2\" ><img loading=\"lazy\" decoding=\"async\" width=\"300\" height=\"76\" src=\"https:\/\/ikf.ac.at\/wp-content\/uploads\/2026\/04\/BMASGPK_Logo_srgb-300x76.png\" class=\"image wp-image-5699  attachment-medium size-medium\" alt=\"\" style=\"max-width: 100%; height: auto;\" srcset=\"https:\/\/ikf.ac.at\/wp-content\/uploads\/2026\/04\/BMASGPK_Logo_srgb-300x76.png 300w, https:\/\/ikf.ac.at\/wp-content\/uploads\/2026\/04\/BMASGPK_Logo_srgb-1024x258.png 1024w, https:\/\/ikf.ac.at\/wp-content\/uploads\/2026\/04\/BMASGPK_Logo_srgb-768x193.png 768w, https:\/\/ikf.ac.at\/wp-content\/uploads\/2026\/04\/BMASGPK_Logo_srgb-1536x387.png 1536w, https:\/\/ikf.ac.at\/wp-content\/uploads\/2026\/04\/BMASGPK_Logo_srgb-18x5.png 18w, https:\/\/ikf.ac.at\/wp-content\/uploads\/2026\/04\/BMASGPK_Logo_srgb.png 1839w\" sizes=\"auto, (max-width: 300px) 100vw, 300px\" \/><\/div><\/div><div id=\"pgc-gb5693-69e75c046cd14-0-2\"  class=\"panel-grid-cell panel-grid-cell-mobile-last\" ><div id=\"panel-gb5693-69e75c046cd14-0-2-0\" class=\"so-panel widget widget_text panel-first-child panel-last-child\" data-index=\"3\" >\t\t\t<div class=\"textwidget\"><p align=\"justify\">Antifeministische Narrative und Haltungen finden aktuell insbesondere bei jungen Menschen Anklang. In Sozialen Medien werden Jugendliche tagt\u00e4glich mit antifeministischen Erz\u00e4hlungen und LGBTIQ+ feindlichen, antipluralistischen Ansichten konfrontiert: Sei es in Form der Ideologisierung junger M\u00e4nner durch negative \u201eVorbilder\u201c wie Andrew Tate oder junger Frauen durch die Popularisierung traditioneller Frauenbilder (z.B. sogenannte \u201eTradwifes\u201d oder \u201estay-at-home-girlfriends\u201d). Gleichzeitig sind gerade Jugendliche mit multiplen Krisen konfrontiert. In einer Zeit, in der es oftmals an positiven Vorbildern fehlt, stellen diese Trends und Narrative ein Einfallstor in antifeministische Einstellungen oder Weltbilder dar.<\/p>\n<p align=\"justify\">Gerade Fachkr\u00e4ften der Offenen Jugendarbeit mangelt es oftmals an Tools und didaktischen Ans\u00e4tzen, um antifeministischen und LGBTIQ+ feindlichen \u00c4u\u00dferungen und Weltbildern entgegenzutreten und mit Jugendlichen hierzu (auch im Sinne der Pr\u00e4vention) zu arbeiten. Das vorliegende Projekt setzt an dieser Problemstellung an.<\/p>\n<p align=\"justify\">Ziel des Projekts ist die Erarbeitung einer Handreichung f\u00fcr Fachkr\u00e4fte der Offenen Jugendarbeit, welche unterschiedliche Materialien und didaktische Ans\u00e4tze zur Verf\u00fcgung stellt, um in antifeministische und LGBTIQ+ feindliche Narrative und Welterkl\u00e4rungen intervenieren zu k\u00f6nnen und diese besprech- und reflektierbar zu machen. Im Sinne der Extremismuspr\u00e4vention geht es darum, in der Arbeit mit Jugendlichen Dialogf\u00e4higkeit, Ambiguit\u00e4tstoleranz und Resilienz aufzubauen \u2013 angesichts der Popularisierung und Normalisierung von Antifeminismus und LGBTIQ+ Feindlichkeit auf Social Media, kommt hierbei auch kritischer Medienkompetenz eine wesentliche Bedeutung zu.<\/p>\n<p align=\"justify\">Um konkrete Bedarfe von Jugendarbeiter:innen in \u00d6sterreich zu erheben, wird hierzu aktuell eine Fragebogenerhebung durchgef\u00fchrt.<\/p>\n<\/div>\n\t\t<\/div><\/div><div id=\"pgc-gb5693-69e75c046cd14-0-3\"  class=\"panel-grid-cell panel-grid-cell-empty\" ><\/div><\/div><\/div>\n\n\n<div style=\"color:#333\" class=\"wp-block-genesis-blocks-gb-spacer gb-block-spacer gb-divider-solid gb-spacer-divider gb-divider-size-1\"><hr style=\"height:100px\"\/><\/div>\n<\/div><\/div><\/div>","protected":false},"excerpt":{"rendered":"","protected":false},"author":2,"featured_media":0,"parent":0,"menu_order":0,"comment_status":"closed","ping_status":"closed","template":"","meta":{"footnotes":""},"class_list":["post-5693","page","type-page","status-publish","hentry","post"],"featured_image_src":null,"featured_image_src_square":null,"_links":{"self":[{"href":"https:\/\/ikf.ac.at\/en\/wp-json\/wp\/v2\/pages\/5693","targetHints":{"allow":["GET"]}}],"collection":[{"href":"https:\/\/ikf.ac.at\/en\/wp-json\/wp\/v2\/pages"}],"about":[{"href":"https:\/\/ikf.ac.at\/en\/wp-json\/wp\/v2\/types\/page"}],"author":[{"embeddable":true,"href":"https:\/\/ikf.ac.at\/en\/wp-json\/wp\/v2\/users\/2"}],"replies":[{"embeddable":true,"href":"https:\/\/ikf.ac.at\/en\/wp-json\/wp\/v2\/comments?post=5693"}],"version-history":[{"count":11,"href":"https:\/\/ikf.ac.at\/en\/wp-json\/wp\/v2\/pages\/5693\/revisions"}],"predecessor-version":[{"id":5706,"href":"https:\/\/ikf.ac.at\/en\/wp-json\/wp\/v2\/pages\/5693\/revisions\/5706"}],"wp:attachment":[{"href":"https:\/\/ikf.ac.at\/en\/wp-json\/wp\/v2\/media?parent=5693"}],"curies":[{"name":"wp","href":"https:\/\/api.w.org\/{rel}","templated":true}]}}