{"id":5377,"date":"2025-05-20T13:07:00","date_gmt":"2025-05-20T13:07:00","guid":{"rendered":"https:\/\/ikf.ac.at\/?page_id=5377"},"modified":"2026-04-23T13:09:15","modified_gmt":"2026-04-23T13:09:15","slug":"stop-4-0-stadtteile-ohne-partnergewalt","status":"publish","type":"page","link":"https:\/\/ikf.ac.at\/en\/stop-4-0-stadtteile-ohne-partnergewalt","title":{"rendered":"StoP 4.0 &#8211; Stadtteile ohne Partnergewalt"},"content":{"rendered":"<div class=\"wp-block-atomic-blocks-ab-container alignfull ab-block-container\"><div class=\"ab-container-inside\"><div class=\"ab-container-content\"><div id=\"pl-gb5377-69f2c55732b70\"  class=\"panel-layout wp-block-siteorigin-panels-layout-block\" ><div id=\"pg-gb5377-69f2c55732b70-0\"  class=\"panel-grid panel-no-style\" ><div id=\"pgc-gb5377-69f2c55732b70-0-0\"  class=\"panel-grid-cell\" ><div id=\"panel-gb5377-69f2c55732b70-0-0-0\" class=\"so-panel widget widget_media_image panel-first-child panel-last-child\" data-index=\"0\" ><img loading=\"lazy\" decoding=\"async\" width=\"2554\" height=\"10\" src=\"https:\/\/ikf.ac.at\/wp-content\/uploads\/2021\/01\/linie_IKF.jpg\" class=\"image wp-image-754  attachment-full size-full\" alt=\"\" style=\"max-width: 100%; height: auto;\" srcset=\"https:\/\/ikf.ac.at\/wp-content\/uploads\/2021\/01\/linie_IKF.jpg 2554w, https:\/\/ikf.ac.at\/wp-content\/uploads\/2021\/01\/linie_IKF-300x1.jpg 300w, https:\/\/ikf.ac.at\/wp-content\/uploads\/2021\/01\/linie_IKF-1024x4.jpg 1024w, https:\/\/ikf.ac.at\/wp-content\/uploads\/2021\/01\/linie_IKF-768x3.jpg 768w, https:\/\/ikf.ac.at\/wp-content\/uploads\/2021\/01\/linie_IKF-1536x6.jpg 1536w, https:\/\/ikf.ac.at\/wp-content\/uploads\/2021\/01\/linie_IKF-2048x8.jpg 2048w\" sizes=\"auto, (max-width: 2554px) 100vw, 2554px\" \/><\/div><\/div><\/div><\/div>\n\n\n<div style=\"color:#ddd\" class=\"wp-block-genesis-blocks-gb-spacer gb-block-spacer gb-divider-solid gb-divider-size-1\"><hr style=\"height:30px\"\/><\/div>\n\n\n<div id=\"pl-gb5377-69f2c557335f2\"  class=\"panel-layout wp-block-siteorigin-panels-layout-block\" ><div id=\"pg-gb5377-69f2c557335f2-0\"  class=\"panel-grid panel-no-style\" ><div id=\"pgc-gb5377-69f2c557335f2-0-0\"  class=\"panel-grid-cell panel-grid-cell-empty\" ><\/div><div id=\"pgc-gb5377-69f2c557335f2-0-1\"  class=\"panel-grid-cell\" ><div id=\"panel-gb5377-69f2c557335f2-0-1-0\" class=\"so-panel widget widget_sow-editor panel-first-child panel-last-child\" data-index=\"0\" ><div\n\t\t\t\n\t\t\tclass=\"so-widget-sow-editor so-widget-sow-editor-base\"\n\t\t\t\n\t\t>\n<div class=\"siteorigin-widget-tinymce textwidget\">\n\t<table style=\"height: 100px; width: 100%; border-collapse: collapse;\" border=\"1\" cellpadding=\"2\">\n<tbody>\n<tr>\n<td style=\"width: 15.8421%;\">Project team:<\/td>\n<td style=\"width: 84.1579%;\" colspan=\"2\">Brigitte Temel (Projektleitung)<br \/>\nLucia Delgado Freiberg<\/td>\n<\/tr>\n<tr>\n<td style=\"width: 15.8421%;\">\n<hr \/>\n<\/td>\n<td style=\"width: 46.3129%;\">\n<hr \/>\n<\/td>\n<td style=\"width: 37.845%;\"><\/td>\n<\/tr>\n<tr>\n<td style=\"width: 15.8421%;\">Funded by:<\/td>\n<td style=\"width: 84.1579%;\" colspan=\"2\">Verein Autonome \u00d6sterreichische Frauenh\u00e4user, A\u00d6F<\/td>\n<\/tr>\n<tr>\n<td style=\"width: 15.8421%;\">\n<hr \/>\n<\/td>\n<td style=\"width: 46.3129%;\">\n<hr \/>\n<\/td>\n<td style=\"width: 37.845%;\"><\/td>\n<\/tr>\n<tr>\n<td style=\"width: 15.8421%;\">Completed in:<\/td>\n<td style=\"width: 84.1579%;\" colspan=\"2\">Dezember 2025<\/td>\n<\/tr>\n<\/tbody>\n<\/table>\n<\/div>\n<\/div><\/div><\/div><\/div><\/div>\n\n\n<div style=\"color:#404168\" class=\"wp-block-genesis-blocks-gb-spacer gb-block-spacer gb-divider-solid gb-spacer-divider gb-divider-size-1\"><hr style=\"height:3px\"\/><\/div>\n\n\n\n<div style=\"color:#404168\" class=\"wp-block-genesis-blocks-gb-spacer gb-block-spacer gb-divider-solid gb-divider-size-1\"><hr style=\"height:10px\"\/><\/div>\n\n\n<div id=\"pl-gb5377-69f2c55733d3e\"  class=\"panel-layout wp-block-siteorigin-panels-layout-block\" ><div id=\"pg-gb5377-69f2c55733d3e-0\"  class=\"panel-grid panel-no-style\" ><div id=\"pgc-gb5377-69f2c55733d3e-0-0\"  class=\"panel-grid-cell panel-grid-cell-empty\" ><\/div><div id=\"pgc-gb5377-69f2c55733d3e-0-1\"  class=\"panel-grid-cell panel-grid-cell-mobile-last\" ><div id=\"panel-gb5377-69f2c55733d3e-0-1-0\" class=\"so-panel widget widget_text panel-first-child panel-last-child\" data-index=\"0\" >\t\t\t<div class=\"textwidget\"><p align=\"justify\">Im Zeitraum September 2024 bis Dezember 2025 f\u00fchrte das IKF erneut eine Evaluation von \u201eStoP \u2013 Stadtteile ohne Partnergewalt\u201c durch. Ziel der Evaluation war es, \u00f6sterreichweit (un-)mittelbare Wirkungen des StoP-Projekts zu erfassen. Hierzu wurde auf einen Methodenmix von quantitativer (Frageb\u00f6gen) sowie qualitativer Erhebung (Gruppeninterviews) zur\u00fcckgegriffen. StoP-Koordinator:innen der an der Evaluation partizipierenden Standorte wurden kontinuierlich in die Datenerhebung einbezogen, um besser mit Nutzer:innen von StoP-Angeboten in Kontakt zu kommen. Dies inkludierte beispielsweise das Verteilen von Frageb\u00f6gen bei Tisch- und Schulungsteilnehmer:innen sowie Projektpartner:innen, oder die Umsetzung von Gruppeninterviews mit Personen der unterschiedlichen Zielgruppen. Das IKF analysierte die erhobenen Daten und formulierte im Rahmen eines Abschlussberichts Empfehlungen zur Fortf\u00fchrung bzw. Implementierung des StoP-Projekts in \u00d6sterreich.<\/p>\n<p align=\"justify\">Folgende Wirkungen wurden im Rahmen der Evaluation erhoben: Gewaltsensibilisierung (z.B. Erkennen h\u00e4uslicher Gewalt, Reflexion von Stereotypen und Vorurteilen), Zivilcourage (z.B. Einschreiten in F\u00e4llen h\u00e4uslicher Gewalt, Unterst\u00fctzung von Opfern h\u00e4uslicher Gewalt) und der Einfluss auf die Organisation von bzw. Teilnahme an Aktivit\u00e4ten zum Thema Partnergewalt (z.B. Verteilen von Flyern, Organisation von Infotischen, Mitwirken bei \u00d6ffentlichkeitsarbeit). <\/p>\n<p align=\"justify\">Die Ergebnisse zeichnen ein klares Bild: StoP-Angebote verzeichnen \u00f6sterreichweit \u00fcber alle Angebote und Zielgruppen hinweg einen statistisch signifikanten Anstieg der untersuchten Wirkungsdimensionen. Personen, die Angebote von StoP nutzen, berichten von einer h\u00f6heren Gewaltsensibilisierung, einer Zunahme an Kompetenz und Zivilcourage, in F\u00e4llen von Partnergewalt zu reagieren sowie ein erh\u00f6htes Engagement gegen Partnergewalt. Aufgrund der nachgewiesenen Wirkung von StoP, wird die Fortf\u00fchrung und der weitere Ausbau von StoP-Angeboten \u00f6sterreichweit empfohlen. <\/p>\n<p align=\"justify\">Die Ergebnisse der Evaluation sowie die Empfehlungen f\u00fcr die weitere Implementierung von StoP sind im <a href=\"https:\/\/ikf.ac.at\/wp-content\/uploads\/2026\/04\/StoP-4.0_Bericht-Wirkungsanalyse_IKF.pdf\" target=\"_blank\">Bericht \u00fcber die \u00f6sterreichweite Evaluation von StoP<\/a> zu finden. <\/p>\n<\/div>\n\t\t<\/div><\/div><div id=\"pgc-gb5377-69f2c55733d3e-0-2\"  class=\"panel-grid-cell panel-grid-cell-empty\" ><\/div><\/div><\/div>\n\n\n<div style=\"color:#333\" class=\"wp-block-genesis-blocks-gb-spacer gb-block-spacer gb-divider-solid gb-spacer-divider gb-divider-size-1\"><hr style=\"height:100px\"\/><\/div>\n<\/div><\/div><\/div>","protected":false},"excerpt":{"rendered":"","protected":false},"author":2,"featured_media":0,"parent":0,"menu_order":0,"comment_status":"closed","ping_status":"closed","template":"","meta":{"footnotes":""},"class_list":["post-5377","page","type-page","status-publish","hentry","post"],"featured_image_src":null,"featured_image_src_square":null,"_links":{"self":[{"href":"https:\/\/ikf.ac.at\/en\/wp-json\/wp\/v2\/pages\/5377","targetHints":{"allow":["GET"]}}],"collection":[{"href":"https:\/\/ikf.ac.at\/en\/wp-json\/wp\/v2\/pages"}],"about":[{"href":"https:\/\/ikf.ac.at\/en\/wp-json\/wp\/v2\/types\/page"}],"author":[{"embeddable":true,"href":"https:\/\/ikf.ac.at\/en\/wp-json\/wp\/v2\/users\/2"}],"replies":[{"embeddable":true,"href":"https:\/\/ikf.ac.at\/en\/wp-json\/wp\/v2\/comments?post=5377"}],"version-history":[{"count":10,"href":"https:\/\/ikf.ac.at\/en\/wp-json\/wp\/v2\/pages\/5377\/revisions"}],"predecessor-version":[{"id":5817,"href":"https:\/\/ikf.ac.at\/en\/wp-json\/wp\/v2\/pages\/5377\/revisions\/5817"}],"wp:attachment":[{"href":"https:\/\/ikf.ac.at\/en\/wp-json\/wp\/v2\/media?parent=5377"}],"curies":[{"name":"wp","href":"https:\/\/api.w.org\/{rel}","templated":true}]}}