{"id":5370,"date":"2025-05-19T10:17:32","date_gmt":"2025-05-19T10:17:32","guid":{"rendered":"https:\/\/ikf.ac.at\/?page_id=5370"},"modified":"2026-03-17T13:10:52","modified_gmt":"2026-03-17T13:10:52","slug":"modus-operandi-tatgelegenheitsstrukturen-beim-wohnraumeinbruch","status":"publish","type":"page","link":"https:\/\/ikf.ac.at\/en\/modus-operandi-tatgelegenheitsstrukturen-beim-wohnraumeinbruch","title":{"rendered":"Modus Operandi &#8211; Tatgelegenheitsstrukturen beim Wohnraumeinbruch"},"content":{"rendered":"<div class=\"wp-block-atomic-blocks-ab-container alignfull ab-block-container\"><div class=\"ab-container-inside\"><div class=\"ab-container-content\"><div id=\"pl-gb5370-69f2c15ddf212\"  class=\"panel-layout wp-block-siteorigin-panels-layout-block\" ><div id=\"pg-gb5370-69f2c15ddf212-0\"  class=\"panel-grid panel-no-style\" ><div id=\"pgc-gb5370-69f2c15ddf212-0-0\"  class=\"panel-grid-cell\" ><div id=\"panel-gb5370-69f2c15ddf212-0-0-0\" class=\"so-panel widget widget_media_image panel-first-child panel-last-child\" data-index=\"0\" ><img loading=\"lazy\" decoding=\"async\" width=\"2554\" height=\"10\" src=\"https:\/\/ikf.ac.at\/wp-content\/uploads\/2021\/01\/linie_IKF.jpg\" class=\"image wp-image-754  attachment-full size-full\" alt=\"\" style=\"max-width: 100%; height: auto;\" srcset=\"https:\/\/ikf.ac.at\/wp-content\/uploads\/2021\/01\/linie_IKF.jpg 2554w, https:\/\/ikf.ac.at\/wp-content\/uploads\/2021\/01\/linie_IKF-300x1.jpg 300w, https:\/\/ikf.ac.at\/wp-content\/uploads\/2021\/01\/linie_IKF-1024x4.jpg 1024w, https:\/\/ikf.ac.at\/wp-content\/uploads\/2021\/01\/linie_IKF-768x3.jpg 768w, https:\/\/ikf.ac.at\/wp-content\/uploads\/2021\/01\/linie_IKF-1536x6.jpg 1536w, https:\/\/ikf.ac.at\/wp-content\/uploads\/2021\/01\/linie_IKF-2048x8.jpg 2048w\" sizes=\"auto, (max-width: 2554px) 100vw, 2554px\" \/><\/div><\/div><\/div><\/div>\n\n\n<div style=\"color:#ddd\" class=\"wp-block-genesis-blocks-gb-spacer gb-block-spacer gb-divider-solid gb-divider-size-1\"><hr style=\"height:30px\"\/><\/div>\n\n\n<div id=\"pl-gb5370-69f2c15ddf6b3\"  class=\"panel-layout wp-block-siteorigin-panels-layout-block\" ><div id=\"pg-gb5370-69f2c15ddf6b3-0\"  class=\"panel-grid panel-no-style\" ><div id=\"pgc-gb5370-69f2c15ddf6b3-0-0\"  class=\"panel-grid-cell panel-grid-cell-empty\" ><\/div><div id=\"pgc-gb5370-69f2c15ddf6b3-0-1\"  class=\"panel-grid-cell\" ><div id=\"panel-gb5370-69f2c15ddf6b3-0-1-0\" class=\"so-panel widget widget_sow-editor panel-first-child panel-last-child\" data-index=\"0\" ><div\n\t\t\t\n\t\t\tclass=\"so-widget-sow-editor so-widget-sow-editor-base\"\n\t\t\t\n\t\t>\n<div class=\"siteorigin-widget-tinymce textwidget\">\n\t<table style=\"height: 100px; width: 100%; border-collapse: collapse;\" border=\"1\" cellpadding=\"2\">\n<tbody>\n<tr style=\"height: 24px;\">\n<td style=\"width: 15.8421%; height: 24px;\">Project team:<\/td>\n<td style=\"width: 84.1579%; height: 24px;\" colspan=\"2\">G\u00fcnter Stummvoll (Projektleitung)<\/td>\n<\/tr>\n<tr style=\"height: 24px;\">\n<td style=\"width: 15.8421%; height: 24px;\">\n<hr \/>\n<\/td>\n<td style=\"width: 58.1221%; height: 24px;\">\n<hr \/>\n<\/td>\n<td style=\"width: 26.0358%; height: 24px;\"><\/td>\n<\/tr>\n<tr style=\"height: 24px;\">\n<td style=\"width: 15.8421%; height: 24px;\">Projektpartner:<\/td>\n<td style=\"height: 24px; width: 84.1579%;\" colspan=\"2\">Kuratorium f\u00fcr Verkehrssicherheit \u2013 Abt. Eigentumsschutz<\/td>\n<\/tr>\n<tr style=\"height: 24px;\">\n<td style=\"width: 15.8421%; height: 24px;\">\n<hr \/>\n<\/td>\n<td style=\"width: 58.1221%; height: 24px;\">\n<hr \/>\n<\/td>\n<td style=\"width: 26.0358%; height: 24px;\"><\/td>\n<\/tr>\n<tr style=\"height: 24px;\">\n<td style=\"width: 15.8421%; height: 24px;\">Funded by:<\/td>\n<td style=\"width: 58.1221%; height: 24px;\">Kuratorium f\u00fcr Verkehrssicherheit<\/td>\n<td style=\"width: 26.0358%; height: 24px;\"><\/td>\n<\/tr>\n<tr style=\"height: 24px;\">\n<td style=\"width: 15.8421%; height: 24px;\">\n<hr \/>\n<\/td>\n<td style=\"width: 58.1221%; height: 24px;\">\n<hr \/>\n<\/td>\n<td style=\"width: 26.0358%; height: 24px;\"><\/td>\n<\/tr>\n<tr style=\"height: 24px;\">\n<td style=\"width: 15.8421%; height: 24px;\">Completed in:<\/td>\n<td style=\"height: 24px; width: 84.1579%;\" colspan=\"2\">September 2025<\/td>\n<\/tr>\n<tr style=\"height: 24px;\">\n<td style=\"width: 15.8421%; height: 24px;\">\n<hr \/>\n<\/td>\n<td style=\"width: 58.1221%; height: 24px;\">\n<hr \/>\n<\/td>\n<td style=\"width: 26.0358%; height: 24px;\"><\/td>\n<\/tr>\n<tr style=\"height: 60px;\">\n<td style=\"width: 15.8421%; height: 10px;\"><\/td>\n<td style=\"height: 10px; width: 84.1578%;\" colspan=\"2\"><img loading=\"lazy\" decoding=\"async\" src=\"https:\/\/ikf.ac.at\/wp-content\/uploads\/2021\/03\/Document-Folder-e1615278415108.png\" width=\"28\" height=\"28\" align=\"left\" \/> <a href=\"https:\/\/ikf.ac.at\/wp-content\/uploads\/2025\/10\/KFV_Bericht_Taeterstudie_Endfassung.pdf\" target=\"_blank\" rel=\"noopener\">T\u00e4terstudie zum Download<\/a><\/p>\n<p><img loading=\"lazy\" decoding=\"async\" src=\"https:\/\/ikf.ac.at\/wp-content\/uploads\/2021\/03\/Document-Folder-e1615278415108.png\" width=\"28\" height=\"28\" align=\"left\" \/> <a href=\"https:\/\/ikf.ac.at\/wp-content\/uploads\/2025\/10\/Modus-Operandi_Wissenschaftlicher-Bericht.pdf\" target=\"_blank\" rel=\"noopener\">Wissenschaftlicher Bericht<\/a><\/p>\n<\/td>\n<\/tr>\n<\/tbody>\n<\/table>\n<\/div>\n<\/div><\/div><\/div><\/div><\/div>\n\n\n<div style=\"color:#404168\" class=\"wp-block-genesis-blocks-gb-spacer gb-block-spacer gb-divider-solid gb-spacer-divider gb-divider-size-1\"><hr style=\"height:3px\"\/><\/div>\n\n\n\n<div style=\"color:#404168\" class=\"wp-block-genesis-blocks-gb-spacer gb-block-spacer gb-divider-solid gb-divider-size-1\"><hr style=\"height:10px\"\/><\/div>\n\n\n<div id=\"pl-gb5370-69f2c15ddfc1d\"  class=\"panel-layout wp-block-siteorigin-panels-layout-block\" ><div id=\"pg-gb5370-69f2c15ddfc1d-0\"  class=\"panel-grid panel-no-style\" ><div id=\"pgc-gb5370-69f2c15ddfc1d-0-0\"  class=\"panel-grid-cell panel-grid-cell-empty\" ><\/div><div id=\"pgc-gb5370-69f2c15ddfc1d-0-1\"  class=\"panel-grid-cell\" ><div id=\"panel-gb5370-69f2c15ddfc1d-0-1-0\" class=\"so-panel widget widget_text panel-first-child panel-last-child\" data-index=\"0\" >\t\t\t<div class=\"textwidget\"><p align=\"justify\">In der k\u00fcrzlich ver\u00f6ffentlichten polizeilichen Kriminalstatistik wird auf einen ambivalenten Trend der Entwicklung von Wohnraumeinbr\u00fcchen in den vergangenen Jahren hingewiesen (BMI 2025): Einerseits wurde ein kontinuierlicher R\u00fcckgang seit dem Jahr 2014 (17.110 F\u00e4lle) bis zu einem Allzeit-Tiefstwert von 4.691 Anzeigen im Jahr 2021 verzeichnet. Andererseits wurden seither beim Wohnraumeinbruch und besonders auch bei Kellereinbr\u00fcchen wieder steigende Fallzahlen registriert. Im Jahr 2024 wurden der Polizei 6.930 Anzeigen wegen Einbruchs in Wohnungen und Wohnh\u00e4user gemeldet. Der aktuelle Anstieg betrifft Einbruchdiebst\u00e4hle in neuere Wohnhausanlagen, in Altbauwohnungen und in Einfamilien-\/Doppel-\/Reihenh\u00e4user gleicherma\u00dfen.<\/p>\n<p align=\"justify\">Das Projekt Modus Operandi er\u00f6ffnete Einblicke in die T\u00e4terwelt, analysierte Tatgelegenheitsstrukturen sowie Motivlagen und Einbruchtechniken.<\/p>\n<p align=\"justify\">Forschungsmethoden: Explorative Interviews mit Experten des polizeilichen Ermittlungsdienstes sowie der Abteilung Kriminalpr\u00e4vention der LPD Wien; qualitative Inhaltsanalyse von 30 Justizakten (anonymisiert) und 35 qualitative Interviews mit verurteilten und inhaftierten Straft\u00e4tern (letztere bilden den Kernteil der Studie).<\/p>\n<p align=\"justify\">Im Zeitraum November 2024 bis J\u00e4nner 2025 wurden 35 qualitative Interviews mit verurteilten und inhaftierten Straft\u00e4ter:innen in insgesamt 7 Strafvollzugsanstalten in \u00d6sterreich durchgef\u00fchrt. Mit den Straft\u00e4ter:innen wurde \u00fcber folgende Themen gesprochen: Absichtsentscheidungen und Durchf\u00fchrungsentscheidungen beim Einbruchdiebstahl; Beobachtung und Erkundung bei der Objektauswahl; Zugang zum Tatobjekt und Fluchtm\u00f6glichkeiten; Wirkung von Sicherheitsvorkehrungen; Komplizen und Informationsbeschaffung; soziale Kontrolle durch die Nachbarschaft; bevorzugte Beute; \u00dcberlegungen jenseits der Rationalit\u00e4ts\u00fcberlegungen zum Risikomanagement: Thrill, Spannung, Selbstbest\u00e4tigung.<\/p>\n<p align=\"justify\">Die Interviews wurden transkribiert und mit der Methode der Themenanalyse nach Braun, V. und Clarke, V. (2021) inhaltsanalytisch ausgewertet. Die Ergebnisse wurden bei der EUROCRIM 2025 \u2013 25. Annual Conference of the European Society of Criminology (3.- 6. Sept. 2025, Athen) vor einem kriminologischen Fachpublikum pr\u00e4sentiert. Dar\u00fcber hinaus werden die Erkenntnisse zur &#8220;situativen Kriminalpr\u00e4vention&#8221; in wissenschaftlichen Zeitschriften publiziert und <a href=\"https:\/\/ikf.ac.at\/wp-content\/uploads\/2025\/10\/KFV_Bericht_Taeterstudie_Endfassung.pdf\" target=\"_blank\" rel=\"noopener\">Empfehlungen zum Einbruchsschutz in einem Bericht<\/a> ver\u00f6ffentlicht.<\/p>\n<p><a href=\"https:\/\/ikf.ac.at\/wp-content\/uploads\/2025\/10\/Modus-Operandi_Wissenschaftlicher-Bericht.pdf\" target=\"_blank\" rel=\"noopener\">Wissenschaftlicher Bericht<\/a><\/p>\n<\/div>\n\t\t<\/div><\/div><div id=\"pgc-gb5370-69f2c15ddfc1d-0-2\"  class=\"panel-grid-cell\" ><div id=\"panel-gb5370-69f2c15ddfc1d-0-2-0\" class=\"so-panel widget widget_text panel-first-child panel-last-child\" data-index=\"1\" >\t\t\t<div class=\"textwidget\"><\/div>\n\t\t<\/div><\/div><\/div><\/div>\n\n\n<div style=\"color:#333\" class=\"wp-block-genesis-blocks-gb-spacer gb-block-spacer gb-divider-solid gb-spacer-divider gb-divider-size-1\"><hr style=\"height:80px\"\/><\/div>\n<\/div><\/div><\/div>","protected":false},"excerpt":{"rendered":"","protected":false},"author":2,"featured_media":0,"parent":0,"menu_order":0,"comment_status":"closed","ping_status":"closed","template":"","meta":{"footnotes":""},"class_list":["post-5370","page","type-page","status-publish","hentry","post"],"featured_image_src":null,"featured_image_src_square":null,"_links":{"self":[{"href":"https:\/\/ikf.ac.at\/en\/wp-json\/wp\/v2\/pages\/5370","targetHints":{"allow":["GET"]}}],"collection":[{"href":"https:\/\/ikf.ac.at\/en\/wp-json\/wp\/v2\/pages"}],"about":[{"href":"https:\/\/ikf.ac.at\/en\/wp-json\/wp\/v2\/types\/page"}],"author":[{"embeddable":true,"href":"https:\/\/ikf.ac.at\/en\/wp-json\/wp\/v2\/users\/2"}],"replies":[{"embeddable":true,"href":"https:\/\/ikf.ac.at\/en\/wp-json\/wp\/v2\/comments?post=5370"}],"version-history":[{"count":10,"href":"https:\/\/ikf.ac.at\/en\/wp-json\/wp\/v2\/pages\/5370\/revisions"}],"predecessor-version":[{"id":5669,"href":"https:\/\/ikf.ac.at\/en\/wp-json\/wp\/v2\/pages\/5370\/revisions\/5669"}],"wp:attachment":[{"href":"https:\/\/ikf.ac.at\/en\/wp-json\/wp\/v2\/media?parent=5370"}],"curies":[{"name":"wp","href":"https:\/\/api.w.org\/{rel}","templated":true}]}}