{"id":5336,"date":"2025-05-15T11:23:55","date_gmt":"2025-05-15T11:23:55","guid":{"rendered":"https:\/\/ikf.ac.at\/?page_id=5336"},"modified":"2026-03-17T13:14:21","modified_gmt":"2026-03-17T13:14:21","slug":"2024-equality-quadrennial-surveys-on-lgbti-rights","status":"publish","type":"page","link":"https:\/\/ikf.ac.at\/en\/2024-equality-quadrennial-surveys-on-lgbti-rights","title":{"rendered":"2024: Equality Quadrennial Surveys on LGBTI+ Rights"},"content":{"rendered":"<div class=\"wp-block-atomic-blocks-ab-container alignfull ab-block-container\"><div class=\"ab-container-inside\"><div class=\"ab-container-content\"><div id=\"pl-gb5336-69f240140c41c\"  class=\"panel-layout wp-block-siteorigin-panels-layout-block\" ><div id=\"pg-gb5336-69f240140c41c-0\"  class=\"panel-grid panel-no-style\" ><div id=\"pgc-gb5336-69f240140c41c-0-0\"  class=\"panel-grid-cell\" ><div id=\"panel-gb5336-69f240140c41c-0-0-0\" class=\"so-panel widget widget_media_image panel-first-child panel-last-child\" data-index=\"0\" ><img loading=\"lazy\" decoding=\"async\" width=\"2554\" height=\"10\" src=\"https:\/\/ikf.ac.at\/wp-content\/uploads\/2021\/01\/linie_IKF.jpg\" class=\"image wp-image-754  attachment-full size-full\" alt=\"\" style=\"max-width: 100%; height: auto;\" srcset=\"https:\/\/ikf.ac.at\/wp-content\/uploads\/2021\/01\/linie_IKF.jpg 2554w, https:\/\/ikf.ac.at\/wp-content\/uploads\/2021\/01\/linie_IKF-300x1.jpg 300w, https:\/\/ikf.ac.at\/wp-content\/uploads\/2021\/01\/linie_IKF-1024x4.jpg 1024w, https:\/\/ikf.ac.at\/wp-content\/uploads\/2021\/01\/linie_IKF-768x3.jpg 768w, https:\/\/ikf.ac.at\/wp-content\/uploads\/2021\/01\/linie_IKF-1536x6.jpg 1536w, https:\/\/ikf.ac.at\/wp-content\/uploads\/2021\/01\/linie_IKF-2048x8.jpg 2048w\" sizes=\"auto, (max-width: 2554px) 100vw, 2554px\" \/><\/div><\/div><\/div><\/div>\n\n\n<div style=\"color:#ddd\" class=\"wp-block-genesis-blocks-gb-spacer gb-block-spacer gb-divider-solid gb-divider-size-1\"><hr style=\"height:30px\"\/><\/div>\n\n\n<div id=\"pl-gb5336-69f240140c99d\"  class=\"panel-layout wp-block-siteorigin-panels-layout-block\" ><div id=\"pg-gb5336-69f240140c99d-0\"  class=\"panel-grid panel-no-style\" ><div id=\"pgc-gb5336-69f240140c99d-0-0\"  class=\"panel-grid-cell panel-grid-cell-empty\" ><\/div><div id=\"pgc-gb5336-69f240140c99d-0-1\"  class=\"panel-grid-cell\" ><div id=\"panel-gb5336-69f240140c99d-0-1-0\" class=\"so-panel widget widget_sow-editor panel-first-child panel-last-child\" data-index=\"0\" ><div\n\t\t\t\n\t\t\tclass=\"so-widget-sow-editor so-widget-sow-editor-base\"\n\t\t\t\n\t\t>\n<div class=\"siteorigin-widget-tinymce textwidget\">\n\t<table style=\"height: 168px; width: 100%; border-collapse: collapse;\" border=\"1\" cellpadding=\"2\">\n<tbody>\n<tr style=\"height: 24px;\">\n<td style=\"width: 15.8421%; height: 24px;\">Project team:<\/td>\n<td style=\"width: 84.1579%; height: 24px;\" colspan=\"2\">Viktoria Eberhardt<br \/>\nSt\u00e9phanie Florquin (extern)<\/td>\n<\/tr>\n<tr style=\"height: 24px;\">\n<td style=\"width: 15.8421%; height: 24px;\">\n<hr \/>\n<\/td>\n<td style=\"width: 58.1221%; height: 24px;\">\n<hr \/>\n<\/td>\n<td style=\"width: 26.0358%; height: 24px;\"><\/td>\n<\/tr>\n<tr style=\"height: 24px;\">\n<td style=\"width: 15.8421%; height: 24px;\">Funded by:<\/td>\n<td style=\"height: 24px; width: 84.1579%;\" colspan=\"2\">Education International<\/td>\n<\/tr>\n<tr style=\"height: 24px;\">\n<td style=\"width: 15.8421%; height: 24px;\">\n<hr \/>\n<\/td>\n<td style=\"width: 58.1221%; height: 24px;\">\n<hr \/>\n<\/td>\n<td style=\"width: 26.0358%; height: 24px;\"><\/td>\n<\/tr>\n<tr style=\"height: 24px;\">\n<td style=\"width: 15.8421%; height: 24px;\">Completed in:<\/td>\n<td style=\"height: 24px; width: 84.1579%;\" colspan=\"2\">April 2024<\/td>\n<\/tr>\n<\/tbody>\n<\/table>\n<\/div>\n<\/div><\/div><\/div><\/div><\/div>\n\n\n<div style=\"color:#404168\" class=\"wp-block-genesis-blocks-gb-spacer gb-block-spacer gb-divider-solid gb-spacer-divider gb-divider-size-1\"><hr style=\"height:3px\"\/><\/div>\n\n\n\n<div style=\"color:#404168\" class=\"wp-block-genesis-blocks-gb-spacer gb-block-spacer gb-divider-solid gb-divider-size-1\"><hr style=\"height:10px\"\/><\/div>\n\n\n<div id=\"pl-gb5336-69f240140ce90\"  class=\"panel-layout wp-block-siteorigin-panels-layout-block\" ><div id=\"pg-gb5336-69f240140ce90-0\"  class=\"panel-grid panel-no-style\" ><div id=\"pgc-gb5336-69f240140ce90-0-0\"  class=\"panel-grid-cell panel-grid-cell-empty\" ><\/div><div id=\"pgc-gb5336-69f240140ce90-0-1\"  class=\"panel-grid-cell\" ><div id=\"panel-gb5336-69f240140ce90-0-1-0\" class=\"so-panel widget widget_text panel-first-child panel-last-child\" data-index=\"0\" >\t\t\t<div class=\"textwidget\"><p align=\"justify\">Education International (EI) ist eine globale Gewerkschaftsf\u00f6deration mit 383 Mitgliedsorganisationen, die \u00fcber 32 Millionen Lehrkr\u00e4fte und Schulpersonal in 178 L\u00e4ndern und Regionen repr\u00e4sentiert. Im Zuge des Equality Quadrennial Surveys wird die Situation an Schulen weltweit zu drei Themenschwerpunkten erhoben: 1. Geschlechtergleichstellung, 2. Gleichstellung von LGBTI+ Personen und 3. Gleichstellung von indigener Bev\u00f6lkerung.<\/p>\n<p align=\"justify\">Das Institut f\u00fcr Konfliktforschung wurde \u2013 gemeinsam mit St\u00e9phanie Florquin als externer Expertin \u2013 mit dem LGBTI+ Themenschwerpunkt beauftragt. Das Projekt setzte sich zusammen aus einer quantitativen Befragung aller EI-Mitgliedsorganisationen sowie 12 erg\u00e4nzenden qualitativen Interviews mit Personen in Schl\u00fcsselrollen innerhalb der Gewerkschaften.<\/p>\n<p align=\"justify\">Der quantitative Fragebogen wurde im Februar 2024 an alle EI-Mitgliedsorganisationen (N=383) geschickt, die sich \u00fcber f\u00fcnf EI-Regionen verteilen: Afrika, Asiatisch-Pazifischer Raum, Europa, Lateinamerika, sowie Nordamerika und Karibik. Der Fragebogen wurde in den drei offiziellen EI-Sprachen Englisch, Spanisch und Franz\u00f6sisch zu Verf\u00fcgung gestellt; die Beantwortung nahm rund 20-25 Minuten in Anspruch. Insgesamt nahmen 114 Lehrer:innengewerkschaften an der Befragung teil, dies entspricht 30 Prozent der Mitgliedsorganisationen. Im Vergleich mit der letzten EI LGBTI+ Befragung hat sich die Teilnahme nahezu verdoppelt. Zentrales Ziel der Befragung war es, zu erheben, welche Aktivit\u00e4ten von den Gewerkschaften im Bereich von LGBTI+ Themen in Schulen bereits umgesetzt werden, und welche Ressourcen, Netzwerke und Kooperationen in den unterschiedlichen Regionen schon existieren. Zudem wurde ermittelt, vor welchen Herausforderungen die Organisationen stehen und was in ihrer Region ben\u00f6tigt wird, um LGBTI+ spezifische Aktivit\u00e4ten entweder zu etablieren oder auszubauen.<\/p>\n<p align=\"justify\">Im Anschluss an die quantitative Erhebung wurden leitfadengest\u00fctzte Interviews mit mindestens einer Person aus jeder EI-Region gef\u00fchrt. Der Fokus der qualitativen Interviews lag bei den konkreten Herausforderungen der Gewerkschaften, sich in ihrem Kontext mit dem Thema der LGBTI+ Inklusion zu befassen. Daher wurden gezielt Interviewpartner:innen aus L\u00e4ndern gew\u00e4hlt, in welchen LGBTI+ Personen in einem hohen Ma\u00df von gesellschaftlichen sowie rechtlichen Ausschl\u00fcssen und Diskriminierungen betroffen sind.<\/p>\n<p align=\"justify\">Aus dem Zusammenspiel der quantitativen und qualitativen Ergebnisse wurden konkrete Policy Empfehlungen f\u00fcr einerseits EI Mitgliedsorganisationen sowie andererseits f\u00fcr Education International abgeleitet. Die Ergebnisse wurden am 10. EI-Weltkongress (Juli-August 2024) in Buenos Aires, Argentinien, pr\u00e4sentiert und mit den Mitgliedsorganisationen besprochen. Detaillierte Ergebnisse sind im <a href=\"https:\/\/www.ei-ie.org\/en\/item\/28865:report-on-the-2024-education-international-quadrennial-survey-on-lgbti-rights-in-education\" target=\"_blank\" rel=\"noopener\">Abschlussbericht<\/a> des Projektes zu finden.<\/p>\n<\/div>\n\t\t<\/div><\/div><div id=\"pgc-gb5336-69f240140ce90-0-2\"  class=\"panel-grid-cell\" ><div id=\"panel-gb5336-69f240140ce90-0-2-0\" class=\"so-panel widget widget_text panel-first-child panel-last-child\" data-index=\"1\" >\t\t\t<div class=\"textwidget\"><\/div>\n\t\t<\/div><\/div><\/div><\/div>\n\n\n<div style=\"color:#333\" class=\"wp-block-genesis-blocks-gb-spacer gb-block-spacer gb-divider-solid gb-spacer-divider gb-divider-size-1\"><hr style=\"height:80px\"\/><\/div>\n<\/div><\/div><\/div>","protected":false},"excerpt":{"rendered":"","protected":false},"author":2,"featured_media":0,"parent":0,"menu_order":0,"comment_status":"closed","ping_status":"closed","template":"","meta":{"footnotes":""},"class_list":["post-5336","page","type-page","status-publish","hentry","post"],"featured_image_src":null,"featured_image_src_square":null,"_links":{"self":[{"href":"https:\/\/ikf.ac.at\/en\/wp-json\/wp\/v2\/pages\/5336","targetHints":{"allow":["GET"]}}],"collection":[{"href":"https:\/\/ikf.ac.at\/en\/wp-json\/wp\/v2\/pages"}],"about":[{"href":"https:\/\/ikf.ac.at\/en\/wp-json\/wp\/v2\/types\/page"}],"author":[{"embeddable":true,"href":"https:\/\/ikf.ac.at\/en\/wp-json\/wp\/v2\/users\/2"}],"replies":[{"embeddable":true,"href":"https:\/\/ikf.ac.at\/en\/wp-json\/wp\/v2\/comments?post=5336"}],"version-history":[{"count":10,"href":"https:\/\/ikf.ac.at\/en\/wp-json\/wp\/v2\/pages\/5336\/revisions"}],"predecessor-version":[{"id":5674,"href":"https:\/\/ikf.ac.at\/en\/wp-json\/wp\/v2\/pages\/5336\/revisions\/5674"}],"wp:attachment":[{"href":"https:\/\/ikf.ac.at\/en\/wp-json\/wp\/v2\/media?parent=5336"}],"curies":[{"name":"wp","href":"https:\/\/api.w.org\/{rel}","templated":true}]}}