{"id":5015,"date":"2024-07-22T13:10:33","date_gmt":"2024-07-22T13:10:33","guid":{"rendered":"https:\/\/ikf.ac.at\/?page_id=5015"},"modified":"2026-03-12T13:35:02","modified_gmt":"2026-03-12T13:35:02","slug":"projekte-karin-liebhart","status":"publish","type":"page","link":"https:\/\/ikf.ac.at\/en\/projekte-karin-liebhart","title":{"rendered":"Projects \u2013 Karin Liebhart"},"content":{"rendered":"<div class=\"wp-block-atomic-blocks-ab-container alignfull ab-block-container\"><div class=\"ab-container-inside\"><div class=\"ab-container-content\"><div id=\"pl-gb5015-69f3887c20fce\"  class=\"panel-layout wp-block-siteorigin-panels-layout-block\" ><div id=\"pg-gb5015-69f3887c20fce-0\"  class=\"panel-grid panel-no-style\" ><div id=\"pgc-gb5015-69f3887c20fce-0-0\"  class=\"panel-grid-cell\" ><div id=\"panel-gb5015-69f3887c20fce-0-0-0\" class=\"so-panel widget widget_media_image panel-first-child panel-last-child\" data-index=\"0\" ><img loading=\"lazy\" decoding=\"async\" width=\"2554\" height=\"10\" src=\"https:\/\/ikf.ac.at\/wp-content\/uploads\/2021\/01\/linie_IKF.jpg\" class=\"image wp-image-754  attachment-full size-full\" alt=\"\" style=\"max-width: 100%; height: auto;\" srcset=\"https:\/\/ikf.ac.at\/wp-content\/uploads\/2021\/01\/linie_IKF.jpg 2554w, https:\/\/ikf.ac.at\/wp-content\/uploads\/2021\/01\/linie_IKF-300x1.jpg 300w, https:\/\/ikf.ac.at\/wp-content\/uploads\/2021\/01\/linie_IKF-1024x4.jpg 1024w, https:\/\/ikf.ac.at\/wp-content\/uploads\/2021\/01\/linie_IKF-768x3.jpg 768w, https:\/\/ikf.ac.at\/wp-content\/uploads\/2021\/01\/linie_IKF-1536x6.jpg 1536w, https:\/\/ikf.ac.at\/wp-content\/uploads\/2021\/01\/linie_IKF-2048x8.jpg 2048w\" sizes=\"auto, (max-width: 2554px) 100vw, 2554px\" \/><\/div><\/div><\/div><\/div>\n\n\n<div style=\"color:#ddd\" class=\"wp-block-genesis-blocks-gb-spacer gb-block-spacer gb-divider-solid gb-divider-size-1\"><hr style=\"height:30px\"\/><\/div>\n\n\n<div id=\"pl-gb5015-69f3887c21829\"  class=\"panel-layout wp-block-siteorigin-panels-layout-block\" ><div id=\"pg-gb5015-69f3887c21829-0\"  class=\"panel-grid panel-no-style\" ><div id=\"pgc-gb5015-69f3887c21829-0-0\"  class=\"panel-grid-cell\" ><div id=\"panel-gb5015-69f3887c21829-0-0-0\" class=\"so-panel widget widget_sow-editor panel-first-child panel-last-child\" data-index=\"0\" ><div\n\t\t\t\n\t\t\tclass=\"so-widget-sow-editor so-widget-sow-editor-base\"\n\t\t\t\n\t\t>\n<div class=\"siteorigin-widget-tinymce textwidget\">\n\t<\/div>\n<\/div><\/div><\/div><div id=\"pgc-gb5015-69f3887c21829-0-1\"  class=\"panel-grid-cell\" ><div id=\"panel-gb5015-69f3887c21829-0-1-0\" class=\"so-panel widget widget_sow-editor panel-first-child panel-last-child\" data-index=\"1\" ><div\n\t\t\t\n\t\t\tclass=\"so-widget-sow-editor so-widget-sow-editor-base\"\n\t\t\t\n\t\t>\n<div class=\"siteorigin-widget-tinymce textwidget\">\n\t<p>ongoing projects:<\/p>\n<\/div>\n<\/div><\/div><\/div><\/div><\/div>\n\n<div id=\"pl-gb5015-69f3887c22025\"  class=\"panel-layout wp-block-siteorigin-panels-layout-block\" ><div id=\"pg-gb5015-69f3887c22025-0\"  class=\"panel-grid panel-no-style\" ><div id=\"pgc-gb5015-69f3887c22025-0-0\"  class=\"panel-grid-cell\" ><div id=\"panel-gb5015-69f3887c22025-0-0-0\" class=\"so-panel widget widget_sow-editor panel-first-child panel-last-child\" data-index=\"0\" ><div\n\t\t\t\n\t\t\tclass=\"so-widget-sow-editor so-widget-sow-editor-base\"\n\t\t\t\n\t\t>\n<div class=\"siteorigin-widget-tinymce textwidget\">\n\t<\/div>\n<\/div><\/div><\/div><div id=\"pgc-gb5015-69f3887c22025-0-1\"  class=\"panel-grid-cell\" ><div id=\"panel-gb5015-69f3887c22025-0-1-0\" class=\"so-panel widget widget_sow-editor panel-first-child panel-last-child\" data-index=\"1\" ><div\n\t\t\t\n\t\t\tclass=\"so-widget-sow-editor so-widget-sow-editor-base\"\n\t\t\t\n\t\t>\n<div class=\"siteorigin-widget-tinymce textwidget\">\n\t<table style=\"width: 100%; border-collapse: collapse;\" border=\"1\">\n<tbody>\n<tr style=\"height: 24px;\">\n<td style=\"width: 92.2557%; height: 24px;\"><\/td>\n<td style=\"width: 0.800915%; height: 24px;\"><\/td>\n<\/tr>\n<tr>\n<td style=\"width: 92.2557%;\"><a href=\"https:\/\/ikf.ac.at\/en\/change-schueler-innen-erforschen-soziale-ungleichheit\/\" target=\"_blank\" rel=\"noopener\">CHANGE \u2013 Students research social inequality<\/a><\/td>\n<td style=\"width: 0.800915%;\"><\/td>\n<\/tr>\n<tr>\n<td style=\"width: 92.2557%;\"><a href=\"https:\/\/ikf.ac.at\/en\/conspire-verbreitung-verschwoerungsnarrative-oesterreichische-bevoelkerung\/\" target=\"_blank\" rel=\"noopener\">CONSPIRE \u2013 Die Verbreitung von Verschw\u00f6rungsnarrativen in der \u00f6sterreichischen Bev\u00f6lkerung: Ursachen, Risikofaktoren und Pr\u00e4vention<\/a><\/td>\n<td style=\"width: 0.800915%;\"><\/td>\n<\/tr>\n<tr style=\"height: 24px;\">\n<td style=\"width: 92.2557%; height: 24px;\"><a href=\"https:\/\/ikf.ac.at\/en\/psyge-interventionen-in-zusammenhang-mit-psychischen-erkrankungen-und-partnergewalt\/\" target=\"_blank\" rel=\"noopener\">PSYGE \u2013 Interventionen in Zusammenhang mit psychischen Erkrankungen und Partnergewalt<\/a><\/td>\n<td style=\"width: 0.800915%; height: 24px;\"><\/td>\n<\/tr>\n<\/tbody>\n<\/table>\n<\/div>\n<\/div><\/div><\/div><\/div><\/div>\n\n<div id=\"pl-gb5015-69f3887c22494\"  class=\"panel-layout wp-block-siteorigin-panels-layout-block\" ><div id=\"pg-gb5015-69f3887c22494-0\"  class=\"panel-grid panel-no-style\" ><div id=\"pgc-gb5015-69f3887c22494-0-0\"  class=\"panel-grid-cell\" ><div id=\"panel-gb5015-69f3887c22494-0-0-0\" class=\"so-panel widget widget_sow-editor panel-first-child panel-last-child\" data-index=\"0\" ><div\n\t\t\t\n\t\t\tclass=\"so-widget-sow-editor so-widget-sow-editor-base\"\n\t\t\t\n\t\t>\n<div class=\"siteorigin-widget-tinymce textwidget\">\n\t<\/div>\n<\/div><\/div><\/div><div id=\"pgc-gb5015-69f3887c22494-0-1\"  class=\"panel-grid-cell\" ><div id=\"panel-gb5015-69f3887c22494-0-1-0\" class=\"so-panel widget widget_sow-editor panel-first-child panel-last-child\" data-index=\"1\" ><div\n\t\t\t\n\t\t\tclass=\"so-widget-sow-editor so-widget-sow-editor-base\"\n\t\t\t\n\t\t>\n<div class=\"siteorigin-widget-tinymce textwidget\">\n\t<p>completed projects:<\/p>\n<\/div>\n<\/div><\/div><\/div><\/div><\/div>\n\n\n<div class=\"wp-block-atomic-blocks-ab-container ab-block-container\"><div class=\"ab-container-inside\"><div class=\"ab-container-content\"><div id=\"pl-gb5015-69f3887c22898\"  class=\"panel-layout wp-block-siteorigin-panels-layout-block\" ><div id=\"pg-gb5015-69f3887c22898-0\"  class=\"panel-grid panel-no-style\" ><div id=\"pgc-gb5015-69f3887c22898-0-0\"  class=\"panel-grid-cell panel-grid-cell-empty\" ><\/div><div id=\"pgc-gb5015-69f3887c22898-0-1\"  class=\"panel-grid-cell\" ><div id=\"panel-gb5015-69f3887c22898-0-1-0\" class=\"so-panel widget widget_sow-editor panel-first-child panel-last-child\" data-index=\"0\" ><div\n\t\t\t\n\t\t\tclass=\"so-widget-sow-editor so-widget-sow-editor-base\"\n\t\t\t\n\t\t>\n<div class=\"siteorigin-widget-tinymce textwidget\">\n\t<table style=\"width: 100%; border-collapse: collapse;\" border=\"1\">\n<tbody>\n<tr>\n<td style=\"width: 5%; height: 24px;\"><\/td>\n<td style=\"width: 95%; height: 24px;\"><\/td>\n<td><\/td>\n<\/tr>\n<tr>\n<td style=\"width: 5%;\">2025:<\/td>\n<td style=\"width: 95%;\"><a href=\"https:\/\/ikf.ac.at\/en\/antisemitismus-in-der-schule\/\" target=\"_blank\" rel=\"noopener\">Antisemitism in Schools \u2013 Perspectives of Jewish Students, Interventions and Case Management Strategies<\/a><\/td>\n<td><\/td>\n<\/tr>\n<tr>\n<td style=\"width: 5%; height: 24px;\">2024:<\/td>\n<td style=\"width: 95%; height: 24px;\"><a href=\"https:\/\/ikf.ac.at\/en\/2024-alleinerziehende\/\" target=\"_blank\" rel=\"noopener\">Single Parents: Social Perceptions, Self-Perception, and Pathways to Empowerment<\/a><\/td>\n<td><\/td>\n<\/tr>\n<\/tbody>\n<\/table>\n<\/div>\n<\/div><\/div><\/div><\/div><\/div><\/div><\/div><\/div>\n\n\n\n<div style=\"color:#333\" class=\"wp-block-genesis-blocks-gb-spacer gb-block-spacer gb-divider-solid gb-spacer-divider gb-divider-size-1\"><hr style=\"height:120px\"\/><\/div>\n<\/div><\/div><\/div>","protected":false},"excerpt":{"rendered":"","protected":false},"author":2,"featured_media":0,"parent":0,"menu_order":0,"comment_status":"closed","ping_status":"closed","template":"","meta":{"footnotes":""},"class_list":["post-5015","page","type-page","status-publish","hentry","post"],"featured_image_src":null,"featured_image_src_square":null,"_links":{"self":[{"href":"https:\/\/ikf.ac.at\/en\/wp-json\/wp\/v2\/pages\/5015","targetHints":{"allow":["GET"]}}],"collection":[{"href":"https:\/\/ikf.ac.at\/en\/wp-json\/wp\/v2\/pages"}],"about":[{"href":"https:\/\/ikf.ac.at\/en\/wp-json\/wp\/v2\/types\/page"}],"author":[{"embeddable":true,"href":"https:\/\/ikf.ac.at\/en\/wp-json\/wp\/v2\/users\/2"}],"replies":[{"embeddable":true,"href":"https:\/\/ikf.ac.at\/en\/wp-json\/wp\/v2\/comments?post=5015"}],"version-history":[{"count":7,"href":"https:\/\/ikf.ac.at\/en\/wp-json\/wp\/v2\/pages\/5015\/revisions"}],"predecessor-version":[{"id":5641,"href":"https:\/\/ikf.ac.at\/en\/wp-json\/wp\/v2\/pages\/5015\/revisions\/5641"}],"wp:attachment":[{"href":"https:\/\/ikf.ac.at\/en\/wp-json\/wp\/v2\/media?parent=5015"}],"curies":[{"name":"wp","href":"https:\/\/api.w.org\/{rel}","templated":true}]}}