{"id":4754,"date":"2024-03-18T11:32:18","date_gmt":"2024-03-18T11:32:18","guid":{"rendered":"https:\/\/ikf.ac.at\/?page_id=4754"},"modified":"2024-07-02T13:01:32","modified_gmt":"2024-07-02T13:01:32","slug":"bearbeitung-von-stalking-faellen-in-tatausgleich-und-bewaehrungshilfe","status":"publish","type":"page","link":"https:\/\/ikf.ac.at\/en\/bearbeitung-von-stalking-faellen-in-tatausgleich-und-bewaehrungshilfe","title":{"rendered":"Bearbeitung von Stalking-F\u00e4llen in Tatausgleich und Bew\u00e4hrungshilfe"},"content":{"rendered":"<div class=\"wp-block-atomic-blocks-ab-container alignfull ab-block-container\"><div class=\"ab-container-inside\"><div class=\"ab-container-content\"><div id=\"pl-gb4754-69f2c4468d23a\"  class=\"panel-layout wp-block-siteorigin-panels-layout-block\" ><div id=\"pg-gb4754-69f2c4468d23a-0\"  class=\"panel-grid panel-no-style\" ><div id=\"pgc-gb4754-69f2c4468d23a-0-0\"  class=\"panel-grid-cell\" ><div id=\"panel-gb4754-69f2c4468d23a-0-0-0\" class=\"so-panel widget widget_media_image panel-first-child panel-last-child\" data-index=\"0\" ><img loading=\"lazy\" decoding=\"async\" width=\"2554\" height=\"10\" src=\"https:\/\/ikf.ac.at\/wp-content\/uploads\/2021\/01\/linie_IKF.jpg\" class=\"image wp-image-754  attachment-full size-full\" alt=\"\" style=\"max-width: 100%; height: auto;\" srcset=\"https:\/\/ikf.ac.at\/wp-content\/uploads\/2021\/01\/linie_IKF.jpg 2554w, https:\/\/ikf.ac.at\/wp-content\/uploads\/2021\/01\/linie_IKF-300x1.jpg 300w, https:\/\/ikf.ac.at\/wp-content\/uploads\/2021\/01\/linie_IKF-1024x4.jpg 1024w, https:\/\/ikf.ac.at\/wp-content\/uploads\/2021\/01\/linie_IKF-768x3.jpg 768w, https:\/\/ikf.ac.at\/wp-content\/uploads\/2021\/01\/linie_IKF-1536x6.jpg 1536w, https:\/\/ikf.ac.at\/wp-content\/uploads\/2021\/01\/linie_IKF-2048x8.jpg 2048w\" sizes=\"auto, (max-width: 2554px) 100vw, 2554px\" \/><\/div><\/div><\/div><\/div>\n\n\n<div style=\"color:#ddd\" class=\"wp-block-genesis-blocks-gb-spacer gb-block-spacer gb-divider-solid gb-divider-size-1\"><hr style=\"height:30px\"\/><\/div>\n\n\n<div id=\"pl-gb4754-69f2c4468da59\"  class=\"panel-layout wp-block-siteorigin-panels-layout-block\" ><div id=\"pg-gb4754-69f2c4468da59-0\"  class=\"panel-grid panel-no-style\" ><div id=\"pgc-gb4754-69f2c4468da59-0-0\"  class=\"panel-grid-cell panel-grid-cell-empty\" ><\/div><div id=\"pgc-gb4754-69f2c4468da59-0-1\"  class=\"panel-grid-cell\" ><div id=\"panel-gb4754-69f2c4468da59-0-1-0\" class=\"so-panel widget widget_sow-editor panel-first-child panel-last-child\" data-index=\"0\" ><div\n\t\t\t\n\t\t\tclass=\"so-widget-sow-editor so-widget-sow-editor-base\"\n\t\t\t\n\t\t>\n<div class=\"siteorigin-widget-tinymce textwidget\">\n\t<table style=\"height: 100px; width: 100%; border-collapse: collapse;\" border=\"1\" cellpadding=\"2\">\n<tbody>\n<tr>\n<td style=\"width: 15.8421%;\">Project team:<\/td>\n<td style=\"width: 84.1578%;\" colspan=\"2\">Dr. Birgitt Haller (project management)<br \/>\nAnna Hasenauer, BA<\/td>\n<\/tr>\n<tr>\n<td style=\"width: 15.8421%;\">\n<hr \/>\n<\/td>\n<td style=\"width: 72.2809%;\">\n<hr \/>\n<\/td>\n<td style=\"width: 11.8769%;\"><\/td>\n<\/tr>\n<tr>\n<td style=\"width: 15.8421%;\">Funded by:<\/td>\n<td style=\"width: 84.1578%;\" colspan=\"2\">NEU<strong>START<\/strong><\/td>\n<\/tr>\n<\/tbody>\n<\/table>\n<\/div>\n<\/div><\/div><\/div><\/div><\/div>\n\n\n<div style=\"color:#404168\" class=\"wp-block-genesis-blocks-gb-spacer gb-block-spacer gb-divider-solid gb-spacer-divider gb-divider-size-1\"><hr style=\"height:3px\"\/><\/div>\n\n\n\n<div style=\"color:#404168\" class=\"wp-block-genesis-blocks-gb-spacer gb-block-spacer gb-divider-solid gb-divider-size-1\"><hr style=\"height:10px\"\/><\/div>\n\n\n<div id=\"pl-gb4754-69f2c4468e0a5\"  class=\"panel-layout wp-block-siteorigin-panels-layout-block\" ><div id=\"pg-gb4754-69f2c4468e0a5-0\"  class=\"panel-grid panel-no-style\" ><div id=\"pgc-gb4754-69f2c4468e0a5-0-0\"  class=\"panel-grid-cell panel-grid-cell-empty\" ><\/div><div id=\"pgc-gb4754-69f2c4468e0a5-0-1\"  class=\"panel-grid-cell panel-grid-cell-mobile-last\" ><div id=\"panel-gb4754-69f2c4468e0a5-0-1-0\" class=\"so-panel widget widget_text panel-first-child panel-last-child\" data-index=\"0\" >\t\t\t<div class=\"textwidget\"><p align=\"justify\">In \u00d6sterreich gilt seit 1. Juli 2006 das sogenannte \u201eAnti-Stalkinggesetz\u201c (\u00a7 107a Strafgesetzbuch, Tatbestand der \u201ebeharrlichen Verfolgung\u201c), das Opfer von Bel\u00e4stigungen besser sch\u00fctzt. NEU<strong>START<\/strong> betreut seit 2006 Klient:innen in Zusammenhang mit Strafverfahren wegen beharrlicher Verfolgung im Rahmen von Bew\u00e4hrungshilfe bzw. der Durchf\u00fchrung eines Tatausgleichs. Die Bearbeitung von Stalkingf\u00e4llen bedeutet eine besondere Herausforderung, weil der Schutz des Opfers und die Kontrolle des T\u00e4ters\/der T\u00e4terin im Vordergrund stehen und ein Zusammentreffen, das der\/die Stalker:in anstrebt, vermieden werden muss. NEU<strong>START<\/strong> hat bei Stalking sowohl im Tatausgleich als auch in der Bew\u00e4hrungshilfe spezifische Regelungen und Standards in der Bearbeitung definiert, um die Sicherheit der Opfer zu gew\u00e4hrleisten. In der Gewaltpr\u00e4ventionsberatung erh\u00e4lt dieses Thema in Verbindung mit h\u00e4uslicher Gewalt zus\u00e4tzliche Aufmerksamkeit.<\/p>\n<p align=\"justify\">Die Studie untersucht vor diesem Hintergrund die Arbeit mit Stalkingf\u00e4llen im Tatausgleich und in der Bew\u00e4hrungshilfe und vergleicht die Erfahrungen mit internationalen \u201egood practice\u201c-Beispielen. Ziel ist es, die Sozialarbeit in diesen F\u00e4llen vom Prozess und vom Ergebnis her zu evaluieren und Empfehlungen f\u00fcr die bestm\u00f6gliche Bearbeitung solcher F\u00e4lle zu formulieren.<\/p>\n<\/div>\n\t\t<\/div><\/div><div id=\"pgc-gb4754-69f2c4468e0a5-0-2\"  class=\"panel-grid-cell panel-grid-cell-empty\" ><\/div><\/div><\/div>\n\n\n<div style=\"color:#333\" class=\"wp-block-genesis-blocks-gb-spacer gb-block-spacer gb-divider-solid gb-spacer-divider gb-divider-size-1\"><hr style=\"height:100px\"\/><\/div>\n<\/div><\/div><\/div>","protected":false},"excerpt":{"rendered":"","protected":false},"author":2,"featured_media":0,"parent":0,"menu_order":0,"comment_status":"closed","ping_status":"closed","template":"","meta":{"footnotes":""},"class_list":["post-4754","page","type-page","status-publish","hentry","post"],"featured_image_src":null,"featured_image_src_square":null,"_links":{"self":[{"href":"https:\/\/ikf.ac.at\/en\/wp-json\/wp\/v2\/pages\/4754","targetHints":{"allow":["GET"]}}],"collection":[{"href":"https:\/\/ikf.ac.at\/en\/wp-json\/wp\/v2\/pages"}],"about":[{"href":"https:\/\/ikf.ac.at\/en\/wp-json\/wp\/v2\/types\/page"}],"author":[{"embeddable":true,"href":"https:\/\/ikf.ac.at\/en\/wp-json\/wp\/v2\/users\/2"}],"replies":[{"embeddable":true,"href":"https:\/\/ikf.ac.at\/en\/wp-json\/wp\/v2\/comments?post=4754"}],"version-history":[{"count":2,"href":"https:\/\/ikf.ac.at\/en\/wp-json\/wp\/v2\/pages\/4754\/revisions"}],"predecessor-version":[{"id":4993,"href":"https:\/\/ikf.ac.at\/en\/wp-json\/wp\/v2\/pages\/4754\/revisions\/4993"}],"wp:attachment":[{"href":"https:\/\/ikf.ac.at\/en\/wp-json\/wp\/v2\/media?parent=4754"}],"curies":[{"name":"wp","href":"https:\/\/api.w.org\/{rel}","templated":true}]}}