{"id":4024,"date":"2023-03-16T09:19:49","date_gmt":"2023-03-16T09:19:49","guid":{"rendered":"http:\/\/test-ikf.online\/?page_id=4024"},"modified":"2026-04-22T10:13:49","modified_gmt":"2026-04-22T10:13:49","slug":"projekte-brigitte-temel","status":"publish","type":"page","link":"https:\/\/ikf.ac.at\/en\/projekte-brigitte-temel","title":{"rendered":"Projects \u2013 Brigitte Temel"},"content":{"rendered":"<div class=\"wp-block-atomic-blocks-ab-container alignfull ab-block-container\"><div class=\"ab-container-inside\"><div class=\"ab-container-content\"><div id=\"pl-gb4024-69f8780041836\"  class=\"panel-layout wp-block-siteorigin-panels-layout-block\" ><div id=\"pg-gb4024-69f8780041836-0\"  class=\"panel-grid panel-no-style\" ><div id=\"pgc-gb4024-69f8780041836-0-0\"  class=\"panel-grid-cell\" ><div id=\"panel-gb4024-69f8780041836-0-0-0\" class=\"so-panel widget widget_media_image panel-first-child panel-last-child\" data-index=\"0\" ><img loading=\"lazy\" decoding=\"async\" width=\"2554\" height=\"10\" src=\"https:\/\/ikf.ac.at\/wp-content\/uploads\/2021\/01\/linie_IKF.jpg\" class=\"image wp-image-754  attachment-full size-full\" alt=\"\" style=\"max-width: 100%; height: auto;\" srcset=\"https:\/\/ikf.ac.at\/wp-content\/uploads\/2021\/01\/linie_IKF.jpg 2554w, https:\/\/ikf.ac.at\/wp-content\/uploads\/2021\/01\/linie_IKF-300x1.jpg 300w, https:\/\/ikf.ac.at\/wp-content\/uploads\/2021\/01\/linie_IKF-1024x4.jpg 1024w, https:\/\/ikf.ac.at\/wp-content\/uploads\/2021\/01\/linie_IKF-768x3.jpg 768w, https:\/\/ikf.ac.at\/wp-content\/uploads\/2021\/01\/linie_IKF-1536x6.jpg 1536w, https:\/\/ikf.ac.at\/wp-content\/uploads\/2021\/01\/linie_IKF-2048x8.jpg 2048w\" sizes=\"auto, (max-width: 2554px) 100vw, 2554px\" \/><\/div><\/div><\/div><\/div>\n\n\n<div style=\"color:#ddd\" class=\"wp-block-genesis-blocks-gb-spacer gb-block-spacer gb-divider-solid gb-divider-size-1\"><hr style=\"height:30px\"\/><\/div>\n\n\n<div id=\"pl-gb4024-69f878004233d\"  class=\"panel-layout wp-block-siteorigin-panels-layout-block\" ><div id=\"pg-gb4024-69f878004233d-0\"  class=\"panel-grid panel-no-style\" ><div id=\"pgc-gb4024-69f878004233d-0-0\"  class=\"panel-grid-cell\" ><div id=\"panel-gb4024-69f878004233d-0-0-0\" class=\"so-panel widget widget_sow-editor panel-first-child panel-last-child\" data-index=\"0\" ><div\n\t\t\t\n\t\t\tclass=\"so-widget-sow-editor so-widget-sow-editor-base\"\n\t\t\t\n\t\t>\n<div class=\"siteorigin-widget-tinymce textwidget\">\n\t<\/div>\n<\/div><\/div><\/div><div id=\"pgc-gb4024-69f878004233d-0-1\"  class=\"panel-grid-cell\" ><div id=\"panel-gb4024-69f878004233d-0-1-0\" class=\"so-panel widget widget_sow-editor panel-first-child panel-last-child\" data-index=\"1\" ><div\n\t\t\t\n\t\t\tclass=\"so-widget-sow-editor so-widget-sow-editor-base\"\n\t\t\t\n\t\t>\n<div class=\"siteorigin-widget-tinymce textwidget\">\n\t<p>ongoing projects:<\/p>\n<\/div>\n<\/div><\/div><\/div><\/div><\/div>\n\n\n<div class=\"wp-block-atomic-blocks-ab-container ab-block-container\"><div class=\"ab-container-inside\"><div class=\"ab-container-content\"><div id=\"pl-gb4024-69f8780042e5e\"  class=\"panel-layout wp-block-siteorigin-panels-layout-block\" ><div id=\"pg-gb4024-69f8780042e5e-0\"  class=\"panel-grid panel-no-style\" ><div id=\"pgc-gb4024-69f8780042e5e-0-0\"  class=\"panel-grid-cell panel-grid-cell-empty\" ><\/div><div id=\"pgc-gb4024-69f8780042e5e-0-1\"  class=\"panel-grid-cell\" ><div id=\"panel-gb4024-69f8780042e5e-0-1-0\" class=\"so-panel widget widget_sow-editor panel-first-child panel-last-child\" data-index=\"0\" ><div\n\t\t\t\n\t\t\tclass=\"so-widget-sow-editor so-widget-sow-editor-base\"\n\t\t\t\n\t\t>\n<div class=\"siteorigin-widget-tinymce textwidget\">\n\t<table style=\"width: 100%; border-collapse: collapse; height: 168px;\" border=\"1\">\n<tbody>\n<tr style=\"height: 24px;\">\n<td style=\"width: 0.800915%; height: 24px;\"><\/td>\n<\/tr>\n<tr>\n<td style=\"width: 0.800915%;\"><a href=\"https:\/\/ikf.ac.at\/en\/antifeminismus-begegnen-toolbox-fuer-die-offene-jugendarbeit\/\" target=\"_blank\" rel=\"noopener\">Antifeminismus begegnen \u2013 Toolbox f\u00fcr die Offene Jugendarbeit<\/a><\/td>\n<\/tr>\n<tr style=\"height: 24px;\">\n<td style=\"width: 0.800915%; height: 24px;\"><a href=\"https:\/\/ikf.ac.at\/en\/change-schueler-innen-erforschen-soziale-ungleichheit\/\" target=\"_blank\" rel=\"noopener\">CHANGE \u2013 Students research social inequality<\/a><\/td>\n<\/tr>\n<tr style=\"height: 24px;\">\n<td style=\"width: 0.800915%; height: 24px;\"><a href=\"https:\/\/ikf.ac.at\/en\/checkst-du-jugendliche-interventionen-in-dominante-krisennarrative-in-oesterreich\/\" target=\"_blank\" rel=\"noopener\">Checkst du? Jugendliche Interventionen in dominante Krisennarrative in \u00d6sterreich. Demokratiest\u00e4rkung als Beitrag zur Extremismuspr\u00e4vention<\/a><\/td>\n<\/tr>\n<tr style=\"height: 24px;\">\n<td style=\"width: 0.800915%; height: 24px;\"><a href=\"https:\/\/ikf.ac.at\/en\/gemeinsam-altern-unter-dem-regenbogen\/\" target=\"_blank\" rel=\"noopener\">\u201eGemeinsam altern unter dem Regenbogen\u201c \u2013 Wiener Pilotprojekt f\u00fcr \u00e4ltere LGBTIQ+ Personen (60+)<\/a><\/td>\n<\/tr>\n<tr style=\"height: 24px;\">\n<td style=\"width: 0.800915%; height: 24px;\"><a href=\"https:\/\/ikf.ac.at\/en\/psyge-interventionen-in-zusammenhang-mit-psychischen-erkrankungen-und-partnergewalt\/\" target=\"_blank\" rel=\"noopener\">PSYGE \u2013 Interventionen in Zusammenhang mit psychischen Erkrankungen und Partnergewalt<\/a><\/td>\n<\/tr>\n<\/tbody>\n<\/table>\n<\/div>\n<\/div><\/div><\/div><\/div><\/div><\/div><\/div><\/div>\n<\/div><\/div><\/div>\n\n\n\n<div class=\"wp-block-atomic-blocks-ab-container alignfull ab-block-container\"><div class=\"ab-container-inside\"><div class=\"ab-container-content\"><div id=\"pl-gb4024-69f87800432d7\"  class=\"panel-layout wp-block-siteorigin-panels-layout-block\" ><div id=\"pg-gb4024-69f87800432d7-0\"  class=\"panel-grid panel-no-style\" ><div id=\"pgc-gb4024-69f87800432d7-0-0\"  class=\"panel-grid-cell\" ><div id=\"panel-gb4024-69f87800432d7-0-0-0\" class=\"so-panel widget widget_sow-editor panel-first-child panel-last-child\" data-index=\"0\" ><div\n\t\t\t\n\t\t\tclass=\"so-widget-sow-editor so-widget-sow-editor-base\"\n\t\t\t\n\t\t>\n<div class=\"siteorigin-widget-tinymce textwidget\">\n\t<\/div>\n<\/div><\/div><\/div><div id=\"pgc-gb4024-69f87800432d7-0-1\"  class=\"panel-grid-cell\" ><div id=\"panel-gb4024-69f87800432d7-0-1-0\" class=\"so-panel widget widget_sow-editor panel-first-child panel-last-child\" data-index=\"1\" ><div\n\t\t\t\n\t\t\tclass=\"so-widget-sow-editor so-widget-sow-editor-base\"\n\t\t\t\n\t\t>\n<div class=\"siteorigin-widget-tinymce textwidget\">\n\t<p>completed projects:<\/p>\n<\/div>\n<\/div><\/div><\/div><\/div><\/div>\n\n\n<div class=\"wp-block-atomic-blocks-ab-container ab-block-container\"><div class=\"ab-container-inside\"><div class=\"ab-container-content\"><div id=\"pl-gb4024-69f8780043877\"  class=\"panel-layout wp-block-siteorigin-panels-layout-block\" ><div id=\"pg-gb4024-69f8780043877-0\"  class=\"panel-grid panel-no-style\" ><div id=\"pgc-gb4024-69f8780043877-0-0\"  class=\"panel-grid-cell panel-grid-cell-empty\" ><\/div><div id=\"pgc-gb4024-69f8780043877-0-1\"  class=\"panel-grid-cell\" ><div id=\"panel-gb4024-69f8780043877-0-1-0\" class=\"so-panel widget widget_sow-editor panel-first-child panel-last-child\" data-index=\"0\" ><div\n\t\t\t\n\t\t\tclass=\"so-widget-sow-editor so-widget-sow-editor-base\"\n\t\t\t\n\t\t>\n<div class=\"siteorigin-widget-tinymce textwidget\">\n\t<table style=\"width: 97.6822%; border-collapse: collapse; height: 264px;\" border=\"1\">\n<tbody>\n<tr style=\"height: 24px;\">\n<td style=\"width: 7.74441%; border-style: none; height: 24px;\"><\/td>\n<td style=\"width: 92.2557%; height: 24px;\"><\/td>\n<td style=\"width: 0.800915%; height: 24px;\"><\/td>\n<\/tr>\n<tr>\n<td style=\"width: 7.74441%;\">2026:<\/td>\n<td style=\"width: 92.2557%;\"><a href=\"https:\/\/ikf.ac.at\/en\/viprom-victim-protection-in-medicine\/\" target=\"_blank\" rel=\"noopener\">VIPROM \u2013 Victim Protection in Medicine. Exploiting practial knowledge of medical staff to enhance the multi-professional contact with victims of domestic violence<\/a><\/td>\n<td style=\"width: 0.800915%;\"><\/td>\n<\/tr>\n<tr>\n<td style=\"width: 7.74441%;\">2025:<\/td>\n<td style=\"width: 92.2557%;\"><a href=\"https:\/\/ikf.ac.at\/en\/stop-4-0-stadtteile-ohne-partnergewalt\/\" target=\"_blank\" rel=\"noopener\">StoP 4.0 \u2013 Stadtteile ohne Partnergewalt<\/a><\/td>\n<td style=\"width: 0.800915%;\"><\/td>\n<\/tr>\n<tr>\n<td style=\"width: 7.74441%;\">2025:<\/td>\n<td style=\"width: 92.2557%;\"><a href=\"https:\/\/ikf.ac.at\/en\/digitale-jugendarbeit-im-kontext-antifeministischer-narrative\/\" target=\"_blank\" rel=\"noopener\">Digital Youth Work on Anti-Feminist Narratives<\/a><\/td>\n<td style=\"width: 0.800915%;\"><\/td>\n<\/tr>\n<tr>\n<td style=\"width: 7.74441%;\">2025:<\/td>\n<td style=\"width: 92.2557%;\"><a href=\"https:\/\/ikf.ac.at\/en\/verzaubert-sein-und-usambaraveilchen-lgbtiq-geschichten-in-wien\/\" target=\"_blank\" rel=\"noopener\">Verzaubert-Sein und Usambaraveilchen \u2013 Auf den Spuren des Regenbogens in Wien<\/a><\/td>\n<td style=\"width: 0.800915%;\"><\/td>\n<\/tr>\n<tr>\n<td style=\"width: 7.74441%;\">2024:<\/td>\n<td style=\"width: 92.2557%;\"><a href=\"https:\/\/ikf.ac.at\/en\/2024-evaluation-zum-projekt-wir-alle-sind-wien\/\" target=\"_blank\" rel=\"noopener\">Evaluation zum Projekt \u201eWir alle sind Wien\u201c<\/a><\/td>\n<td style=\"width: 0.800915%;\"><\/td>\n<\/tr>\n<tr>\n<td style=\"width: 7.74441%;\">2024:<\/td>\n<td style=\"width: 92.2557%;\"><a href=\"https:\/\/ikf.ac.at\/en\/3g-gegen-verschwoerungstheorien-gesehen-geprueft-gekontert\/\" target=\"_blank\" rel=\"noopener\">3C Against Conspiracy Theories: Considered, Checked, Countered. Critical (Social-) Media Literacy in Adult Education in Vienna<\/a><\/td>\n<td style=\"width: 0.800915%;\"><\/td>\n<\/tr>\n<tr>\n<td style=\"width: 7.74441%;\">2024:<\/td>\n<td style=\"width: 92.2557%;\"><a href=\"https:\/\/ikf.ac.at\/en\/girlscan-mit-graffiti-gegen-gewalt-an-maedchen-und-frauen\/\" target=\"_blank\" rel=\"noopener\">#girlsCan \u2013 mit Graffiti gegen Gewalt an M\u00e4dchen und Frauen<\/a><\/td>\n<td style=\"width: 0.800915%;\"><\/td>\n<\/tr>\n<tr style=\"height: 24px;\">\n<td style=\"width: 7.74441%; height: 24px;\">2023:<\/td>\n<td style=\"width: 92.2557%; height: 24px;\"><a href=\"https:\/\/ikf.ac.at\/en\/netzbasierter-frauenhass-bei-jugendlichen-und-jungen-maennern-incels\/\" target=\"_blank\" rel=\"noopener\">Netzbasierter Frauenhass bei Jugendlichen und jungen M\u00e4nnern \u2013 eine Bestandsaufnahme zu Incels in \u00d6sterreich<\/a><\/td>\n<td style=\"width: 0.800915%; height: 24px;\"><\/td>\n<\/tr>\n<tr style=\"height: 24px;\">\n<td style=\"width: 7.74441%; height: 24px;\">2023:<\/td>\n<td style=\"width: 92.2557%; height: 24px;\"><a href=\"https:\/\/ikf.ac.at\/en\/girlscan-empowerment-von-maedchen-durch-graffiti\/\" target=\"_blank\" rel=\"noopener\">#girlsCan \u2013 Empowerment von M\u00e4dchen durch Graffiti<\/a><\/td>\n<td style=\"width: 0.800915%; height: 24px;\"><\/td>\n<\/tr>\n<tr style=\"height: 24px;\">\n<td style=\"width: 7.74441%; height: 24px;\">2023:<\/td>\n<td style=\"width: 92.2557%; height: 24px;\"><a href=\"https:\/\/ikf.ac.at\/en\/schwerpunkte\/sicherheit\/rechtsstaat\/2022-untersuchung-frauenmorde\/\" target=\"_blank\" rel=\"noopener\">Investigation of killings of women \u2013 a quantitative and qualitative analysis<\/a><\/td>\n<td style=\"width: 0.800915%; height: 24px;\"><\/td>\n<\/tr>\n<tr style=\"height: 24px;\">\n<td style=\"width: 7.74441%; height: 24px;\">2022:<\/td>\n<td style=\"width: 92.2557%; height: 24px;\"><a href=\"https:\/\/ikf.ac.at\/en\/schwerpunkte\/sicherheit\/rechtsstaat\/2022-gewaltschutz-aktuell\/\" target=\"_blank\" rel=\"noopener\">Gewaltschutz aktuell<\/a><\/td>\n<td style=\"width: 0.800915%; height: 24px;\"><\/td>\n<\/tr>\n<tr style=\"height: 24px;\">\n<td style=\"width: 7.74441%; height: 24px;\">2022:<\/td>\n<td style=\"width: 92.2557%; height: 24px;\"><a href=\"https:\/\/ikf.ac.at\/en\/schwerpunkte\/cleavages\/gender\/2022-girlscan-goes-gemeindebau\/\" target=\"_blank\" rel=\"noopener\">#girlsCan goes Gemeindebau!<\/a><\/td>\n<td style=\"width: 0.800915%; height: 24px;\"><\/td>\n<\/tr>\n<tr style=\"height: 24px;\">\n<td style=\"width: 7.74441%; height: 24px;\">2022:<\/td>\n<td style=\"width: 92.2557%; height: 24px;\"><a href=\"https:\/\/ikf.ac.at\/en\/schwerpunkte\/cleavages\/gender\/2022-girlscan-empowerment-von-maedchen-durch-partizipative-graffitikunst\/\" target=\"_blank\" rel=\"noopener\">#girlsCan \u2013 Empowerment of girls through participatory graffiti art<\/a><\/td>\n<td style=\"width: 0.800915%; height: 24px;\"><\/td>\n<\/tr>\n<tr style=\"height: 24px;\">\n<td style=\"width: 7.74441%; height: 24px;\">2022:<\/td>\n<td style=\"width: 92.2557%; height: 24px;\"><a href=\"https:\/\/ikf.ac.at\/en\/schwerpunkte\/cleavages\/gender\/2022-the-needs-and-lived-experiences-of-older-lbti-non-binary-persons-in-the-eu\/\" target=\"_blank\" rel=\"noopener\">The needs and lived experiences of older L*BTI + non-binary persons in the EU<\/a><\/td>\n<td style=\"width: 0.800915%; height: 24px;\"><\/td>\n<\/tr>\n<tr style=\"height: 24px;\">\n<td style=\"width: 7.74441%; height: 24px;\">2021:<\/td>\n<td style=\"width: 92.2557%; height: 24px;\"><a href=\"https:\/\/ikf.ac.at\/en\/schwerpunkte\/sicherheit\/gewalt\/2021-if-i-cant-spray-its-not-my-revolution-global-citizenship-education-durch-partizipative-graffitiworkshops-mit-maedchen\/\" target=\"_blank\" rel=\"noopener\">\"If I can't spray, it's not my revolution!\" Global citizenship education through participatory graffiti workshops with girls<\/a><\/td>\n<td style=\"width: 0.800915%; height: 24px;\"><\/td>\n<\/tr>\n<tr style=\"height: 24px;\">\n<td style=\"width: 7.74441%; height: 24px;\">2021:<\/td>\n<td style=\"width: 92.2557%; height: 24px;\"><a href=\"https:\/\/ikf.ac.at\/en\/schwerpunkte\/sicherheit\/gewalt\/2021-best-practice-gewaltschutz-im-zeichen-von-covid-19\/\" target=\"_blank\" rel=\"noopener\">Best practice: Protection against violence against women during COVID-19<\/a><\/td>\n<td style=\"width: 0.800915%; height: 24px;\"><\/td>\n<\/tr>\n<tr style=\"height: 24px;\">\n<td style=\"width: 7.74441%; height: 24px;\">2021:<\/td>\n<td style=\"width: 92.2557%; height: 24px;\"><a href=\"https:\/\/ikf.ac.at\/en\/schwerpunkte\/cleavages\/gender\/2021-menschenleben\/\" target=\"_blank\" rel=\"noopener\">MenschenLeben<\/a><\/td>\n<td style=\"width: 0.800915%; height: 24px;\"><\/td>\n<\/tr>\n<tr style=\"height: 24px;\">\n<td style=\"width: 7.74441%; height: 24px;\">2021:<\/td>\n<td style=\"width: 92.2557%; height: 24px;\"><a href=\"https:\/\/ikf.ac.at\/en\/schwerpunkte\/sicherheit\/gewalt\/2021-wohnungslose-frauen-und-gewalt\/\" target=\"_blank\" rel=\"noopener\">Wohnungslose Frauen und Gewalt<\/a><\/td>\n<td style=\"width: 0.800915%; height: 24px;\"><\/td>\n<\/tr>\n<tr style=\"height: 24px;\">\n<td style=\"width: 7.74441%; height: 24px;\">2020:<\/td>\n<td style=\"width: 92.2557%; height: 24px;\"><a href=\"https:\/\/ikf.ac.at\/en\/schwerpunkte\/cleavages\/gender\/2020-ehe-fuer-fast-alle-ein-jahr-gleichgeschlechtliche-ehe-in-wien\/\" target=\"_blank\" rel=\"noopener\">\"Marriage for (almost) everyone\" \u2013 One year of same-sex marriage in Vienna<\/a><\/td>\n<td style=\"width: 0.800915%; height: 24px;\"><\/td>\n<\/tr>\n<\/tbody>\n<\/table>\n<\/div>\n<\/div><\/div><\/div><\/div><\/div><\/div><\/div><\/div>\n\n\n\n<div style=\"color:#333\" class=\"wp-block-genesis-blocks-gb-spacer gb-block-spacer gb-divider-solid gb-spacer-divider gb-divider-size-1\"><hr style=\"height:120px\"\/><\/div>\n<\/div><\/div><\/div>","protected":false},"excerpt":{"rendered":"","protected":false},"author":2,"featured_media":0,"parent":0,"menu_order":0,"comment_status":"closed","ping_status":"closed","template":"","meta":{"footnotes":""},"class_list":["post-4024","page","type-page","status-publish","hentry","post"],"featured_image_src":null,"featured_image_src_square":null,"_links":{"self":[{"href":"https:\/\/ikf.ac.at\/en\/wp-json\/wp\/v2\/pages\/4024","targetHints":{"allow":["GET"]}}],"collection":[{"href":"https:\/\/ikf.ac.at\/en\/wp-json\/wp\/v2\/pages"}],"about":[{"href":"https:\/\/ikf.ac.at\/en\/wp-json\/wp\/v2\/types\/page"}],"author":[{"embeddable":true,"href":"https:\/\/ikf.ac.at\/en\/wp-json\/wp\/v2\/users\/2"}],"replies":[{"embeddable":true,"href":"https:\/\/ikf.ac.at\/en\/wp-json\/wp\/v2\/comments?post=4024"}],"version-history":[{"count":9,"href":"https:\/\/ikf.ac.at\/en\/wp-json\/wp\/v2\/pages\/4024\/revisions"}],"predecessor-version":[{"id":5796,"href":"https:\/\/ikf.ac.at\/en\/wp-json\/wp\/v2\/pages\/4024\/revisions\/5796"}],"wp:attachment":[{"href":"https:\/\/ikf.ac.at\/en\/wp-json\/wp\/v2\/media?parent=4024"}],"curies":[{"name":"wp","href":"https:\/\/api.w.org\/{rel}","templated":true}]}}