{"id":3719,"date":"2023-02-13T13:50:28","date_gmt":"2023-02-13T13:50:28","guid":{"rendered":"http:\/\/test-ikf.online\/?page_id=3719"},"modified":"2025-08-27T10:58:55","modified_gmt":"2025-08-27T10:58:55","slug":"2020-erarbeitung-von-unterrichtsmaterialien-zur-wanderausstellung-asozial-ausgrenzung-gestern-und-heute","status":"publish","type":"page","link":"https:\/\/ikf.ac.at\/en\/schwerpunkte\/hist-sozialforschung\/oral-history\/2020-erarbeitung-von-unterrichtsmaterialien-zur-wanderausstellung-asozial-ausgrenzung-gestern-und-heute","title":{"rendered":"2020: Development of Teaching Materials accompanying the Touring Exhibition \"Asocial\" \u2013 Exclusion Yesterday and Today"},"content":{"rendered":"<div class=\"wp-block-atomic-blocks-ab-container alignfull ab-block-container\"><div class=\"ab-container-inside\"><div class=\"ab-container-content\"><div id=\"pl-gb3719-69e761a8b1878\"  class=\"panel-layout wp-block-siteorigin-panels-layout-block\" ><div id=\"pg-gb3719-69e761a8b1878-0\"  class=\"panel-grid panel-no-style\" ><div id=\"pgc-gb3719-69e761a8b1878-0-0\"  class=\"panel-grid-cell\" ><div id=\"panel-gb3719-69e761a8b1878-0-0-0\" class=\"so-panel widget widget_media_image panel-first-child panel-last-child\" data-index=\"0\" ><img loading=\"lazy\" decoding=\"async\" width=\"2554\" height=\"10\" src=\"https:\/\/ikf.ac.at\/wp-content\/uploads\/2021\/01\/linie_IKF.jpg\" class=\"image wp-image-754  attachment-full size-full\" alt=\"\" style=\"max-width: 100%; height: auto;\" srcset=\"https:\/\/ikf.ac.at\/wp-content\/uploads\/2021\/01\/linie_IKF.jpg 2554w, https:\/\/ikf.ac.at\/wp-content\/uploads\/2021\/01\/linie_IKF-300x1.jpg 300w, https:\/\/ikf.ac.at\/wp-content\/uploads\/2021\/01\/linie_IKF-1024x4.jpg 1024w, https:\/\/ikf.ac.at\/wp-content\/uploads\/2021\/01\/linie_IKF-768x3.jpg 768w, https:\/\/ikf.ac.at\/wp-content\/uploads\/2021\/01\/linie_IKF-1536x6.jpg 1536w, https:\/\/ikf.ac.at\/wp-content\/uploads\/2021\/01\/linie_IKF-2048x8.jpg 2048w\" sizes=\"auto, (max-width: 2554px) 100vw, 2554px\" \/><\/div><\/div><\/div><\/div>\n\n\n<div style=\"color:#ddd\" class=\"wp-block-genesis-blocks-gb-spacer gb-block-spacer gb-divider-solid gb-divider-size-1\"><hr style=\"height:30px\"\/><\/div>\n\n\n<div id=\"pl-gb3719-69e761a8b1d20\"  class=\"panel-layout wp-block-siteorigin-panels-layout-block\" ><div id=\"pg-gb3719-69e761a8b1d20-0\"  class=\"panel-grid panel-no-style\" ><div id=\"pgc-gb3719-69e761a8b1d20-0-0\"  class=\"panel-grid-cell panel-grid-cell-empty\" ><\/div><div id=\"pgc-gb3719-69e761a8b1d20-0-1\"  class=\"panel-grid-cell\" ><div id=\"panel-gb3719-69e761a8b1d20-0-1-0\" class=\"so-panel widget widget_sow-editor panel-first-child panel-last-child\" data-index=\"0\" ><div\n\t\t\t\n\t\t\tclass=\"so-widget-sow-editor so-widget-sow-editor-base\"\n\t\t\t\n\t\t>\n<div class=\"siteorigin-widget-tinymce textwidget\">\n\t<table style=\"height: 100px; width: 100%; border-collapse: collapse;\" border=\"1\" cellpadding=\"2\">\n<tbody>\n<tr>\n<td style=\"width: 15.8421%;\">Project team:<\/td>\n<td style=\"width: 84.1578%;\" colspan=\"2\">Mag. Dr. Brigitte Halbmayr (project management)<br \/>\nMag. Dr. Helga Amesberger<\/td>\n<\/tr>\n<tr>\n<td style=\"width: 15.8421%;\">\n<hr \/>\n<\/td>\n<td style=\"width: 50.5144%;\">\n<hr \/>\n<\/td>\n<td style=\"width: 33.6434%;\"><\/td>\n<\/tr>\n<tr>\n<td style=\"width: 15.8421%;\">Funded by:<\/td>\n<td style=\"width: 84.1578%;\" colspan=\"2\">National Fund of the Republic of Austria for Victims of National Socialism<br \/>\nFuture Fund of the Republic of Austria<br \/>\nWomen\u2019s Office of Linz<\/td>\n<\/tr>\n<tr>\n<td style=\"width: 15.8421%;\">\n<hr \/>\n<\/td>\n<td style=\"width: 50.5144%;\">\n<hr \/>\n<\/td>\n<td style=\"width: 33.6434%; height: 24px;\"><\/td>\n<\/tr>\n<tr style=\"height: 24px;\">\n<td style=\"width: 15.8421%; height: 24px;\">Completed in:<\/td>\n<td style=\"height: 24px; width: 84.1578%;\" colspan=\"2\">November 2020<\/td>\n<\/tr>\n<\/tbody>\n<\/table>\n<\/div>\n<\/div><\/div><\/div><\/div><\/div>\n\n\n<div style=\"color:#404168\" class=\"wp-block-genesis-blocks-gb-spacer gb-block-spacer gb-divider-solid gb-spacer-divider gb-divider-size-1\"><hr style=\"height:3px\"\/><\/div>\n\n\n\n<div style=\"color:#404168\" class=\"wp-block-genesis-blocks-gb-spacer gb-block-spacer gb-divider-solid gb-divider-size-1\"><hr style=\"height:10px\"\/><\/div>\n\n\n<div id=\"pl-gb3719-69e761a8b2160\"  class=\"panel-layout wp-block-siteorigin-panels-layout-block\" ><div id=\"pg-gb3719-69e761a8b2160-0\"  class=\"panel-grid panel-no-style\" ><div id=\"pgc-gb3719-69e761a8b2160-0-0\"  class=\"panel-grid-cell panel-grid-cell-empty\" ><\/div><div id=\"pgc-gb3719-69e761a8b2160-0-1\"  class=\"panel-grid-cell panel-grid-cell-mobile-last\" ><div id=\"panel-gb3719-69e761a8b2160-0-1-0\" class=\"so-panel widget widget_text panel-first-child panel-last-child\" data-index=\"0\" >\t\t\t<div class=\"textwidget\"><p align=\"justify\" class=\"translation-block\">The travelling exhibition <i>\u201casozial\" \u2013 Ausgrenzung gestern und heute (\"asocial\" \u2013 exclusion yesterday and today)<\/i> premiered in spring 2019. On a total of 14 panels, it addresses the persecution of women as \"asocial\" under National Socialism and the continuities of stigmatization and marginalization processes in the post-war period up to the present day.<\/p>\n<p align=\"justify\">Stigmatization and disciplining have a centuries-old history, which might have culminated in their radicalization by National Socialism, but did not reach its end point there. By focusing on the persecution of women, female history becomes more tangible, about which \u2013 also in the context of concentration camps \u2013 there is still much less knowledge than about the male (normative) worlds of experience.<\/p>\n<p align=\"justify\">Texts and documents in the exhibition relate exclusively to Austrian sources and the (political) situation in Austria at the time of National Socialism and at the present time. Thus, their use is very suitable for teaching in Austrian schools. The prepared materials are intended to support the integration of the exhibition into the classroom. For this purpose, seven thematic booklets and two workshop concepts were developed.<\/p>\n<ul>\n<li><i><i>Booklet 1: Exclusion yesterday and today. A tour of the exhibition<\/i><\/i><\/li>\n<li><em><i>Booklet 2: Index card of the \u201cArbeitsanstalt Am Steinhof\u201d labour institution. Working with perpetrator documents<\/i><\/em><\/li>\n<li><em><i>Booklet 3: Equal \u2013 Unequal \u2013 More unequal. How girls and women are expected to be<\/i><\/em><\/li>\n<li><em><i>Booklet 4: \"Those who don't work shouldn't eat.\" The principle of performance<\/i><\/em><\/li>\n<li><em><i>Booklet 5: In the beginning there is defamation. Mechanisms of exclusion<\/i><\/em><\/li>\n<li><em><i>Booklet 6: Youth opposition against the lock-step\/cadence<\/i><\/em><\/li>\n<li><em><i>Booklet 7: Locking away \u2013 locking in \u2013 locking out. Places of persecution<\/i><\/em><\/li>\n<\/ul>\n<ul>\n<li><em><i>Workshop 1: The stigma of \"asocial\" and its persistence. A concept for secondary school I, 4th class<\/i><\/em><\/li>\n<li><em><i>Workshop 2: What is supposed to be \u201casocial\u201d about this person? Biographies-WS for secondary school II, 7th class<\/i><\/em><\/li>\n<\/ul>\n<p align=\"justify\">The thematic booklets (1 to 7) offer introductory information for teachers, an explanation of the learning objective and a list of the working methods used, as well as naming the central documents (info page). This is followed by a description of the proposed course of one or two teaching units (50 or 100 minutes). Then, the worksheets created for the thematic booklet \u2013 usually, they cover one or two central documents on the exhibition\u2019s topic \u2013 are presented.<\/p>\n<p align=\"justify\">The two workshop concepts are each designed for four teaching units (200 minutes) and are intended for the first and second secondary level, respectively. Their structure largely follows that of the thematic booklets. All teaching materials can be easily combined or reduced to dealing with individual documents. They are also suitable for the elective course history in secondary schools or as starting materials for a pre-scientific paper.<\/p>\n<p align=\"justify\">The booklets and workshop concepts are designed to help pose questions about the documents (and consequently about the topic itself), offer new perspectives on them and thus facilitate a multi-layered discussion. There are no \"right\" or \"wrong\" solutions, but offers for dealing with a challenging topic.<\/p>\n<p align=\"justify\" class=\"translation-block\">The teaching materials are freely accessible via the website \u00d6sterreicherInnen im KZ Ravensbr\u00fcck (Austrians in Ravensbr\u00fcck Concentration Camp):\t<a href=\"https:\/\/www.ravensbrueckerinnen.at\/?page_id=7085\" target=\"_blank\" rel=\"noopener\">https:\/\/www.ravensbrueckerinnen.at\/?page_id=7085<\/a><\/p>\n<\/div>\n\t\t<\/div><\/div><div id=\"pgc-gb3719-69e761a8b2160-0-2\"  class=\"panel-grid-cell panel-grid-cell-empty\" ><\/div><\/div><\/div>\n\n\n<div style=\"color:#333\" class=\"wp-block-genesis-blocks-gb-spacer gb-block-spacer gb-divider-solid gb-spacer-divider gb-divider-size-1\"><hr style=\"height:100px\"\/><\/div>\n<\/div><\/div><\/div>","protected":false},"excerpt":{"rendered":"","protected":false},"author":2,"featured_media":0,"parent":982,"menu_order":25,"comment_status":"closed","ping_status":"closed","template":"","meta":{"footnotes":""},"class_list":["post-3719","page","type-page","status-publish","hentry","post"],"featured_image_src":null,"featured_image_src_square":null,"_links":{"self":[{"href":"https:\/\/ikf.ac.at\/en\/wp-json\/wp\/v2\/pages\/3719","targetHints":{"allow":["GET"]}}],"collection":[{"href":"https:\/\/ikf.ac.at\/en\/wp-json\/wp\/v2\/pages"}],"about":[{"href":"https:\/\/ikf.ac.at\/en\/wp-json\/wp\/v2\/types\/page"}],"author":[{"embeddable":true,"href":"https:\/\/ikf.ac.at\/en\/wp-json\/wp\/v2\/users\/2"}],"replies":[{"embeddable":true,"href":"https:\/\/ikf.ac.at\/en\/wp-json\/wp\/v2\/comments?post=3719"}],"version-history":[{"count":8,"href":"https:\/\/ikf.ac.at\/en\/wp-json\/wp\/v2\/pages\/3719\/revisions"}],"predecessor-version":[{"id":5494,"href":"https:\/\/ikf.ac.at\/en\/wp-json\/wp\/v2\/pages\/3719\/revisions\/5494"}],"up":[{"embeddable":true,"href":"https:\/\/ikf.ac.at\/en\/wp-json\/wp\/v2\/pages\/982"}],"wp:attachment":[{"href":"https:\/\/ikf.ac.at\/en\/wp-json\/wp\/v2\/media?parent=3719"}],"curies":[{"name":"wp","href":"https:\/\/api.w.org\/{rel}","templated":true}]}}