{"id":3304,"date":"2021-07-22T12:04:48","date_gmt":"2021-07-22T12:04:48","guid":{"rendered":"http:\/\/test-ikf.online\/?page_id=3304"},"modified":"2021-11-09T10:15:37","modified_gmt":"2021-11-09T10:15:37","slug":"kontinuitaeten-der-stigmatisierung-von-asozialitaet","status":"publish","type":"page","link":"https:\/\/ikf.ac.at\/en\/publikationen\/kontinuitaeten-der-stigmatisierung-von-asozialitaet","title":{"rendered":"Kontinuit\u00e4ten der Stigmatisierung von ,Asozialit\u00e4t\u2018"},"content":{"rendered":"<div class=\"wp-block-atomic-blocks-ab-container alignfull ab-block-container\"><div class=\"ab-container-inside\"><div class=\"ab-container-content\"><div id=\"pl-gb3304-69f625065862e\"  class=\"panel-layout\" ><div id=\"pg-gb3304-69f625065862e-0\"  class=\"panel-grid panel-no-style\" ><div id=\"pgc-gb3304-69f625065862e-0-0\"  class=\"panel-grid-cell\" ><div id=\"panel-gb3304-69f625065862e-0-0-0\" class=\"so-panel widget widget_media_image panel-first-child panel-last-child\" data-index=\"0\" ><img loading=\"lazy\" decoding=\"async\" width=\"2554\" height=\"10\" src=\"https:\/\/ikf.ac.at\/wp-content\/uploads\/2021\/01\/linie_IKF.jpg\" class=\"image wp-image-754  attachment-full size-full\" alt=\"\" style=\"max-width: 100%; height: auto;\" srcset=\"https:\/\/ikf.ac.at\/wp-content\/uploads\/2021\/01\/linie_IKF.jpg 2554w, https:\/\/ikf.ac.at\/wp-content\/uploads\/2021\/01\/linie_IKF-300x1.jpg 300w, https:\/\/ikf.ac.at\/wp-content\/uploads\/2021\/01\/linie_IKF-1024x4.jpg 1024w, https:\/\/ikf.ac.at\/wp-content\/uploads\/2021\/01\/linie_IKF-768x3.jpg 768w, https:\/\/ikf.ac.at\/wp-content\/uploads\/2021\/01\/linie_IKF-1536x6.jpg 1536w, https:\/\/ikf.ac.at\/wp-content\/uploads\/2021\/01\/linie_IKF-2048x8.jpg 2048w\" sizes=\"auto, (max-width: 2554px) 100vw, 2554px\" \/><\/div><\/div><\/div><\/div>\n\n\n<div style=\"color:#ddd\" class=\"wp-block-genesis-blocks-gb-spacer gb-block-spacer gb-divider-solid gb-divider-size-1\"><hr style=\"height:30px\"\/><\/div>\n\n\n<div id=\"pl-gb3304-69f6250658aa0\"  class=\"panel-layout\" ><div id=\"pg-gb3304-69f6250658aa0-0\"  class=\"panel-grid panel-no-style\" ><div id=\"pgc-gb3304-69f6250658aa0-0-0\"  class=\"panel-grid-cell panel-grid-cell-empty\" ><\/div><div id=\"pgc-gb3304-69f6250658aa0-0-1\"  class=\"panel-grid-cell\" ><div id=\"panel-gb3304-69f6250658aa0-0-1-0\" class=\"so-panel widget widget_media_image panel-first-child panel-last-child\" data-index=\"0\" ><img loading=\"lazy\" decoding=\"async\" width=\"413\" height=\"585\" src=\"https:\/\/ikf.ac.at\/wp-content\/uploads\/2021\/07\/Cover_Kontinuitaeten.jpg\" class=\"image wp-image-3332  attachment-full size-full\" alt=\"\" style=\"max-width: 100%; height: auto;\" srcset=\"https:\/\/ikf.ac.at\/wp-content\/uploads\/2021\/07\/Cover_Kontinuitaeten.jpg 413w, https:\/\/ikf.ac.at\/wp-content\/uploads\/2021\/07\/Cover_Kontinuitaeten-212x300.jpg 212w\" sizes=\"auto, (max-width: 413px) 100vw, 413px\" \/><\/div><\/div><div id=\"pgc-gb3304-69f6250658aa0-0-2\"  class=\"panel-grid-cell\" ><div id=\"panel-gb3304-69f6250658aa0-0-2-0\" class=\"so-panel widget widget_sow-editor panel-first-child panel-last-child\" data-index=\"1\" ><div\n\t\t\t\n\t\t\tclass=\"so-widget-sow-editor so-widget-sow-editor-base\"\n\t\t\t\n\t\t>\n<div class=\"siteorigin-widget-tinymce textwidget\">\n\t<p align=\"justify\"><strong>Helga Amesberger, Judith Goetz, Brigitte Halbmayr und Dirk Lange (Hrsg.)<\/strong><\/p>\n<p><strong><span style=\"font-size: x-large;\">Kontinuit\u00e4ten der Stigmatisierung von ,Asozialit\u00e4t\u2018<\/span><br \/>\nPerspektiven gesellschaftskritischer Politischer Bildung<\/strong><\/p>\n<p align=\"justify\">Ausgangspunkt des Sammelbands ist die nationalsozialistische Verfolgung von Menschen, die als ,Asoziale\u2018 stigmatisiert wurden. Anhand dieses Referenzrahmens wird den Kontinuit\u00e4ten dieser Stigmatisierung in aktuellen Diskursen und Bildern von ,Asozialit\u00e4t\u2018, ,Arbeitsscheu\u2018 oder ,amoralischem Lebenswandel&#8217; nachgegangen. Es wird die Frage thematisiert, inwiefern aktuelle Debatten \u00fcber Armut, Bettelei, \u201aSozialmissbrauch\u2018, Obdachlosigkeit und Migration Anleihen bei historischen Denkmustern nehmen und welchen Beitrag Politische Bildung zur Bearbeitung selbiger leisten k\u00f6nnte.<\/p>\n<p align=\"justify\">Mit vertiefendem Blick auf aktuelle Abwertungen von Bettler*innen, Sinti*zze und Rom*nja, Behinderte sowie Obdachlose werden die historischen, ideologischen und politischen Hintergr\u00fcnde und Kontinuit\u00e4ten analysiert sowie M\u00f6glichkeiten der Thematisierung im p\u00e4dagogischen Kontext skizziert.<\/p>\n<p align=\"justify\">zur <a href=\"https:\/\/www.springer.com\/de\/book\/9783658324483\" target=\"_blank\" rel=\"noopener\">Bestellung<\/a> (Springer Verlag)<\/p>\n<\/div>\n<\/div><\/div><\/div><\/div><\/div>\n\n\n<div style=\"color:#333\" class=\"wp-block-genesis-blocks-gb-spacer gb-block-spacer gb-divider-solid gb-spacer-divider gb-divider-size-1\"><hr style=\"height:100px\"\/><\/div>\n<\/div><\/div><\/div>","protected":false},"excerpt":{"rendered":"","protected":false},"author":2,"featured_media":0,"parent":2874,"menu_order":0,"comment_status":"closed","ping_status":"closed","template":"","meta":{"footnotes":""},"class_list":["post-3304","page","type-page","status-publish","hentry","post"],"featured_image_src":null,"featured_image_src_square":null,"_links":{"self":[{"href":"https:\/\/ikf.ac.at\/en\/wp-json\/wp\/v2\/pages\/3304","targetHints":{"allow":["GET"]}}],"collection":[{"href":"https:\/\/ikf.ac.at\/en\/wp-json\/wp\/v2\/pages"}],"about":[{"href":"https:\/\/ikf.ac.at\/en\/wp-json\/wp\/v2\/types\/page"}],"author":[{"embeddable":true,"href":"https:\/\/ikf.ac.at\/en\/wp-json\/wp\/v2\/users\/2"}],"replies":[{"embeddable":true,"href":"https:\/\/ikf.ac.at\/en\/wp-json\/wp\/v2\/comments?post=3304"}],"version-history":[{"count":30,"href":"https:\/\/ikf.ac.at\/en\/wp-json\/wp\/v2\/pages\/3304\/revisions"}],"predecessor-version":[{"id":3556,"href":"https:\/\/ikf.ac.at\/en\/wp-json\/wp\/v2\/pages\/3304\/revisions\/3556"}],"up":[{"embeddable":true,"href":"https:\/\/ikf.ac.at\/en\/wp-json\/wp\/v2\/pages\/2874"}],"wp:attachment":[{"href":"https:\/\/ikf.ac.at\/en\/wp-json\/wp\/v2\/media?parent=3304"}],"curies":[{"name":"wp","href":"https:\/\/api.w.org\/{rel}","templated":true}]}}