{"id":3259,"date":"2021-07-22T10:18:16","date_gmt":"2021-07-22T10:18:16","guid":{"rendered":"http:\/\/test-ikf.online\/?page_id=3259"},"modified":"2021-10-28T08:09:55","modified_gmt":"2021-10-28T08:09:55","slug":"sexualisierte-gewalt","status":"publish","type":"page","link":"https:\/\/ikf.ac.at\/en\/publikationen\/sexualisierte-gewalt","title":{"rendered":"Sexualisierte Gewalt"},"content":{"rendered":"<div class=\"wp-block-atomic-blocks-ab-container alignfull ab-block-container\"><div class=\"ab-container-inside\"><div class=\"ab-container-content\"><div id=\"pl-gb3259-69f623e0b2080\"  class=\"panel-layout\" ><div id=\"pg-gb3259-69f623e0b2080-0\"  class=\"panel-grid panel-no-style\" ><div id=\"pgc-gb3259-69f623e0b2080-0-0\"  class=\"panel-grid-cell\" ><div id=\"panel-gb3259-69f623e0b2080-0-0-0\" class=\"so-panel widget widget_media_image panel-first-child panel-last-child\" data-index=\"0\" ><img loading=\"lazy\" decoding=\"async\" width=\"2554\" height=\"10\" src=\"https:\/\/ikf.ac.at\/wp-content\/uploads\/2021\/01\/linie_IKF.jpg\" class=\"image wp-image-754  attachment-full size-full\" alt=\"\" style=\"max-width: 100%; height: auto;\" srcset=\"https:\/\/ikf.ac.at\/wp-content\/uploads\/2021\/01\/linie_IKF.jpg 2554w, https:\/\/ikf.ac.at\/wp-content\/uploads\/2021\/01\/linie_IKF-300x1.jpg 300w, https:\/\/ikf.ac.at\/wp-content\/uploads\/2021\/01\/linie_IKF-1024x4.jpg 1024w, https:\/\/ikf.ac.at\/wp-content\/uploads\/2021\/01\/linie_IKF-768x3.jpg 768w, https:\/\/ikf.ac.at\/wp-content\/uploads\/2021\/01\/linie_IKF-1536x6.jpg 1536w, https:\/\/ikf.ac.at\/wp-content\/uploads\/2021\/01\/linie_IKF-2048x8.jpg 2048w\" sizes=\"auto, (max-width: 2554px) 100vw, 2554px\" \/><\/div><\/div><\/div><\/div>\n\n\n<div style=\"color:#ddd\" class=\"wp-block-genesis-blocks-gb-spacer gb-block-spacer gb-divider-solid gb-divider-size-1\"><hr style=\"height:30px\"\/><\/div>\n\n\n<div id=\"pl-gb3259-69f623e0b25a0\"  class=\"panel-layout\" ><div id=\"pg-gb3259-69f623e0b25a0-0\"  class=\"panel-grid panel-no-style\" ><div id=\"pgc-gb3259-69f623e0b25a0-0-0\"  class=\"panel-grid-cell panel-grid-cell-empty\" ><\/div><div id=\"pgc-gb3259-69f623e0b25a0-0-1\"  class=\"panel-grid-cell\" ><div id=\"panel-gb3259-69f623e0b25a0-0-1-0\" class=\"so-panel widget widget_media_image panel-first-child panel-last-child\" data-index=\"0\" ><img loading=\"lazy\" decoding=\"async\" width=\"532\" height=\"827\" src=\"https:\/\/ikf.ac.at\/wp-content\/uploads\/2021\/07\/Cover_Sexualisierte_Gewalt.jpg\" class=\"image wp-image-3232  attachment-full size-full\" alt=\"\" style=\"max-width: 100%; height: auto;\" srcset=\"https:\/\/ikf.ac.at\/wp-content\/uploads\/2021\/07\/Cover_Sexualisierte_Gewalt.jpg 532w, https:\/\/ikf.ac.at\/wp-content\/uploads\/2021\/07\/Cover_Sexualisierte_Gewalt-193x300.jpg 193w\" sizes=\"auto, (max-width: 532px) 100vw, 532px\" \/><\/div><\/div><div id=\"pgc-gb3259-69f623e0b25a0-0-2\"  class=\"panel-grid-cell\" ><div id=\"panel-gb3259-69f623e0b25a0-0-2-0\" class=\"so-panel widget widget_sow-editor panel-first-child panel-last-child\" data-index=\"1\" ><div\n\t\t\t\n\t\t\tclass=\"so-widget-sow-editor so-widget-sow-editor-base\"\n\t\t\t\n\t\t>\n<div class=\"siteorigin-widget-tinymce textwidget\">\n\t<p align=\"justify\"><strong>Helga Amesberger, Katrin Auer, Brigitte Halbmayr<\/strong><\/p>\n<p><strong><span style=\"font-size: x-large;\">Sexualisierte Gewalt<\/span><br \/>\nWeibliche Erfahrungen in NS-Konzentrationslagern.<br \/>\nMit einem Essay von Elfriede Jelinek<\/strong><\/p>\n<p align=\"justify\">Sexualisierte Gewalt im Zusammenhang mit nationalsozialistischer Verfolgung ist ein Themenbereich, welchem bislang nur geringes \u00f6ffentliches und wissenschaftliches Interesse entgegengebracht wurde. In diesem Buch werden auf der Grundlage lebensgeschichtlicher Erinnerungen von Frauen die verschiedenen Formen sexualisierter Gewalt w\u00e4hrend der Verfolgung diskutiert. Neben Sexzwangsarbeit in KZ- und SS-Bordellen, sexueller Ausbeutung, Vergewaltigung und Folter sowie Zwangsabtreibungen und -sterilisationen umfassen diese Gewalterfahrungen auch dem\u00fctigende Untersuchungsmethoden, erzwungenes Nacktsein und das Fehlen jeglicher Intimsph\u00e4re. Frauenspezifische Aspekte wie Schwangerschaft und Menstruation im KZ werden ebenso behandelt wie m\u00f6gliche Folgewirkungen dieser Gewalterfahrungen auf das Leben der Frauen nach 1945. Ebenfalls wird thematisiert, wie Frauen \u00fcber sexualisierte Gewalt reden k\u00f6nnen.<\/p>\n<p>F\u00fcr das 2004 erstmals erschienene Buch hat Elfriede Jelinek einen Essay verfasst, der auch in dieser Neuauflage in voller L\u00e4nge enthalten ist. In diesem hei\u00dft es unter anderem: &#8220;Das Buch weist nach, dass das Gesch\u00e4ft mit der Sexualit\u00e4t f\u00fcr die Verantwortlichen des NS-Staates fixer Bestandteil ihrer Planungen und Berechnungen war.&#8221;<\/p>\n<p>zur <a href=\"https:\/\/www.mandelbaum.at\/buch.php?id=729\" target=\"_blank\" rel=\"noopener\">Bestellung<\/a> (Mandelbaum Verlag)<\/p>\n<\/div>\n<\/div><\/div><\/div><\/div><div id=\"pg-gb3259-69f623e0b25a0-1\"  class=\"panel-grid panel-no-style\" ><div id=\"pgc-gb3259-69f623e0b25a0-1-0\"  class=\"panel-grid-cell panel-grid-cell-empty\" ><\/div><div id=\"pgc-gb3259-69f623e0b25a0-1-1\"  class=\"panel-grid-cell\" ><div id=\"panel-gb3259-69f623e0b25a0-1-1-0\" class=\"so-panel widget widget_text panel-first-child panel-last-child\" data-index=\"2\" >\t\t\t<div class=\"textwidget\"><\/div>\n\t\t<\/div><\/div><\/div><\/div>\n\n\n<div style=\"color:#333\" class=\"wp-block-genesis-blocks-gb-spacer gb-block-spacer gb-divider-solid gb-spacer-divider gb-divider-size-1\"><hr style=\"height:100px\"\/><\/div>\n<\/div><\/div><\/div>","protected":false},"excerpt":{"rendered":"","protected":false},"author":2,"featured_media":0,"parent":2874,"menu_order":0,"comment_status":"closed","ping_status":"closed","template":"","meta":{"footnotes":""},"class_list":["post-3259","page","type-page","status-publish","hentry","post"],"featured_image_src":null,"featured_image_src_square":null,"_links":{"self":[{"href":"https:\/\/ikf.ac.at\/en\/wp-json\/wp\/v2\/pages\/3259","targetHints":{"allow":["GET"]}}],"collection":[{"href":"https:\/\/ikf.ac.at\/en\/wp-json\/wp\/v2\/pages"}],"about":[{"href":"https:\/\/ikf.ac.at\/en\/wp-json\/wp\/v2\/types\/page"}],"author":[{"embeddable":true,"href":"https:\/\/ikf.ac.at\/en\/wp-json\/wp\/v2\/users\/2"}],"replies":[{"embeddable":true,"href":"https:\/\/ikf.ac.at\/en\/wp-json\/wp\/v2\/comments?post=3259"}],"version-history":[{"count":12,"href":"https:\/\/ikf.ac.at\/en\/wp-json\/wp\/v2\/pages\/3259\/revisions"}],"predecessor-version":[{"id":3530,"href":"https:\/\/ikf.ac.at\/en\/wp-json\/wp\/v2\/pages\/3259\/revisions\/3530"}],"up":[{"embeddable":true,"href":"https:\/\/ikf.ac.at\/en\/wp-json\/wp\/v2\/pages\/2874"}],"wp:attachment":[{"href":"https:\/\/ikf.ac.at\/en\/wp-json\/wp\/v2\/media?parent=3259"}],"curies":[{"name":"wp","href":"https:\/\/api.w.org\/{rel}","templated":true}]}}