{"id":3249,"date":"2021-07-22T09:52:39","date_gmt":"2021-07-22T09:52:39","guid":{"rendered":"http:\/\/test-ikf.online\/?page_id=3249"},"modified":"2021-07-22T10:05:17","modified_gmt":"2021-07-22T10:05:17","slug":"zeitlebens-konsequent-hermann-langbein","status":"publish","type":"page","link":"https:\/\/ikf.ac.at\/en\/publikationen\/zeitlebens-konsequent-hermann-langbein","title":{"rendered":"Zeitlebens konsequent. Hermann Langbein"},"content":{"rendered":"<div class=\"wp-block-atomic-blocks-ab-container alignfull ab-block-container\"><div class=\"ab-container-inside\"><div class=\"ab-container-content\"><div id=\"pl-gb3249-69f623dce7188\"  class=\"panel-layout\" ><div id=\"pg-gb3249-69f623dce7188-0\"  class=\"panel-grid panel-no-style\" ><div id=\"pgc-gb3249-69f623dce7188-0-0\"  class=\"panel-grid-cell\" ><div id=\"panel-gb3249-69f623dce7188-0-0-0\" class=\"so-panel widget widget_media_image panel-first-child panel-last-child\" data-index=\"0\" ><img loading=\"lazy\" decoding=\"async\" width=\"2554\" height=\"10\" src=\"https:\/\/ikf.ac.at\/wp-content\/uploads\/2021\/01\/linie_IKF.jpg\" class=\"image wp-image-754  attachment-full size-full\" alt=\"\" style=\"max-width: 100%; height: auto;\" srcset=\"https:\/\/ikf.ac.at\/wp-content\/uploads\/2021\/01\/linie_IKF.jpg 2554w, https:\/\/ikf.ac.at\/wp-content\/uploads\/2021\/01\/linie_IKF-300x1.jpg 300w, https:\/\/ikf.ac.at\/wp-content\/uploads\/2021\/01\/linie_IKF-1024x4.jpg 1024w, https:\/\/ikf.ac.at\/wp-content\/uploads\/2021\/01\/linie_IKF-768x3.jpg 768w, https:\/\/ikf.ac.at\/wp-content\/uploads\/2021\/01\/linie_IKF-1536x6.jpg 1536w, https:\/\/ikf.ac.at\/wp-content\/uploads\/2021\/01\/linie_IKF-2048x8.jpg 2048w\" sizes=\"auto, (max-width: 2554px) 100vw, 2554px\" \/><\/div><\/div><\/div><\/div>\n\n\n<div style=\"color:#ddd\" class=\"wp-block-genesis-blocks-gb-spacer gb-block-spacer gb-divider-solid gb-divider-size-1\"><hr style=\"height:30px\"\/><\/div>\n\n\n<div id=\"pl-gb3249-69f623dce7780\"  class=\"panel-layout\" ><div id=\"pg-gb3249-69f623dce7780-0\"  class=\"panel-grid panel-no-style\" ><div id=\"pgc-gb3249-69f623dce7780-0-0\"  class=\"panel-grid-cell panel-grid-cell-empty\" ><\/div><div id=\"pgc-gb3249-69f623dce7780-0-1\"  class=\"panel-grid-cell\" ><div id=\"panel-gb3249-69f623dce7780-0-1-0\" class=\"so-panel widget widget_media_image panel-first-child panel-last-child\" data-index=\"0\" ><img loading=\"lazy\" decoding=\"async\" width=\"456\" height=\"648\" src=\"https:\/\/ikf.ac.at\/wp-content\/uploads\/2021\/07\/Cover_Langbein.jpg\" class=\"image wp-image-3226  attachment-full size-full\" alt=\"\" style=\"max-width: 100%; height: auto;\" srcset=\"https:\/\/ikf.ac.at\/wp-content\/uploads\/2021\/07\/Cover_Langbein.jpg 456w, https:\/\/ikf.ac.at\/wp-content\/uploads\/2021\/07\/Cover_Langbein-211x300.jpg 211w\" sizes=\"auto, (max-width: 456px) 100vw, 456px\" \/><\/div><\/div><div id=\"pgc-gb3249-69f623dce7780-0-2\"  class=\"panel-grid-cell\" ><div id=\"panel-gb3249-69f623dce7780-0-2-0\" class=\"so-panel widget widget_sow-editor panel-first-child panel-last-child\" data-index=\"1\" ><div\n\t\t\t\n\t\t\tclass=\"so-widget-sow-editor so-widget-sow-editor-base\"\n\t\t\t\n\t\t>\n<div class=\"siteorigin-widget-tinymce textwidget\">\n\t<p align=\"justify\"><strong>Brigitte Halbmayr<\/strong><\/p>\n<p><strong><span style=\"font-size: x-large;\">Zeitlebens konsequent<\/span><br \/>\nHermann Langbein \u2013 Eine politische Biografie<\/strong><\/p>\n<p align=\"justify\">Er war ein bedeutender Zeitzeuge, ein durchwegs politischer Mensch, ein unerm\u00fcdlicher Streiter f\u00fcr die Demokratie. Hermann Langbein \u2013 das Portr\u00e4t einer au\u00dfergew\u00f6hnlichen Pers\u00f6nlichkeit.<\/p>\n<p align=\"justify\">Hermann Langbein, geboren am 18. Mai 1912 in Wien, ist der ganzen Welt als Zeitzeuge, Chronist und Analytiker von Auschwitz bekannt. Er verfasste zahlreiche Publikationen \u00fcber die Verbrechen und Schicksale in den Konzentrations- und Vernichtungslagern, u.a. das Standardwerk Menschen in Auschwitz (Europaverlag\/Ullstein).<\/p>\n<\/div>\n<\/div><\/div><\/div><\/div><div id=\"pg-gb3249-69f623dce7780-1\"  class=\"panel-grid panel-no-style\" ><div id=\"pgc-gb3249-69f623dce7780-1-0\"  class=\"panel-grid-cell panel-grid-cell-empty\" ><\/div><div id=\"pgc-gb3249-69f623dce7780-1-1\"  class=\"panel-grid-cell\" ><div id=\"panel-gb3249-69f623dce7780-1-1-0\" class=\"so-panel widget widget_text panel-first-child panel-last-child\" data-index=\"2\" >\t\t\t<div class=\"textwidget\"><p align=\"justify\">Doch das Wirken Hermann Langbeins reicht weit \u00fcber Auschwitz hinaus. Ein Vierteljahrhundert lang war er \u00fcberzeugter Kommunist, bevor er mit der Partei brach; er war begeisterter und einsatzfreudiger Spanienk\u00e4mpfer, ein unerm\u00fcdlicher Streiter f\u00fcr die Demokratie, ein politischer Aufkl\u00e4rer, eine moralische Autorit\u00e4t, ein liebevoller Familienmensch. In all diesen Aufgaben war er diszipliniert und konsequent \u2013 oft unerbittlich konsequent.<\/p>\n<p align=\"justify\">Sein ereignisreiches Leben und seine au\u00dfergew\u00f6hnliche Pers\u00f6nlichkeit machen diese l\u00e4ngst f\u00e4llige Biografie zu einem unbedingt lesenswerten Zeitdokument.<\/p>\n<p align=\"justify\">Hermann Langbein k\u00e4mpfte im Spanischen B\u00fcrgerkrieg gegen das Franco-Regime. Als Kommunist war er in den Konzentrationslagern Dachau, Auschwitz und Neuengamme interniert und engagierte sich aktiv im Widerstand. Nach Kriegsende war er hauptamtlich bei der KP\u00d6 t\u00e4tig, bis er 1958 wegen Kritik am Stalinismus aus der Partei ausgeschlossen wurde. Er setzte sich f\u00fcr die Aufkl\u00e4rung der Verbrechen in den Konzentrationslagern ein. Durch Fortbildungen f\u00fcr Lehrerinnen und Lehrer trat er daf\u00fcr ein, dass die Verbrechen des Nationalsozialismus nicht in Vergessenheit gerieten. Hermann Langbein wurde mehrfach ausgezeichnet, unter anderem mit dem Titel &#8220;Gerechter unter den V\u00f6lkern&#8221; der Gedenkst\u00e4tte Yad Vashem.<\/p>\n<p>ISBN 978-3-99100-065-5<\/p>\n<\/div>\n\t\t<\/div><\/div><\/div><\/div>\n\n\n<div style=\"color:#333\" class=\"wp-block-genesis-blocks-gb-spacer gb-block-spacer gb-divider-solid gb-spacer-divider gb-divider-size-1\"><hr style=\"height:100px\"\/><\/div>\n<\/div><\/div><\/div>","protected":false},"excerpt":{"rendered":"","protected":false},"author":2,"featured_media":0,"parent":2874,"menu_order":0,"comment_status":"closed","ping_status":"closed","template":"","meta":{"footnotes":""},"class_list":["post-3249","page","type-page","status-publish","hentry","post"],"featured_image_src":null,"featured_image_src_square":null,"_links":{"self":[{"href":"https:\/\/ikf.ac.at\/en\/wp-json\/wp\/v2\/pages\/3249","targetHints":{"allow":["GET"]}}],"collection":[{"href":"https:\/\/ikf.ac.at\/en\/wp-json\/wp\/v2\/pages"}],"about":[{"href":"https:\/\/ikf.ac.at\/en\/wp-json\/wp\/v2\/types\/page"}],"author":[{"embeddable":true,"href":"https:\/\/ikf.ac.at\/en\/wp-json\/wp\/v2\/users\/2"}],"replies":[{"embeddable":true,"href":"https:\/\/ikf.ac.at\/en\/wp-json\/wp\/v2\/comments?post=3249"}],"version-history":[{"count":6,"href":"https:\/\/ikf.ac.at\/en\/wp-json\/wp\/v2\/pages\/3249\/revisions"}],"predecessor-version":[{"id":3258,"href":"https:\/\/ikf.ac.at\/en\/wp-json\/wp\/v2\/pages\/3249\/revisions\/3258"}],"up":[{"embeddable":true,"href":"https:\/\/ikf.ac.at\/en\/wp-json\/wp\/v2\/pages\/2874"}],"wp:attachment":[{"href":"https:\/\/ikf.ac.at\/en\/wp-json\/wp\/v2\/media?parent=3249"}],"curies":[{"name":"wp","href":"https:\/\/api.w.org\/{rel}","templated":true}]}}