{"id":3244,"date":"2021-07-22T09:39:25","date_gmt":"2021-07-22T09:39:25","guid":{"rendered":"http:\/\/test-ikf.online\/?page_id=3244"},"modified":"2021-10-27T10:33:35","modified_gmt":"2021-10-27T10:33:35","slug":"steiner-herbert","status":"publish","type":"page","link":"https:\/\/ikf.ac.at\/en\/publikationen\/steiner-herbert","title":{"rendered":"Herbert Steiner"},"content":{"rendered":"<div class=\"wp-block-atomic-blocks-ab-container alignfull ab-block-container\"><div class=\"ab-container-inside\"><div class=\"ab-container-content\"><div id=\"pl-gb3244-69f6254ace125\"  class=\"panel-layout\" ><div id=\"pg-gb3244-69f6254ace125-0\"  class=\"panel-grid panel-no-style\" ><div id=\"pgc-gb3244-69f6254ace125-0-0\"  class=\"panel-grid-cell\" ><div id=\"panel-gb3244-69f6254ace125-0-0-0\" class=\"so-panel widget widget_media_image panel-first-child panel-last-child\" data-index=\"0\" ><img loading=\"lazy\" decoding=\"async\" width=\"2554\" height=\"10\" src=\"https:\/\/ikf.ac.at\/wp-content\/uploads\/2021\/01\/linie_IKF.jpg\" class=\"image wp-image-754  attachment-full size-full\" alt=\"\" style=\"max-width: 100%; height: auto;\" srcset=\"https:\/\/ikf.ac.at\/wp-content\/uploads\/2021\/01\/linie_IKF.jpg 2554w, https:\/\/ikf.ac.at\/wp-content\/uploads\/2021\/01\/linie_IKF-300x1.jpg 300w, https:\/\/ikf.ac.at\/wp-content\/uploads\/2021\/01\/linie_IKF-1024x4.jpg 1024w, https:\/\/ikf.ac.at\/wp-content\/uploads\/2021\/01\/linie_IKF-768x3.jpg 768w, https:\/\/ikf.ac.at\/wp-content\/uploads\/2021\/01\/linie_IKF-1536x6.jpg 1536w, https:\/\/ikf.ac.at\/wp-content\/uploads\/2021\/01\/linie_IKF-2048x8.jpg 2048w\" sizes=\"auto, (max-width: 2554px) 100vw, 2554px\" \/><\/div><\/div><\/div><\/div>\n\n\n<div style=\"color:#ddd\" class=\"wp-block-genesis-blocks-gb-spacer gb-block-spacer gb-divider-solid gb-divider-size-1\"><hr style=\"height:30px\"\/><\/div>\n\n\n<div id=\"pl-gb3244-69f6254ace865\"  class=\"panel-layout\" ><div id=\"pg-gb3244-69f6254ace865-0\"  class=\"panel-grid panel-no-style\" ><div id=\"pgc-gb3244-69f6254ace865-0-0\"  class=\"panel-grid-cell panel-grid-cell-empty\" ><\/div><div id=\"pgc-gb3244-69f6254ace865-0-1\"  class=\"panel-grid-cell\" ><div id=\"panel-gb3244-69f6254ace865-0-1-0\" class=\"so-panel widget widget_media_image panel-first-child panel-last-child\" data-index=\"0\" ><img loading=\"lazy\" decoding=\"async\" width=\"794\" height=\"1130\" src=\"https:\/\/ikf.ac.at\/wp-content\/uploads\/2021\/07\/Cover_Steiner.jpg\" class=\"image wp-image-3225  attachment-full size-full\" alt=\"\" style=\"max-width: 100%; height: auto;\" srcset=\"https:\/\/ikf.ac.at\/wp-content\/uploads\/2021\/07\/Cover_Steiner.jpg 794w, https:\/\/ikf.ac.at\/wp-content\/uploads\/2021\/07\/Cover_Steiner-211x300.jpg 211w, https:\/\/ikf.ac.at\/wp-content\/uploads\/2021\/07\/Cover_Steiner-720x1024.jpg 720w, https:\/\/ikf.ac.at\/wp-content\/uploads\/2021\/07\/Cover_Steiner-768x1093.jpg 768w\" sizes=\"auto, (max-width: 794px) 100vw, 794px\" \/><\/div><\/div><div id=\"pgc-gb3244-69f6254ace865-0-2\"  class=\"panel-grid-cell\" ><div id=\"panel-gb3244-69f6254ace865-0-2-0\" class=\"so-panel widget widget_sow-editor panel-first-child panel-last-child\" data-index=\"1\" ><div\n\t\t\t\n\t\t\tclass=\"so-widget-sow-editor so-widget-sow-editor-base\"\n\t\t\t\n\t\t>\n<div class=\"siteorigin-widget-tinymce textwidget\">\n\t<p align=\"justify\"><strong>Brigitte Halbmayr<\/strong><\/p>\n<p><strong><span style=\"font-size: x-large;\">Herbert Steiner<\/span><br \/>\nAuf vielen Wegen, \u00fcber Grenzen hinweg<\/strong><\/p>\n<p align=\"justify\">\u00d6sterreich hat sich Jahrzehnte lang um eine Auseinandersetzung mit der Zeit des Nationalsozialismus gedr\u00fcckt. Einer der wenigen, die fr\u00fch schon aktiv gegen das Vergessen gearbeitet haben, war Herbert Steiner (1923-2001). Mit der Gr\u00fcndung des Dokumentationsarchivs des \u00f6sterreichischen Widerstandes bereits in den 1960er Jahren hat er daf\u00fcr eine langfristige wirkungsvolle Institution geschaffen. Vor dem Hintergrund seiner kommunistischen \u00dcberzeugung, die allerdings im Laufe seines Lebens immer br\u00fcchiger wurde, engagierte sich Herbert Steiner im wissenschaftlichen Austausch zwischen West- und Osteuropa. In Erinnerung bleiben zudem seine Leistungen in der Erforschung der \u00f6sterreichischen Arbeiterbewegung und der Revolution von 1848.<\/p>\n<p align=\"justify\">zur <a href=\"https:\/\/www.bibliothekderprovinz.at\/buch\/7046\/\" target=\"_blank\" rel=\"noopener\">Bestellung<\/a> (<em>Verlag<\/em> Bibliothek der Provinz)<\/p>\n<\/div>\n<\/div><\/div><\/div><\/div><\/div>\n\n\n<div style=\"color:#333\" class=\"wp-block-genesis-blocks-gb-spacer gb-block-spacer gb-divider-solid gb-spacer-divider gb-divider-size-1\"><hr style=\"height:100px\"\/><\/div>\n<\/div><\/div><\/div>","protected":false},"excerpt":{"rendered":"","protected":false},"author":2,"featured_media":0,"parent":2874,"menu_order":0,"comment_status":"closed","ping_status":"closed","template":"","meta":{"footnotes":""},"class_list":["post-3244","page","type-page","status-publish","hentry","post"],"featured_image_src":null,"featured_image_src_square":null,"_links":{"self":[{"href":"https:\/\/ikf.ac.at\/en\/wp-json\/wp\/v2\/pages\/3244","targetHints":{"allow":["GET"]}}],"collection":[{"href":"https:\/\/ikf.ac.at\/en\/wp-json\/wp\/v2\/pages"}],"about":[{"href":"https:\/\/ikf.ac.at\/en\/wp-json\/wp\/v2\/types\/page"}],"author":[{"embeddable":true,"href":"https:\/\/ikf.ac.at\/en\/wp-json\/wp\/v2\/users\/2"}],"replies":[{"embeddable":true,"href":"https:\/\/ikf.ac.at\/en\/wp-json\/wp\/v2\/comments?post=3244"}],"version-history":[{"count":4,"href":"https:\/\/ikf.ac.at\/en\/wp-json\/wp\/v2\/pages\/3244\/revisions"}],"predecessor-version":[{"id":3508,"href":"https:\/\/ikf.ac.at\/en\/wp-json\/wp\/v2\/pages\/3244\/revisions\/3508"}],"up":[{"embeddable":true,"href":"https:\/\/ikf.ac.at\/en\/wp-json\/wp\/v2\/pages\/2874"}],"wp:attachment":[{"href":"https:\/\/ikf.ac.at\/en\/wp-json\/wp\/v2\/media?parent=3244"}],"curies":[{"name":"wp","href":"https:\/\/api.w.org\/{rel}","templated":true}]}}