{"id":3233,"date":"2021-07-22T09:32:32","date_gmt":"2021-07-22T09:32:32","guid":{"rendered":"http:\/\/test-ikf.online\/?page_id=3233"},"modified":"2021-07-22T09:33:06","modified_gmt":"2021-07-22T09:33:06","slug":"arbeitsscheu-und-moralisch-verkommen","status":"publish","type":"page","link":"https:\/\/ikf.ac.at\/en\/publikationen\/arbeitsscheu-und-moralisch-verkommen","title":{"rendered":"Arbeitsscheu und moralisch verkommen"},"content":{"rendered":"<div class=\"wp-block-atomic-blocks-ab-container alignfull ab-block-container\"><div class=\"ab-container-inside\"><div class=\"ab-container-content\"><div id=\"pl-gb3233-69f624ebda38e\"  class=\"panel-layout\" ><div id=\"pg-gb3233-69f624ebda38e-0\"  class=\"panel-grid panel-no-style\" ><div id=\"pgc-gb3233-69f624ebda38e-0-0\"  class=\"panel-grid-cell\" ><div id=\"panel-gb3233-69f624ebda38e-0-0-0\" class=\"so-panel widget widget_media_image panel-first-child panel-last-child\" data-index=\"0\" ><img loading=\"lazy\" decoding=\"async\" width=\"2554\" height=\"10\" src=\"https:\/\/ikf.ac.at\/wp-content\/uploads\/2021\/01\/linie_IKF.jpg\" class=\"image wp-image-754  attachment-full size-full\" alt=\"\" style=\"max-width: 100%; height: auto;\" srcset=\"https:\/\/ikf.ac.at\/wp-content\/uploads\/2021\/01\/linie_IKF.jpg 2554w, https:\/\/ikf.ac.at\/wp-content\/uploads\/2021\/01\/linie_IKF-300x1.jpg 300w, https:\/\/ikf.ac.at\/wp-content\/uploads\/2021\/01\/linie_IKF-1024x4.jpg 1024w, https:\/\/ikf.ac.at\/wp-content\/uploads\/2021\/01\/linie_IKF-768x3.jpg 768w, https:\/\/ikf.ac.at\/wp-content\/uploads\/2021\/01\/linie_IKF-1536x6.jpg 1536w, https:\/\/ikf.ac.at\/wp-content\/uploads\/2021\/01\/linie_IKF-2048x8.jpg 2048w\" sizes=\"auto, (max-width: 2554px) 100vw, 2554px\" \/><\/div><\/div><\/div><\/div>\n\n\n<div style=\"color:#ddd\" class=\"wp-block-genesis-blocks-gb-spacer gb-block-spacer gb-divider-solid gb-divider-size-1\"><hr style=\"height:30px\"\/><\/div>\n\n\n<div id=\"pl-gb3233-69f624ebdab52\"  class=\"panel-layout\" ><div id=\"pg-gb3233-69f624ebdab52-0\"  class=\"panel-grid panel-no-style\" ><div id=\"pgc-gb3233-69f624ebdab52-0-0\"  class=\"panel-grid-cell panel-grid-cell-empty\" ><\/div><div id=\"pgc-gb3233-69f624ebdab52-0-1\"  class=\"panel-grid-cell\" ><div id=\"panel-gb3233-69f624ebdab52-0-1-0\" class=\"so-panel widget widget_media_image panel-first-child panel-last-child\" data-index=\"0\" ><img loading=\"lazy\" decoding=\"async\" width=\"532\" height=\"827\" src=\"https:\/\/ikf.ac.at\/wp-content\/uploads\/2021\/07\/Cover_Arbeitsscheu.jpg\" class=\"image wp-image-3231  attachment-full size-full\" alt=\"\" style=\"max-width: 100%; height: auto;\" srcset=\"https:\/\/ikf.ac.at\/wp-content\/uploads\/2021\/07\/Cover_Arbeitsscheu.jpg 532w, https:\/\/ikf.ac.at\/wp-content\/uploads\/2021\/07\/Cover_Arbeitsscheu-193x300.jpg 193w\" sizes=\"auto, (max-width: 532px) 100vw, 532px\" \/><\/div><\/div><div id=\"pgc-gb3233-69f624ebdab52-0-2\"  class=\"panel-grid-cell\" ><div id=\"panel-gb3233-69f624ebdab52-0-2-0\" class=\"so-panel widget widget_sow-editor panel-first-child panel-last-child\" data-index=\"1\" ><div\n\t\t\t\n\t\t\tclass=\"so-widget-sow-editor so-widget-sow-editor-base\"\n\t\t\t\n\t\t>\n<div class=\"siteorigin-widget-tinymce textwidget\">\n\t<p align=\"justify\">\n<p align=\"justify\"><strong>Helga Amesberger, Brigitte Halbmayr, Elke Rajal<\/strong><\/p>\n<p><strong><span style=\"font-size: x-large;\">\u00bbARBEITSSCHEU UND MORALISCH VERKOMMEN\u00ab<\/span><br \/>\nVerfolgung von Frauen als \u201eAsoziale\u201c im Nationalsozialismus<\/strong><\/p>\n<p align=\"justify\">Das Buch thematisiert die rassistisch begr\u00fcndete nationalsozialistische &#8220;Volksgemeinschaft&#8221; und den Umgang mit den &#8220;sch\u00e4dlichen Elementen&#8221; innerhalb der eigenen Reihen. Zu diesen &#8220;Gemeinschaftsfremden&#8221; z\u00e4hlten auch M\u00e4dchen und Frauen, die als &#8220;arbeitsscheu&#8221; oder &#8220;moralisch verkommen&#8221; galten. Einweisungen in Arbeitsanstalten, Gef\u00e4ngnis- und KZ-Haft wie auch Zwangssterilisationen waren die Folgen. Das Buch zeigt, dass Ausgrenzung, Stigmatisierung und Disziplinierung eine lange Tradition haben, die im Nationalsozialismus ihren H\u00f6hepunkt, nicht aber ihren Endpunkt fand.<\/p>\n<p>zur <a href=\"https:\/\/www.mandelbaum.at\/buch.php?id=897&amp;menu=buecher\" target=\"_blank\" rel=\"noopener\">Bestellung<\/a> (Mandelbaum Verlag)<\/p>\n<\/div>\n<\/div><\/div><\/div><\/div><\/div>\n\n\n<div style=\"color:#333\" class=\"wp-block-genesis-blocks-gb-spacer gb-block-spacer gb-divider-solid gb-spacer-divider gb-divider-size-1\"><hr style=\"height:100px\"\/><\/div>\n<\/div><\/div><\/div>\n\n\n\n<p><\/p>","protected":false},"excerpt":{"rendered":"","protected":false},"author":2,"featured_media":0,"parent":2874,"menu_order":0,"comment_status":"closed","ping_status":"closed","template":"","meta":{"footnotes":""},"class_list":["post-3233","page","type-page","status-publish","hentry","post"],"featured_image_src":null,"featured_image_src_square":null,"_links":{"self":[{"href":"https:\/\/ikf.ac.at\/en\/wp-json\/wp\/v2\/pages\/3233","targetHints":{"allow":["GET"]}}],"collection":[{"href":"https:\/\/ikf.ac.at\/en\/wp-json\/wp\/v2\/pages"}],"about":[{"href":"https:\/\/ikf.ac.at\/en\/wp-json\/wp\/v2\/types\/page"}],"author":[{"embeddable":true,"href":"https:\/\/ikf.ac.at\/en\/wp-json\/wp\/v2\/users\/2"}],"replies":[{"embeddable":true,"href":"https:\/\/ikf.ac.at\/en\/wp-json\/wp\/v2\/comments?post=3233"}],"version-history":[{"count":9,"href":"https:\/\/ikf.ac.at\/en\/wp-json\/wp\/v2\/pages\/3233\/revisions"}],"predecessor-version":[{"id":3243,"href":"https:\/\/ikf.ac.at\/en\/wp-json\/wp\/v2\/pages\/3233\/revisions\/3243"}],"up":[{"embeddable":true,"href":"https:\/\/ikf.ac.at\/en\/wp-json\/wp\/v2\/pages\/2874"}],"wp:attachment":[{"href":"https:\/\/ikf.ac.at\/en\/wp-json\/wp\/v2\/media?parent=3233"}],"curies":[{"name":"wp","href":"https:\/\/api.w.org\/{rel}","templated":true}]}}