{"id":3091,"date":"2021-07-01T08:35:16","date_gmt":"2021-07-01T08:35:16","guid":{"rendered":"http:\/\/test-ikf.online\/?page_id=3091"},"modified":"2021-07-01T08:35:49","modified_gmt":"2021-07-01T08:35:49","slug":"1995-moeglicheiten-der-sozialpartnerschaft-in-slowenien","status":"publish","type":"page","link":"https:\/\/ikf.ac.at\/en\/schwerpunkte\/demokratie\/demokratieentwicklung\/1995-moeglicheiten-der-sozialpartnerschaft-in-slowenien","title":{"rendered":"1995: M\u00f6glicheiten der Sozialpartnerschaft in Slowenien"},"content":{"rendered":"<div class=\"wp-block-atomic-blocks-ab-container alignfull ab-block-container\"><div class=\"ab-container-inside\"><div class=\"ab-container-content\"><div id=\"pl-gb3091-6a04d011187b5\"  class=\"panel-layout\" ><div id=\"pg-gb3091-6a04d011187b5-0\"  class=\"panel-grid panel-no-style\" ><div id=\"pgc-gb3091-6a04d011187b5-0-0\"  class=\"panel-grid-cell\" ><div id=\"panel-gb3091-6a04d011187b5-0-0-0\" class=\"so-panel widget widget_media_image panel-first-child panel-last-child\" data-index=\"0\" ><img loading=\"lazy\" decoding=\"async\" width=\"2554\" height=\"10\" src=\"https:\/\/ikf.ac.at\/wp-content\/uploads\/2021\/01\/linie_IKF.jpg\" class=\"image wp-image-754  attachment-full size-full\" alt=\"\" style=\"max-width: 100%; height: auto;\" srcset=\"https:\/\/ikf.ac.at\/wp-content\/uploads\/2021\/01\/linie_IKF.jpg 2554w, https:\/\/ikf.ac.at\/wp-content\/uploads\/2021\/01\/linie_IKF-300x1.jpg 300w, https:\/\/ikf.ac.at\/wp-content\/uploads\/2021\/01\/linie_IKF-1024x4.jpg 1024w, https:\/\/ikf.ac.at\/wp-content\/uploads\/2021\/01\/linie_IKF-768x3.jpg 768w, https:\/\/ikf.ac.at\/wp-content\/uploads\/2021\/01\/linie_IKF-1536x6.jpg 1536w, https:\/\/ikf.ac.at\/wp-content\/uploads\/2021\/01\/linie_IKF-2048x8.jpg 2048w\" sizes=\"auto, (max-width: 2554px) 100vw, 2554px\" \/><\/div><\/div><\/div><\/div>\n\n\n<div style=\"color:#ddd\" class=\"wp-block-genesis-blocks-gb-spacer gb-block-spacer gb-divider-solid gb-divider-size-1\"><hr style=\"height:30px\"\/><\/div>\n\n\n<div id=\"pl-gb3091-6a04d01118ee6\"  class=\"panel-layout\" ><div id=\"pg-gb3091-6a04d01118ee6-0\"  class=\"panel-grid panel-no-style\" ><div id=\"pgc-gb3091-6a04d01118ee6-0-0\"  class=\"panel-grid-cell panel-grid-cell-empty\" ><\/div><div id=\"pgc-gb3091-6a04d01118ee6-0-1\"  class=\"panel-grid-cell\" ><div id=\"panel-gb3091-6a04d01118ee6-0-1-0\" class=\"so-panel widget widget_sow-editor panel-first-child panel-last-child\" data-index=\"0\" ><div\n\t\t\t\n\t\t\tclass=\"so-widget-sow-editor so-widget-sow-editor-base\"\n\t\t\t\n\t\t>\n<div class=\"siteorigin-widget-tinymce textwidget\">\n\t<table style=\"height: 100px; width: 100%; border-collapse: collapse;\" border=\"1\" cellpadding=\"2\">\n<tbody>\n<tr style=\"height: 24px;\">\n<td style=\"width: 15.8421%; height: 24px;\">Project management:<\/td>\n<td style=\"width: 84.1578%; height: 24px;\" colspan=\"2\">Univ.-Doz. Dr. Albert F. Reiterer<\/td>\n<\/tr>\n<tr>\n<td style=\"width: 15.8421%;\">\n<hr \/>\n<\/td>\n<td style=\"width: 48.0519%;\">\n<hr \/>\n<\/td>\n<td style=\"width: 36.1059%; height: 24px;\"><\/td>\n<\/tr>\n<tr>\n<td style=\"width: 15.8421%;\">Implementation:<\/td>\n<td style=\"width: 84.1578%;\" colspan=\"2\">Mag. Brigitte Halbmayr<br \/>\nDr. Birgitt Haller<br \/>\nDr. Igor Luk\u0161ic<\/td>\n<\/tr>\n<tr>\n<td style=\"width: 15.8421%;\">\n<hr \/>\n<\/td>\n<td style=\"width: 48.0519%;\">\n<hr \/>\n<\/td>\n<td style=\"width: 36.1059%;\"><\/td>\n<\/tr>\n<tr>\n<td style=\"width: 15.8421%;\">Funded by:<\/td>\n<td style=\"width: 84.1578%;\" colspan=\"2\">Jubil\u00e4umsfonds der Oesterreichischen Nationalbank, Projekt Nr. 4933<\/td>\n<\/tr>\n<tr>\n<td style=\"width: 15.8421%;\">\n<hr \/>\n<\/td>\n<td style=\"width: 48.0519%;\">\n<hr \/>\n<\/td>\n<td style=\"width: 36.1059%; height: 24px;\"><\/td>\n<\/tr>\n<tr style=\"height: 24px;\">\n<td style=\"width: 15.8421%; height: 24px;\">Completed in:<\/td>\n<td style=\"height: 24px; width: 84.1578%;\" colspan=\"2\">Dezember 1995<\/td>\n<\/tr>\n<\/tbody>\n<\/table>\n<\/div>\n<\/div><\/div><\/div><\/div><\/div>\n\n\n<div style=\"color:#404168\" class=\"wp-block-genesis-blocks-gb-spacer gb-block-spacer gb-divider-solid gb-spacer-divider gb-divider-size-1\"><hr style=\"height:3px\"\/><\/div>\n\n\n\n<div style=\"color:#404168\" class=\"wp-block-genesis-blocks-gb-spacer gb-block-spacer gb-divider-solid gb-divider-size-1\"><hr style=\"height:10px\"\/><\/div>\n\n\n<div id=\"pl-gb3091-6a04d011194d7\"  class=\"panel-layout\" ><div id=\"pg-gb3091-6a04d011194d7-0\"  class=\"panel-grid panel-no-style\" ><div id=\"pgc-gb3091-6a04d011194d7-0-0\"  class=\"panel-grid-cell panel-grid-cell-empty\" ><\/div><div id=\"pgc-gb3091-6a04d011194d7-0-1\"  class=\"panel-grid-cell panel-grid-cell-mobile-last\" ><div id=\"panel-gb3091-6a04d011194d7-0-1-0\" class=\"so-panel widget widget_text panel-first-child panel-last-child\" data-index=\"0\" >\t\t\t<div class=\"textwidget\"><p align=\"justify\">Nach der Erhebung der &#8220;M\u00f6glichkeiten sozialpartnerschaftlicher Konfliktregelung in der Tschechischen und Slowakischen Republik&#8221; (1992\/1993) wurden in einem weiteren \u00f6stlichen Nachbarstaat \u00d6sterreichs die Schwierigkeiten und Chancen der Institutionalisierung sozialpartnerschaftlicher Einrichtungen untersucht. Der Projektbericht wurde nach eineinhalbj\u00e4hriger Forschungsarbeit im Mai 1995 abgeschlossen. Das Forschungsdesign wurde in \u00f6sterreichisch-slowenischer Zusammenarbeit entwickelt, in der Folge ergab sich eine Arbeitsteilung dahingehend, da\u00df sich der slowenische Kollege vor allem auf die Datenerhebung und die Durchf\u00fchrung der Interviews konzentrierte, w\u00e4hrend es Aufgabe der \u00f6sterreichischen Wissenschafterinnen war, die Forschungsergebnisse zu formulieren und vor dem Hintergrund der \u00f6sterreichischen Literatur zur Sozialpartnerschaft zu analysieren und zusammenzufassen.<\/p>\n<p align=\"justify\">Slowenien hat eine lange korporatistische Tradition, deren Wurzeln zum einen in den Enzykliken Rerum Novarum (1891) und Quadragesimo Anno (1931) liegen, zum anderen im jugoslawischen Selbstverwaltungssystem. In der sozialistischen Republik Jugoslawien wurden Kammern auf allen staatlichen Ebenen geschaffen, die politische Repr\u00e4sentation erfolgte \u00fcber Berufsgruppen. In dieser Tradition ist die Einrichtung des Staatsrates durch die Verfassung der Republik Slowenien im Dezember 1991 als zweite parlamentarische Kammer, die sich nach berufsst\u00e4ndischen und regionalen Kriterien zusammensetzt, zu sehen. Innerhalb des politischen Systems hat der Staatsrat nur sehr beschr\u00e4nkte Kompetenzen, er verf\u00fcgt nur \u00fcber ein suspensives Veto, aber er fungiert damit als eine Art Aufsichtsorgan. Das zweite tripartistische Organ ist der Wirtschafts- und Sozialrat, der im April 1994 auf Druck der Gewerkschaften eingerichtet wurde.<\/p>\n<p align=\"justify\">Der slowenische Wirtschafts- und Sozialrat ist mit \u00e4hnlichen Problemen wie seine Pendants in der Tschechischen und der Slowakischen Republik konfrontiert. Seine Entscheidungen sind zwar nach den Statuten verbindlich, de facto setzt sich die Regierung aber dar\u00fcber hinweg. Der Rat ist damit kein eigenst\u00e4ndiger politischer Machtfaktor, sondern eher ein Beratungsorgan f\u00fcr die Regierung. Obwohl es (teilweise intensive) Kooperationen zwischen Verb\u00e4ndevertretern und politischen Parteien gibt, wird eine institutionalisierte Verflechtung zwischen Verb\u00e4nden und Parteien von allen Beteiligten abgelehnt. Wichtiger als die Zusammenarbeit mit Parteien ist diejenige mit Abgeordneten &#8211; das Lobbying nimmt breiten Raum ein. Auf der Arbeitnehmerseite gibt es keine dem \u00f6sterreichischen Kammersystem entsprechende Pflichtmitgliedschaft, nur auf der Arbeitgeberseite bestehen zwei Kammern. Auf der Gewerkschaftsseite besteht keine Monopolisierung der Verbandsinteressen, nur die gr\u00f6\u00dften Gewerkschaften sind in die Tripartit\u00e4t eingebunden, die Vielzahl von kleineren begehrt dagegen auf. Bei den Arbeitgebern ist der Konzentrationsgrad der Verbandsinteressen deutlich h\u00f6her, wird aber dadurch beeintr\u00e4chtigt, da\u00df wegen der langsam voranschreitenden Privatisierung auch die Regierung noch h\u00e4ufig als Arbeitgeber fungiert.<\/p>\n<p align=\"justify\">Obwohl es in Slowenien eine lange korporatistische Tradition gibt, deren Grundgedanke sich etwa im berufsst\u00e4ndisch besetzten Staatsrat oder in der Existenz von Kammern widerspiegelt, obwohl ein sozialpartnerschaftlich besetzter Wirtschafts- und Sozialrat eingerichtet wurde, neigt Slowenien im Spannungsfeld zwischen korporatistischem und lobbyistischem System doch eher dem Lobbysystem zu: Der zentrale Machtfaktor Regierung behindert die korporatistischen Institutionen.<\/p>\n<\/div>\n\t\t<\/div><\/div><div id=\"pgc-gb3091-6a04d011194d7-0-2\"  class=\"panel-grid-cell panel-grid-cell-empty\" ><\/div><\/div><\/div>\n\n\n<div style=\"color:#333\" class=\"wp-block-genesis-blocks-gb-spacer gb-block-spacer gb-divider-solid gb-spacer-divider gb-divider-size-1\"><hr style=\"height:100px\"\/><\/div>\n<\/div><\/div><\/div>","protected":false},"excerpt":{"rendered":"","protected":false},"author":2,"featured_media":0,"parent":633,"menu_order":49,"comment_status":"closed","ping_status":"closed","template":"","meta":{"footnotes":""},"class_list":["post-3091","page","type-page","status-publish","hentry","post"],"featured_image_src":null,"featured_image_src_square":null,"_links":{"self":[{"href":"https:\/\/ikf.ac.at\/en\/wp-json\/wp\/v2\/pages\/3091","targetHints":{"allow":["GET"]}}],"collection":[{"href":"https:\/\/ikf.ac.at\/en\/wp-json\/wp\/v2\/pages"}],"about":[{"href":"https:\/\/ikf.ac.at\/en\/wp-json\/wp\/v2\/types\/page"}],"author":[{"embeddable":true,"href":"https:\/\/ikf.ac.at\/en\/wp-json\/wp\/v2\/users\/2"}],"replies":[{"embeddable":true,"href":"https:\/\/ikf.ac.at\/en\/wp-json\/wp\/v2\/comments?post=3091"}],"version-history":[{"count":1,"href":"https:\/\/ikf.ac.at\/en\/wp-json\/wp\/v2\/pages\/3091\/revisions"}],"predecessor-version":[{"id":3092,"href":"https:\/\/ikf.ac.at\/en\/wp-json\/wp\/v2\/pages\/3091\/revisions\/3092"}],"up":[{"embeddable":true,"href":"https:\/\/ikf.ac.at\/en\/wp-json\/wp\/v2\/pages\/633"}],"wp:attachment":[{"href":"https:\/\/ikf.ac.at\/en\/wp-json\/wp\/v2\/media?parent=3091"}],"curies":[{"name":"wp","href":"https:\/\/api.w.org\/{rel}","templated":true}]}}