{"id":3073,"date":"2021-06-29T12:20:44","date_gmt":"2021-06-29T12:20:44","guid":{"rendered":"http:\/\/test-ikf.online\/?page_id=3073"},"modified":"2021-06-29T12:21:59","modified_gmt":"2021-06-29T12:21:59","slug":"2000-qualitaet-oesterreichische-demokratie-analysen-perspektiven-demokratiereform","status":"publish","type":"page","link":"https:\/\/ikf.ac.at\/en\/schwerpunkte\/demokratie\/demokratieentwicklung\/2000-qualitaet-oesterreichische-demokratie-analysen-perspektiven-demokratiereform","title":{"rendered":"2000: Zur Qualit\u00e4t der \u00f6sterreichischen Demokratie: Ausgew\u00e4hlte Analysen &#8211; Perspektiven f\u00fcr Demokratiereform"},"content":{"rendered":"<div class=\"wp-block-atomic-blocks-ab-container alignfull ab-block-container\"><div class=\"ab-container-inside\"><div class=\"ab-container-content\"><div id=\"pl-gb3073-69f23f9e8ab5d\"  class=\"panel-layout\" ><div id=\"pg-gb3073-69f23f9e8ab5d-0\"  class=\"panel-grid panel-no-style\" ><div id=\"pgc-gb3073-69f23f9e8ab5d-0-0\"  class=\"panel-grid-cell\" ><div id=\"panel-gb3073-69f23f9e8ab5d-0-0-0\" class=\"so-panel widget widget_media_image panel-first-child panel-last-child\" data-index=\"0\" ><img loading=\"lazy\" decoding=\"async\" width=\"2554\" height=\"10\" src=\"https:\/\/ikf.ac.at\/wp-content\/uploads\/2021\/01\/linie_IKF.jpg\" class=\"image wp-image-754  attachment-full size-full\" alt=\"\" style=\"max-width: 100%; height: auto;\" srcset=\"https:\/\/ikf.ac.at\/wp-content\/uploads\/2021\/01\/linie_IKF.jpg 2554w, https:\/\/ikf.ac.at\/wp-content\/uploads\/2021\/01\/linie_IKF-300x1.jpg 300w, https:\/\/ikf.ac.at\/wp-content\/uploads\/2021\/01\/linie_IKF-1024x4.jpg 1024w, https:\/\/ikf.ac.at\/wp-content\/uploads\/2021\/01\/linie_IKF-768x3.jpg 768w, https:\/\/ikf.ac.at\/wp-content\/uploads\/2021\/01\/linie_IKF-1536x6.jpg 1536w, https:\/\/ikf.ac.at\/wp-content\/uploads\/2021\/01\/linie_IKF-2048x8.jpg 2048w\" sizes=\"auto, (max-width: 2554px) 100vw, 2554px\" \/><\/div><\/div><\/div><\/div>\n\n\n<div style=\"color:#ddd\" class=\"wp-block-genesis-blocks-gb-spacer gb-block-spacer gb-divider-solid gb-divider-size-1\"><hr style=\"height:30px\"\/><\/div>\n\n\n<div id=\"pl-gb3073-69f23f9e8afdf\"  class=\"panel-layout\" ><div id=\"pg-gb3073-69f23f9e8afdf-0\"  class=\"panel-grid panel-no-style\" ><div id=\"pgc-gb3073-69f23f9e8afdf-0-0\"  class=\"panel-grid-cell panel-grid-cell-empty\" ><\/div><div id=\"pgc-gb3073-69f23f9e8afdf-0-1\"  class=\"panel-grid-cell\" ><div id=\"panel-gb3073-69f23f9e8afdf-0-1-0\" class=\"so-panel widget widget_sow-editor panel-first-child panel-last-child\" data-index=\"0\" ><div\n\t\t\t\n\t\t\tclass=\"so-widget-sow-editor so-widget-sow-editor-base\"\n\t\t\t\n\t\t>\n<div class=\"siteorigin-widget-tinymce textwidget\">\n\t<table style=\"height: 244px; width: 100%; border-collapse: collapse;\" border=\"1\" cellpadding=\"2\">\n<tbody>\n<tr style=\"height: 24px;\">\n<td style=\"width: 15.8421%; height: 24px;\">Project management:<\/td>\n<td style=\"width: 84.1578%; height: 24px;\" colspan=\"2\">Univ.-Prof. DDr. Manfried Welan<\/td>\n<\/tr>\n<tr style=\"height: 24px;\">\n<td style=\"width: 15.8421%; height: 24px;\">\n<hr \/>\n<\/td>\n<td style=\"width: 39.5713%; height: 24px;\">\n<hr \/>\n<\/td>\n<td style=\"width: 44.5865%; height: 24px;\"><\/td>\n<\/tr>\n<tr style=\"height: 24px;\">\n<td style=\"width: 15.8421%; height: 24px;\">Implementation:<\/td>\n<td style=\"width: 39.5713%; height: 24px;\" valign=\"top\" width=\"80%\">Dr. Christian Schaller<br \/>\nRobert Beck M.B.A.<\/td>\n<td style=\"width: 44.5865%; height: 24px;\"><\/td>\n<\/tr>\n<tr style=\"height: 24px;\">\n<td style=\"width: 15.8421%; height: 24px;\">\n<hr \/>\n<\/td>\n<td style=\"width: 39.5713%; height: 24px;\">\n<hr \/>\n<\/td>\n<td style=\"width: 44.5865%; height: 24px;\"><\/td>\n<\/tr>\n<tr style=\"height: 24px;\">\n<td style=\"width: 15.8421%; height: 24px;\">Funded by:<\/td>\n<td style=\"width: 84.1578%; height: 24px;\" colspan=\"2\">Anniversary Fund of the Austrian National Bank<\/td>\n<\/tr>\n<tr style=\"height: 24px;\">\n<td style=\"width: 15.8421%; height: 24px;\">\n<hr \/>\n<\/td>\n<td style=\"width: 39.5713%; height: 24px;\">\n<hr \/>\n<\/td>\n<td style=\"width: 44.5865%; height: 24px;\"><\/td>\n<\/tr>\n<tr style=\"height: 24px;\">\n<td style=\"width: 15.8421%; height: 24px;\">Completed in:<\/td>\n<td style=\"height: 24px; width: 84.1578%;\" colspan=\"2\">Dezember 2000<\/td>\n<\/tr>\n<\/tbody>\n<\/table>\n<\/div>\n<\/div><\/div><\/div><\/div><\/div>\n\n\n<div style=\"color:#404168\" class=\"wp-block-genesis-blocks-gb-spacer gb-block-spacer gb-divider-solid gb-spacer-divider gb-divider-size-1\"><hr style=\"height:3px\"\/><\/div>\n\n\n\n<div style=\"color:#404168\" class=\"wp-block-genesis-blocks-gb-spacer gb-block-spacer gb-divider-solid gb-divider-size-1\"><hr style=\"height:10px\"\/><\/div>\n\n\n<div id=\"pl-gb3073-69f23f9e8b458\"  class=\"panel-layout\" ><div id=\"pg-gb3073-69f23f9e8b458-0\"  class=\"panel-grid panel-no-style\" ><div id=\"pgc-gb3073-69f23f9e8b458-0-0\"  class=\"panel-grid-cell panel-grid-cell-empty\" ><\/div><div id=\"pgc-gb3073-69f23f9e8b458-0-1\"  class=\"panel-grid-cell panel-grid-cell-mobile-last\" ><div id=\"panel-gb3073-69f23f9e8b458-0-1-0\" class=\"so-panel widget widget_text panel-first-child panel-last-child\" data-index=\"0\" >\t\t\t<div class=\"textwidget\"><p align=\"justify\">Im Rahmen dieses abgeschlossenen Forschungsprojekts wurde versucht, in systematischer Form eine aktuelle Bestandsaufnahme von ausgew\u00e4hlten Aspekten der \u00f6sterreichischen Demokratiequalit\u00e4t, m\u00f6glicher Defizite und Ans\u00e4tze f\u00fcr Demokratiereformen vorzunehmen. Dies erfolgte angeregt von und im Vergleich mit dem umfangreichen britischen Forschungsprogramm &#8220;The Democratic Audit of the UK&#8221;, das sich bereits seit 1993 die Analyse und Bewertung der Demokratiequalit\u00e4t des Vereinigten K\u00f6nigreichs zum Ziel gesetzt hat. Das Forschungsteam konzentrierte sich auf eine Sekund\u00e4ranalyse vornehmlich politikwissenschaftlicher Literatur, erg\u00e4nzt um eigene Erhebungen.<\/p>\n<p align=\"justify\">Der Bericht gliedert sich in zwei Teilb\u00e4nde: Der\u00a0<em>erste Teilband<\/em>\u00a0stellt einleitend die Motivation f\u00fcr das Projekt und die Forschungskonzeption vor (Kap. 1 und 2). Nach einem \u00dcberblick \u00fcber theoretische und international vergleichende Literatur zur Konzeption und &#8220;Messung&#8221; von Demokratiequalit\u00e4t (Kap. 3) sowie einer Analyse und Dokumentation wesentlicher Arbeiten im Kontext dieses &#8220;Democratic Audit&#8221; (Kap. 4) werden in Kap. 5 in neun Teilkapiteln folgende Bereiche des \u00f6sterreichischen politischen Systems nach einem demokratietheoretisch orientierten Fragenraster zur Operationalisierung von Demokratiequalit\u00e4t untersucht:<\/p>\n<ul>\n<li>Das Verh\u00e4ltnis von Parlament und Regierung auf Bundesebene<\/li>\n<li>Das Verh\u00e4ltnis von Parlament und Regierung auf subnationaler Ebene<\/li>\n<li>Das Parteiensystem<\/li>\n<li>Das Verb\u00e4ndesystem<\/li>\n<li>Zivilgesellschaftliche Organisationen<\/li>\n<li>Das Wahlsystem<\/li>\n<li>Direkte Demokratie<\/li>\n<li>Aspekte von Geschlechterdemokratie<\/li>\n<li>Ein- und Ausschluss nicht-\u00f6sterreichischer Staatsb\u00fcrgerInnen hinsichtlich b\u00fcrgerlicher und politischer Rechte<\/li>\n<\/ul>\n<p align=\"justify\">Dort, wo es sinnvoll ist, versucht der Bericht eine knappe vergleichende Bilanz der britischen und \u00f6sterreichischen Untersuchungsergebnisse zu ziehen (Kap. 6) und identifiziert schlie\u00dflich offene Probleme und Fragestellungen, die sich im Zuge der Projektarbeiten ergeben haben (Kap. 7).<\/p>\n<p align=\"justify\">Aufgrund des Anliegens, die bis dato vorliegenden beiden zentralen Ergebnisb\u00e4nde des britischen Democratic Audit und andere wichtige Arbeiten genauer vorzustellen, entschlo\u00df sich das Projektteam, einen ausf\u00fchrlichen\u00a0<em>zweiten Teilband<\/em>\u00a0zu verfassen. Dieser dokumentiert v.a. erweiterte Zusammenfassungen der Kapitel von &#8220;The Three Pillars of Liberty. Political Rights and Freedoms in the United Kingdom&#8221; (Democratic Audit Volume 1) sowie von &#8220;Political Power and Democratic Control in Britain&#8221; (Democratic Audit Volume 2).<\/p>\n<\/div>\n\t\t<\/div><\/div><div id=\"pgc-gb3073-69f23f9e8b458-0-2\"  class=\"panel-grid-cell panel-grid-cell-empty\" ><\/div><\/div><\/div>\n\n\n<div style=\"color:#333\" class=\"wp-block-genesis-blocks-gb-spacer gb-block-spacer gb-divider-solid gb-spacer-divider gb-divider-size-1\"><hr style=\"height:100px\"\/><\/div>\n<\/div><\/div><\/div>","protected":false},"excerpt":{"rendered":"","protected":false},"author":2,"featured_media":0,"parent":633,"menu_order":42,"comment_status":"closed","ping_status":"closed","template":"","meta":{"footnotes":""},"class_list":["post-3073","page","type-page","status-publish","hentry","post"],"featured_image_src":null,"featured_image_src_square":null,"_links":{"self":[{"href":"https:\/\/ikf.ac.at\/en\/wp-json\/wp\/v2\/pages\/3073","targetHints":{"allow":["GET"]}}],"collection":[{"href":"https:\/\/ikf.ac.at\/en\/wp-json\/wp\/v2\/pages"}],"about":[{"href":"https:\/\/ikf.ac.at\/en\/wp-json\/wp\/v2\/types\/page"}],"author":[{"embeddable":true,"href":"https:\/\/ikf.ac.at\/en\/wp-json\/wp\/v2\/users\/2"}],"replies":[{"embeddable":true,"href":"https:\/\/ikf.ac.at\/en\/wp-json\/wp\/v2\/comments?post=3073"}],"version-history":[{"count":4,"href":"https:\/\/ikf.ac.at\/en\/wp-json\/wp\/v2\/pages\/3073\/revisions"}],"predecessor-version":[{"id":3077,"href":"https:\/\/ikf.ac.at\/en\/wp-json\/wp\/v2\/pages\/3073\/revisions\/3077"}],"up":[{"embeddable":true,"href":"https:\/\/ikf.ac.at\/en\/wp-json\/wp\/v2\/pages\/633"}],"wp:attachment":[{"href":"https:\/\/ikf.ac.at\/en\/wp-json\/wp\/v2\/media?parent=3073"}],"curies":[{"name":"wp","href":"https:\/\/api.w.org\/{rel}","templated":true}]}}