{"id":3016,"date":"2021-06-28T10:51:33","date_gmt":"2021-06-28T10:51:33","guid":{"rendered":"http:\/\/test-ikf.online\/?page_id=3016"},"modified":"2021-06-28T10:52:17","modified_gmt":"2021-06-28T10:52:17","slug":"2004-oesterreichische-und-juedische-identitaet","status":"publish","type":"page","link":"https:\/\/ikf.ac.at\/en\/schwerpunkte\/demokratie\/demokratieentwicklung\/2004-oesterreichische-und-juedische-identitaet","title":{"rendered":"2004: \u00d6sterreichische und j\u00fcdische Identit\u00e4t"},"content":{"rendered":"<div class=\"wp-block-atomic-blocks-ab-container alignfull ab-block-container\"><div class=\"ab-container-inside\"><div class=\"ab-container-content\"><div id=\"pl-gb3016-69e76642dde5a\"  class=\"panel-layout\" ><div id=\"pg-gb3016-69e76642dde5a-0\"  class=\"panel-grid panel-no-style\" ><div id=\"pgc-gb3016-69e76642dde5a-0-0\"  class=\"panel-grid-cell\" ><div id=\"panel-gb3016-69e76642dde5a-0-0-0\" class=\"so-panel widget widget_media_image panel-first-child panel-last-child\" data-index=\"0\" ><img loading=\"lazy\" decoding=\"async\" width=\"2554\" height=\"10\" src=\"https:\/\/ikf.ac.at\/wp-content\/uploads\/2021\/01\/linie_IKF.jpg\" class=\"image wp-image-754  attachment-full size-full\" alt=\"\" style=\"max-width: 100%; height: auto;\" srcset=\"https:\/\/ikf.ac.at\/wp-content\/uploads\/2021\/01\/linie_IKF.jpg 2554w, https:\/\/ikf.ac.at\/wp-content\/uploads\/2021\/01\/linie_IKF-300x1.jpg 300w, https:\/\/ikf.ac.at\/wp-content\/uploads\/2021\/01\/linie_IKF-1024x4.jpg 1024w, https:\/\/ikf.ac.at\/wp-content\/uploads\/2021\/01\/linie_IKF-768x3.jpg 768w, https:\/\/ikf.ac.at\/wp-content\/uploads\/2021\/01\/linie_IKF-1536x6.jpg 1536w, https:\/\/ikf.ac.at\/wp-content\/uploads\/2021\/01\/linie_IKF-2048x8.jpg 2048w\" sizes=\"auto, (max-width: 2554px) 100vw, 2554px\" \/><\/div><\/div><\/div><\/div>\n\n\n<div style=\"color:#ddd\" class=\"wp-block-genesis-blocks-gb-spacer gb-block-spacer gb-divider-solid gb-divider-size-1\"><hr style=\"height:30px\"\/><\/div>\n\n\n<div id=\"pl-gb3016-69e76642de27a\"  class=\"panel-layout\" ><div id=\"pg-gb3016-69e76642de27a-0\"  class=\"panel-grid panel-no-style\" ><div id=\"pgc-gb3016-69e76642de27a-0-0\"  class=\"panel-grid-cell panel-grid-cell-empty\" ><\/div><div id=\"pgc-gb3016-69e76642de27a-0-1\"  class=\"panel-grid-cell\" ><div id=\"panel-gb3016-69e76642de27a-0-1-0\" class=\"so-panel widget widget_sow-editor panel-first-child panel-last-child\" data-index=\"0\" ><div\n\t\t\t\n\t\t\tclass=\"so-widget-sow-editor so-widget-sow-editor-base\"\n\t\t\t\n\t\t>\n<div class=\"siteorigin-widget-tinymce textwidget\">\n\t<table style=\"height: 220px; width: 100%; border-collapse: collapse;\" border=\"1\" cellpadding=\"2\">\n<tbody>\n<tr style=\"height: 24px;\">\n<td style=\"width: 15.8421%; height: 24px;\">Project management:<\/td>\n<td style=\"width: 84.1578%; height: 24px;\" colspan=\"2\">Univ.-Prof. Dr. Anton Pelinka<\/td>\n<\/tr>\n<tr style=\"height: 24px;\">\n<td style=\"width: 15.8421%; height: 24px;\">\n<hr \/>\n<\/td>\n<td style=\"width: 48.2634%; height: 24px;\">\n<hr \/>\n<\/td>\n<td style=\"width: 35.8944%; height: 24px;\"><\/td>\n<\/tr>\n<tr style=\"height: 24px;\">\n<td style=\"width: 15.8421%; height: 24px;\">Implementation:<\/td>\n<td style=\"width: 84.1578%; height: 24px;\" colspan=\"2\">DDr. Hubert Sickinger<br \/>\nMMag.<sup>a<\/sup> Karin St\u00f6gner<br \/>\nUniv.-Prof. Dr. Robert S. Wistrich (Hebrew University of Jerusalem)<\/td>\n<\/tr>\n<tr style=\"height: 24px;\">\n<td style=\"width: 15.8421%; height: 24px;\">\n<hr \/>\n<\/td>\n<td style=\"width: 48.2634%; height: 24px;\">\n<hr \/>\n<\/td>\n<td style=\"width: 35.8944%; height: 24px;\"><\/td>\n<\/tr>\n<tr style=\"height: 24px;\">\n<td style=\"width: 15.8421%; height: 24px;\">Funded by:<\/td>\n<td style=\"width: 84.1578%; height: 24px;\" colspan=\"2\">Jubil\u00e4umsfonds der \u00d6sterreichischen Nationalbank, Projekt Nr. 9934<\/td>\n<\/tr>\n<tr style=\"height: 24px;\">\n<td style=\"width: 15.8421%; height: 24px;\">\n<hr \/>\n<\/td>\n<td style=\"width: 48.2634%; height: 24px;\">\n<hr \/>\n<\/td>\n<td style=\"width: 35.8944%; height: 24px;\"><\/td>\n<\/tr>\n<tr style=\"height: 24px;\">\n<td style=\"width: 15.8421%; height: 24px;\">Completed in:<\/td>\n<td style=\"height: 24px; width: 84.1578%;\" colspan=\"2\">Januar 2004<\/td>\n<\/tr>\n<\/tbody>\n<\/table>\n<\/div>\n<\/div><\/div><\/div><\/div><\/div>\n\n\n<div style=\"color:#404168\" class=\"wp-block-genesis-blocks-gb-spacer gb-block-spacer gb-divider-solid gb-spacer-divider gb-divider-size-1\"><hr style=\"height:3px\"\/><\/div>\n\n\n\n<div style=\"color:#404168\" class=\"wp-block-genesis-blocks-gb-spacer gb-block-spacer gb-divider-solid gb-divider-size-1\"><hr style=\"height:10px\"\/><\/div>\n\n\n<div id=\"pl-gb3016-69e76642de685\"  class=\"panel-layout\" ><div id=\"pg-gb3016-69e76642de685-0\"  class=\"panel-grid panel-no-style\" ><div id=\"pgc-gb3016-69e76642de685-0-0\"  class=\"panel-grid-cell panel-grid-cell-empty\" ><\/div><div id=\"pgc-gb3016-69e76642de685-0-1\"  class=\"panel-grid-cell panel-grid-cell-mobile-last\" ><div id=\"panel-gb3016-69e76642de685-0-1-0\" class=\"so-panel widget widget_text panel-first-child panel-last-child\" data-index=\"0\" >\t\t\t<div class=\"textwidget\"><p align=\"justify\">Das Forschungsprojekt war Teil eines umfassenden Projektes, das von Prof. Robert S. Wistrich von der Hebrew University of Jerusalem \u2013 im Zusammenhang mit dem von ihm dort geleiteten &#8220;Center for Austrian Studies&#8221; \u2013 entwickelt worden ist. Das Projekt zielte auf eine umfassende Darstellung des Spannungsverh\u00e4ltnisses \u00f6sterreichischer Identit\u00e4t in Europa und j\u00fcdischer Identit\u00e4t in \u00d6sterreich seit dem 19. Jahrhundert. Erkenntnisleitendes Interesse aller Teile des Projektberichts ist die Frage: In welchem Ausma\u00df reflektiert und beeinflusst der Wandel j\u00fcdischer Identit\u00e4t (v.a. in \u00d6sterreich) den Wandel \u00f6sterreichischer Identit\u00e4t \u2013 und in welchem Ausma\u00df ist j\u00fcdische Identit\u00e4t in \u00d6sterreich auch eine Folge \u00f6sterreichischer Identit\u00e4t?<\/p>\n<p align=\"justify\">Der Projektbericht besteht aus zwei Teilen zu unterschiedlichen historischen Perioden:<\/p>\n<p align=\"justify\"><em>1.) J\u00fcdische Identit\u00e4ten in \u00d6sterreich im Zeitraum von 1848 bis 1938<\/em>: Ziel dieses von Robert Wistrich verfassten Projektteiles ist es, zusammenfassende Thesen der Beziehungen zwischen \u00d6sterreicherInnen und Juden\/J\u00fcdinnen in Verbindung mit der Frage nach nationaler Identit\u00e4t im 19. und 20. Jahrhundert aufzustellen. Die Darstellung kreist um eine (Neu-)Bewertung bestimmter Schl\u00fcsselthemen im Lichte der Frage nach der Konstruktion von Identit\u00e4ten. Nach einem Abriss der Entwicklung des Status von Juden und J\u00fcdinnen in der Habsburger Monarchie bis zum Ersten Weltkrieg wird die Zeit vom Fin de si\u00e8cle bis 1938 in erster Linie anhand von exemplarischen Darstellungen nachgezeichnet, die etwa um Theodor Herzl, Karl Kraus und Sigmund Freud kreisen. Weiters wird die Entwicklung des Antisemitismus in Wien von Sch\u00f6nerer und Lueger bis Hitler dargestellt.<\/p>\n<p align=\"justify\"><em>2.) \u00d6sterreichische und j\u00fcdische Identit\u00e4ten nach 1945<\/em>: Auch hier erfolgte eine exemplarische Fokussierung auf bestimmte Aspekte bei st\u00e4ndiger R\u00fcckbesinnung auf die Shoah und ihre Auswirkungen auf die Bildung von Identit\u00e4t in \u00d6sterreich. Als Aufh\u00e4nger f\u00fcr eine derartige Besch\u00e4ftigung mit dem Themenkomplex wurden Bruno Kreisky (bearbeitet von Karin St\u00f6gner) und J\u00f6rg Haider (bearbeitet von Hubert Sickinger) ausgew\u00e4hlt. Im Gegensatz zu einer rein biographischen Herangehensweise wurden diese beiden Fallgeschichten zum Anlass genommen, das Ineinanderwirken verschiedener Identit\u00e4tskonzepte in \u00d6sterreich nach 1945 zu reflektieren. Auf diesem Wege wird auch die Wechselwirkung zwischen Identit\u00e4t und dem \u00f6sterreichischen kollektiven Ged\u00e4chtnis einbezogen.<\/p>\n<\/div>\n\t\t<\/div><\/div><div id=\"pgc-gb3016-69e76642de685-0-2\"  class=\"panel-grid-cell panel-grid-cell-empty\" ><\/div><\/div><\/div>\n\n\n<div style=\"color:#333\" class=\"wp-block-genesis-blocks-gb-spacer gb-block-spacer gb-divider-solid gb-spacer-divider gb-divider-size-1\"><hr style=\"height:100px\"\/><\/div>\n<\/div><\/div><\/div>","protected":false},"excerpt":{"rendered":"","protected":false},"author":2,"featured_media":0,"parent":633,"menu_order":35,"comment_status":"closed","ping_status":"closed","template":"","meta":{"footnotes":""},"class_list":["post-3016","page","type-page","status-publish","hentry","post"],"featured_image_src":null,"featured_image_src_square":null,"_links":{"self":[{"href":"https:\/\/ikf.ac.at\/en\/wp-json\/wp\/v2\/pages\/3016","targetHints":{"allow":["GET"]}}],"collection":[{"href":"https:\/\/ikf.ac.at\/en\/wp-json\/wp\/v2\/pages"}],"about":[{"href":"https:\/\/ikf.ac.at\/en\/wp-json\/wp\/v2\/types\/page"}],"author":[{"embeddable":true,"href":"https:\/\/ikf.ac.at\/en\/wp-json\/wp\/v2\/users\/2"}],"replies":[{"embeddable":true,"href":"https:\/\/ikf.ac.at\/en\/wp-json\/wp\/v2\/comments?post=3016"}],"version-history":[{"count":3,"href":"https:\/\/ikf.ac.at\/en\/wp-json\/wp\/v2\/pages\/3016\/revisions"}],"predecessor-version":[{"id":3043,"href":"https:\/\/ikf.ac.at\/en\/wp-json\/wp\/v2\/pages\/3016\/revisions\/3043"}],"up":[{"embeddable":true,"href":"https:\/\/ikf.ac.at\/en\/wp-json\/wp\/v2\/pages\/633"}],"wp:attachment":[{"href":"https:\/\/ikf.ac.at\/en\/wp-json\/wp\/v2\/media?parent=3016"}],"curies":[{"name":"wp","href":"https:\/\/api.w.org\/{rel}","templated":true}]}}