{"id":3013,"date":"2021-06-28T10:46:47","date_gmt":"2021-06-28T10:46:47","guid":{"rendered":"http:\/\/test-ikf.online\/?page_id=3013"},"modified":"2021-06-28T10:47:33","modified_gmt":"2021-06-28T10:47:33","slug":"2004-bezirkspolitik-in-wien","status":"publish","type":"page","link":"https:\/\/ikf.ac.at\/en\/schwerpunkte\/demokratie\/demokratieentwicklung\/2004-bezirkspolitik-in-wien","title":{"rendered":"2004: Bezirkspolitik in Wien"},"content":{"rendered":"<div class=\"wp-block-atomic-blocks-ab-container alignfull ab-block-container\"><div class=\"ab-container-inside\"><div class=\"ab-container-content\"><div id=\"pl-gb3013-69e772bfc7ba4\"  class=\"panel-layout\" ><div id=\"pg-gb3013-69e772bfc7ba4-0\"  class=\"panel-grid panel-no-style\" ><div id=\"pgc-gb3013-69e772bfc7ba4-0-0\"  class=\"panel-grid-cell\" ><div id=\"panel-gb3013-69e772bfc7ba4-0-0-0\" class=\"so-panel widget widget_media_image panel-first-child panel-last-child\" data-index=\"0\" ><img loading=\"lazy\" decoding=\"async\" width=\"2554\" height=\"10\" src=\"https:\/\/ikf.ac.at\/wp-content\/uploads\/2021\/01\/linie_IKF.jpg\" class=\"image wp-image-754  attachment-full size-full\" alt=\"\" style=\"max-width: 100%; height: auto;\" srcset=\"https:\/\/ikf.ac.at\/wp-content\/uploads\/2021\/01\/linie_IKF.jpg 2554w, https:\/\/ikf.ac.at\/wp-content\/uploads\/2021\/01\/linie_IKF-300x1.jpg 300w, https:\/\/ikf.ac.at\/wp-content\/uploads\/2021\/01\/linie_IKF-1024x4.jpg 1024w, https:\/\/ikf.ac.at\/wp-content\/uploads\/2021\/01\/linie_IKF-768x3.jpg 768w, https:\/\/ikf.ac.at\/wp-content\/uploads\/2021\/01\/linie_IKF-1536x6.jpg 1536w, https:\/\/ikf.ac.at\/wp-content\/uploads\/2021\/01\/linie_IKF-2048x8.jpg 2048w\" sizes=\"auto, (max-width: 2554px) 100vw, 2554px\" \/><\/div><\/div><\/div><\/div>\n\n\n<div style=\"color:#ddd\" class=\"wp-block-genesis-blocks-gb-spacer gb-block-spacer gb-divider-solid gb-divider-size-1\"><hr style=\"height:30px\"\/><\/div>\n\n\n<div id=\"pl-gb3013-69e772bfc83df\"  class=\"panel-layout\" ><div id=\"pg-gb3013-69e772bfc83df-0\"  class=\"panel-grid panel-no-style\" ><div id=\"pgc-gb3013-69e772bfc83df-0-0\"  class=\"panel-grid-cell panel-grid-cell-empty\" ><\/div><div id=\"pgc-gb3013-69e772bfc83df-0-1\"  class=\"panel-grid-cell\" ><div id=\"panel-gb3013-69e772bfc83df-0-1-0\" class=\"so-panel widget widget_sow-editor panel-first-child panel-last-child\" data-index=\"0\" ><div\n\t\t\t\n\t\t\tclass=\"so-widget-sow-editor so-widget-sow-editor-base\"\n\t\t\t\n\t\t>\n<div class=\"siteorigin-widget-tinymce textwidget\">\n\t<table style=\"height: 100px; width: 100%; border-collapse: collapse;\" border=\"1\" cellpadding=\"2\">\n<tbody>\n<tr style=\"height: 24px;\">\n<td style=\"width: 15.8421%; height: 24px;\">Project management:<\/td>\n<td style=\"width: 84.1578%; height: 24px;\" colspan=\"2\">Univ.-Prof. DDr. Manfried Welan<\/td>\n<\/tr>\n<tr>\n<td style=\"width: 15.8421%;\">\n<hr \/>\n<\/td>\n<td style=\"width: 51.6753%;\">\n<hr \/>\n<\/td>\n<td style=\"width: 32.4825%; height: 24px;\"><\/td>\n<\/tr>\n<tr>\n<td style=\"width: 15.8421%;\">Implementation:<\/td>\n<td style=\"width: 84.1578%;\" colspan=\"2\">DDr. Hubert Sickinger<\/td>\n<\/tr>\n<tr>\n<td style=\"width: 15.8421%;\">\n<hr \/>\n<\/td>\n<td style=\"width: 51.6753%;\">\n<hr \/>\n<\/td>\n<td style=\"width: 32.4825%;\"><\/td>\n<\/tr>\n<tr>\n<td style=\"width: 15.8421%;\">Funded by:<\/td>\n<td style=\"width: 84.1578%;\" colspan=\"2\">Jubil\u00e4umsfonds der \u00d6sterreichischen Nationalbank, Projekt Nr. 10163<\/td>\n<\/tr>\n<tr>\n<td style=\"width: 15.8421%;\">\n<hr \/>\n<\/td>\n<td style=\"width: 51.6753%;\">\n<hr \/>\n<\/td>\n<td style=\"width: 32.4825%; height: 24px;\"><\/td>\n<\/tr>\n<tr style=\"height: 24px;\">\n<td style=\"width: 15.8421%; height: 24px;\">Completed in:<\/td>\n<td style=\"height: 24px; width: 84.1578%;\" colspan=\"2\">Oktober 2004<\/td>\n<\/tr>\n<\/tbody>\n<\/table>\n<\/div>\n<\/div><\/div><\/div><\/div><\/div>\n\n\n<div style=\"color:#404168\" class=\"wp-block-genesis-blocks-gb-spacer gb-block-spacer gb-divider-solid gb-spacer-divider gb-divider-size-1\"><hr style=\"height:3px\"\/><\/div>\n\n\n\n<div style=\"color:#404168\" class=\"wp-block-genesis-blocks-gb-spacer gb-block-spacer gb-divider-solid gb-divider-size-1\"><hr style=\"height:10px\"\/><\/div>\n\n\n<div id=\"pl-gb3013-69e772bfc8a90\"  class=\"panel-layout\" ><div id=\"pg-gb3013-69e772bfc8a90-0\"  class=\"panel-grid panel-no-style\" ><div id=\"pgc-gb3013-69e772bfc8a90-0-0\"  class=\"panel-grid-cell panel-grid-cell-empty\" ><\/div><div id=\"pgc-gb3013-69e772bfc8a90-0-1\"  class=\"panel-grid-cell panel-grid-cell-mobile-last\" ><div id=\"panel-gb3013-69e772bfc8a90-0-1-0\" class=\"so-panel widget widget_text panel-first-child panel-last-child\" data-index=\"0\" >\t\t\t<div class=\"textwidget\"><p align=\"justify\">Der Projektbericht beschreibt auf Basis einer Interviewreihe mit allen amtierenden Wiener BezirksvorsteherInnen (BV) sowie einer erg\u00e4nzenden, in vier Bezirken (7.\/Neubau, 12.\/Meidling, 19.\/D\u00f6bling, 21.\/Floridsdorf) durchgef\u00fchrten zweiten Interviewserie aller BV, BV-StellvertreterInnen und Bezirks-Klubvorsitzenden zentrale Aspekte der Wiener Bezirkspolitik.<\/p>\n<p align=\"justify\">Der Bericht enth\u00e4lt erstens eine systematische Darstellung der BV als Teil der Wiener\/\u00f6sterreichischen politischen Elite (innerparteiliche Stellung, Amtsverst\u00e4ndnis, Politikstile), sowie der \u00fcbrigen (auch ehrenamtlichen) Wiener BezirkspolitikerInnen. Zweitens wird die Bezirksebene als Teil des Wiener Parteiensystems analysiert. Drittens wird die &#8220;Verfassungswirklichkeit&#8221; der Organe der Wiener Bezirksautonomie (Bezirksvertretungen, Aussch\u00fcsse und Kommissionen) analysiert. Ein eigener Abschnitt gilt der Darstellung der typischen Themen und Problemstellungen der Wiener Bezirkspolitik. Den Abschluss bilden Fallstudien zur Politik in den vier Bezirken, welche die vertiefende empirische Basis f\u00fcr die Untersuchung bilden.<\/p>\n<\/div>\n\t\t<\/div><\/div><div id=\"pgc-gb3013-69e772bfc8a90-0-2\"  class=\"panel-grid-cell panel-grid-cell-empty\" ><\/div><\/div><\/div>\n\n\n<div style=\"color:#333\" class=\"wp-block-genesis-blocks-gb-spacer gb-block-spacer gb-divider-solid gb-spacer-divider gb-divider-size-1\"><hr style=\"height:100px\"\/><\/div>\n<\/div><\/div><\/div>","protected":false},"excerpt":{"rendered":"","protected":false},"author":2,"featured_media":0,"parent":633,"menu_order":34,"comment_status":"closed","ping_status":"closed","template":"","meta":{"footnotes":""},"class_list":["post-3013","page","type-page","status-publish","hentry","post"],"featured_image_src":null,"featured_image_src_square":null,"_links":{"self":[{"href":"https:\/\/ikf.ac.at\/en\/wp-json\/wp\/v2\/pages\/3013","targetHints":{"allow":["GET"]}}],"collection":[{"href":"https:\/\/ikf.ac.at\/en\/wp-json\/wp\/v2\/pages"}],"about":[{"href":"https:\/\/ikf.ac.at\/en\/wp-json\/wp\/v2\/types\/page"}],"author":[{"embeddable":true,"href":"https:\/\/ikf.ac.at\/en\/wp-json\/wp\/v2\/users\/2"}],"replies":[{"embeddable":true,"href":"https:\/\/ikf.ac.at\/en\/wp-json\/wp\/v2\/comments?post=3013"}],"version-history":[{"count":2,"href":"https:\/\/ikf.ac.at\/en\/wp-json\/wp\/v2\/pages\/3013\/revisions"}],"predecessor-version":[{"id":3015,"href":"https:\/\/ikf.ac.at\/en\/wp-json\/wp\/v2\/pages\/3013\/revisions\/3015"}],"up":[{"embeddable":true,"href":"https:\/\/ikf.ac.at\/en\/wp-json\/wp\/v2\/pages\/633"}],"wp:attachment":[{"href":"https:\/\/ikf.ac.at\/en\/wp-json\/wp\/v2\/media?parent=3013"}],"curies":[{"name":"wp","href":"https:\/\/api.w.org\/{rel}","templated":true}]}}