{"id":3007,"date":"2021-06-28T10:10:17","date_gmt":"2021-06-28T10:10:17","guid":{"rendered":"http:\/\/test-ikf.online\/?page_id=3007"},"modified":"2021-06-28T10:11:14","modified_gmt":"2021-06-28T10:11:14","slug":"2005-das-neue-oesterreich-ausstellung-staatsvertragsjubilaeum-1955-2005","status":"publish","type":"page","link":"https:\/\/ikf.ac.at\/en\/schwerpunkte\/demokratie\/demokratieentwicklung\/2005-das-neue-oesterreich-ausstellung-staatsvertragsjubilaeum-1955-2005","title":{"rendered":"2005: &#8220;Das neue \u00d6sterreich&#8221; \u2013 Die Ausstellung zum Staatsvertragsjubil\u00e4um 1955\/2005"},"content":{"rendered":"<div class=\"wp-block-atomic-blocks-ab-container alignfull ab-block-container\"><div class=\"ab-container-inside\"><div class=\"ab-container-content\"><div id=\"pl-gb3007-69e762c546f5b\"  class=\"panel-layout\" ><div id=\"pg-gb3007-69e762c546f5b-0\"  class=\"panel-grid panel-no-style\" ><div id=\"pgc-gb3007-69e762c546f5b-0-0\"  class=\"panel-grid-cell\" ><div id=\"panel-gb3007-69e762c546f5b-0-0-0\" class=\"so-panel widget widget_media_image panel-first-child panel-last-child\" data-index=\"0\" ><img loading=\"lazy\" decoding=\"async\" width=\"2554\" height=\"10\" src=\"https:\/\/ikf.ac.at\/wp-content\/uploads\/2021\/01\/linie_IKF.jpg\" class=\"image wp-image-754  attachment-full size-full\" alt=\"\" style=\"max-width: 100%; height: auto;\" srcset=\"https:\/\/ikf.ac.at\/wp-content\/uploads\/2021\/01\/linie_IKF.jpg 2554w, https:\/\/ikf.ac.at\/wp-content\/uploads\/2021\/01\/linie_IKF-300x1.jpg 300w, https:\/\/ikf.ac.at\/wp-content\/uploads\/2021\/01\/linie_IKF-1024x4.jpg 1024w, https:\/\/ikf.ac.at\/wp-content\/uploads\/2021\/01\/linie_IKF-768x3.jpg 768w, https:\/\/ikf.ac.at\/wp-content\/uploads\/2021\/01\/linie_IKF-1536x6.jpg 1536w, https:\/\/ikf.ac.at\/wp-content\/uploads\/2021\/01\/linie_IKF-2048x8.jpg 2048w\" sizes=\"auto, (max-width: 2554px) 100vw, 2554px\" \/><\/div><\/div><\/div><\/div>\n\n\n<div style=\"color:#ddd\" class=\"wp-block-genesis-blocks-gb-spacer gb-block-spacer gb-divider-solid gb-divider-size-1\"><hr style=\"height:30px\"\/><\/div>\n\n\n<div id=\"pl-gb3007-69e762c547467\"  class=\"panel-layout\" ><div id=\"pg-gb3007-69e762c547467-0\"  class=\"panel-grid panel-no-style\" ><div id=\"pgc-gb3007-69e762c547467-0-0\"  class=\"panel-grid-cell panel-grid-cell-empty\" ><\/div><div id=\"pgc-gb3007-69e762c547467-0-1\"  class=\"panel-grid-cell\" ><div id=\"panel-gb3007-69e762c547467-0-1-0\" class=\"so-panel widget widget_sow-editor panel-first-child panel-last-child\" data-index=\"0\" ><div\n\t\t\t\n\t\t\tclass=\"so-widget-sow-editor so-widget-sow-editor-base\"\n\t\t\t\n\t\t>\n<div class=\"siteorigin-widget-tinymce textwidget\">\n\t<table style=\"height: 100px; width: 100%; border-collapse: collapse;\" border=\"1\" cellpadding=\"2\">\n<tbody>\n<tr style=\"height: 24px;\">\n<td style=\"width: 15.8421%; height: 24px;\">Project management:<\/td>\n<td style=\"width: 84.1578%; height: 24px;\" colspan=\"2\">Univ.-Prof. Dr. Anton Pelinka<\/td>\n<\/tr>\n<tr>\n<td style=\"width: 15.8421%;\">\n<hr \/>\n<\/td>\n<td style=\"width: 39.5713%;\">\n<hr \/>\n<\/td>\n<td style=\"width: 44.5865%; height: 24px;\"><\/td>\n<\/tr>\n<tr>\n<td style=\"width: 15.8421%;\">Implementation:<\/td>\n<td style=\"width: 84.1578%;\" colspan=\"2\">Mag. Walter J. Fend<br \/>\nDr.<sup>in<\/sup> Brigitte Halbmayr<br \/>\nao. Univ.-Prof. Dr. Walter Manoschek (Konsulent)<\/td>\n<\/tr>\n<tr>\n<td style=\"width: 15.8421%;\">\n<hr \/>\n<\/td>\n<td style=\"width: 39.5713%;\">\n<hr \/>\n<\/td>\n<td style=\"width: 44.5865%;\"><\/td>\n<\/tr>\n<tr>\n<td style=\"width: 15.8421%;\">Funded by:<\/td>\n<td style=\"width: 84.1578%;\" colspan=\"2\">\u00d6sterreichische Galerie Belvedere<\/td>\n<\/tr>\n<tr>\n<td style=\"width: 15.8421%;\">\n<hr \/>\n<\/td>\n<td style=\"width: 39.5713%;\">\n<hr \/>\n<\/td>\n<td style=\"width: 44.5865%; height: 24px;\"><\/td>\n<\/tr>\n<tr style=\"height: 24px;\">\n<td style=\"width: 15.8421%; height: 24px;\">Completed in:<\/td>\n<td style=\"height: 24px; width: 84.1578%;\" colspan=\"2\">Mai 2005<\/td>\n<\/tr>\n<\/tbody>\n<\/table>\n<\/div>\n<\/div><\/div><\/div><\/div><\/div>\n\n\n<div style=\"color:#404168\" class=\"wp-block-genesis-blocks-gb-spacer gb-block-spacer gb-divider-solid gb-spacer-divider gb-divider-size-1\"><hr style=\"height:3px\"\/><\/div>\n\n\n\n<div style=\"color:#404168\" class=\"wp-block-genesis-blocks-gb-spacer gb-block-spacer gb-divider-solid gb-divider-size-1\"><hr style=\"height:10px\"\/><\/div>\n\n\n<div id=\"pl-gb3007-69e762c547895\"  class=\"panel-layout\" ><div id=\"pg-gb3007-69e762c547895-0\"  class=\"panel-grid panel-no-style\" ><div id=\"pgc-gb3007-69e762c547895-0-0\"  class=\"panel-grid-cell panel-grid-cell-empty\" ><\/div><div id=\"pgc-gb3007-69e762c547895-0-1\"  class=\"panel-grid-cell panel-grid-cell-mobile-last\" ><div id=\"panel-gb3007-69e762c547895-0-1-0\" class=\"so-panel widget widget_text panel-first-child panel-last-child\" data-index=\"0\" >\t\t\t<div class=\"textwidget\"><p align=\"justify\">Anl\u00e4sslich des &#8220;Gedankenjahres&#8221; 2005 fand im Oberen Belvedere die Ausstellung zum Staatsvertragsjubil\u00e4um statt. Der zeitliche Bogen spannte sich vom Ersten Weltkrieg und dem Ende der Monarchie bis zur Aufnahme \u00d6sterreichs in die Europ\u00e4ische Union. Das Zentrum der Ausstellung bildete der Marmorsaal als historischer Ort der Vertragsunterzeichnung des Jahres 1955. Zur Vermittlung der Inhalte waren drei Ebenen konzipiert, die sich durch den ganzen Ausstellungsbereich zogen. Zum einen waren dies die Originalexponate, welche die kognitive Wahrnehmung ansprechen sollten, zum anderen bildete ein rot-wei\u00df-rotes Fahnenband den Tr\u00e4ger f\u00fcr multimediale Gestaltungselemente, welche die sensorische Perzeption anregen sollten. Schlussendlich erg\u00e4nzte die &#8220;Kunstschiene&#8221; die Konzeption: In allen R\u00e4umen wurden zur jeweiligen Epoche passende Werke gezeigt.<\/p>\n<p align=\"justify\">Das IKF wurde mit der wissenschaftlichen Gestaltung des Bereiches Zwischenkriegszeit betraut. Im Zentrum der \u00dcberlegungen hinsichtlich der Gestaltung der R\u00e4ume standen einerseits die gesellschaftlichen Fragmentierungen sowie der wachsende politische Dissens jener Periode. Andererseits bestand trotz alledem auch Konsens zwischen den verfeindeten politischen Lagern. Gemeinsam war allen der Antisemitismus und das Deutschtum bzw. der Anschlussgedanke, ungeachtet der jeweiligen unterschiedlichen Ausformungen. Im deutschnationalen Lager war ein biologistischer, rassistischer Antisemitismus zentrale Programmatik; im katholisch-konservativen Lager war dieser Antisemitismus vor allem Teil der allt\u00e4glichen Rhetorik; im sozialdemokratischen Lager programmatisch nicht vorhanden, aber in Teilen der Basis sehr wohl pr\u00e4sent. Gerade anhand der Spezifika der Zwischenkriegszeit sollte auch versucht werden, die Unterschiede zum &#8220;neuen&#8221; \u00d6sterreich nach 1945 verst\u00e4ndlich zu machen. Selbiges wurde \u00fcberdies durch einen Katalog unterst\u00fctzt, welcher auf Deutsch und in den Sprachen der Signatarm\u00e4chte erschien.<\/p>\n<p align=\"justify\">Zu den ausgestellten Schl\u00fcsseldokumenten der Zwischenkriegszeit z\u00e4hlten unter anderem der Staatsvertrag von Saint Germain von 1919, das Konkordat von 1933\/34, aber auch die Protestnote Mexikos gegen den Anschluss \u00d6sterreichs an das &#8220;Dritte Reich&#8221;. Dem Plakat als einem sehr wichtigen Medium der Zwischenkriegszeit kam eine herausragende Rolle im Ausstellungsbereich zu. Zahlreiche Plakate zu den diversen Volksabstimmungen in den unmittelbaren Nachkriegsjahren \u2013 von Vorarlberg bis zum Burgenland \u2013 wurden ebenso gezeigt wie solche zur Thematik des Antisemitismus und zur Verfeindung der politischen Lager. B\u00fccher, Bilder, Film- und Tonsequenzen dienten ebenso der Vermittlung wie die Originalgem\u00e4lde aus dieser von Konflikten gepr\u00e4gten Epoche.<\/p>\n<\/div>\n\t\t<\/div><\/div><div id=\"pgc-gb3007-69e762c547895-0-2\"  class=\"panel-grid-cell panel-grid-cell-empty\" ><\/div><\/div><\/div>\n\n\n<div style=\"color:#333\" class=\"wp-block-genesis-blocks-gb-spacer gb-block-spacer gb-divider-solid gb-spacer-divider gb-divider-size-1\"><hr style=\"height:100px\"\/><\/div>\n<\/div><\/div><\/div>","protected":false},"excerpt":{"rendered":"","protected":false},"author":2,"featured_media":0,"parent":633,"menu_order":32,"comment_status":"closed","ping_status":"closed","template":"","meta":{"footnotes":""},"class_list":["post-3007","page","type-page","status-publish","hentry","post"],"featured_image_src":null,"featured_image_src_square":null,"_links":{"self":[{"href":"https:\/\/ikf.ac.at\/en\/wp-json\/wp\/v2\/pages\/3007","targetHints":{"allow":["GET"]}}],"collection":[{"href":"https:\/\/ikf.ac.at\/en\/wp-json\/wp\/v2\/pages"}],"about":[{"href":"https:\/\/ikf.ac.at\/en\/wp-json\/wp\/v2\/types\/page"}],"author":[{"embeddable":true,"href":"https:\/\/ikf.ac.at\/en\/wp-json\/wp\/v2\/users\/2"}],"replies":[{"embeddable":true,"href":"https:\/\/ikf.ac.at\/en\/wp-json\/wp\/v2\/comments?post=3007"}],"version-history":[{"count":1,"href":"https:\/\/ikf.ac.at\/en\/wp-json\/wp\/v2\/pages\/3007\/revisions"}],"predecessor-version":[{"id":3008,"href":"https:\/\/ikf.ac.at\/en\/wp-json\/wp\/v2\/pages\/3007\/revisions\/3008"}],"up":[{"embeddable":true,"href":"https:\/\/ikf.ac.at\/en\/wp-json\/wp\/v2\/pages\/633"}],"wp:attachment":[{"href":"https:\/\/ikf.ac.at\/en\/wp-json\/wp\/v2\/media?parent=3007"}],"curies":[{"name":"wp","href":"https:\/\/api.w.org\/{rel}","templated":true}]}}