{"id":3001,"date":"2021-06-28T09:56:19","date_gmt":"2021-06-28T09:56:19","guid":{"rendered":"http:\/\/test-ikf.online\/?page_id=3001"},"modified":"2021-06-28T09:57:11","modified_gmt":"2021-06-28T09:57:11","slug":"2008-demokratie-messen","status":"publish","type":"page","link":"https:\/\/ikf.ac.at\/en\/schwerpunkte\/demokratie\/demokratieentwicklung\/2008-demokratie-messen","title":{"rendered":"2008: &#8220;Demokratie messen?&#8221;"},"content":{"rendered":"<div class=\"wp-block-atomic-blocks-ab-container alignfull ab-block-container\"><div class=\"ab-container-inside\"><div class=\"ab-container-content\"><div id=\"pl-gb3001-69e75eedc6b87\"  class=\"panel-layout\" ><div id=\"pg-gb3001-69e75eedc6b87-0\"  class=\"panel-grid panel-no-style\" ><div id=\"pgc-gb3001-69e75eedc6b87-0-0\"  class=\"panel-grid-cell\" ><div id=\"panel-gb3001-69e75eedc6b87-0-0-0\" class=\"so-panel widget widget_media_image panel-first-child panel-last-child\" data-index=\"0\" ><img loading=\"lazy\" decoding=\"async\" width=\"2554\" height=\"10\" src=\"https:\/\/ikf.ac.at\/wp-content\/uploads\/2021\/01\/linie_IKF.jpg\" class=\"image wp-image-754  attachment-full size-full\" alt=\"\" style=\"max-width: 100%; height: auto;\" srcset=\"https:\/\/ikf.ac.at\/wp-content\/uploads\/2021\/01\/linie_IKF.jpg 2554w, https:\/\/ikf.ac.at\/wp-content\/uploads\/2021\/01\/linie_IKF-300x1.jpg 300w, https:\/\/ikf.ac.at\/wp-content\/uploads\/2021\/01\/linie_IKF-1024x4.jpg 1024w, https:\/\/ikf.ac.at\/wp-content\/uploads\/2021\/01\/linie_IKF-768x3.jpg 768w, https:\/\/ikf.ac.at\/wp-content\/uploads\/2021\/01\/linie_IKF-1536x6.jpg 1536w, https:\/\/ikf.ac.at\/wp-content\/uploads\/2021\/01\/linie_IKF-2048x8.jpg 2048w\" sizes=\"auto, (max-width: 2554px) 100vw, 2554px\" \/><\/div><\/div><\/div><\/div>\n\n\n<div style=\"color:#ddd\" class=\"wp-block-genesis-blocks-gb-spacer gb-block-spacer gb-divider-solid gb-divider-size-1\"><hr style=\"height:30px\"\/><\/div>\n\n\n<div id=\"pl-gb3001-69e75eedc7450\"  class=\"panel-layout\" ><div id=\"pg-gb3001-69e75eedc7450-0\"  class=\"panel-grid panel-no-style\" ><div id=\"pgc-gb3001-69e75eedc7450-0-0\"  class=\"panel-grid-cell panel-grid-cell-empty\" ><\/div><div id=\"pgc-gb3001-69e75eedc7450-0-1\"  class=\"panel-grid-cell\" ><div id=\"panel-gb3001-69e75eedc7450-0-1-0\" class=\"so-panel widget widget_sow-editor panel-first-child panel-last-child\" data-index=\"0\" ><div\n\t\t\t\n\t\t\tclass=\"so-widget-sow-editor so-widget-sow-editor-base\"\n\t\t\t\n\t\t>\n<div class=\"siteorigin-widget-tinymce textwidget\">\n\t<table style=\"height: 100px; width: 100%; border-collapse: collapse;\" border=\"1\" cellpadding=\"2\">\n<tbody>\n<tr style=\"height: 24px;\">\n<td style=\"width: 15.8421%; height: 24px;\">Project management:<\/td>\n<td style=\"width: 84.1578%; height: 24px;\" colspan=\"2\">Univ.-Prof. Dr. Anton Pelinka<\/td>\n<\/tr>\n<tr>\n<td style=\"width: 15.8421%;\">\n<hr \/>\n<\/td>\n<td style=\"width: 22.4307%;\">\n<hr \/>\n<\/td>\n<td style=\"width: 61.7271%; height: 24px;\"><\/td>\n<\/tr>\n<tr>\n<td style=\"width: 15.8421%;\">Implementation:<\/td>\n<td style=\"width: 84.1578%;\" colspan=\"2\">DDr. Hubert Sickinger<\/td>\n<\/tr>\n<tr>\n<td style=\"width: 15.8421%;\">\n<hr \/>\n<\/td>\n<td style=\"width: 22.4307%;\">\n<hr \/>\n<\/td>\n<td style=\"width: 61.7271%;\"><\/td>\n<\/tr>\n<tr>\n<td style=\"width: 15.8421%;\">Funded by:<\/td>\n<td style=\"width: 84.1578%;\" colspan=\"2\">Renner-Institut<\/td>\n<\/tr>\n<tr>\n<td style=\"width: 15.8421%;\">\n<hr \/>\n<\/td>\n<td style=\"width: 22.4307%;\">\n<hr \/>\n<\/td>\n<td style=\"width: 61.7271%; height: 24px;\"><\/td>\n<\/tr>\n<tr style=\"height: 24px;\">\n<td style=\"width: 15.8421%; height: 24px;\">Completed in:<\/td>\n<td style=\"height: 24px; width: 84.1578%;\" colspan=\"2\">Januar 2008<\/td>\n<\/tr>\n<\/tbody>\n<\/table>\n<\/div>\n<\/div><\/div><\/div><\/div><\/div>\n\n\n<div style=\"color:#404168\" class=\"wp-block-genesis-blocks-gb-spacer gb-block-spacer gb-divider-solid gb-spacer-divider gb-divider-size-1\"><hr style=\"height:3px\"\/><\/div>\n\n\n\n<div style=\"color:#404168\" class=\"wp-block-genesis-blocks-gb-spacer gb-block-spacer gb-divider-solid gb-divider-size-1\"><hr style=\"height:10px\"\/><\/div>\n\n\n<div id=\"pl-gb3001-69e75eedc7b46\"  class=\"panel-layout\" ><div id=\"pg-gb3001-69e75eedc7b46-0\"  class=\"panel-grid panel-no-style\" ><div id=\"pgc-gb3001-69e75eedc7b46-0-0\"  class=\"panel-grid-cell panel-grid-cell-empty\" ><\/div><div id=\"pgc-gb3001-69e75eedc7b46-0-1\"  class=\"panel-grid-cell panel-grid-cell-mobile-last\" ><div id=\"panel-gb3001-69e75eedc7b46-0-1-0\" class=\"so-panel widget widget_text panel-first-child panel-last-child\" data-index=\"0\" >\t\t\t<div class=\"textwidget\"><p align=\"justify\">Die empirisch vergleichende Messung von Demokratie weist seit Anfang der 1990er Jahre in der vergleichenden Politikwissenschaft eine beachtliche Konjunktur auf. In diesem Projekt wird ein \u00dcberblick \u00fcber die wichtigsten Ans\u00e4tze geboten. Einerseits werden die bekanntesten Demokratieskalen (Polyarchie, Freedom House, Polity, Bertelsmann-Transformationsindex, der Index defekter Demokratien und der Vanhanen-Index) kurz beschrieben. Diese Indizes ber\u00fccksichtigen neben Grundfunktionen einer &#8220;electoral democracy&#8221; und der Gew\u00e4hrleistung grundlegender Organisations- und Kommunikationsrechte in unterschiedlichem Ausma\u00df (und mit unterschiedlicher, auch politischer Intention) auch Fragen der Gewaltenteilung und individueller Grundrechte. Sie erscheinen zum weltweiten differenziertem Vergleich politischer Systeme hinsichtlich ihrer Ann\u00e4herung an den Ma\u00dfstab liberal-verfassungsstaatlicher, pluralistischer Demokratien gut geeignet, sind f\u00fcr die Messung von Qualit\u00e4tsunterschieden der &#8220;westlichen&#8221; Demokratien (welche de facto den impliziten oder expliziten zugrunde liegenden Ma\u00dfstab bilden) aber kaum geeignet.<\/p>\n<p align=\"justify\">Alternative Ansatzpunkte bieten vertiefte L\u00e4nderstudien nach international etablierten Fragestellungen, wie sie vor allem der britische &#8220;democratic audit&#8221; und dessen Fortentwicklung durch International IDEA zur Verf\u00fcgung stellen. Andere m\u00f6gliche Ankn\u00fcpfungspunkte f\u00fcr eine vergleichende Messung von Demokratiequalit\u00e4t bestehen in vergleichenden Bev\u00f6lkerungsumfragen sowie der Ber\u00fccksichtigung m\u00f6glicher Indikatoren der Inklusivit\u00e4t des politischen\/gesellschaftlichen Systems \u2013 Zug\u00e4nglichkeit der politischen Elite f\u00fcr Frauen, aber auch Inklusivit\u00e4t\/Universalit\u00e4t sozialer Mindestsicherung (etwa im Sinne eines Index &#8220;sozialer Demokratie&#8221;\/T. Meyer). Letztlich gibt es nicht &#8220;den&#8221; K\u00f6nigsweg der Demokratiemessung, sondern die vorhandenen Messinstrumente (oder deren potentielle Adaptierungen) erscheinen je nach Fragestellung und zu untersuchenden L\u00e4ndersamples unterschiedlich angemessen.<\/p>\n<\/div>\n\t\t<\/div><\/div><div id=\"pgc-gb3001-69e75eedc7b46-0-2\"  class=\"panel-grid-cell panel-grid-cell-empty\" ><\/div><\/div><\/div>\n\n\n<div style=\"color:#333\" class=\"wp-block-genesis-blocks-gb-spacer gb-block-spacer gb-divider-solid gb-spacer-divider gb-divider-size-1\"><hr style=\"height:100px\"\/><\/div>\n<\/div><\/div><\/div>","protected":false},"excerpt":{"rendered":"","protected":false},"author":2,"featured_media":0,"parent":633,"menu_order":30,"comment_status":"closed","ping_status":"closed","template":"","meta":{"footnotes":""},"class_list":["post-3001","page","type-page","status-publish","hentry","post"],"featured_image_src":null,"featured_image_src_square":null,"_links":{"self":[{"href":"https:\/\/ikf.ac.at\/en\/wp-json\/wp\/v2\/pages\/3001","targetHints":{"allow":["GET"]}}],"collection":[{"href":"https:\/\/ikf.ac.at\/en\/wp-json\/wp\/v2\/pages"}],"about":[{"href":"https:\/\/ikf.ac.at\/en\/wp-json\/wp\/v2\/types\/page"}],"author":[{"embeddable":true,"href":"https:\/\/ikf.ac.at\/en\/wp-json\/wp\/v2\/users\/2"}],"replies":[{"embeddable":true,"href":"https:\/\/ikf.ac.at\/en\/wp-json\/wp\/v2\/comments?post=3001"}],"version-history":[{"count":2,"href":"https:\/\/ikf.ac.at\/en\/wp-json\/wp\/v2\/pages\/3001\/revisions"}],"predecessor-version":[{"id":3003,"href":"https:\/\/ikf.ac.at\/en\/wp-json\/wp\/v2\/pages\/3001\/revisions\/3003"}],"up":[{"embeddable":true,"href":"https:\/\/ikf.ac.at\/en\/wp-json\/wp\/v2\/pages\/633"}],"wp:attachment":[{"href":"https:\/\/ikf.ac.at\/en\/wp-json\/wp\/v2\/media?parent=3001"}],"curies":[{"name":"wp","href":"https:\/\/api.w.org\/{rel}","templated":true}]}}