{"id":2997,"date":"2021-06-28T09:41:25","date_gmt":"2021-06-28T09:41:25","guid":{"rendered":"http:\/\/test-ikf.online\/?page_id=2997"},"modified":"2021-06-28T09:43:04","modified_gmt":"2021-06-28T09:43:04","slug":"2008-politische-bildung-umsetzung-und-perspektiven","status":"publish","type":"page","link":"https:\/\/ikf.ac.at\/en\/schwerpunkte\/demokratie\/demokratieentwicklung\/2008-politische-bildung-umsetzung-und-perspektiven","title":{"rendered":"2008: Politische Bildung: Umsetzung und Perspektiven"},"content":{"rendered":"<div class=\"wp-block-atomic-blocks-ab-container alignfull ab-block-container\"><div class=\"ab-container-inside\"><div class=\"ab-container-content\"><div id=\"pl-gb2997-69e7673954e91\"  class=\"panel-layout\" ><div id=\"pg-gb2997-69e7673954e91-0\"  class=\"panel-grid panel-no-style\" ><div id=\"pgc-gb2997-69e7673954e91-0-0\"  class=\"panel-grid-cell\" ><div id=\"panel-gb2997-69e7673954e91-0-0-0\" class=\"so-panel widget widget_media_image panel-first-child panel-last-child\" data-index=\"0\" ><img loading=\"lazy\" decoding=\"async\" width=\"2554\" height=\"10\" src=\"https:\/\/ikf.ac.at\/wp-content\/uploads\/2021\/01\/linie_IKF.jpg\" class=\"image wp-image-754  attachment-full size-full\" alt=\"\" style=\"max-width: 100%; height: auto;\" srcset=\"https:\/\/ikf.ac.at\/wp-content\/uploads\/2021\/01\/linie_IKF.jpg 2554w, https:\/\/ikf.ac.at\/wp-content\/uploads\/2021\/01\/linie_IKF-300x1.jpg 300w, https:\/\/ikf.ac.at\/wp-content\/uploads\/2021\/01\/linie_IKF-1024x4.jpg 1024w, https:\/\/ikf.ac.at\/wp-content\/uploads\/2021\/01\/linie_IKF-768x3.jpg 768w, https:\/\/ikf.ac.at\/wp-content\/uploads\/2021\/01\/linie_IKF-1536x6.jpg 1536w, https:\/\/ikf.ac.at\/wp-content\/uploads\/2021\/01\/linie_IKF-2048x8.jpg 2048w\" sizes=\"auto, (max-width: 2554px) 100vw, 2554px\" \/><\/div><\/div><\/div><\/div>\n\n\n<div style=\"color:#ddd\" class=\"wp-block-genesis-blocks-gb-spacer gb-block-spacer gb-divider-solid gb-divider-size-1\"><hr style=\"height:30px\"\/><\/div>\n\n\n<div id=\"pl-gb2997-69e767395549b\"  class=\"panel-layout\" ><div id=\"pg-gb2997-69e767395549b-0\"  class=\"panel-grid panel-no-style\" ><div id=\"pgc-gb2997-69e767395549b-0-0\"  class=\"panel-grid-cell panel-grid-cell-empty\" ><\/div><div id=\"pgc-gb2997-69e767395549b-0-1\"  class=\"panel-grid-cell\" ><div id=\"panel-gb2997-69e767395549b-0-1-0\" class=\"so-panel widget widget_sow-editor panel-first-child panel-last-child\" data-index=\"0\" ><div\n\t\t\t\n\t\t\tclass=\"so-widget-sow-editor so-widget-sow-editor-base\"\n\t\t\t\n\t\t>\n<div class=\"siteorigin-widget-tinymce textwidget\">\n\t<table style=\"height: 100px; width: 100%; border-collapse: collapse;\" border=\"1\" cellpadding=\"2\">\n<tbody>\n<tr style=\"height: 24px;\">\n<td style=\"width: 15.8421%; height: 24px;\">Project management:<\/td>\n<td style=\"width: 84.158%; height: 24px;\" colspan=\"2\">Univ.-Prof. Dr. Anton Pelinka<\/td>\n<\/tr>\n<tr>\n<td style=\"width: 15.8421%;\">\n<hr \/>\n<\/td>\n<td style=\"width: 66.5414%;\">\n<hr \/>\n<\/td>\n<td style=\"width: 17.6166%; height: 24px;\"><\/td>\n<\/tr>\n<tr>\n<td style=\"width: 15.8421%;\">Implementation:<\/td>\n<td style=\"width: 84.158%;\" colspan=\"2\">Dr. G\u00fcnther Sandner<br \/>\nMMag.<sup>a<\/sup> Kathrin Stainer-H\u00e4mmerle<br \/>\nDDr. Hubert Sickinger<\/td>\n<\/tr>\n<tr>\n<td style=\"width: 15.8421%;\">\n<hr \/>\n<\/td>\n<td style=\"width: 66.5414%;\">\n<hr \/>\n<\/td>\n<td style=\"width: 17.6166%;\"><\/td>\n<\/tr>\n<tr>\n<td style=\"width: 15.8421%;\">Kooperation:<\/td>\n<td style=\"width: 66.5414%;\">Institut f\u00fcr Empirische Sozialforschung IFES (Durchf\u00fchrung der Repr\u00e4sentativerhebung)<\/td>\n<td style=\"width: 17.6166%;\"><\/td>\n<\/tr>\n<tr>\n<td style=\"width: 15.8421%;\">\n<hr \/>\n<\/td>\n<td style=\"width: 66.5414%;\">\n<hr \/>\n<\/td>\n<td style=\"width: 17.6166%;\"><\/td>\n<\/tr>\n<tr>\n<td style=\"width: 15.8421%;\">Funded by:<\/td>\n<td style=\"width: 84.158%;\" colspan=\"2\">Bundesministerium f\u00fcr Unterricht, Kunst und Kultur<\/td>\n<\/tr>\n<tr>\n<td style=\"width: 15.8421%;\">\n<hr \/>\n<\/td>\n<td style=\"width: 66.5414%;\">\n<hr \/>\n<\/td>\n<td style=\"width: 17.6166%; height: 24px;\"><\/td>\n<\/tr>\n<tr style=\"height: 24px;\">\n<td style=\"width: 15.8421%; height: 24px;\">Completed in:<\/td>\n<td style=\"height: 24px; width: 84.158%;\" colspan=\"2\">Mai 2008<\/td>\n<\/tr>\n<\/tbody>\n<\/table>\n<\/div>\n<\/div><\/div><\/div><\/div><\/div>\n\n\n<div style=\"color:#404168\" class=\"wp-block-genesis-blocks-gb-spacer gb-block-spacer gb-divider-solid gb-spacer-divider gb-divider-size-1\"><hr style=\"height:3px\"\/><\/div>\n\n\n\n<div style=\"color:#404168\" class=\"wp-block-genesis-blocks-gb-spacer gb-block-spacer gb-divider-solid gb-divider-size-1\"><hr style=\"height:10px\"\/><\/div>\n\n\n<div id=\"pl-gb2997-69e7673955a11\"  class=\"panel-layout\" ><div id=\"pg-gb2997-69e7673955a11-0\"  class=\"panel-grid panel-no-style\" ><div id=\"pgc-gb2997-69e7673955a11-0-0\"  class=\"panel-grid-cell panel-grid-cell-empty\" ><\/div><div id=\"pgc-gb2997-69e7673955a11-0-1\"  class=\"panel-grid-cell panel-grid-cell-mobile-last\" ><div id=\"panel-gb2997-69e7673955a11-0-1-0\" class=\"so-panel widget widget_text panel-first-child panel-last-child\" data-index=\"0\" >\t\t\t<div class=\"textwidget\"><p align=\"justify\">Die Studie umfasst vier Teile:<\/p>\n<p align=\"justify\">Erstens wurde gemeinsam mit dem Institut f\u00fcr Empirische Sozialforschung eine f\u00fcr alle Schultypen und Bundesl\u00e4nder\u00a0<em>repr\u00e4sentative Befragung\u00a0<\/em>von Lehramtsstudierenden an Universit\u00e4ten und P\u00e4dagogischen Hochschulen im zweiten Abschnitt ihrer Ausbildung durchgef\u00fchrt. Zentrale Fragestellungen bezogen sich auf die Bekanntheit der Inhalte und Ziele der politischen Bildung sowie deren Verankerung im \u00f6sterreichischen Schulwesen und den Status Quo der Ausbildung. Lehramtsstudierende kennen zwar mehrheitlich die zentralen Inhalte, die durch politische Bildung vermittelt werden sollten, sie reflektieren aber ein ausgesprochen negatives Bild, was den Stellenwert politischer Bildung in ihrem Studium betrifft. Nur ein sehr geringer Teil von ihnen gibt an, eine f\u00e4cher\u00fcbergreifende und systematische Ausbildung in politischer Bildung erhalten zu haben. Insbesondere die st\u00e4rkere Verkn\u00fcpfung von Theorie und Praxis sowie das \u00dcben im Umgang mit kontroversen Themen werden als wesentlich zu verst\u00e4rkende Elemente bzw. als Desiderate der Ausbildung benannt. Die Einsch\u00e4tzung der eigenen Kompetenz in politischer Bildung ist dementsprechend bescheiden. Nur die LehrerInnen so genannter Tr\u00e4gerf\u00e4cher (also Geschichte, Deutsch, Geografie und Wirtschaftskunde) verbinden das Themenfeld politische Bildung mit ihrem Fach, und nur knapp die H\u00e4lfte der befragten Studierenden interessiert sich f\u00fcr politische Bildung in ihrer Ausbildung.<\/p>\n<p align=\"justify\">Darauf aufbauend wurde eine\u00a0<em>qualitative Befragung<\/em>\u00a0von LehrerInnen unterschiedlicher Unterrichtsf\u00e4cher an ausgew\u00e4hlten Standorten und in unterschiedlichen Schultypen in Form von semi-strukturierten pers\u00f6nlichen Interviews durchgef\u00fchrt. Inhalt der Interviews bildeten Fragen nach Art und Umfang der Umsetzung von politischer Bildung im Unterricht sowie die Einsch\u00e4tzung der eigenen Kompetenz, aber auch jener der Zielgruppe, n\u00e4mlich der Sch\u00fclerInnen. Weiters interessierte, welchen Anforderungen sich die Lehrenden ausgesetzt f\u00fchlen und welche Art der Aus- bzw. Weiterbildung sie als unbedingt erforderlich erachten bzw. welche anderen Hilfestellungen (z.B. Materialien, Unterrichtsformen) aus Sicht der Lehrenden die politische Bildung beg\u00fcnstigen.<\/p>\n<p align=\"justify\">Die beiden empirischen Studien zeigen insgesamt gravierende Defizite in den Lehramtsstudien bez\u00fcglich politischer Bildung. Trotz unterschiedlich motivierter Einw\u00e4nde wird dennoch eine insgesamt positive Haltung gegen\u00fcber einem eigenen Unterrichtsfach politische Bildung deutlich. Dies bedeutet aber nicht, dass sich Lehramtsstudierende und LehrerInnen\u00a0<em>selbst<\/em>\u00a0f\u00fcr politische Bildung verantwortlich f\u00fchlen.<\/p>\n<p align=\"justify\">Aus den beiden empirischen Studien wurden (im Austausch mit KollegInnen, die im selben Zeitraum an der Ausarbeitung eines Kompetenzmodells f\u00fcr Sch\u00fclerInnen arbeiteten) die Eckpunkte eines\u00a0<em>Kompetenzmodells f\u00fcr LehrerInnen<\/em>\u00a0entworfen. Dieses sollte einerseits auf fachwissenschaftlicher und andererseits auf fachdidaktischer Kompetenz basieren.\u00a0<em>Die fachdidaktische Kompetenz<\/em>\u00a0kann in die Bereiche fachdidaktische Theorie, diagnostische Kompetenz und Vermittlungskompetenz unterteilt und diese jeweils in weitere Teilkompetenzen gegliedert werden. Ebenso unverzichtbar ist aber eine\u00a0<em>fachwissenschaftliche Kompetenz<\/em>, die dem interdisziplin\u00e4ren Charakter politischer Bildung gerecht zu werden vermag. Diese Kompetenzen w\u00e4ren freilich nur mit einer grundlegenden Reform des Ausbildungssystems f\u00fcr LehrerInnen erreichbar.<\/p>\n<p align=\"justify\">Die Wahlaltersenkung auf 16 Jahre f\u00fchrt dazu, dass derzeit Sch\u00fclerInnen politische Bildung gr\u00f6\u00dftenteils erst nach Erreichung des aktiven Wahlalters erfahren, was zu \u00dcberlegungen einer Verankerung bereits in der 8. Schulstufe gef\u00fchrt hat. Im abschlie\u00dfenden Teil werden daher m\u00f6gliche Modelle und deren Vor- und Nachteile unter Ber\u00fccksichtigung der \u00f6sterreichischen Gesetzeslage erarbeitet, wobei die Empfehlungen nicht auf die 8. Schulstufe eingegrenzt wurden.<\/p>\n<\/div>\n\t\t<\/div><\/div><div id=\"pgc-gb2997-69e7673955a11-0-2\"  class=\"panel-grid-cell panel-grid-cell-empty\" ><\/div><\/div><\/div>\n\n\n<div style=\"color:#333\" class=\"wp-block-genesis-blocks-gb-spacer gb-block-spacer gb-divider-solid gb-spacer-divider gb-divider-size-1\"><hr style=\"height:100px\"\/><\/div>\n<\/div><\/div><\/div>","protected":false},"excerpt":{"rendered":"","protected":false},"author":2,"featured_media":0,"parent":633,"menu_order":29,"comment_status":"closed","ping_status":"closed","template":"","meta":{"footnotes":""},"class_list":["post-2997","page","type-page","status-publish","hentry","post"],"featured_image_src":null,"featured_image_src_square":null,"_links":{"self":[{"href":"https:\/\/ikf.ac.at\/en\/wp-json\/wp\/v2\/pages\/2997","targetHints":{"allow":["GET"]}}],"collection":[{"href":"https:\/\/ikf.ac.at\/en\/wp-json\/wp\/v2\/pages"}],"about":[{"href":"https:\/\/ikf.ac.at\/en\/wp-json\/wp\/v2\/types\/page"}],"author":[{"embeddable":true,"href":"https:\/\/ikf.ac.at\/en\/wp-json\/wp\/v2\/users\/2"}],"replies":[{"embeddable":true,"href":"https:\/\/ikf.ac.at\/en\/wp-json\/wp\/v2\/comments?post=2997"}],"version-history":[{"count":3,"href":"https:\/\/ikf.ac.at\/en\/wp-json\/wp\/v2\/pages\/2997\/revisions"}],"predecessor-version":[{"id":3000,"href":"https:\/\/ikf.ac.at\/en\/wp-json\/wp\/v2\/pages\/2997\/revisions\/3000"}],"up":[{"embeddable":true,"href":"https:\/\/ikf.ac.at\/en\/wp-json\/wp\/v2\/pages\/633"}],"wp:attachment":[{"href":"https:\/\/ikf.ac.at\/en\/wp-json\/wp\/v2\/media?parent=2997"}],"curies":[{"name":"wp","href":"https:\/\/api.w.org\/{rel}","templated":true}]}}