{"id":2943,"date":"2021-05-05T12:56:53","date_gmt":"2021-05-05T12:56:53","guid":{"rendered":"http:\/\/test-ikf.online\/?page_id=2943"},"modified":"2023-02-15T08:16:38","modified_gmt":"2023-02-15T08:16:38","slug":"2003-juedinnen-in-der-oesterreichischen-frauenbewegung-1890-1938","status":"publish","type":"page","link":"https:\/\/ikf.ac.at\/en\/schwerpunkte\/hist-sozialforschung\/oral-history\/2003-juedinnen-in-der-oesterreichischen-frauenbewegung-1890-1938","title":{"rendered":"2001: J\u00fcdinnen in der \u00f6sterreichischen Frauenbewegung 1890 \u2013 1938"},"content":{"rendered":"<div class=\"wp-block-atomic-blocks-ab-container alignfull ab-block-container\"><div class=\"ab-container-inside\"><div class=\"ab-container-content\"><div id=\"pl-gb2943-69e7613ad34ac\"  class=\"panel-layout\" ><div id=\"pg-gb2943-69e7613ad34ac-0\"  class=\"panel-grid panel-no-style\" ><div id=\"pgc-gb2943-69e7613ad34ac-0-0\"  class=\"panel-grid-cell\" ><div id=\"panel-gb2943-69e7613ad34ac-0-0-0\" class=\"so-panel widget widget_media_image panel-first-child panel-last-child\" data-index=\"0\" ><img loading=\"lazy\" decoding=\"async\" width=\"2554\" height=\"10\" src=\"https:\/\/ikf.ac.at\/wp-content\/uploads\/2021\/01\/linie_IKF.jpg\" class=\"image wp-image-754  attachment-full size-full\" alt=\"\" style=\"max-width: 100%; height: auto;\" srcset=\"https:\/\/ikf.ac.at\/wp-content\/uploads\/2021\/01\/linie_IKF.jpg 2554w, https:\/\/ikf.ac.at\/wp-content\/uploads\/2021\/01\/linie_IKF-300x1.jpg 300w, https:\/\/ikf.ac.at\/wp-content\/uploads\/2021\/01\/linie_IKF-1024x4.jpg 1024w, https:\/\/ikf.ac.at\/wp-content\/uploads\/2021\/01\/linie_IKF-768x3.jpg 768w, https:\/\/ikf.ac.at\/wp-content\/uploads\/2021\/01\/linie_IKF-1536x6.jpg 1536w, https:\/\/ikf.ac.at\/wp-content\/uploads\/2021\/01\/linie_IKF-2048x8.jpg 2048w\" sizes=\"auto, (max-width: 2554px) 100vw, 2554px\" \/><\/div><\/div><\/div><\/div>\n\n\n<div style=\"color:#ddd\" class=\"wp-block-genesis-blocks-gb-spacer gb-block-spacer gb-divider-solid gb-divider-size-1\"><hr style=\"height:30px\"\/><\/div>\n\n\n<div id=\"pl-gb2943-69e7613ad38c2\"  class=\"panel-layout\" ><div id=\"pg-gb2943-69e7613ad38c2-0\"  class=\"panel-grid panel-no-style\" ><div id=\"pgc-gb2943-69e7613ad38c2-0-0\"  class=\"panel-grid-cell panel-grid-cell-empty\" ><\/div><div id=\"pgc-gb2943-69e7613ad38c2-0-1\"  class=\"panel-grid-cell\" ><div id=\"panel-gb2943-69e7613ad38c2-0-1-0\" class=\"so-panel widget widget_sow-editor panel-first-child panel-last-child\" data-index=\"0\" ><div\n\t\t\t\n\t\t\tclass=\"so-widget-sow-editor so-widget-sow-editor-base\"\n\t\t\t\n\t\t>\n<div class=\"siteorigin-widget-tinymce textwidget\">\n\t<table style=\"height: 100px; width: 100%; border-collapse: collapse;\" border=\"1\" cellpadding=\"2\">\n<tbody>\n<tr style=\"height: 24px;\">\n<td style=\"width: 29.1144%; height: 24px;\">Projektleitung und Durchf\u00fchrung:<\/td>\n<td style=\"width: 70.8855%; height: 24px;\" colspan=\"2\">Dr.<sup>in<\/sup> Elisabeth Malleier<\/td>\n<\/tr>\n<tr>\n<td style=\"width: 29.1144%;\">\n<hr \/>\n<\/td>\n<td style=\"width: 40.8299%;\">\n<hr \/>\n<\/td>\n<td style=\"width: 30.0556%;\"><\/td>\n<\/tr>\n<tr>\n<td style=\"width: 29.1144%;\">Funded by:<\/td>\n<td style=\"width: 70.8855%;\" colspan=\"2\">Bundesministerium f\u00fcr Bildung, Wissenschaft und Kultur<\/td>\n<\/tr>\n<tr>\n<td style=\"width: 29.1144%;\">\n<hr \/>\n<\/td>\n<td style=\"width: 40.8299%;\">\n<hr \/>\n<\/td>\n<td style=\"width: 30.0556%; height: 24px;\"><\/td>\n<\/tr>\n<tr style=\"height: 24px;\">\n<td style=\"width: 29.1144%; height: 24px;\">Completed in:<\/td>\n<td style=\"height: 24px; width: 70.8855%;\" colspan=\"2\">Dezember 2001<\/td>\n<\/tr>\n<\/tbody>\n<\/table>\n<\/div>\n<\/div><\/div><\/div><\/div><\/div>\n\n\n<div style=\"color:#404168\" class=\"wp-block-genesis-blocks-gb-spacer gb-block-spacer gb-divider-solid gb-spacer-divider gb-divider-size-1\"><hr style=\"height:3px\"\/><\/div>\n\n\n\n<div style=\"color:#404168\" class=\"wp-block-genesis-blocks-gb-spacer gb-block-spacer gb-divider-solid gb-divider-size-1\"><hr style=\"height:10px\"\/><\/div>\n\n\n<div id=\"pl-gb2943-69e7613ad3c9c\"  class=\"panel-layout\" ><div id=\"pg-gb2943-69e7613ad3c9c-0\"  class=\"panel-grid panel-no-style\" ><div id=\"pgc-gb2943-69e7613ad3c9c-0-0\"  class=\"panel-grid-cell panel-grid-cell-empty\" ><\/div><div id=\"pgc-gb2943-69e7613ad3c9c-0-1\"  class=\"panel-grid-cell panel-grid-cell-mobile-last\" ><div id=\"panel-gb2943-69e7613ad3c9c-0-1-0\" class=\"so-panel widget widget_text panel-first-child panel-last-child\" data-index=\"0\" >\t\t\t<div class=\"textwidget\"><p align=\"justify\">Das im Dezember 2001 abgeschlossene zweij\u00e4hrige Forschungsprojekt hatte drei Schwerpunkte zum Thema. Neben Recherchen zum Leben einzelner Frauen und ihren Aktivit\u00e4ten im Rahmen der \u00f6sterreichischen Frauenbewegung wurden auch internationale Beziehungen untersucht. Ein wichtiges Forschungsziel war es, die Aktivit\u00e4ten der Frauen mit ihrem Selbst-Bewu\u00dftsein als J\u00fcdinnen und in Verkn\u00fcpfung mit ihrem politischen Umfeld darzustellen. Insgesamt wurden im Rahmen des Projekts von \u00fcber 40 Aktivistinnen dreizehn Frauen ausgew\u00e4hlt und ausf\u00fchrlich dargestellt.<\/p>\n<p align=\"justify\">Zu den in der ersten H\u00e4lfte des 19. Jahrhunderts geborenen Pionierinnen der Frauenbewegung geh\u00f6ren Ottilie Bondy, Regine Ulmann und Ernestine Federn. Weiters waren Frauen j\u00fcdischer Herkunft als Herausgeberinnen, Redakteurinnen und Journalistinnen an der Entstehung der Wiener Frauenbewegungspresse ma\u00dfgeblich beteiligt. Dies wird in der Studie an den Beispielen Henriette Herzfeld, Leopoldine Kulka und Ernestine von F\u00fcrth ausgef\u00fchrt. Als Beispiele des vielf\u00e4ltigen sozialen Engagements j\u00fcdischer Frauen habe ich Else Federns Aktivit\u00e4ten im Ottakringer &#8220;Settlement&#8221;, Henriette Wei\u00df` Engagement f\u00fcr die Krankenpflegerinnenausbildung sowie als Begr\u00fcnderin von Lungenheilst\u00e4tten und Volkssanatorien und Olly Schwarz als Gr\u00fcnderin und Leiterin der &#8220;Zentralstelle f\u00fcr weibliche Berufsberatung&#8221; ausgew\u00e4hlt. Die Involvierung \u00f6sterreichisch-j\u00fcdischer Feministinnen in der internationalen Frauenbewegung untersuchte ich an den Beispielen der &#8220;Internationalen Frauenliga f\u00fcr Frieden und Freiheit&#8221; und am ersten Weltkongress j\u00fcdischer Frauen, der 1923 in Wien stattfand. Weitere Aufschl\u00fcsse zum Thema Vernetzung ergaben sich in der Untersuchung lokaler Zusammenschl\u00fcsse j\u00fcdischer Frauenvereine in Wien ab der Jahrhundertwende bis in die Zwanzigerjahre.<\/p>\n<p align=\"justify\">Ein wichtiger Faktor im politischen Umfeld, in dem sich die Frauen bewegten und mit dem sie sich auseinander setzten, war der aggressive Antisemitismus in Wien um 1900. Wie diese Studie deutlich macht, wurde von antisemitischer Seite auch die Frauenbewegung in ihren Anf\u00e4ngen als &#8220;j\u00fcdische Erfindung&#8221; denunziert. Ein Kapitel meiner Arbeit besch\u00e4ftigt sich mit den Argumenten der AntisemitInnen und den Reaktionen j\u00fcdischer und nichtj\u00fcdischer Feministinnen auf diese Vorw\u00fcrfe. Eine weitere Skizzierung der Wechselwirkung zwischen j\u00fcdischen Feministinnen und ihrem politischen Umfeld stellt das Beispiel des Ersten Weltkrieges dar, wo die Zugeh\u00f6rigkeit von J\u00fcdinnen und Juden ebenfalls in Frage gestellt wurde. Hier versuchte ich, das komplexe Feld von Solidarit\u00e4t und Differenzen am Beispiel des Engagements dreier j\u00fcdischer Frauen im traditionell j\u00fcdischen, im \u00fcberkonfessionellen und im zionistischen Bereich zu skizzieren. Das letzte Kapitel setzt sich ausf\u00fchrlich mit Vernetzungen j\u00fcdischer Frauen in Wien und auf internationaler Ebene auseinander.<\/p>\n<p align=\"justify\">Die vorliegende Untersuchung macht deutlich, welch bedeutenden Anteil J\u00fcdinnen an der Entstehung der Emanzipationsbewegung f\u00fcr Frauen in \u00d6sterreich hatten. Sie stellten von Anfang an und bis zu ihrer Vertreibung und Ermordung durch den Nationalsozialismus ein konstituierendes Element der Wiener Frauenbewegung dar. Nur ein Bruchteil ihres Engagements konnte mit dieser Studie sichtbar gemacht werden.<\/p>\n<\/div>\n\t\t<\/div><\/div><div id=\"pgc-gb2943-69e7613ad3c9c-0-2\"  class=\"panel-grid-cell panel-grid-cell-empty\" ><\/div><\/div><\/div>\n\n\n<div style=\"color:#333\" class=\"wp-block-genesis-blocks-gb-spacer gb-block-spacer gb-divider-solid gb-spacer-divider gb-divider-size-1\"><hr style=\"height:100px\"\/><\/div>\n<\/div><\/div><\/div>","protected":false},"excerpt":{"rendered":"","protected":false},"author":2,"featured_media":0,"parent":982,"menu_order":34,"comment_status":"closed","ping_status":"closed","template":"","meta":{"footnotes":""},"class_list":["post-2943","page","type-page","status-publish","hentry","post"],"featured_image_src":null,"featured_image_src_square":null,"_links":{"self":[{"href":"https:\/\/ikf.ac.at\/en\/wp-json\/wp\/v2\/pages\/2943","targetHints":{"allow":["GET"]}}],"collection":[{"href":"https:\/\/ikf.ac.at\/en\/wp-json\/wp\/v2\/pages"}],"about":[{"href":"https:\/\/ikf.ac.at\/en\/wp-json\/wp\/v2\/types\/page"}],"author":[{"embeddable":true,"href":"https:\/\/ikf.ac.at\/en\/wp-json\/wp\/v2\/users\/2"}],"replies":[{"embeddable":true,"href":"https:\/\/ikf.ac.at\/en\/wp-json\/wp\/v2\/comments?post=2943"}],"version-history":[{"count":3,"href":"https:\/\/ikf.ac.at\/en\/wp-json\/wp\/v2\/pages\/2943\/revisions"}],"predecessor-version":[{"id":3764,"href":"https:\/\/ikf.ac.at\/en\/wp-json\/wp\/v2\/pages\/2943\/revisions\/3764"}],"up":[{"embeddable":true,"href":"https:\/\/ikf.ac.at\/en\/wp-json\/wp\/v2\/pages\/982"}],"wp:attachment":[{"href":"https:\/\/ikf.ac.at\/en\/wp-json\/wp\/v2\/media?parent=2943"}],"curies":[{"name":"wp","href":"https:\/\/api.w.org\/{rel}","templated":true}]}}