{"id":2904,"date":"2021-05-04T12:56:56","date_gmt":"2021-05-04T12:56:56","guid":{"rendered":"http:\/\/test-ikf.online\/?page_id=2904"},"modified":"2021-05-04T12:57:47","modified_gmt":"2021-05-04T12:57:47","slug":"2005-namentliche-erfassung-ehemalige-wiener-inhaftierten-frauenkonzentrationslager-ravensbrueck","status":"publish","type":"page","link":"https:\/\/ikf.ac.at\/en\/schwerpunkte\/hist-sozialforschung\/frauen-ns-verfolgung-2\/2005-namentliche-erfassung-ehemalige-wiener-inhaftierten-frauenkonzentrationslager-ravensbrueck","title":{"rendered":"2005: Die namentliche Erfassung der ehemaligen Wiener Inhaftierten im Frauenkonzentrationslager Ravensbr\u00fcck"},"content":{"rendered":"<div class=\"wp-block-atomic-blocks-ab-container alignfull ab-block-container\"><div class=\"ab-container-inside\"><div class=\"ab-container-content\"><div id=\"pl-gb2904-69e7613522b55\"  class=\"panel-layout\" ><div id=\"pg-gb2904-69e7613522b55-0\"  class=\"panel-grid panel-no-style\" ><div id=\"pgc-gb2904-69e7613522b55-0-0\"  class=\"panel-grid-cell\" ><div id=\"panel-gb2904-69e7613522b55-0-0-0\" class=\"so-panel widget widget_media_image panel-first-child panel-last-child\" data-index=\"0\" ><img loading=\"lazy\" decoding=\"async\" width=\"2554\" height=\"10\" src=\"https:\/\/ikf.ac.at\/wp-content\/uploads\/2021\/01\/linie_IKF.jpg\" class=\"image wp-image-754  attachment-full size-full\" alt=\"\" style=\"max-width: 100%; height: auto;\" srcset=\"https:\/\/ikf.ac.at\/wp-content\/uploads\/2021\/01\/linie_IKF.jpg 2554w, https:\/\/ikf.ac.at\/wp-content\/uploads\/2021\/01\/linie_IKF-300x1.jpg 300w, https:\/\/ikf.ac.at\/wp-content\/uploads\/2021\/01\/linie_IKF-1024x4.jpg 1024w, https:\/\/ikf.ac.at\/wp-content\/uploads\/2021\/01\/linie_IKF-768x3.jpg 768w, https:\/\/ikf.ac.at\/wp-content\/uploads\/2021\/01\/linie_IKF-1536x6.jpg 1536w, https:\/\/ikf.ac.at\/wp-content\/uploads\/2021\/01\/linie_IKF-2048x8.jpg 2048w\" sizes=\"auto, (max-width: 2554px) 100vw, 2554px\" \/><\/div><\/div><\/div><\/div>\n\n\n<div style=\"color:#ddd\" class=\"wp-block-genesis-blocks-gb-spacer gb-block-spacer gb-divider-solid gb-divider-size-1\"><hr style=\"height:30px\"\/><\/div>\n\n\n<div id=\"pl-gb2904-69e761352325d\"  class=\"panel-layout\" ><div id=\"pg-gb2904-69e761352325d-0\"  class=\"panel-grid panel-no-style\" ><div id=\"pgc-gb2904-69e761352325d-0-0\"  class=\"panel-grid-cell panel-grid-cell-empty\" ><\/div><div id=\"pgc-gb2904-69e761352325d-0-1\"  class=\"panel-grid-cell\" ><div id=\"panel-gb2904-69e761352325d-0-1-0\" class=\"so-panel widget widget_sow-editor panel-first-child panel-last-child\" data-index=\"0\" ><div\n\t\t\t\n\t\t\tclass=\"so-widget-sow-editor so-widget-sow-editor-base\"\n\t\t\t\n\t\t>\n<div class=\"siteorigin-widget-tinymce textwidget\">\n\t<table style=\"height: 100px; width: 100%; border-collapse: collapse;\" border=\"1\" cellpadding=\"2\">\n<tbody>\n<tr style=\"height: 24px;\">\n<td style=\"width: 15.8421%; height: 24px;\">Project management:<\/td>\n<td style=\"width: 84.1578%; height: 24px;\" colspan=\"2\">Univ.-Prof. Dr. Anton Pelinka<\/td>\n<\/tr>\n<tr>\n<td style=\"width: 15.8421%;\">\n<hr \/>\n<\/td>\n<td style=\"width: 33.2629%;\">\n<hr \/>\n<\/td>\n<td style=\"width: 50.8949%; height: 24px;\"><\/td>\n<\/tr>\n<tr>\n<td style=\"width: 15.8421%;\">Implementation:<\/td>\n<td style=\"width: 84.1578%;\" colspan=\"2\">Mag. Dr. Stefanie Mayer<sup>a<\/sup> Dr.<sup>in<\/sup> Helga Amesberger<br \/>\nMag. Dr. Stefanie Mayer<sup>a<\/sup> Dr.<sup>in<\/sup> Brigitte Halbmayr<\/td>\n<\/tr>\n<tr>\n<td style=\"width: 15.8421%;\">\n<hr \/>\n<\/td>\n<td style=\"width: 33.2629%;\">\n<hr \/>\n<\/td>\n<td style=\"width: 50.8949%;\"><\/td>\n<\/tr>\n<tr>\n<td style=\"width: 15.8421%;\">Funded by:<\/td>\n<td style=\"width: 84.1578%;\" colspan=\"2\">Magistrat der Stadt Wien, MA 53<\/td>\n<\/tr>\n<tr>\n<td style=\"width: 15.8421%;\">\n<hr \/>\n<\/td>\n<td style=\"width: 33.2629%;\">\n<hr \/>\n<\/td>\n<td style=\"width: 50.8949%; height: 24px;\"><\/td>\n<\/tr>\n<tr style=\"height: 24px;\">\n<td style=\"width: 15.8421%; height: 24px;\">Completed in:<\/td>\n<td style=\"height: 24px; width: 84.1578%;\" colspan=\"2\">Dezember 2005<\/td>\n<\/tr>\n<\/tbody>\n<\/table>\n<\/div>\n<\/div><\/div><\/div><\/div><\/div>\n\n\n<div style=\"color:#404168\" class=\"wp-block-genesis-blocks-gb-spacer gb-block-spacer gb-divider-solid gb-spacer-divider gb-divider-size-1\"><hr style=\"height:3px\"\/><\/div>\n\n\n\n<div style=\"color:#404168\" class=\"wp-block-genesis-blocks-gb-spacer gb-block-spacer gb-divider-solid gb-divider-size-1\"><hr style=\"height:10px\"\/><\/div>\n\n\n<div id=\"pl-gb2904-69e7613523845\"  class=\"panel-layout\" ><div id=\"pg-gb2904-69e7613523845-0\"  class=\"panel-grid panel-no-style\" ><div id=\"pgc-gb2904-69e7613523845-0-0\"  class=\"panel-grid-cell panel-grid-cell-empty\" ><\/div><div id=\"pgc-gb2904-69e7613523845-0-1\"  class=\"panel-grid-cell panel-grid-cell-mobile-last\" ><div id=\"panel-gb2904-69e7613523845-0-1-0\" class=\"so-panel widget widget_text panel-first-child panel-last-child\" data-index=\"0\" >\t\t\t<div class=\"textwidget\"><p align=\"justify\">Auch 60 Jahre nach der Befreiung des Frauenkonzentrationslagers Ravensbr\u00fcck steht noch immer nicht fest, wie viele \u00d6sterreicherinnen und \u00d6sterreicher dort inhaftiert waren. Da \u00f6sterreichische H\u00e4ftlinge als Reichsdeutsche gef\u00fchrt wurden, ist es schwierig, die tats\u00e4chliche Anzahl von inhaftierten \u00d6sterreicherInnen zu eruieren (zudem wurden viele Dokumente noch von den Nationalsozialisten vor der R\u00e4umung des Lagers vernichtet). In der Literatur wird meist von 800 bis 1.000 \u00d6sterreicherinnen in Ravensbr\u00fcck ausgegangen. Unseres Erachtens ist diese Zahl zu niedrig angesetzt. Wir vermuten, dass die Anzahl der \u00d6sterreicherinnen mindestens doppelt so hoch war.<\/p>\n<p align=\"justify\">Unter den vom nationalsozialistischen Regime Verfolgten und in Ravensbr\u00fcck Inhaftierten befanden sich besonders viele Wienerinnen und auch einige Wiener. Aufgrund unserer vorangegangen Studien zu \u00f6sterreichischen Ravensbr\u00fcckerinnen sch\u00e4tzen wir, dass etwa ein Drittel zum Zeitpunkt der Verfolgung bzw. Verhaftung in Wien lebte. Bislang konnten wir bereits 629 Wienerinnen und Wiener eruieren, wobei wir als WienerInnen jene Personen definierten, die entweder in Wien geboren wurden, zum Zeitpunkt der Verfolgung in Wien lebten oder sich danach in Wien niederlie\u00dfen. 158 von ihnen sind nach bisherigen Forschungsstand im KZ umgekommen bzw. ermordet worden. Die \u00fcber diese Frauen und M\u00e4nner verfassten Kurzbiographien enthalten Informationen zu deren Leben und Verfolgung.<\/p>\n<\/div>\n\t\t<\/div><\/div><div id=\"pgc-gb2904-69e7613523845-0-2\"  class=\"panel-grid-cell panel-grid-cell-empty\" ><\/div><\/div><\/div>\n\n\n<div style=\"color:#333\" class=\"wp-block-genesis-blocks-gb-spacer gb-block-spacer gb-divider-solid gb-spacer-divider gb-divider-size-1\"><hr style=\"height:100px\"\/><\/div>\n<\/div><\/div><\/div>","protected":false},"excerpt":{"rendered":"","protected":false},"author":2,"featured_media":0,"parent":1320,"menu_order":35,"comment_status":"closed","ping_status":"closed","template":"","meta":{"footnotes":""},"class_list":["post-2904","page","type-page","status-publish","hentry","post"],"featured_image_src":null,"featured_image_src_square":null,"_links":{"self":[{"href":"https:\/\/ikf.ac.at\/en\/wp-json\/wp\/v2\/pages\/2904","targetHints":{"allow":["GET"]}}],"collection":[{"href":"https:\/\/ikf.ac.at\/en\/wp-json\/wp\/v2\/pages"}],"about":[{"href":"https:\/\/ikf.ac.at\/en\/wp-json\/wp\/v2\/types\/page"}],"author":[{"embeddable":true,"href":"https:\/\/ikf.ac.at\/en\/wp-json\/wp\/v2\/users\/2"}],"replies":[{"embeddable":true,"href":"https:\/\/ikf.ac.at\/en\/wp-json\/wp\/v2\/comments?post=2904"}],"version-history":[{"count":3,"href":"https:\/\/ikf.ac.at\/en\/wp-json\/wp\/v2\/pages\/2904\/revisions"}],"predecessor-version":[{"id":2907,"href":"https:\/\/ikf.ac.at\/en\/wp-json\/wp\/v2\/pages\/2904\/revisions\/2907"}],"up":[{"embeddable":true,"href":"https:\/\/ikf.ac.at\/en\/wp-json\/wp\/v2\/pages\/1320"}],"wp:attachment":[{"href":"https:\/\/ikf.ac.at\/en\/wp-json\/wp\/v2\/media?parent=2904"}],"curies":[{"name":"wp","href":"https:\/\/api.w.org\/{rel}","templated":true}]}}