{"id":2898,"date":"2021-05-04T12:31:48","date_gmt":"2021-05-04T12:31:48","guid":{"rendered":"http:\/\/test-ikf.online\/?page_id=2898"},"modified":"2021-05-04T12:32:12","modified_gmt":"2021-05-04T12:32:12","slug":"2007-oesterreichische-lagergemeinschaft-ravensbrueck","status":"publish","type":"page","link":"https:\/\/ikf.ac.at\/en\/schwerpunkte\/hist-sozialforschung\/frauen-ns-verfolgung-2\/2007-oesterreichische-lagergemeinschaft-ravensbrueck","title":{"rendered":"2007: \u00d6sterreichische Lagergemeinschaft Ravensbr\u00fcck"},"content":{"rendered":"<div class=\"wp-block-atomic-blocks-ab-container alignfull ab-block-container\"><div class=\"ab-container-inside\"><div class=\"ab-container-content\"><div id=\"pl-gb2898-69e761e8bf836\"  class=\"panel-layout\" ><div id=\"pg-gb2898-69e761e8bf836-0\"  class=\"panel-grid panel-no-style\" ><div id=\"pgc-gb2898-69e761e8bf836-0-0\"  class=\"panel-grid-cell\" ><div id=\"panel-gb2898-69e761e8bf836-0-0-0\" class=\"so-panel widget widget_media_image panel-first-child panel-last-child\" data-index=\"0\" ><img loading=\"lazy\" decoding=\"async\" width=\"2554\" height=\"10\" src=\"https:\/\/ikf.ac.at\/wp-content\/uploads\/2021\/01\/linie_IKF.jpg\" class=\"image wp-image-754  attachment-full size-full\" alt=\"\" style=\"max-width: 100%; height: auto;\" srcset=\"https:\/\/ikf.ac.at\/wp-content\/uploads\/2021\/01\/linie_IKF.jpg 2554w, https:\/\/ikf.ac.at\/wp-content\/uploads\/2021\/01\/linie_IKF-300x1.jpg 300w, https:\/\/ikf.ac.at\/wp-content\/uploads\/2021\/01\/linie_IKF-1024x4.jpg 1024w, https:\/\/ikf.ac.at\/wp-content\/uploads\/2021\/01\/linie_IKF-768x3.jpg 768w, https:\/\/ikf.ac.at\/wp-content\/uploads\/2021\/01\/linie_IKF-1536x6.jpg 1536w, https:\/\/ikf.ac.at\/wp-content\/uploads\/2021\/01\/linie_IKF-2048x8.jpg 2048w\" sizes=\"auto, (max-width: 2554px) 100vw, 2554px\" \/><\/div><\/div><\/div><\/div>\n\n\n<div style=\"color:#ddd\" class=\"wp-block-genesis-blocks-gb-spacer gb-block-spacer gb-divider-solid gb-divider-size-1\"><hr style=\"height:30px\"\/><\/div>\n\n\n<div id=\"pl-gb2898-69e761e8bfd0c\"  class=\"panel-layout\" ><div id=\"pg-gb2898-69e761e8bfd0c-0\"  class=\"panel-grid panel-no-style\" ><div id=\"pgc-gb2898-69e761e8bfd0c-0-0\"  class=\"panel-grid-cell panel-grid-cell-empty\" ><\/div><div id=\"pgc-gb2898-69e761e8bfd0c-0-1\"  class=\"panel-grid-cell\" ><div id=\"panel-gb2898-69e761e8bfd0c-0-1-0\" class=\"so-panel widget widget_sow-editor panel-first-child panel-last-child\" data-index=\"0\" ><div\n\t\t\t\n\t\t\tclass=\"so-widget-sow-editor so-widget-sow-editor-base\"\n\t\t\t\n\t\t>\n<div class=\"siteorigin-widget-tinymce textwidget\">\n\t<table style=\"height: 100px; width: 100%; border-collapse: collapse;\" border=\"1\" cellpadding=\"2\">\n<tbody>\n<tr style=\"height: 24px;\">\n<td style=\"width: 15.8421%; height: 24px;\">Project management:<\/td>\n<td style=\"width: 84.1578%; height: 24px;\" colspan=\"2\">Univ.-Prof. Dr.<sup>in<\/sup> Erika Thurner<br \/>\nUniv.-Prof. Dr. Anton Pelinka<\/td>\n<\/tr>\n<tr>\n<td style=\"width: 15.8421%;\">\n<hr \/>\n<\/td>\n<td style=\"width: 51.7208%;\">\n<hr \/>\n<\/td>\n<td style=\"width: 32.437%; height: 24px;\"><\/td>\n<\/tr>\n<tr>\n<td style=\"width: 15.8421%;\">Implementation:<\/td>\n<td style=\"width: 84.1578%;\" colspan=\"2\">Mag. Dr. Stefanie Mayer<sup>a<\/sup> Dr.<sup>in<\/sup> Helga Amesberger<br \/>\nMag. Dr. Stefanie Mayer<sup>a<\/sup> Dr.<sup>in<\/sup> Brigitte Halbmayr<br \/>\nMag. Dr. Stefanie Mayer<sup>a<\/sup> Kerstin Lercher<\/td>\n<\/tr>\n<tr>\n<td style=\"width: 15.8421%;\">\n<hr \/>\n<\/td>\n<td style=\"width: 51.7208%;\">\n<hr \/>\n<\/td>\n<td style=\"width: 32.437%;\"><\/td>\n<\/tr>\n<tr>\n<td style=\"width: 15.8421%;\">Funded by:<\/td>\n<td style=\"width: 84.1578%;\" colspan=\"2\">Jubil\u00e4umsfonds der Oesterreichischen Nationalbank, Projekt Nr. 11793<br \/>\nNational Fund of the Republic of Austria for Victims of National Socialism<br \/>\nFuture Fund of the Republic of Austria<\/td>\n<\/tr>\n<tr>\n<td style=\"width: 15.8421%;\">\n<hr \/>\n<\/td>\n<td style=\"width: 51.7208%;\">\n<hr \/>\n<\/td>\n<td style=\"width: 32.437%; height: 24px;\"><\/td>\n<\/tr>\n<tr style=\"height: 24px;\">\n<td style=\"width: 15.8421%; height: 24px;\">Completed in:<\/td>\n<td style=\"height: 24px; width: 84.1578%;\" colspan=\"2\">Dezember 2007<\/td>\n<\/tr>\n<\/tbody>\n<\/table>\n<\/div>\n<\/div><\/div><\/div><\/div><\/div>\n\n\n<div style=\"color:#404168\" class=\"wp-block-genesis-blocks-gb-spacer gb-block-spacer gb-divider-solid gb-spacer-divider gb-divider-size-1\"><hr style=\"height:3px\"\/><\/div>\n\n\n\n<div style=\"color:#404168\" class=\"wp-block-genesis-blocks-gb-spacer gb-block-spacer gb-divider-solid gb-divider-size-1\"><hr style=\"height:10px\"\/><\/div>\n\n\n<div id=\"pl-gb2898-69e761e8c0203\"  class=\"panel-layout\" ><div id=\"pg-gb2898-69e761e8c0203-0\"  class=\"panel-grid panel-no-style\" ><div id=\"pgc-gb2898-69e761e8c0203-0-0\"  class=\"panel-grid-cell panel-grid-cell-empty\" ><\/div><div id=\"pgc-gb2898-69e761e8c0203-0-1\"  class=\"panel-grid-cell panel-grid-cell-mobile-last\" ><div id=\"panel-gb2898-69e761e8c0203-0-1-0\" class=\"so-panel widget widget_text panel-first-child panel-last-child\" data-index=\"0\" >\t\t\t<div class=\"textwidget\"><p align=\"justify\">Auch 60 Jahre nach der Befreiung des Frauenkonzentrationslagers Ravensbr\u00fcck steht noch immer nicht fest, wie viele \u00d6sterreicherinnen und \u00d6sterreicher dort inhaftiert waren. Da \u00f6sterreichische H\u00e4ftlinge als Reichsdeutsche gef\u00fchrt wurden, ist es schwierig, die tats\u00e4chliche Anzahl von inhaftierten \u00d6sterreicherInnen zu eruieren. Zudem wurden viele Dokumente noch von den Nationalsozialisten vor der R\u00e4umung des Lagers vernichtet. In der Literatur wird meist von 800 bis 1.000 \u00d6sterreicherInnen in Ravensbr\u00fcck ausgegangen. Unsere bisherigen Recherchen in diversen \u00f6sterreichischen Archiven und der Mahn- und Gedenkst\u00e4tte Ravensbr\u00fcck haben unsere These best\u00e4tigt, dass mindestens doppelt so viele \u00d6sterreicherInnen in Ravensbr\u00fcck inhaftiert gewesen sind. Bislang konnten wir die Namen (und teilweise auch deren Verfolgungsgeschichte) von \u00fcber 2.350 Frauen und M\u00e4nnern eruieren. Hierbei handelt es sich vorwiegend um politische Inhaftierte, ZeugInnen Jehovas, J\u00fcdinnen\/Juden, Roma und Sinti. Eine weitere Erh\u00f6hung dieser Zahl ist sehr wahrscheinlich, da die Recherchen in den Landesarchiven in Ober\u00f6sterreich, Salzburg und Burgenland aufgrund fehlender Finanzierung noch nicht durchgef\u00fchrt wurden bzw. abgeschlossen werden konnten.<\/p>\n<p align=\"justify\">Zudem ist die Quellenlage bei den wegen eines (vermeintlichen) kriminellen Delikts oder angeblicher &#8220;Asozialit\u00e4t&#8221; Inhaftierten schwierig, da diese nicht zu den anerkannten Opfergruppen z\u00e4hlen und daher in den Akten der Opferf\u00fcrsorge in der Regel nicht aufscheinen. Ebenso ist anzunehmen, dass viele wegen &#8220;Verbotenen Umgangs&#8221; inhaftierte Frauen \u2013 sie waren bis in die 1950er-Jahre von den Leistungen ausgeschlossen \u2013 keine Antr\u00e4ge stellten. Um auch diese Gruppen erfassen zu k\u00f6nnen, m\u00fcssten die Recherchen auf die Archive der Bundespolizeidirektionen ausgedehnt werden.<\/p>\n<p align=\"justify\">Ebenso aufgrund mangelnder Finanzierung konnte noch keine Auswertung im Hinblick auf soziale Herkunft, Verfolgungsgeschichte und das Leben nach 1945 (soferne die Personen \u00fcberlebt haben) vorgenommen werden.<\/p>\n<p align=\"justify\">Durch eine Finanzierungszusage des Zukunftsfonds der Republik \u00d6sterreich f\u00fcr 2008 k\u00f6nnen die Archivrecherchen fortgesetzt werden.<\/p>\n<\/div>\n\t\t<\/div><\/div><div id=\"pgc-gb2898-69e761e8c0203-0-2\"  class=\"panel-grid-cell panel-grid-cell-empty\" ><\/div><\/div><\/div>\n\n\n<div style=\"color:#333\" class=\"wp-block-genesis-blocks-gb-spacer gb-block-spacer gb-divider-solid gb-spacer-divider gb-divider-size-1\"><hr style=\"height:100px\"\/><\/div>\n<\/div><\/div><\/div>","protected":false},"excerpt":{"rendered":"","protected":false},"author":2,"featured_media":0,"parent":1320,"menu_order":33,"comment_status":"closed","ping_status":"closed","template":"","meta":{"footnotes":""},"class_list":["post-2898","page","type-page","status-publish","hentry","post"],"featured_image_src":null,"featured_image_src_square":null,"_links":{"self":[{"href":"https:\/\/ikf.ac.at\/en\/wp-json\/wp\/v2\/pages\/2898","targetHints":{"allow":["GET"]}}],"collection":[{"href":"https:\/\/ikf.ac.at\/en\/wp-json\/wp\/v2\/pages"}],"about":[{"href":"https:\/\/ikf.ac.at\/en\/wp-json\/wp\/v2\/types\/page"}],"author":[{"embeddable":true,"href":"https:\/\/ikf.ac.at\/en\/wp-json\/wp\/v2\/users\/2"}],"replies":[{"embeddable":true,"href":"https:\/\/ikf.ac.at\/en\/wp-json\/wp\/v2\/comments?post=2898"}],"version-history":[{"count":2,"href":"https:\/\/ikf.ac.at\/en\/wp-json\/wp\/v2\/pages\/2898\/revisions"}],"predecessor-version":[{"id":2900,"href":"https:\/\/ikf.ac.at\/en\/wp-json\/wp\/v2\/pages\/2898\/revisions\/2900"}],"up":[{"embeddable":true,"href":"https:\/\/ikf.ac.at\/en\/wp-json\/wp\/v2\/pages\/1320"}],"wp:attachment":[{"href":"https:\/\/ikf.ac.at\/en\/wp-json\/wp\/v2\/media?parent=2898"}],"curies":[{"name":"wp","href":"https:\/\/api.w.org\/{rel}","templated":true}]}}