{"id":2894,"date":"2021-05-04T11:54:32","date_gmt":"2021-05-04T11:54:32","guid":{"rendered":"http:\/\/test-ikf.online\/?page_id=2894"},"modified":"2021-05-04T11:55:20","modified_gmt":"2021-05-04T11:55:20","slug":"2009-namentliche-erfassung-inhaftierten-oesterreicherinnen-kz-ravensbrueck-ausweitung-archivrecherchen","status":"publish","type":"page","link":"https:\/\/ikf.ac.at\/en\/schwerpunkte\/hist-sozialforschung\/frauen-ns-verfolgung-2\/2009-namentliche-erfassung-inhaftierten-oesterreicherinnen-kz-ravensbrueck-ausweitung-archivrecherchen","title":{"rendered":"2009: Namentliche Erfassung der ehemals inhaftierten \u00d6sterreicherInnen im KZ Ravensbr\u00fcck \u2013 Ausweitung der Archivrecherchen"},"content":{"rendered":"<div class=\"wp-block-atomic-blocks-ab-container alignfull ab-block-container\"><div class=\"ab-container-inside\"><div class=\"ab-container-content\"><div id=\"pl-gb2894-69e761cd9eb53\"  class=\"panel-layout\" ><div id=\"pg-gb2894-69e761cd9eb53-0\"  class=\"panel-grid panel-no-style\" ><div id=\"pgc-gb2894-69e761cd9eb53-0-0\"  class=\"panel-grid-cell\" ><div id=\"panel-gb2894-69e761cd9eb53-0-0-0\" class=\"so-panel widget widget_media_image panel-first-child panel-last-child\" data-index=\"0\" ><img loading=\"lazy\" decoding=\"async\" width=\"2554\" height=\"10\" src=\"https:\/\/ikf.ac.at\/wp-content\/uploads\/2021\/01\/linie_IKF.jpg\" class=\"image wp-image-754  attachment-full size-full\" alt=\"\" style=\"max-width: 100%; height: auto;\" srcset=\"https:\/\/ikf.ac.at\/wp-content\/uploads\/2021\/01\/linie_IKF.jpg 2554w, https:\/\/ikf.ac.at\/wp-content\/uploads\/2021\/01\/linie_IKF-300x1.jpg 300w, https:\/\/ikf.ac.at\/wp-content\/uploads\/2021\/01\/linie_IKF-1024x4.jpg 1024w, https:\/\/ikf.ac.at\/wp-content\/uploads\/2021\/01\/linie_IKF-768x3.jpg 768w, https:\/\/ikf.ac.at\/wp-content\/uploads\/2021\/01\/linie_IKF-1536x6.jpg 1536w, https:\/\/ikf.ac.at\/wp-content\/uploads\/2021\/01\/linie_IKF-2048x8.jpg 2048w\" sizes=\"auto, (max-width: 2554px) 100vw, 2554px\" \/><\/div><\/div><\/div><\/div>\n\n\n<div style=\"color:#ddd\" class=\"wp-block-genesis-blocks-gb-spacer gb-block-spacer gb-divider-solid gb-divider-size-1\"><hr style=\"height:30px\"\/><\/div>\n\n\n<div id=\"pl-gb2894-69e761cd9f005\"  class=\"panel-layout\" ><div id=\"pg-gb2894-69e761cd9f005-0\"  class=\"panel-grid panel-no-style\" ><div id=\"pgc-gb2894-69e761cd9f005-0-0\"  class=\"panel-grid-cell panel-grid-cell-empty\" ><\/div><div id=\"pgc-gb2894-69e761cd9f005-0-1\"  class=\"panel-grid-cell\" ><div id=\"panel-gb2894-69e761cd9f005-0-1-0\" class=\"so-panel widget widget_sow-editor panel-first-child panel-last-child\" data-index=\"0\" ><div\n\t\t\t\n\t\t\tclass=\"so-widget-sow-editor so-widget-sow-editor-base\"\n\t\t\t\n\t\t>\n<div class=\"siteorigin-widget-tinymce textwidget\">\n\t<table style=\"height: 100px; width: 100%; border-collapse: collapse;\" border=\"1\" cellpadding=\"2\">\n<tbody>\n<tr style=\"height: 24px;\">\n<td style=\"width: 15.8421%; height: 24px;\">Project management:<\/td>\n<td style=\"width: 84.1578%; height: 24px;\" colspan=\"2\">Univ.-Prof. Dr.<sup>in<\/sup> Erika Thurner (BMWF, Zukunftsfonds)<br \/>\nUniv.-Prof. Dr. Anton Pelinka (BMASK, Nationalfonds)<\/td>\n<\/tr>\n<tr>\n<td style=\"width: 15.8421%;\">\n<hr \/>\n<\/td>\n<td style=\"width: 45.6461%;\">\n<hr \/>\n<\/td>\n<td style=\"width: 38.5117%; height: 24px;\"><\/td>\n<\/tr>\n<tr>\n<td style=\"width: 15.8421%;\">Implementation:<\/td>\n<td style=\"width: 84.1578%;\" colspan=\"2\">Mag. Dr. Stefanie Mayer<sup>a<\/sup> Dr.<sup>in<\/sup> Helga Amesberger<br \/>\nMag. Dr. Stefanie Mayer<sup>a<\/sup> Dr.<sup>in<\/sup> Brigitte Halbmayr<br \/>\nMag. Dr. Stefanie Mayer<sup>a<\/sup> Kerstin Lercher<\/td>\n<\/tr>\n<tr>\n<td style=\"width: 15.8421%;\">\n<hr \/>\n<\/td>\n<td style=\"width: 45.6461%;\">\n<hr \/>\n<\/td>\n<td style=\"width: 38.5117%;\"><\/td>\n<\/tr>\n<tr>\n<td style=\"width: 15.8421%;\">Funded by:<\/td>\n<td style=\"width: 84.1578%;\" colspan=\"2\">Federal Ministry of Labour, Social Affairs and Consumer's Protection<br \/>\nNational Fund of the Republic of Austria for Victims of National Socialism<br \/>\nBundesministerium f\u00fcr Wissenschaft und Forschung<br \/>\nFuture Fund of the Republic of Austria<\/td>\n<\/tr>\n<tr>\n<td style=\"width: 15.8421%;\">\n<hr \/>\n<\/td>\n<td style=\"width: 45.6461%;\">\n<hr \/>\n<\/td>\n<td style=\"width: 38.5117%; height: 24px;\"><\/td>\n<\/tr>\n<tr style=\"height: 24px;\">\n<td style=\"width: 15.8421%; height: 24px;\">Completed in:<\/td>\n<td style=\"height: 24px; width: 84.1578%;\" colspan=\"2\">Juni 2009<\/td>\n<\/tr>\n<\/tbody>\n<\/table>\n<\/div>\n<\/div><\/div><\/div><\/div><\/div>\n\n\n<div style=\"color:#404168\" class=\"wp-block-genesis-blocks-gb-spacer gb-block-spacer gb-divider-solid gb-spacer-divider gb-divider-size-1\"><hr style=\"height:3px\"\/><\/div>\n\n\n\n<div style=\"color:#404168\" class=\"wp-block-genesis-blocks-gb-spacer gb-block-spacer gb-divider-solid gb-divider-size-1\"><hr style=\"height:10px\"\/><\/div>\n\n\n<div id=\"pl-gb2894-69e761cd9f444\"  class=\"panel-layout\" ><div id=\"pg-gb2894-69e761cd9f444-0\"  class=\"panel-grid panel-no-style\" ><div id=\"pgc-gb2894-69e761cd9f444-0-0\"  class=\"panel-grid-cell panel-grid-cell-empty\" ><\/div><div id=\"pgc-gb2894-69e761cd9f444-0-1\"  class=\"panel-grid-cell panel-grid-cell-mobile-last\" ><div id=\"panel-gb2894-69e761cd9f444-0-1-0\" class=\"so-panel widget widget_text panel-first-child panel-last-child\" data-index=\"0\" >\t\t\t<div class=\"textwidget\"><p align=\"justify\">Auch 60 Jahre nach der Befreiung des Frauenkonzentrationslagers Ravensbr\u00fcck steht noch immer nicht fest, wie viele \u00d6sterreicherinnen und \u00d6sterreicher dort inhaftiert waren. Da \u00f6sterreichische H\u00e4ftlinge als Reichsdeutsche gef\u00fchrt wurden, ist es schwierig, die tats\u00e4chliche Anzahl von inhaftierten \u00d6sterreicherInnen zu eruieren. Zudem wurden viele Dokumente noch von den Nationalsozialisten vor der R\u00e4umung des Lagers vernichtet. Des weiteren besteht bei den wegen eines (vermeintlichen) kriminellen Delikts oder angeblicher &#8220;Asozialit\u00e4t&#8221; Inhaftierten eine schwierigere Quellenlage, da diese nicht zu den anerkannten Opfergruppen z\u00e4hlen und daher in den Akten der Opferf\u00fcrsorge \u2013 eine f\u00fcr dieses Projekt sehr bedeutende Quelle \u2013 in der Regel nicht aufscheinen. Ebenso ist anzunehmen, dass viele wegen &#8220;Verbotenen Umgangs&#8221; inhaftierte Frauen \u2013 sie waren bis in die 1950er-Jahre von den Leistungen ausgeschlossen \u2013 keine Antr\u00e4ge stellten. Um auch diese Gruppen erfassen zu k\u00f6nnen, mussten die Recherchen auf die Archive der Bundespolizeidirektionen ausgedehnt werden. Die Suche nach Haftb\u00fcchern bzw. -karteien (1938-1945) gestaltet sich unerwartet schwierig, ein Teil der Haftb\u00fccher konnte \u2013 trotz intensiver Bem\u00fchungen \u2013 bisher nicht gefunden werden (z.B. in Wien und St. P\u00f6lten); wir vermuten, dass sich diese nach wie vor in Moskau befinden. Es bleibt zu hoffen, dass zumindest ein Teil der Akten der Bundespolizeidirektion Wien und St. P\u00f6lten dem Staatsarchiv zur\u00fcck gegeben werden. Die Recherche in den Bundespolizeidirektionen wurde durch die Notwendigkeit von deren Genehmigung durch die Datenschutzkommission sehr stark verz\u00f6gert.<\/p>\n<p align=\"justify\">Durch die Ausweitung der Recherchen auf die Archive der \u00f6sterreichischen Bundespolizeidirektionen gelang es insbesondere, Daten zu einer in unserer Datenbank und auch sonstigen Forschungen bislang deutlich unterrepr\u00e4sentierten H\u00e4ftlingsgruppe zu sammeln, den wegen &#8220;kriminellen&#8221; oder &#8220;asozialen&#8221; Verhaltens inhaftierten \u00d6sterreicherinnen im Frauenkonzentrationslager Ravensbr\u00fcck. Insgesamt ergab die Durchsicht der Haftb\u00fccher fast 300 Neueintr\u00e4ge in die Datenbank (darunter eine hohe Anzahl wegen sogenannter &#8220;Kriminalit\u00e4t&#8221; oder &#8220;Asozialit\u00e4t&#8221; Inhaftierter). Zudem konnten f\u00fcr bereits bestehende Eintr\u00e4ge die Daten zum Haftweg, Haftdauer und Verhaftungsgrund vervollst\u00e4ndigt werden. Die Datenbank zum Projekt, welche seit 2005 in Arbeit ist, enth\u00e4lt mittlerweile die Namen von 2.741 Personen, ann\u00e4hernd drei Mal so viele wie jahrzehntelang f\u00fcr \u00d6sterreich angenommen wurde. Bei den uns bekannten Personen handelt es sich \u2013 trotz ergiebiger Recherchen in den Polizeiarchiven \u2013 vorwiegend um Personen, die aus politischen, religi\u00f6sen oder rassistischen Gr\u00fcnden verfolgt wurden.<\/p>\n<p align=\"justify\">Durch die neuerliche Subventionszusage des Bundesministerium f\u00fcr Arbeit, Soziales und Konsumentenschutz wird es 2010 m\u00f6glich sein, die Datenerhebung zur namentlichen Erfassung der \u00f6sterreichischen Inhaftierten in Ravensbr\u00fcck abzuschlie\u00dfen, die Datenbank zu bereinigen und eventuell erste Auswertungen im Hinblick auf soziale Herkunft, Verfolgungsgeschichte und das Leben nach 1945 (sofern die Personen \u00fcberlebt haben) vorzunehmen.<\/p>\n<p align=\"justify\">Es ist beabsichtigt, eine weitere Finanzierung vorausgesetzt, Teile der Datenbank via Internet zug\u00e4nglich zu machen und die Ergebnisse der Auswertung sowie ein Gedenkbuch mit den Kurzbiographien der \u00f6sterreichischen Ravensbr\u00fcckh\u00e4ftlinge zu publizieren.<\/p>\n<\/div>\n\t\t<\/div><\/div><div id=\"pgc-gb2894-69e761cd9f444-0-2\"  class=\"panel-grid-cell panel-grid-cell-empty\" ><\/div><\/div><\/div>\n\n\n<div style=\"color:#333\" class=\"wp-block-genesis-blocks-gb-spacer gb-block-spacer gb-divider-solid gb-spacer-divider gb-divider-size-1\"><hr style=\"height:100px\"\/><\/div>\n<\/div><\/div><\/div>","protected":false},"excerpt":{"rendered":"","protected":false},"author":2,"featured_media":0,"parent":1320,"menu_order":31,"comment_status":"closed","ping_status":"closed","template":"","meta":{"footnotes":""},"class_list":["post-2894","page","type-page","status-publish","hentry","post"],"featured_image_src":null,"featured_image_src_square":null,"_links":{"self":[{"href":"https:\/\/ikf.ac.at\/en\/wp-json\/wp\/v2\/pages\/2894","targetHints":{"allow":["GET"]}}],"collection":[{"href":"https:\/\/ikf.ac.at\/en\/wp-json\/wp\/v2\/pages"}],"about":[{"href":"https:\/\/ikf.ac.at\/en\/wp-json\/wp\/v2\/types\/page"}],"author":[{"embeddable":true,"href":"https:\/\/ikf.ac.at\/en\/wp-json\/wp\/v2\/users\/2"}],"replies":[{"embeddable":true,"href":"https:\/\/ikf.ac.at\/en\/wp-json\/wp\/v2\/comments?post=2894"}],"version-history":[{"count":1,"href":"https:\/\/ikf.ac.at\/en\/wp-json\/wp\/v2\/pages\/2894\/revisions"}],"predecessor-version":[{"id":2895,"href":"https:\/\/ikf.ac.at\/en\/wp-json\/wp\/v2\/pages\/2894\/revisions\/2895"}],"up":[{"embeddable":true,"href":"https:\/\/ikf.ac.at\/en\/wp-json\/wp\/v2\/pages\/1320"}],"wp:attachment":[{"href":"https:\/\/ikf.ac.at\/en\/wp-json\/wp\/v2\/media?parent=2894"}],"curies":[{"name":"wp","href":"https:\/\/api.w.org\/{rel}","templated":true}]}}