{"id":2861,"date":"2021-05-04T09:15:12","date_gmt":"2021-05-04T09:15:12","guid":{"rendered":"http:\/\/test-ikf.online\/?page_id=2861"},"modified":"2021-05-04T09:27:41","modified_gmt":"2021-05-04T09:27:41","slug":"2000-korruption-in-oesterreich","status":"publish","type":"page","link":"https:\/\/ikf.ac.at\/en\/schwerpunkte\/sicherheit\/korruption\/2000-korruption-in-oesterreich","title":{"rendered":"2000: Korruption in \u00d6sterreich: Verbreitung, Trends, Perspektiven der Pr\u00e4vention"},"content":{"rendered":"<div class=\"wp-block-atomic-blocks-ab-container alignfull ab-block-container\"><div class=\"ab-container-inside\"><div class=\"ab-container-content\"><div id=\"pl-gb2861-69f23fd9bace7\"  class=\"panel-layout\" ><div id=\"pg-gb2861-69f23fd9bace7-0\"  class=\"panel-grid panel-no-style\" ><div id=\"pgc-gb2861-69f23fd9bace7-0-0\"  class=\"panel-grid-cell\" ><div id=\"panel-gb2861-69f23fd9bace7-0-0-0\" class=\"so-panel widget widget_media_image panel-first-child panel-last-child\" data-index=\"0\" ><img loading=\"lazy\" decoding=\"async\" width=\"2554\" height=\"10\" src=\"https:\/\/ikf.ac.at\/wp-content\/uploads\/2021\/01\/linie_IKF.jpg\" class=\"image wp-image-754  attachment-full size-full\" alt=\"\" style=\"max-width: 100%; height: auto;\" srcset=\"https:\/\/ikf.ac.at\/wp-content\/uploads\/2021\/01\/linie_IKF.jpg 2554w, https:\/\/ikf.ac.at\/wp-content\/uploads\/2021\/01\/linie_IKF-300x1.jpg 300w, https:\/\/ikf.ac.at\/wp-content\/uploads\/2021\/01\/linie_IKF-1024x4.jpg 1024w, https:\/\/ikf.ac.at\/wp-content\/uploads\/2021\/01\/linie_IKF-768x3.jpg 768w, https:\/\/ikf.ac.at\/wp-content\/uploads\/2021\/01\/linie_IKF-1536x6.jpg 1536w, https:\/\/ikf.ac.at\/wp-content\/uploads\/2021\/01\/linie_IKF-2048x8.jpg 2048w\" sizes=\"auto, (max-width: 2554px) 100vw, 2554px\" \/><\/div><\/div><\/div><\/div>\n\n\n<div style=\"color:#ddd\" class=\"wp-block-genesis-blocks-gb-spacer gb-block-spacer gb-divider-solid gb-divider-size-1\"><hr style=\"height:30px\"\/><\/div>\n\n\n<div id=\"pl-gb2861-69f23fd9bb3d1\"  class=\"panel-layout\" ><div id=\"pg-gb2861-69f23fd9bb3d1-0\"  class=\"panel-grid panel-no-style\" ><div id=\"pgc-gb2861-69f23fd9bb3d1-0-0\"  class=\"panel-grid-cell panel-grid-cell-empty\" ><\/div><div id=\"pgc-gb2861-69f23fd9bb3d1-0-1\"  class=\"panel-grid-cell\" ><div id=\"panel-gb2861-69f23fd9bb3d1-0-1-0\" class=\"so-panel widget widget_sow-editor panel-first-child panel-last-child\" data-index=\"0\" ><div\n\t\t\t\n\t\t\tclass=\"so-widget-sow-editor so-widget-sow-editor-base\"\n\t\t\t\n\t\t>\n<div class=\"siteorigin-widget-tinymce textwidget\">\n\t<table style=\"height: 100px; width: 100%; border-collapse: collapse;\" border=\"1\" cellpadding=\"2\">\n<tbody>\n<tr style=\"height: 24px;\">\n<td style=\"width: 15.8421%; height: 24px;\">Project management:<\/td>\n<td style=\"width: 84.1578%; height: 24px;\" colspan=\"2\">Univ.-Prof. Dr. Anton Pelinka<\/td>\n<\/tr>\n<tr>\n<td style=\"width: 15.8421%;\">\n<hr \/>\n<\/td>\n<td style=\"width: 25.4358%;\">\n<hr \/>\n<\/td>\n<td style=\"width: 58.722%; height: 24px;\"><\/td>\n<\/tr>\n<tr>\n<td style=\"width: 15.8421%;\">Implementation:<\/td>\n<td style=\"width: 84.1578%;\" colspan=\"2\">DDr. Hubert Sickinger<\/td>\n<\/tr>\n<tr>\n<td style=\"width: 15.8421%;\">\n<hr \/>\n<\/td>\n<td style=\"width: 25.4358%;\">\n<hr \/>\n<\/td>\n<td style=\"width: 58.722%;\"><\/td>\n<\/tr>\n<tr>\n<td style=\"width: 15.8421%;\">Funded by:<\/td>\n<td style=\"width: 84.1578%;\" colspan=\"2\">Federal Ministry of the Interior<\/td>\n<\/tr>\n<tr>\n<td style=\"width: 15.8421%;\">\n<hr \/>\n<\/td>\n<td style=\"width: 25.4358%;\">\n<hr \/>\n<\/td>\n<td style=\"width: 58.722%; height: 24px;\"><\/td>\n<\/tr>\n<tr style=\"height: 24px;\">\n<td style=\"width: 15.8421%; height: 24px;\">Completed in:<\/td>\n<td style=\"height: 24px; width: 84.1578%;\" colspan=\"2\">Juni 2000<\/td>\n<\/tr>\n<\/tbody>\n<\/table>\n<\/div>\n<\/div><\/div><\/div><\/div><\/div>\n\n\n<div style=\"color:#404168\" class=\"wp-block-genesis-blocks-gb-spacer gb-block-spacer gb-divider-solid gb-spacer-divider gb-divider-size-1\"><hr style=\"height:3px\"\/><\/div>\n\n\n\n<div style=\"color:#404168\" class=\"wp-block-genesis-blocks-gb-spacer gb-block-spacer gb-divider-solid gb-divider-size-1\"><hr style=\"height:10px\"\/><\/div>\n\n\n<div id=\"pl-gb2861-69f23fd9bba45\"  class=\"panel-layout\" ><div id=\"pg-gb2861-69f23fd9bba45-0\"  class=\"panel-grid panel-no-style\" ><div id=\"pgc-gb2861-69f23fd9bba45-0-0\"  class=\"panel-grid-cell panel-grid-cell-empty\" ><\/div><div id=\"pgc-gb2861-69f23fd9bba45-0-1\"  class=\"panel-grid-cell panel-grid-cell-mobile-last\" ><div id=\"panel-gb2861-69f23fd9bba45-0-1-0\" class=\"so-panel widget widget_text panel-first-child panel-last-child\" data-index=\"0\" >\t\t\t<div class=\"textwidget\"><p align=\"justify\">Sowohl nach Einsch\u00e4tzung von JournalistInnen als auch der Bev\u00f6lkerung ist Korruption in \u00d6sterreich keine vernachl\u00e4ssigbare Gr\u00f6\u00dfe. \u00dcber die\u00a0<em>tats\u00e4chliche Verbreitung von Korruption in \u00d6sterreich<\/em>\u00a0existieren allerdings bisher noch keine gesicherten Indikatoren. Deshalb vermittelt das Forschungsprojekt ein differenziertes Bild \u00fcber folgende Aspekte:<\/p>\n<ul>\n<li>\n<p align=\"justify\">wie stark, in welchen Erscheinungsformen, insbesondere auch in welchen Sektoren ist Korruption in \u00d6sterreich verbreitet,<\/p>\n<p><\/li>\n<li>\n<p align=\"justify\">welche Trends hat es diesbez\u00fcglich in den vergangenen Jahrzehnten gegeben bzw. welche Entwicklungen sind k\u00fcnftig zu erwarten.<\/p>\n<p><\/li>\n<li>Darauf aufbauend werden\u00a0<em>M\u00f6glichkeiten der Korruptionspr\u00e4vention<\/em>\u00a0untersucht.<\/li>\n<\/ul>\n<p align=\"justify\">Korruption wird als der\u00a0<em>Mi\u00dfbrauch \u00f6ffentlicher Macht zu privaten Zwecken<\/em>\u00a0definiert. Die Studie ber\u00fccksichtigt sowohl politische wie Verwaltungskorruption, wobei der Schwerpunkt der empirischen Bestandsaufnahme eher im Bereich der Korruption in der \u00f6ffentlichen Verwaltung liegt. Dabei interessiert gleicherma\u00dfen, welche\u00a0<em>strukturellen<\/em>\u00a0Gegebenheiten in \u00d6sterreich Korruption erm\u00f6glichen, f\u00f6rdern bzw. hemmen, als auch \u00f6sterreichspezifische\u00a0<em>&#8220;kulturelle&#8221;\u00a0<\/em>Aspekte. Deshalb werden auch nicht nur Bereiche untersucht, die eindeutig als illegale Vorteilsnahme einzustufen sind, sondern auch die f\u00fcr \u00d6sterreich vermutlich ebenfalls wichtigen &#8220;unscharfen Grenzbereiche&#8221; einer ausgepr\u00e4gten &#8220;Trinkgeldmentalit\u00e4t&#8221; usw. herausgearbeitet, da diese ebenfalls zur kulturellen Best\u00e4rkung oder F\u00f6rderung von Korruption beitragen k\u00f6nnen.<\/p>\n<p align=\"justify\">F\u00fcr die beschriebene Fragestellung wird ein methodenpluralistischer Zugang gew\u00e4hlt, bei dem unterschiedliche Methoden verkn\u00fcpft werden:<\/p>\n<ul>\n<li>\n<p align=\"justify\">Literatur- und Dokumentenanalyse,<\/p>\n<p><\/li>\n<li>\n<p align=\"justify\">ExpertInneninterwiews u.a. mit Angeh\u00f6rigen des Auftraggebers BMI, Staatsanw\u00e4lten, Pr\u00e4sidenten\/Leitern des Rechnungshofs bzw. von Kontroll\u00e4mtern; Journalisten; mit Fragen der Korruptionsbek\u00e4mpfung befa\u00dften Politikern (pars pro toto v.a. des Kontrollausschusses der Gemeinde Wien) sowie Wissenschaftern,<\/p>\n<p><\/li>\n<li>\n<p align=\"justify\">Rekonstruktion typischer Fallmuster aufgrund von Medienberichten, v.a. anhand der Berichterstattung der politischen Nachrichtenmagazine profil und NEWS aus den 1980er und 1990er Jahren,<\/p>\n<p>\n<\/li>\n<li>Sekund\u00e4ranalyse vorhandener Repr\u00e4sentativumfragen.<\/li>\n<\/ul>\n<\/div>\n\t\t<\/div><\/div><div id=\"pgc-gb2861-69f23fd9bba45-0-2\"  class=\"panel-grid-cell panel-grid-cell-empty\" ><\/div><\/div><\/div>\n\n\n<div style=\"color:#333\" class=\"wp-block-genesis-blocks-gb-spacer gb-block-spacer gb-divider-solid gb-spacer-divider gb-divider-size-1\"><hr style=\"height:100px\"\/><\/div>\n<\/div><\/div><\/div>","protected":false},"excerpt":{"rendered":"","protected":false},"author":2,"featured_media":0,"parent":966,"menu_order":9,"comment_status":"closed","ping_status":"closed","template":"","meta":{"footnotes":""},"class_list":["post-2861","page","type-page","status-publish","hentry","post"],"featured_image_src":null,"featured_image_src_square":null,"_links":{"self":[{"href":"https:\/\/ikf.ac.at\/en\/wp-json\/wp\/v2\/pages\/2861","targetHints":{"allow":["GET"]}}],"collection":[{"href":"https:\/\/ikf.ac.at\/en\/wp-json\/wp\/v2\/pages"}],"about":[{"href":"https:\/\/ikf.ac.at\/en\/wp-json\/wp\/v2\/types\/page"}],"author":[{"embeddable":true,"href":"https:\/\/ikf.ac.at\/en\/wp-json\/wp\/v2\/users\/2"}],"replies":[{"embeddable":true,"href":"https:\/\/ikf.ac.at\/en\/wp-json\/wp\/v2\/comments?post=2861"}],"version-history":[{"count":7,"href":"https:\/\/ikf.ac.at\/en\/wp-json\/wp\/v2\/pages\/2861\/revisions"}],"predecessor-version":[{"id":2871,"href":"https:\/\/ikf.ac.at\/en\/wp-json\/wp\/v2\/pages\/2861\/revisions\/2871"}],"up":[{"embeddable":true,"href":"https:\/\/ikf.ac.at\/en\/wp-json\/wp\/v2\/pages\/966"}],"wp:attachment":[{"href":"https:\/\/ikf.ac.at\/en\/wp-json\/wp\/v2\/media?parent=2861"}],"curies":[{"name":"wp","href":"https:\/\/api.w.org\/{rel}","templated":true}]}}