{"id":2859,"date":"2021-05-04T09:07:18","date_gmt":"2021-05-04T09:07:18","guid":{"rendered":"http:\/\/test-ikf.online\/?page_id=2859"},"modified":"2021-05-04T09:08:07","modified_gmt":"2021-05-04T09:08:07","slug":"2006-perspektiven-monitoring-und-bekaempfung-korruption-eu","status":"publish","type":"page","link":"https:\/\/ikf.ac.at\/en\/schwerpunkte\/sicherheit\/korruption\/2006-perspektiven-monitoring-und-bekaempfung-korruption-eu","title":{"rendered":"2006: Perspektiven des Monitoring und der Bek\u00e4mpfung von Korruption im Rahmen der EU"},"content":{"rendered":"<div class=\"wp-block-atomic-blocks-ab-container alignfull ab-block-container\"><div class=\"ab-container-inside\"><div class=\"ab-container-content\"><div id=\"pl-gb2859-69f254ce528e8\"  class=\"panel-layout\" ><div id=\"pg-gb2859-69f254ce528e8-0\"  class=\"panel-grid panel-no-style\" ><div id=\"pgc-gb2859-69f254ce528e8-0-0\"  class=\"panel-grid-cell\" ><div id=\"panel-gb2859-69f254ce528e8-0-0-0\" class=\"so-panel widget widget_media_image panel-first-child panel-last-child\" data-index=\"0\" ><img loading=\"lazy\" decoding=\"async\" width=\"2554\" height=\"10\" src=\"https:\/\/ikf.ac.at\/wp-content\/uploads\/2021\/01\/linie_IKF.jpg\" class=\"image wp-image-754  attachment-full size-full\" alt=\"\" style=\"max-width: 100%; height: auto;\" srcset=\"https:\/\/ikf.ac.at\/wp-content\/uploads\/2021\/01\/linie_IKF.jpg 2554w, https:\/\/ikf.ac.at\/wp-content\/uploads\/2021\/01\/linie_IKF-300x1.jpg 300w, https:\/\/ikf.ac.at\/wp-content\/uploads\/2021\/01\/linie_IKF-1024x4.jpg 1024w, https:\/\/ikf.ac.at\/wp-content\/uploads\/2021\/01\/linie_IKF-768x3.jpg 768w, https:\/\/ikf.ac.at\/wp-content\/uploads\/2021\/01\/linie_IKF-1536x6.jpg 1536w, https:\/\/ikf.ac.at\/wp-content\/uploads\/2021\/01\/linie_IKF-2048x8.jpg 2048w\" sizes=\"auto, (max-width: 2554px) 100vw, 2554px\" \/><\/div><\/div><\/div><\/div>\n\n\n<div style=\"color:#ddd\" class=\"wp-block-genesis-blocks-gb-spacer gb-block-spacer gb-divider-solid gb-divider-size-1\"><hr style=\"height:30px\"\/><\/div>\n\n\n<div id=\"pl-gb2859-69f254ce52d85\"  class=\"panel-layout\" ><div id=\"pg-gb2859-69f254ce52d85-0\"  class=\"panel-grid panel-no-style\" ><div id=\"pgc-gb2859-69f254ce52d85-0-0\"  class=\"panel-grid-cell panel-grid-cell-empty\" ><\/div><div id=\"pgc-gb2859-69f254ce52d85-0-1\"  class=\"panel-grid-cell\" ><div id=\"panel-gb2859-69f254ce52d85-0-1-0\" class=\"so-panel widget widget_sow-editor panel-first-child panel-last-child\" data-index=\"0\" ><div\n\t\t\t\n\t\t\tclass=\"so-widget-sow-editor so-widget-sow-editor-base\"\n\t\t\t\n\t\t>\n<div class=\"siteorigin-widget-tinymce textwidget\">\n\t<table style=\"height: 100px; width: 100%; border-collapse: collapse;\" border=\"1\" cellpadding=\"2\">\n<tbody>\n<tr style=\"height: 24px;\">\n<td style=\"width: 15.8421%; height: 24px;\">Project management:<\/td>\n<td style=\"width: 84.1578%; height: 24px;\" colspan=\"2\">Univ.-Prof. Dr. Anton Pelinka<\/td>\n<\/tr>\n<tr>\n<td style=\"width: 15.8421%;\">\n<hr \/>\n<\/td>\n<td style=\"width: 25.0853%;\">\n<hr \/>\n<\/td>\n<td style=\"width: 59.0725%; height: 24px;\"><\/td>\n<\/tr>\n<tr>\n<td style=\"width: 15.8421%;\">Implementation:<\/td>\n<td style=\"width: 84.1578%;\" colspan=\"2\">DDr. Hubert Sickinger<\/td>\n<\/tr>\n<tr>\n<td style=\"width: 15.8421%;\">\n<hr \/>\n<\/td>\n<td style=\"width: 25.0853%;\">\n<hr \/>\n<\/td>\n<td style=\"width: 59.0725%;\"><\/td>\n<\/tr>\n<tr>\n<td style=\"width: 15.8421%;\">Funded by:<\/td>\n<td style=\"width: 84.1578%;\" colspan=\"2\">Federal Ministry of the Interior<\/td>\n<\/tr>\n<tr>\n<td style=\"width: 15.8421%;\">\n<hr \/>\n<\/td>\n<td style=\"width: 25.0853%;\">\n<hr \/>\n<\/td>\n<td style=\"width: 59.0725%; height: 24px;\"><\/td>\n<\/tr>\n<tr style=\"height: 24px;\">\n<td style=\"width: 15.8421%; height: 24px;\">Completed in:<\/td>\n<td style=\"height: 24px; width: 84.1578%;\" colspan=\"2\">April 2006<\/td>\n<\/tr>\n<\/tbody>\n<\/table>\n<\/div>\n<\/div><\/div><\/div><\/div><\/div>\n\n\n<div style=\"color:#404168\" class=\"wp-block-genesis-blocks-gb-spacer gb-block-spacer gb-divider-solid gb-spacer-divider gb-divider-size-1\"><hr style=\"height:3px\"\/><\/div>\n\n\n\n<div style=\"color:#404168\" class=\"wp-block-genesis-blocks-gb-spacer gb-block-spacer gb-divider-solid gb-divider-size-1\"><hr style=\"height:10px\"\/><\/div>\n\n\n<div id=\"pl-gb2859-69f254ce5317f\"  class=\"panel-layout\" ><div id=\"pg-gb2859-69f254ce5317f-0\"  class=\"panel-grid panel-no-style\" ><div id=\"pgc-gb2859-69f254ce5317f-0-0\"  class=\"panel-grid-cell panel-grid-cell-empty\" ><\/div><div id=\"pgc-gb2859-69f254ce5317f-0-1\"  class=\"panel-grid-cell panel-grid-cell-mobile-last\" ><div id=\"panel-gb2859-69f254ce5317f-0-1-0\" class=\"so-panel widget widget_text panel-first-child panel-last-child\" data-index=\"0\" >\t\t\t<div class=\"textwidget\"><p align=\"justify\">Das Projekt untersucht in geraffter Form folgende Punkte:<\/p>\n<p align=\"justify\">Einleitend werden die Anti-Korruptions-Politiken der EU, deren wichtigste Zielsetzungen und institutionellen Limitationen skizziert und auf die Frage der Messbarkeit und internationalen Vergleichbarkeit von Korruptionsniveaus (bezogen auf die EU-Mitgliedstaaten) eingegangen;<\/p>\n<p align=\"justify\">anschlie\u00dfend werden international vergleichende Indizes der Verbreitung von Korruption und Ergebnisse von vergleichenden Unternehmens- und Bev\u00f6lkerungsumfragen beschrieben;<\/p>\n<p align=\"justify\">weitere Kapitel befassen sich mit internationalen Konventionen gegen Korruption und den mit ihnen verkn\u00fcpften Monitoring-Mechanismen (insbesondere der OECD und des Europarats \/ GRECO), sowie einem internationalen Vergleich von Regelungen der Parteien- und Wahlkampffinanzierung als Schl\u00fcsselbereiche m\u00f6glicher politischer Korruption (f\u00fcr die es mittlerweile auch im Rahmen des Europarates Empfehlungen gibt, die dem Monitoring durch GRECO unterliegen).<\/p>\n<p align=\"justify\">Den Abschluss bilden \u00dcberlegungen, wie derartige (auf quantitativen Rankings und Peer-Reviews basierende) Rankings und Verfahren auf EU-Ebene erg\u00e4nzt werden k\u00f6nnten, um Druck auf die Mitgliedstaaten (und Beitrittskandidaten) in Richtung verst\u00e4rkter Korruptionsbek\u00e4mpfung aus\u00fcben zu k\u00f6nnen.<\/p>\n<\/div>\n\t\t<\/div><\/div><div id=\"pgc-gb2859-69f254ce5317f-0-2\"  class=\"panel-grid-cell panel-grid-cell-empty\" ><\/div><\/div><\/div>\n\n\n<div style=\"color:#333\" class=\"wp-block-genesis-blocks-gb-spacer gb-block-spacer gb-divider-solid gb-spacer-divider gb-divider-size-1\"><hr style=\"height:100px\"\/><\/div>\n<\/div><\/div><\/div>","protected":false},"excerpt":{"rendered":"","protected":false},"author":2,"featured_media":0,"parent":966,"menu_order":8,"comment_status":"closed","ping_status":"closed","template":"","meta":{"footnotes":""},"class_list":["post-2859","page","type-page","status-publish","hentry","post"],"featured_image_src":null,"featured_image_src_square":null,"_links":{"self":[{"href":"https:\/\/ikf.ac.at\/en\/wp-json\/wp\/v2\/pages\/2859","targetHints":{"allow":["GET"]}}],"collection":[{"href":"https:\/\/ikf.ac.at\/en\/wp-json\/wp\/v2\/pages"}],"about":[{"href":"https:\/\/ikf.ac.at\/en\/wp-json\/wp\/v2\/types\/page"}],"author":[{"embeddable":true,"href":"https:\/\/ikf.ac.at\/en\/wp-json\/wp\/v2\/users\/2"}],"replies":[{"embeddable":true,"href":"https:\/\/ikf.ac.at\/en\/wp-json\/wp\/v2\/comments?post=2859"}],"version-history":[{"count":1,"href":"https:\/\/ikf.ac.at\/en\/wp-json\/wp\/v2\/pages\/2859\/revisions"}],"predecessor-version":[{"id":2860,"href":"https:\/\/ikf.ac.at\/en\/wp-json\/wp\/v2\/pages\/2859\/revisions\/2860"}],"up":[{"embeddable":true,"href":"https:\/\/ikf.ac.at\/en\/wp-json\/wp\/v2\/pages\/966"}],"wp:attachment":[{"href":"https:\/\/ikf.ac.at\/en\/wp-json\/wp\/v2\/media?parent=2859"}],"curies":[{"name":"wp","href":"https:\/\/api.w.org\/{rel}","templated":true}]}}