{"id":2857,"date":"2021-05-04T09:04:46","date_gmt":"2021-05-04T09:04:46","guid":{"rendered":"http:\/\/test-ikf.online\/?page_id=2857"},"modified":"2021-05-04T09:20:49","modified_gmt":"2021-05-04T09:20:49","slug":"2006-staatliche-politikfinanzierung-als-instrument-gegen-politische-korruption","status":"publish","type":"page","link":"https:\/\/ikf.ac.at\/en\/schwerpunkte\/sicherheit\/korruption\/2006-staatliche-politikfinanzierung-als-instrument-gegen-politische-korruption","title":{"rendered":"2006: Staatliche Politikfinanzierung als Instrument gegen politische Korruption?"},"content":{"rendered":"<div class=\"wp-block-atomic-blocks-ab-container alignfull ab-block-container\"><div class=\"ab-container-inside\"><div class=\"ab-container-content\"><div id=\"pl-gb2857-69f24013863cb\"  class=\"panel-layout\" ><div id=\"pg-gb2857-69f24013863cb-0\"  class=\"panel-grid panel-no-style\" ><div id=\"pgc-gb2857-69f24013863cb-0-0\"  class=\"panel-grid-cell\" ><div id=\"panel-gb2857-69f24013863cb-0-0-0\" class=\"so-panel widget widget_media_image panel-first-child panel-last-child\" data-index=\"0\" ><img loading=\"lazy\" decoding=\"async\" width=\"2554\" height=\"10\" src=\"https:\/\/ikf.ac.at\/wp-content\/uploads\/2021\/01\/linie_IKF.jpg\" class=\"image wp-image-754  attachment-full size-full\" alt=\"\" style=\"max-width: 100%; height: auto;\" srcset=\"https:\/\/ikf.ac.at\/wp-content\/uploads\/2021\/01\/linie_IKF.jpg 2554w, https:\/\/ikf.ac.at\/wp-content\/uploads\/2021\/01\/linie_IKF-300x1.jpg 300w, https:\/\/ikf.ac.at\/wp-content\/uploads\/2021\/01\/linie_IKF-1024x4.jpg 1024w, https:\/\/ikf.ac.at\/wp-content\/uploads\/2021\/01\/linie_IKF-768x3.jpg 768w, https:\/\/ikf.ac.at\/wp-content\/uploads\/2021\/01\/linie_IKF-1536x6.jpg 1536w, https:\/\/ikf.ac.at\/wp-content\/uploads\/2021\/01\/linie_IKF-2048x8.jpg 2048w\" sizes=\"auto, (max-width: 2554px) 100vw, 2554px\" \/><\/div><\/div><\/div><\/div>\n\n\n<div style=\"color:#ddd\" class=\"wp-block-genesis-blocks-gb-spacer gb-block-spacer gb-divider-solid gb-divider-size-1\"><hr style=\"height:30px\"\/><\/div>\n\n\n<div id=\"pl-gb2857-69f240138698f\"  class=\"panel-layout\" ><div id=\"pg-gb2857-69f240138698f-0\"  class=\"panel-grid panel-no-style\" ><div id=\"pgc-gb2857-69f240138698f-0-0\"  class=\"panel-grid-cell panel-grid-cell-empty\" ><\/div><div id=\"pgc-gb2857-69f240138698f-0-1\"  class=\"panel-grid-cell\" ><div id=\"panel-gb2857-69f240138698f-0-1-0\" class=\"so-panel widget widget_sow-editor panel-first-child panel-last-child\" data-index=\"0\" ><div\n\t\t\t\n\t\t\tclass=\"so-widget-sow-editor so-widget-sow-editor-base\"\n\t\t\t\n\t\t>\n<div class=\"siteorigin-widget-tinymce textwidget\">\n\t<table style=\"height: 100px; width: 100%; border-collapse: collapse;\" border=\"1\" cellpadding=\"2\">\n<tbody>\n<tr style=\"height: 24px;\">\n<td style=\"width: 15.8421%; height: 24px;\">Project management:<\/td>\n<td style=\"width: 84.1578%; height: 24px;\" colspan=\"2\">Univ.-Prof. Dr. Ferdinand Karlhofer<\/td>\n<\/tr>\n<tr>\n<td style=\"width: 15.8421%;\">\n<hr \/>\n<\/td>\n<td style=\"width: 51.315%;\">\n<hr \/>\n<\/td>\n<td style=\"width: 32.8428%; height: 24px;\"><\/td>\n<\/tr>\n<tr>\n<td style=\"width: 15.8421%;\">Implementation:<\/td>\n<td style=\"width: 84.1578%;\" colspan=\"2\">DDr. Hubert Sickinger<\/td>\n<\/tr>\n<tr>\n<td style=\"width: 15.8421%;\">\n<hr \/>\n<\/td>\n<td style=\"width: 51.315%;\">\n<hr \/>\n<\/td>\n<td style=\"width: 32.8428%;\"><\/td>\n<\/tr>\n<tr>\n<td style=\"width: 15.8421%;\">Funded by:<\/td>\n<td style=\"width: 84.1578%;\" colspan=\"2\">Jubil\u00e4umsfonds der Oesterreichischen Nationalbank, Projekt Nr. 11142<\/td>\n<\/tr>\n<tr>\n<td style=\"width: 15.8421%;\">\n<hr \/>\n<\/td>\n<td style=\"width: 51.315%;\">\n<hr \/>\n<\/td>\n<td style=\"width: 32.8428%; height: 24px;\"><\/td>\n<\/tr>\n<tr style=\"height: 24px;\">\n<td style=\"width: 15.8421%; height: 24px;\">Completed in:<\/td>\n<td style=\"height: 24px; width: 84.1578%;\" colspan=\"2\">August 2006<\/td>\n<\/tr>\n<\/tbody>\n<\/table>\n<\/div>\n<\/div><\/div><\/div><\/div><\/div>\n\n\n<div style=\"color:#404168\" class=\"wp-block-genesis-blocks-gb-spacer gb-block-spacer gb-divider-solid gb-spacer-divider gb-divider-size-1\"><hr style=\"height:3px\"\/><\/div>\n\n\n\n<div style=\"color:#404168\" class=\"wp-block-genesis-blocks-gb-spacer gb-block-spacer gb-divider-solid gb-divider-size-1\"><hr style=\"height:10px\"\/><\/div>\n\n\n<div id=\"pl-gb2857-69f2401386f45\"  class=\"panel-layout\" ><div id=\"pg-gb2857-69f2401386f45-0\"  class=\"panel-grid panel-no-style\" ><div id=\"pgc-gb2857-69f2401386f45-0-0\"  class=\"panel-grid-cell panel-grid-cell-empty\" ><\/div><div id=\"pgc-gb2857-69f2401386f45-0-1\"  class=\"panel-grid-cell panel-grid-cell-mobile-last\" ><div id=\"panel-gb2857-69f2401386f45-0-1-0\" class=\"so-panel widget widget_text panel-first-child panel-last-child\" data-index=\"0\" >\t\t\t<div class=\"textwidget\"><p align=\"justify\">Das Projekt behandelt die Frage, ob \u2013 und mit welchen zus\u00e4tzlichen Regelungselementen \u2013 die staatliche Parteienfinanzierung ein Mittel gegen politische Korruption darstellen kann. Behandelt wird die Problematik der Definition und Messung von (politischer) Korruption. Weiters wird ein \u00dcberblick \u00fcber die komparative Literatur zur political finance geboten. Anschlie\u00dfend wird das Thema anhand von Fallstudien zu sieben Parteiendemokratien (Gro\u00dfbritannien, Schweden, Deutschland, Frankreich, Italien, Niederlande und \u00d6sterreich) vertieft \u2013 also zu entwickelten Industriestaaten mit jahrzehntelang ungebrochener demokratischer Tradition, aber deutlich differenzierten parteipolitischen Traditionen, unterschiedlich hoher parteipolitischer Organisationsdichte, unterschiedlichen H\u00f6hen der staatlichen Parteienfinanzierung sowie unterschiedlich gro\u00dfz\u00fcgigen Bezahlungsmodalit\u00e4ten f\u00fcr PolitikerInnen und vor allem einem als unterschiedlich hoch wahrgenommenen Korruptionsniveau.<\/p>\n<p align=\"justify\">Es gibt, wie auch die Auswahl der Fallstudien (Staaten mit unterschiedlichen Kombinationen hoher\/niedriger Politikfinanzierung bzw. Korruption) zeigt, keinen direkten Zusammenhang zwischen der H\u00f6he staatlicher Politikfinanzierung und politischer Korruption. Staatliche Parteienfinanzierung ist durchaus ein geeignetes Mittel, Kostendruck von den Parteien zu nehmen und ihre Korruptionsanf\u00e4lligkeit zu reduzieren. Ebenso wichtig sind aber einerseits dar\u00fcber hinausgehende Elemente des Regulierungssystems der Politikfinanzierung (v.a. Transparenzvorschriften \u00fcber Spenden und effektive externe Kontrollinstanzen). Auch strukturelle Merkmale des Parteiensystems und des Systems der Interessenvermittlung spielen eine entscheidende Rolle: Parteien, die sich organisatorisch und personell als disziplinierte Akteure darstellen, sind weniger korruptionsanf\u00e4llig als faktionalisierte Parteien. Neokorporatistische Systeme der Interessenvermittlung machen den &#8220;Kauf&#8221; politischer Entscheidungen (als Variante illegitimer Interessenvermittlung) teils weniger wichtig f\u00fcr Unternehmen, teils auch weniger wirksam (da Interessenvermittlung prim\u00e4r \u00fcber hoch aggregierte Verb\u00e4nde verl\u00e4uft).<\/p>\n<\/div>\n\t\t<\/div><\/div><div id=\"pgc-gb2857-69f2401386f45-0-2\"  class=\"panel-grid-cell panel-grid-cell-empty\" ><\/div><\/div><\/div>\n\n\n<div style=\"color:#333\" class=\"wp-block-genesis-blocks-gb-spacer gb-block-spacer gb-divider-solid gb-spacer-divider gb-divider-size-1\"><hr style=\"height:100px\"\/><\/div>\n<\/div><\/div><\/div>","protected":false},"excerpt":{"rendered":"","protected":false},"author":2,"featured_media":0,"parent":966,"menu_order":7,"comment_status":"closed","ping_status":"closed","template":"","meta":{"footnotes":""},"class_list":["post-2857","page","type-page","status-publish","hentry","post"],"featured_image_src":null,"featured_image_src_square":null,"_links":{"self":[{"href":"https:\/\/ikf.ac.at\/en\/wp-json\/wp\/v2\/pages\/2857","targetHints":{"allow":["GET"]}}],"collection":[{"href":"https:\/\/ikf.ac.at\/en\/wp-json\/wp\/v2\/pages"}],"about":[{"href":"https:\/\/ikf.ac.at\/en\/wp-json\/wp\/v2\/types\/page"}],"author":[{"embeddable":true,"href":"https:\/\/ikf.ac.at\/en\/wp-json\/wp\/v2\/users\/2"}],"replies":[{"embeddable":true,"href":"https:\/\/ikf.ac.at\/en\/wp-json\/wp\/v2\/comments?post=2857"}],"version-history":[{"count":2,"href":"https:\/\/ikf.ac.at\/en\/wp-json\/wp\/v2\/pages\/2857\/revisions"}],"predecessor-version":[{"id":2866,"href":"https:\/\/ikf.ac.at\/en\/wp-json\/wp\/v2\/pages\/2857\/revisions\/2866"}],"up":[{"embeddable":true,"href":"https:\/\/ikf.ac.at\/en\/wp-json\/wp\/v2\/pages\/966"}],"wp:attachment":[{"href":"https:\/\/ikf.ac.at\/en\/wp-json\/wp\/v2\/media?parent=2857"}],"curies":[{"name":"wp","href":"https:\/\/api.w.org\/{rel}","templated":true}]}}