{"id":2854,"date":"2021-05-04T09:01:34","date_gmt":"2021-05-04T09:01:34","guid":{"rendered":"http:\/\/test-ikf.online\/?page_id=2854"},"modified":"2021-05-04T09:02:08","modified_gmt":"2021-05-04T09:02:08","slug":"2010-korruption-in-oesterreich","status":"publish","type":"page","link":"https:\/\/ikf.ac.at\/en\/schwerpunkte\/sicherheit\/korruption\/2010-korruption-in-oesterreich","title":{"rendered":"2010: Formen und Verbreitung von Korruption in \u00d6sterreich"},"content":{"rendered":"<div class=\"wp-block-atomic-blocks-ab-container alignfull ab-block-container\"><div class=\"ab-container-inside\"><div class=\"ab-container-content\"><div id=\"pl-gb2854-69f2573638b07\"  class=\"panel-layout\" ><div id=\"pg-gb2854-69f2573638b07-0\"  class=\"panel-grid panel-no-style\" ><div id=\"pgc-gb2854-69f2573638b07-0-0\"  class=\"panel-grid-cell\" ><div id=\"panel-gb2854-69f2573638b07-0-0-0\" class=\"so-panel widget widget_media_image panel-first-child panel-last-child\" data-index=\"0\" ><img loading=\"lazy\" decoding=\"async\" width=\"2554\" height=\"10\" src=\"https:\/\/ikf.ac.at\/wp-content\/uploads\/2021\/01\/linie_IKF.jpg\" class=\"image wp-image-754  attachment-full size-full\" alt=\"\" style=\"max-width: 100%; height: auto;\" srcset=\"https:\/\/ikf.ac.at\/wp-content\/uploads\/2021\/01\/linie_IKF.jpg 2554w, https:\/\/ikf.ac.at\/wp-content\/uploads\/2021\/01\/linie_IKF-300x1.jpg 300w, https:\/\/ikf.ac.at\/wp-content\/uploads\/2021\/01\/linie_IKF-1024x4.jpg 1024w, https:\/\/ikf.ac.at\/wp-content\/uploads\/2021\/01\/linie_IKF-768x3.jpg 768w, https:\/\/ikf.ac.at\/wp-content\/uploads\/2021\/01\/linie_IKF-1536x6.jpg 1536w, https:\/\/ikf.ac.at\/wp-content\/uploads\/2021\/01\/linie_IKF-2048x8.jpg 2048w\" sizes=\"auto, (max-width: 2554px) 100vw, 2554px\" \/><\/div><\/div><\/div><\/div>\n\n\n<div style=\"color:#ddd\" class=\"wp-block-genesis-blocks-gb-spacer gb-block-spacer gb-divider-solid gb-divider-size-1\"><hr style=\"height:30px\"\/><\/div>\n\n\n<div id=\"pl-gb2854-69f2573639379\"  class=\"panel-layout\" ><div id=\"pg-gb2854-69f2573639379-0\"  class=\"panel-grid panel-no-style\" ><div id=\"pgc-gb2854-69f2573639379-0-0\"  class=\"panel-grid-cell panel-grid-cell-empty\" ><\/div><div id=\"pgc-gb2854-69f2573639379-0-1\"  class=\"panel-grid-cell\" ><div id=\"panel-gb2854-69f2573639379-0-1-0\" class=\"so-panel widget widget_sow-editor panel-first-child panel-last-child\" data-index=\"0\" ><div\n\t\t\t\n\t\t\tclass=\"so-widget-sow-editor so-widget-sow-editor-base\"\n\t\t\t\n\t\t>\n<div class=\"siteorigin-widget-tinymce textwidget\">\n\t<table style=\"height: 100px; width: 100%; border-collapse: collapse;\" border=\"1\" cellpadding=\"2\">\n<tbody>\n<tr style=\"height: 24px;\">\n<td style=\"width: 31.0769%; height: 24px;\">Projektleitung und Durchf\u00fchrung:<\/td>\n<td style=\"width: 68.923%; height: 24px;\" colspan=\"2\">DDr. Hubert Sickinger<\/td>\n<\/tr>\n<tr>\n<td style=\"width: 31.0769%;\">\n<hr \/>\n<\/td>\n<td style=\"width: 24.3365%;\">\n<hr \/>\n<\/td>\n<td style=\"width: 44.5865%; height: 24px;\"><\/td>\n<\/tr>\n<tr>\n<td style=\"width: 31.0769%;\">Funded by:<\/td>\n<td style=\"width: 68.923%;\" colspan=\"2\">Federal Ministry of Finance<\/td>\n<\/tr>\n<tr>\n<td style=\"width: 31.0769%;\">\n<hr \/>\n<\/td>\n<td style=\"width: 24.3365%;\">\n<hr \/>\n<\/td>\n<td style=\"width: 44.5865%; height: 24px;\"><\/td>\n<\/tr>\n<tr style=\"height: 24px;\">\n<td style=\"width: 31.0769%; height: 24px;\">Completed in:<\/td>\n<td style=\"height: 24px; width: 68.923%;\" colspan=\"2\">Dezember 2010<\/td>\n<\/tr>\n<\/tbody>\n<\/table>\n<\/div>\n<\/div><\/div><\/div><\/div><\/div>\n\n\n<div style=\"color:#404168\" class=\"wp-block-genesis-blocks-gb-spacer gb-block-spacer gb-divider-solid gb-spacer-divider gb-divider-size-1\"><hr style=\"height:3px\"\/><\/div>\n\n\n\n<div style=\"color:#404168\" class=\"wp-block-genesis-blocks-gb-spacer gb-block-spacer gb-divider-solid gb-divider-size-1\"><hr style=\"height:10px\"\/><\/div>\n\n\n<div id=\"pl-gb2854-69f2573639a35\"  class=\"panel-layout\" ><div id=\"pg-gb2854-69f2573639a35-0\"  class=\"panel-grid panel-no-style\" ><div id=\"pgc-gb2854-69f2573639a35-0-0\"  class=\"panel-grid-cell panel-grid-cell-empty\" ><\/div><div id=\"pgc-gb2854-69f2573639a35-0-1\"  class=\"panel-grid-cell panel-grid-cell-mobile-last\" ><div id=\"panel-gb2854-69f2573639a35-0-1-0\" class=\"so-panel widget widget_text panel-first-child panel-last-child\" data-index=\"0\" >\t\t\t<div class=\"textwidget\"><p align=\"justify\">Das Forschungsprojekt bietet einen empirischen \u00dcberblick \u00fcber Verbreitung und Art der Korruption in \u00d6sterreich. Der Fokus der Studie liegt auf strafrechtlich relevanten Formen der Bestechung und Vorteilsnahme. Der Projektbericht behandelt folgende Hauptthemen:<\/p>\n<p align=\"justify\">Erstens wurden f\u00fcr das Projekt alle Akten der Landesgerichte (die bereits ins Stadium einer Hauptverhandlung gelangt waren) zu den \u00a7\u00a7 302 StGB (Missbrauch der Amtsgewalt) und 304-308, 153a StGB f\u00fcr den Zeitraum 2002-2009 vor Ort bei den Landesgerichten durchgesehen und \u2013 soweit sie korruptive Sachverhalte (bei \u00a7 302 als Hintergrund der Tat) enthielten \u2013 im Projektbericht ausgewertet. F\u00fcr Korruption zwischen &#8220;Privaten&#8221; wurden die Akten f\u00fcr \u00a7 153 (Untreue) f\u00fcr ein Jahr (2009) durchgesehen. Insgesamt erfolgte im Bereich der &#8220;Amtstr\u00e4gerkorruption&#8221; bei den 16 Landesgerichten die Auswertung von 550 Gerichtsakten, die allerdings nur zu einem geringeren Teil Bestechungsf\u00e4lle von Amtstr\u00e4gerInnen bzw. BeamtInnen oder Bestechungsversuche gegen\u00fcber diesen enthielten. Erg\u00e4nzend wurden f\u00fcr die Jahre 2009 bis November 2010 auch Anklageschriften der neu eingerichteten Korruptionsstaatsanwaltschaft (und auszugsweise weitere Akten zu eingestellten Verfahren) analysiert. Insgesamt erlaubt dieser Teil des Forschungsprojekts \u2013 der nach betroffenen Bereichen des \u00f6ffentlichen Sektors gegliedert ist \u2013 einen guten \u00dcberblick \u00fcber die Inzidenz von Korruption in den meisten Bereichen des \u00f6ffentlichen Sektors. F\u00e4lle von Korruption zwischen &#8220;Privaten&#8221; waren hingegen kaum in den Akten zu finden.<\/p>\n<p align=\"justify\">Um auch einen \u00dcberblick \u00fcber das &#8220;Dunkelfeld&#8221; zu bekommen, wurden begleitend ExpertInneninterviews (im Bereich der Justiz und Polizei, anderer amtsinterner Kontrolleinrichtungen von Bund und L\u00e4ndern mit JournalistInnen und externen ExpertInnen) gef\u00fchrt. Die Gerichtsakten lassen in diesem Lichte zwar einen guten \u00dcberblick \u00fcber Beh\u00f6rdenkorruption zu, Korruption im Kontext gro\u00dfer F\u00e4lle von Wirtschaftskriminalit\u00e4t oder Verdachtsf\u00e4lle politischer Korruption (oder, ebenfalls im \u00f6ffentlichen Bereich, Korruption im Gesundheitssektor) und korruptive Grauzonen des &#8220;Lobbyismus&#8221; finden sich hingegen nicht in den Urteilen. Diese in den vergangenen Jahren breit diskutierten Problembereiche und die Frage der Effizienz der justiziellen Bek\u00e4mpfung von Korruption werden daher in mehreren thematischen Kapiteln behandelt.<\/p>\n<p align=\"justify\">F\u00fcr das Forschungsprojekt erfolgte dar\u00fcber hinaus gemeinsam mit dem IFES-Institut eine telefonische Repr\u00e4sentativumfrage unter 500 UnternehmerInnen bzw. f\u00fcr Beh\u00f6rdenkontakte zust\u00e4ndigen Repr\u00e4sentantInnen von Unternehmen. Thema dieser Umfrage waren eigene Erfahrungen mit Bestechungsw\u00fcnschen \u00f6ffentlicher Amtstr\u00e4gerInnen, mit an \u00f6ffentliche Entscheidungen gekn\u00fcpften &#8220;indirekteren&#8221; Forderungen (Sponsorings, Vereinsunterst\u00fctzungen, Parteispenden) sowie Vorteilszuwendungen zwischen Unternehmensrepr\u00e4sentantInnen im Gesch\u00e4ftsverkehr zwischen privaten Unternehmen. \u00dcber Fragen nach den Erfolgsaussichten bzw. Nachteilen bei Nichterf\u00fcllung derartiger W\u00fcnsche von Amtstr\u00e4gerInnen wurde versucht, den tats\u00e4chlichen Umfang von Schmiergeldforderungen einzugrenzen (der nach den Ergebnissen der Studie j\u00e4hrlich in einem niedrigen einstelligen Prozentbereich liegt). Bezogen auf die Gesamtbev\u00f6lkerung wurde keine eigene Umfrage durchgef\u00fchrt, sondern die Ergebnisse vorhandener Erhebungen (des seit 2004 alle ein bis zwei Jahre ver\u00f6ffentlichten Global Corruption Barometers von Transparency International sowie zweier Special Eurobarometer 2007 und 2009) ausgewertet und einer methodischen Kritik unterzogen.<\/p>\n<\/div>\n\t\t<\/div><\/div><div id=\"pgc-gb2854-69f2573639a35-0-2\"  class=\"panel-grid-cell panel-grid-cell-empty\" ><\/div><\/div><\/div>\n\n\n<div style=\"color:#333\" class=\"wp-block-genesis-blocks-gb-spacer gb-block-spacer gb-divider-solid gb-spacer-divider gb-divider-size-1\"><hr style=\"height:100px\"\/><\/div>\n<\/div><\/div><\/div>","protected":false},"excerpt":{"rendered":"","protected":false},"author":2,"featured_media":0,"parent":966,"menu_order":6,"comment_status":"closed","ping_status":"closed","template":"","meta":{"footnotes":""},"class_list":["post-2854","page","type-page","status-publish","hentry","post"],"featured_image_src":null,"featured_image_src_square":null,"_links":{"self":[{"href":"https:\/\/ikf.ac.at\/en\/wp-json\/wp\/v2\/pages\/2854","targetHints":{"allow":["GET"]}}],"collection":[{"href":"https:\/\/ikf.ac.at\/en\/wp-json\/wp\/v2\/pages"}],"about":[{"href":"https:\/\/ikf.ac.at\/en\/wp-json\/wp\/v2\/types\/page"}],"author":[{"embeddable":true,"href":"https:\/\/ikf.ac.at\/en\/wp-json\/wp\/v2\/users\/2"}],"replies":[{"embeddable":true,"href":"https:\/\/ikf.ac.at\/en\/wp-json\/wp\/v2\/comments?post=2854"}],"version-history":[{"count":2,"href":"https:\/\/ikf.ac.at\/en\/wp-json\/wp\/v2\/pages\/2854\/revisions"}],"predecessor-version":[{"id":2856,"href":"https:\/\/ikf.ac.at\/en\/wp-json\/wp\/v2\/pages\/2854\/revisions\/2856"}],"up":[{"embeddable":true,"href":"https:\/\/ikf.ac.at\/en\/wp-json\/wp\/v2\/pages\/966"}],"wp:attachment":[{"href":"https:\/\/ikf.ac.at\/en\/wp-json\/wp\/v2\/media?parent=2854"}],"curies":[{"name":"wp","href":"https:\/\/api.w.org\/{rel}","templated":true}]}}