{"id":2820,"date":"2021-04-29T12:48:22","date_gmt":"2021-04-29T12:48:22","guid":{"rendered":"http:\/\/test-ikf.online\/?page_id=2820"},"modified":"2021-04-29T12:49:09","modified_gmt":"2021-04-29T12:49:09","slug":"2006-evaluierung-von-help-u-initiative-wiener-linien-und-fonds-soziales-wien","status":"publish","type":"page","link":"https:\/\/ikf.ac.at\/en\/schwerpunkte\/sicherheit\/sozialstaat\/2006-evaluierung-von-help-u-initiative-wiener-linien-und-fonds-soziales-wien","title":{"rendered":"2006: Evaluierung von &#8220;Help U. Eine Initiative der Wiener Linien und des Fonds Soziales Wien&#8221;"},"content":{"rendered":"<div class=\"wp-block-atomic-blocks-ab-container alignfull ab-block-container\"><div class=\"ab-container-inside\"><div class=\"ab-container-content\"><div id=\"pl-gb2820-69f23fd8bad3a\"  class=\"panel-layout\" ><div id=\"pg-gb2820-69f23fd8bad3a-0\"  class=\"panel-grid panel-no-style\" ><div id=\"pgc-gb2820-69f23fd8bad3a-0-0\"  class=\"panel-grid-cell\" ><div id=\"panel-gb2820-69f23fd8bad3a-0-0-0\" class=\"so-panel widget widget_media_image panel-first-child panel-last-child\" data-index=\"0\" ><img loading=\"lazy\" decoding=\"async\" width=\"2554\" height=\"10\" src=\"https:\/\/ikf.ac.at\/wp-content\/uploads\/2021\/01\/linie_IKF.jpg\" class=\"image wp-image-754  attachment-full size-full\" alt=\"\" style=\"max-width: 100%; height: auto;\" srcset=\"https:\/\/ikf.ac.at\/wp-content\/uploads\/2021\/01\/linie_IKF.jpg 2554w, https:\/\/ikf.ac.at\/wp-content\/uploads\/2021\/01\/linie_IKF-300x1.jpg 300w, https:\/\/ikf.ac.at\/wp-content\/uploads\/2021\/01\/linie_IKF-1024x4.jpg 1024w, https:\/\/ikf.ac.at\/wp-content\/uploads\/2021\/01\/linie_IKF-768x3.jpg 768w, https:\/\/ikf.ac.at\/wp-content\/uploads\/2021\/01\/linie_IKF-1536x6.jpg 1536w, https:\/\/ikf.ac.at\/wp-content\/uploads\/2021\/01\/linie_IKF-2048x8.jpg 2048w\" sizes=\"auto, (max-width: 2554px) 100vw, 2554px\" \/><\/div><\/div><\/div><\/div>\n\n\n<div style=\"color:#ddd\" class=\"wp-block-genesis-blocks-gb-spacer gb-block-spacer gb-divider-solid gb-divider-size-1\"><hr style=\"height:30px\"\/><\/div>\n\n\n<div id=\"pl-gb2820-69f23fd8bb3d9\"  class=\"panel-layout\" ><div id=\"pg-gb2820-69f23fd8bb3d9-0\"  class=\"panel-grid panel-no-style\" ><div id=\"pgc-gb2820-69f23fd8bb3d9-0-0\"  class=\"panel-grid-cell panel-grid-cell-empty\" ><\/div><div id=\"pgc-gb2820-69f23fd8bb3d9-0-1\"  class=\"panel-grid-cell\" ><div id=\"panel-gb2820-69f23fd8bb3d9-0-1-0\" class=\"so-panel widget widget_sow-editor panel-first-child panel-last-child\" data-index=\"0\" ><div\n\t\t\t\n\t\t\tclass=\"so-widget-sow-editor so-widget-sow-editor-base\"\n\t\t\t\n\t\t>\n<div class=\"siteorigin-widget-tinymce textwidget\">\n\t<table style=\"height: 100px; width: 100%; border-collapse: collapse;\" border=\"1\" cellpadding=\"2\">\n<tbody>\n<tr style=\"height: 24px;\">\n<td style=\"width: 15.8421%; height: 24px;\">Project management:<\/td>\n<td style=\"width: 84.1578%; height: 24px;\" colspan=\"2\" class=\"translation-block\"><span style=\"font-size: x-large\">Dr. Birgitt Haller<\/span><\/td>\n<\/tr>\n<tr>\n<td style=\"width: 15.8421%;\">\n<hr \/>\n<\/td>\n<td style=\"width: 43.3519%;\">\n<hr \/>\n<\/td>\n<td style=\"width: 40.8059%; height: 24px;\"><\/td>\n<\/tr>\n<tr>\n<td style=\"width: 15.8421%;\">Implementation:<\/td>\n<td style=\"width: 84.1578%;\" colspan=\"2\">Dr.<sup>in<\/sup> Birgitt Haller<br \/>\nDr.<sup>in<\/sup> Evelyn Dawid<br \/>\nMag. Dr. Stefanie Mayer<sup>a<\/sup> Kerstin Lercher<\/td>\n<\/tr>\n<tr>\n<td style=\"width: 15.8421%;\">\n<hr \/>\n<\/td>\n<td style=\"width: 43.3519%;\">\n<hr \/>\n<\/td>\n<td style=\"width: 40.8059%;\"><\/td>\n<\/tr>\n<tr>\n<td style=\"width: 15.8421%;\">Funded by:<\/td>\n<td style=\"width: 84.1578%;\" colspan=\"2\">Sucht- und Drogenkoordination Wien Gemeinn\u00fctzige GmbH<\/td>\n<\/tr>\n<tr>\n<td style=\"width: 15.8421%;\">\n<hr \/>\n<\/td>\n<td style=\"width: 43.3519%;\">\n<hr \/>\n<\/td>\n<td style=\"width: 40.8059%; height: 24px;\"><\/td>\n<\/tr>\n<tr style=\"height: 24px;\">\n<td style=\"width: 15.8421%; height: 24px;\">Completed in:<\/td>\n<td style=\"height: 24px; width: 84.1578%;\" colspan=\"2\">September 2006<\/td>\n<\/tr>\n<\/tbody>\n<\/table>\n<\/div>\n<\/div><\/div><\/div><\/div><\/div>\n\n\n<div style=\"color:#404168\" class=\"wp-block-genesis-blocks-gb-spacer gb-block-spacer gb-divider-solid gb-spacer-divider gb-divider-size-1\"><hr style=\"height:3px\"\/><\/div>\n\n\n\n<div style=\"color:#404168\" class=\"wp-block-genesis-blocks-gb-spacer gb-block-spacer gb-divider-solid gb-divider-size-1\"><hr style=\"height:10px\"\/><\/div>\n\n\n<div id=\"pl-gb2820-69f23fd8bba00\"  class=\"panel-layout\" ><div id=\"pg-gb2820-69f23fd8bba00-0\"  class=\"panel-grid panel-no-style\" ><div id=\"pgc-gb2820-69f23fd8bba00-0-0\"  class=\"panel-grid-cell panel-grid-cell-empty\" ><\/div><div id=\"pgc-gb2820-69f23fd8bba00-0-1\"  class=\"panel-grid-cell panel-grid-cell-mobile-last\" ><div id=\"panel-gb2820-69f23fd8bba00-0-1-0\" class=\"so-panel widget widget_text panel-first-child panel-last-child\" data-index=\"0\" >\t\t\t<div class=\"textwidget\"><p align=\"justify\">Seit Oktober 2005 ist Help U, ein Pilotprojekt der Sucht- und Drogenkoordination Wien (SDW, vorher: des Fonds Soziales Wien) in Kooperation mit den Wiener Linien, am Karlsplatz aktiv. Das Help U-Team besteht aus acht Personen (inklusive Teamleiterin), die je zur H\u00e4lfte Besch\u00e4ftigte der Wiener Linien bzw. der SDW sind. Die Initiative verf\u00fcgt \u00fcber ein St\u00fctzpunktlokal am Karlsplatz, und die Teammitglieder gehen in Zweiergruppen am gesamten Areal Streife (Karlsplatz-Passagen, Ladenstra\u00dfe, Bahnsteige, Zwischengeschosse, Resselpark). Als Erkennungszeichen tragen sie auff\u00e4llige orange Shirts mit dem Help U-Logo.<\/p>\n<p align=\"justify\">Aufgabe der zwischen Juli und September 2006 durchgef\u00fchrten Evaluation des Pilotprojektes war es zu erheben, ob und inwieweit die jeweiligen f\u00fcr die verschiedenen NutzerInnen intern formulierten Projektziele bislang erreicht wurden bzw. worin Schwierigkeiten f\u00fcr eine Zielerreichung liegen. Das zentrale Erhebungsinstrument waren Interviews, die sowohl mit Teammitgliedern von Help U als auch mit NutzerInnen (Gesch\u00e4ftsleuten, PassantInnen, Drogen- und AlkoholkonsumentInnen, VertreterInnen der am Karlsplatz angesiedelten Kultur- und Bildungseinrichtungen sowie VertreterInnen der Wiener Linien, der Bezirkspolitik, der Exekutive, der st\u00e4dtischen Verwaltung und der am Karlsplatz aktiven sozialen Einrichtungen) gef\u00fchrt wurden.<\/p>\n<p align=\"justify\">Help U soll Konflikte am Karlsplatz bzw. deren Eskalation verhindern, und zwar insbesondere dadurch, dass Randgruppenangeh\u00f6rige zu einem sozial vertr\u00e4glichen Verhalten angehalten werden. Die Erreichung dieses Zieles ist kaum objektivierbar: zum einen, weil der Projektstart von Help U mit anderen Ma\u00dfnahmen am Karlsplatz zeitlich zusammenf\u00e4llt, wie etwa der Parkneugestaltung oder der Einf\u00fchrung der Schutzzone, zum anderen, weil keine umfassenden Statistiken \u00fcber st\u00f6rende Vorf\u00e4lle und diesbez\u00fcgliche Beschwerden gef\u00fchrt werden. Als Indiz f\u00fcr Verbesserungen kann allerdings gewertet werden, dass im Herbst 2006 beim B\u00fcrgerdienst (MA 55) angegeben wurde, in den vergangenen Monaten seien im Unterschied zu fr\u00fcher keine Beschwerden den Karlsplatz betreffend eingegangen.<\/p>\n<p align=\"justify\">Bei den meisten interviewten Gruppen \u00fcberwog deutlich das positive Feedback f\u00fcr die T\u00e4tigkeit von Help U: bei den DrogenkonsumentInnen, den Gesch\u00e4ftsleuten, den MitarbeiterInnen von am Karlsplatz t\u00e4tigen sozialen Einrichtungen und von Bildungs- und Kulturinstitutionen, bei BezirkspolitikerInnen, bei Befragten aus der Wiener Stadtverwaltung und bei der Polizei. Bei den Interviews mit den Gesch\u00e4ftsleuten war auff\u00e4llig, dass sich manche mit der Pr\u00e4senz von DrogenkonsumentInnen und anderen Randgruppen am Karlsplatz abgefunden hatten bzw. diese als wenig problematisch empfanden, wogegen andere die Situation als unertr\u00e4glich bezeichneten. Da der Gesch\u00e4ftsstandort f\u00fcr diese Wahrnehmung tendenziell nicht ausschlaggebend ist (Einsch\u00e4tzungen in benachbarten Gesch\u00e4ften fielen deutlich unterschiedlich aus), liegt die Vermutung nahe, dass die Wahrnehmungen stark durch individuelle Haltungen gegen\u00fcber DrogenkonsumentInnen beeinflusst sind.<\/p>\n<p align=\"justify\">Die von den MitarbeiterInnen von Help U geschilderten Verhaltens\u00e4nderungen bei DrogenkonsumentInnen bzw. das Reagieren auf das Ansichtig-Werden der MitarbeiterInnen, ohne dass eine verbale Aufforderung notwendig sei, wurden von den befragten DrogenkonsumentInnen best\u00e4tigt. Wegen der st\u00e4ndigen Erneuerung der Drogenszene ist aber nicht absehbar, dass sich Interventionen durch Help U er\u00fcbrigen.<\/p>\n<\/div>\n\t\t<\/div><\/div><div id=\"pgc-gb2820-69f23fd8bba00-0-2\"  class=\"panel-grid-cell panel-grid-cell-empty\" ><\/div><\/div><\/div>\n\n\n<div style=\"color:#333\" class=\"wp-block-genesis-blocks-gb-spacer gb-block-spacer gb-divider-solid gb-spacer-divider gb-divider-size-1\"><hr style=\"height:100px\"\/><\/div>\n<\/div><\/div><\/div>","protected":false},"excerpt":{"rendered":"","protected":false},"author":2,"featured_media":0,"parent":961,"menu_order":37,"comment_status":"closed","ping_status":"closed","template":"","meta":{"footnotes":""},"class_list":["post-2820","page","type-page","status-publish","hentry","post"],"featured_image_src":null,"featured_image_src_square":null,"_links":{"self":[{"href":"https:\/\/ikf.ac.at\/en\/wp-json\/wp\/v2\/pages\/2820","targetHints":{"allow":["GET"]}}],"collection":[{"href":"https:\/\/ikf.ac.at\/en\/wp-json\/wp\/v2\/pages"}],"about":[{"href":"https:\/\/ikf.ac.at\/en\/wp-json\/wp\/v2\/types\/page"}],"author":[{"embeddable":true,"href":"https:\/\/ikf.ac.at\/en\/wp-json\/wp\/v2\/users\/2"}],"replies":[{"embeddable":true,"href":"https:\/\/ikf.ac.at\/en\/wp-json\/wp\/v2\/comments?post=2820"}],"version-history":[{"count":2,"href":"https:\/\/ikf.ac.at\/en\/wp-json\/wp\/v2\/pages\/2820\/revisions"}],"predecessor-version":[{"id":2822,"href":"https:\/\/ikf.ac.at\/en\/wp-json\/wp\/v2\/pages\/2820\/revisions\/2822"}],"up":[{"embeddable":true,"href":"https:\/\/ikf.ac.at\/en\/wp-json\/wp\/v2\/pages\/961"}],"wp:attachment":[{"href":"https:\/\/ikf.ac.at\/en\/wp-json\/wp\/v2\/media?parent=2820"}],"curies":[{"name":"wp","href":"https:\/\/api.w.org\/{rel}","templated":true}]}}