{"id":2578,"date":"2021-04-15T13:15:26","date_gmt":"2021-04-15T13:15:26","guid":{"rendered":"http:\/\/test-ikf.online\/?page_id=2578"},"modified":"2021-07-01T11:33:15","modified_gmt":"2021-07-01T11:33:15","slug":"2009-europa-und-das-andere-tagung-und-podiumsdiskussion","status":"publish","type":"page","link":"https:\/\/ikf.ac.at\/en\/schwerpunkte\/cleavages\/saekularisierung\/2009-europa-und-das-andere-tagung-und-podiumsdiskussion","title":{"rendered":"2009: Europa und das Andere &#8211; Konflikte um Geschlecht und Religion &#8211; Tagung und Podiumsdiskussion"},"content":{"rendered":"<div class=\"wp-block-atomic-blocks-ab-container alignfull ab-block-container\"><div class=\"ab-container-inside\"><div class=\"ab-container-content\"><div id=\"pl-gb2578-69e75fbe70f38\"  class=\"panel-layout\" ><div id=\"pg-gb2578-69e75fbe70f38-0\"  class=\"panel-grid panel-no-style\" ><div id=\"pgc-gb2578-69e75fbe70f38-0-0\"  class=\"panel-grid-cell\" ><div id=\"panel-gb2578-69e75fbe70f38-0-0-0\" class=\"so-panel widget widget_media_image panel-first-child panel-last-child\" data-index=\"0\" ><img loading=\"lazy\" decoding=\"async\" width=\"2554\" height=\"10\" src=\"https:\/\/ikf.ac.at\/wp-content\/uploads\/2021\/01\/linie_IKF.jpg\" class=\"image wp-image-754  attachment-full size-full\" alt=\"\" style=\"max-width: 100%; height: auto;\" srcset=\"https:\/\/ikf.ac.at\/wp-content\/uploads\/2021\/01\/linie_IKF.jpg 2554w, https:\/\/ikf.ac.at\/wp-content\/uploads\/2021\/01\/linie_IKF-300x1.jpg 300w, https:\/\/ikf.ac.at\/wp-content\/uploads\/2021\/01\/linie_IKF-1024x4.jpg 1024w, https:\/\/ikf.ac.at\/wp-content\/uploads\/2021\/01\/linie_IKF-768x3.jpg 768w, https:\/\/ikf.ac.at\/wp-content\/uploads\/2021\/01\/linie_IKF-1536x6.jpg 1536w, https:\/\/ikf.ac.at\/wp-content\/uploads\/2021\/01\/linie_IKF-2048x8.jpg 2048w\" sizes=\"auto, (max-width: 2554px) 100vw, 2554px\" \/><\/div><\/div><\/div><\/div>\n\n\n<div style=\"color:#ddd\" class=\"wp-block-genesis-blocks-gb-spacer gb-block-spacer gb-divider-solid gb-divider-size-1\"><hr style=\"height:13px\"\/><\/div>\n\n\n<div id=\"pl-gb2578-69e75fbe715e5\"  class=\"panel-layout\" ><div id=\"pg-gb2578-69e75fbe715e5-0\"  class=\"panel-grid panel-no-style\" ><div id=\"pgc-gb2578-69e75fbe715e5-0-0\"  class=\"panel-grid-cell panel-grid-cell-empty\" ><\/div><div id=\"pgc-gb2578-69e75fbe715e5-0-1\"  class=\"panel-grid-cell\" ><div id=\"panel-gb2578-69e75fbe715e5-0-1-0\" class=\"so-panel widget widget_sow-editor panel-first-child panel-last-child\" data-index=\"0\" ><div\n\t\t\t\n\t\t\tclass=\"so-widget-sow-editor so-widget-sow-editor-base\"\n\t\t\t\n\t\t>\n<div class=\"siteorigin-widget-tinymce textwidget\">\n\t<table style=\"height: 100px; width: 100%; border-collapse: collapse;\" border=\"1\" cellpadding=\"2\">\n<tbody>\n<tr>\n<td style=\"width: 15.8421%;\">Implementation:<\/td>\n<td style=\"width: 84.1578%;\" colspan=\"2\">Mag. Dr. Stefanie Mayer<sup>a<\/sup> Karin Bischof<br \/>\nMMag.<sup>a<\/sup> Dr.<sup>in<\/sup> Karin St\u00f6gner<br \/>\nDr. Florian Oberhuber<\/td>\n<\/tr>\n<tr>\n<td style=\"width: 15.8421%;\">\n<hr \/>\n<\/td>\n<td style=\"width: 51.4672%;\">\n<hr \/>\n<\/td>\n<td style=\"width: 32.6906%;\"><\/td>\n<\/tr>\n<tr>\n<td style=\"width: 15.8421%;\">Funded by:<\/td>\n<td style=\"width: 84.1578%;\" colspan=\"2\">Bundesministerium f\u00fcr Wissenschaft und Forschung<br \/>\nStadt Wien, Magistratsabteilung 7, Kultur<br \/>\nStadt Wien, Magistratsabteilung 17, Integrationsangelegenheiten<br \/>\nStadt Wien, Magistratsabteilung 57, Frauenf\u00f6rderung<\/td>\n<\/tr>\n<tr>\n<td style=\"width: 15.8421%;\">\n<hr \/>\n<\/td>\n<td style=\"width: 51.4672%;\">\n<hr \/>\n<\/td>\n<td style=\"width: 32.6906%; height: 24px;\"><\/td>\n<\/tr>\n<tr style=\"height: 24px;\">\n<td style=\"width: 15.8421%; height: 24px;\">Completed in:<\/td>\n<td style=\"height: 24px; width: 84.1578%;\" colspan=\"2\">M\u00e4rz 2009<\/td>\n<\/tr>\n<\/tbody>\n<\/table>\n<\/div>\n<\/div><\/div><\/div><\/div><\/div>\n\n\n<div style=\"color:#404168\" class=\"wp-block-genesis-blocks-gb-spacer gb-block-spacer gb-divider-solid gb-spacer-divider gb-divider-size-1\"><hr style=\"height:3px\"\/><\/div>\n\n\n\n<div style=\"color:#404168\" class=\"wp-block-genesis-blocks-gb-spacer gb-block-spacer gb-divider-solid gb-divider-size-1\"><hr style=\"height:10px\"\/><\/div>\n\n\n<div id=\"pl-gb2578-69e75fbe71cc1\"  class=\"panel-layout\" ><div id=\"pg-gb2578-69e75fbe71cc1-0\"  class=\"panel-grid panel-no-style\" ><div id=\"pgc-gb2578-69e75fbe71cc1-0-0\"  class=\"panel-grid-cell panel-grid-cell-empty\" ><\/div><div id=\"pgc-gb2578-69e75fbe71cc1-0-1\"  class=\"panel-grid-cell panel-grid-cell-mobile-last\" ><div id=\"panel-gb2578-69e75fbe71cc1-0-1-0\" class=\"so-panel widget widget_text panel-first-child panel-last-child\" data-index=\"0\" >\t\t\t<div class=\"textwidget\"><p align=\"justify\">Das Institut f\u00fcr Konfliktforschung hat in Kooperation mit dem Institut f\u00fcr Politikwissenschaft der Universit\u00e4t Wien und dem Demokratiezentrum Wien die Tagung &#8220;Europa und das Andere&#8221; durchgef\u00fchrt. Ziel der Veranstaltung war es, Forschungsergebnisse zu diesem Thema, das in medialen Debatten im Vordergrund steht, im wissenschaftlichen Bereich aber lediglich in Einzelprojekten erforscht wird, zusammenzuf\u00fchren, mit internationalen ExpertInnen zu diskutieren und gleichzeitig auch interessierten PraktikerInnen nahe zu bringen. Insbesondere die Podiumsdiskusion im Anschluss an die Veranstaltung zielte auf ein breiteres, \u00fcber die scientific community hinausgehendes Zielpublikum.<\/p>\n<p align=\"justify\">Folgende ExpertInnen referierten im Rahmen der Tagung: Sabine Strasser (METU Ankara), Valerie Amiraux (Universit\u00e9 de Montreal), Nora Gresch, Sieglinde Rosenberger, Birgit Sauer (Universit\u00e4t Wien), Karin Bischof und Karin St\u00f6gner (Institut f\u00fcr Konfliktforschung), Lydia Potts (Universit\u00e4t Oldenburg), Barbara Toth (Journalistin Der Falter), Stefanie Mayer und Elisabeth R\u00f6hrlich (Demokratiezentrum Wien), Cengiz G\u00fcnay (\u00d6IIP)<\/p>\n<\/div>\n\t\t<\/div><\/div><div id=\"pgc-gb2578-69e75fbe71cc1-0-2\"  class=\"panel-grid-cell panel-grid-cell-empty\" ><\/div><\/div><\/div>\n\n\n<div style=\"color:#333\" class=\"wp-block-genesis-blocks-gb-spacer gb-block-spacer gb-divider-solid gb-spacer-divider gb-divider-size-1\"><hr style=\"height:100px\"\/><\/div>\n<\/div><\/div><\/div>","protected":false},"excerpt":{"rendered":"","protected":false},"author":2,"featured_media":0,"parent":459,"menu_order":10,"comment_status":"closed","ping_status":"closed","template":"","meta":{"footnotes":""},"class_list":["post-2578","page","type-page","status-publish","hentry","post"],"featured_image_src":null,"featured_image_src_square":null,"_links":{"self":[{"href":"https:\/\/ikf.ac.at\/en\/wp-json\/wp\/v2\/pages\/2578","targetHints":{"allow":["GET"]}}],"collection":[{"href":"https:\/\/ikf.ac.at\/en\/wp-json\/wp\/v2\/pages"}],"about":[{"href":"https:\/\/ikf.ac.at\/en\/wp-json\/wp\/v2\/types\/page"}],"author":[{"embeddable":true,"href":"https:\/\/ikf.ac.at\/en\/wp-json\/wp\/v2\/users\/2"}],"replies":[{"embeddable":true,"href":"https:\/\/ikf.ac.at\/en\/wp-json\/wp\/v2\/comments?post=2578"}],"version-history":[{"count":3,"href":"https:\/\/ikf.ac.at\/en\/wp-json\/wp\/v2\/pages\/2578\/revisions"}],"predecessor-version":[{"id":3146,"href":"https:\/\/ikf.ac.at\/en\/wp-json\/wp\/v2\/pages\/2578\/revisions\/3146"}],"up":[{"embeddable":true,"href":"https:\/\/ikf.ac.at\/en\/wp-json\/wp\/v2\/pages\/459"}],"wp:attachment":[{"href":"https:\/\/ikf.ac.at\/en\/wp-json\/wp\/v2\/media?parent=2578"}],"curies":[{"name":"wp","href":"https:\/\/api.w.org\/{rel}","templated":true}]}}