{"id":2504,"date":"2021-04-08T12:09:07","date_gmt":"2021-04-08T12:09:07","guid":{"rendered":"http:\/\/test-ikf.online\/?page_id=2504"},"modified":"2021-04-08T13:30:44","modified_gmt":"2021-04-08T13:30:44","slug":"2000-evaluierung-fonds-zur-integration-fluechtlinge","status":"publish","type":"page","link":"https:\/\/ikf.ac.at\/en\/schwerpunkte\/cleavages\/integration-migration\/2000-evaluierung-fonds-zur-integration-fluechtlinge","title":{"rendered":"2000: Evaluierung des Fonds zur Integration von Fl\u00fcchtlingen"},"content":{"rendered":"<div class=\"wp-block-atomic-blocks-ab-container alignfull ab-block-container\"><div class=\"ab-container-inside\"><div class=\"ab-container-content\"><div id=\"pl-gb2504-69e7626b552a8\"  class=\"panel-layout\" ><div id=\"pg-gb2504-69e7626b552a8-0\"  class=\"panel-grid panel-no-style\" ><div id=\"pgc-gb2504-69e7626b552a8-0-0\"  class=\"panel-grid-cell\" ><div id=\"panel-gb2504-69e7626b552a8-0-0-0\" class=\"so-panel widget widget_media_image panel-first-child panel-last-child\" data-index=\"0\" ><img loading=\"lazy\" decoding=\"async\" width=\"2554\" height=\"10\" src=\"https:\/\/ikf.ac.at\/wp-content\/uploads\/2021\/01\/linie_IKF.jpg\" class=\"image wp-image-754  attachment-full size-full\" alt=\"\" style=\"max-width: 100%; height: auto;\" srcset=\"https:\/\/ikf.ac.at\/wp-content\/uploads\/2021\/01\/linie_IKF.jpg 2554w, https:\/\/ikf.ac.at\/wp-content\/uploads\/2021\/01\/linie_IKF-300x1.jpg 300w, https:\/\/ikf.ac.at\/wp-content\/uploads\/2021\/01\/linie_IKF-1024x4.jpg 1024w, https:\/\/ikf.ac.at\/wp-content\/uploads\/2021\/01\/linie_IKF-768x3.jpg 768w, https:\/\/ikf.ac.at\/wp-content\/uploads\/2021\/01\/linie_IKF-1536x6.jpg 1536w, https:\/\/ikf.ac.at\/wp-content\/uploads\/2021\/01\/linie_IKF-2048x8.jpg 2048w\" sizes=\"auto, (max-width: 2554px) 100vw, 2554px\" \/><\/div><\/div><\/div><\/div>\n\n\n<div style=\"color:#ddd\" class=\"wp-block-genesis-blocks-gb-spacer gb-block-spacer gb-divider-solid gb-divider-size-1\"><hr style=\"height:30px\"\/><\/div>\n\n\n<div id=\"pl-gb2504-69e7626b55872\"  class=\"panel-layout\" ><div id=\"pg-gb2504-69e7626b55872-0\"  class=\"panel-grid panel-no-style\" ><div id=\"pgc-gb2504-69e7626b55872-0-0\"  class=\"panel-grid-cell panel-grid-cell-empty\" ><\/div><div id=\"pgc-gb2504-69e7626b55872-0-1\"  class=\"panel-grid-cell\" ><div id=\"panel-gb2504-69e7626b55872-0-1-0\" class=\"so-panel widget widget_sow-editor panel-first-child panel-last-child\" data-index=\"0\" ><div\n\t\t\t\n\t\t\tclass=\"so-widget-sow-editor so-widget-sow-editor-base\"\n\t\t\t\n\t\t>\n<div class=\"siteorigin-widget-tinymce textwidget\">\n\t<table style=\"height: 100px; width: 100%; border-collapse: collapse;\" border=\"1\" cellpadding=\"2\">\n<tbody>\n<tr style=\"height: 24px;\">\n<td style=\"width: 15.8421%; height: 24px;\">Project management:<\/td>\n<td style=\"width: 24.3347%;\" valign=\"top\" width=\"80%\">Univ.-Prof. Dr. Anton Pelinka<\/td>\n<td style=\"width: 59.8155%;\"><\/td>\n<\/tr>\n<tr>\n<td style=\"width: 15.8421%;\">\n<hr \/>\n<\/td>\n<td style=\"width: 24.3347%;\">\n<hr \/>\n<\/td>\n<td style=\"width: 59.8155%; height: 24px;\"><\/td>\n<\/tr>\n<tr>\n<td style=\"width: 15.8421%;\">Implementation:<\/td>\n<td style=\"width: 84.1502%;\" colspan=\"2\">Dr.<sup>in<\/sup> Birgitt Haller<br \/>\nMag. Dr. Stefanie Mayer<sup>a<\/sup> Barbara Liegl<\/td>\n<\/tr>\n<tr>\n<td style=\"width: 15.8421%;\">\n<hr \/>\n<\/td>\n<td style=\"width: 24.3347%;\">\n<hr \/>\n<\/td>\n<td style=\"width: 59.8155%;\"><\/td>\n<\/tr>\n<tr>\n<td style=\"width: 15.8421%;\">Funded by:<\/td>\n<td style=\"width: 84.1502%;\" colspan=\"2\">Federal Ministry of the Interior<\/td>\n<\/tr>\n<tr>\n<td style=\"width: 15.8421%;\">\n<hr \/>\n<\/td>\n<td style=\"width: 24.3347%;\">\n<hr \/>\n<\/td>\n<td style=\"width: 59.8155%; height: 24px;\"><\/td>\n<\/tr>\n<tr style=\"height: 24px;\">\n<td style=\"width: 15.8421%; height: 24px;\">Completed in:<\/td>\n<td style=\"height: 24px; width: 84.1502%;\" colspan=\"2\">Februar 2000<\/td>\n<\/tr>\n<\/tbody>\n<\/table>\n<\/div>\n<\/div><\/div><\/div><\/div><\/div>\n\n\n<div style=\"color:#404168\" class=\"wp-block-genesis-blocks-gb-spacer gb-block-spacer gb-divider-solid gb-spacer-divider gb-divider-size-1\"><hr style=\"height:3px\"\/><\/div>\n\n\n\n<div style=\"color:#404168\" class=\"wp-block-genesis-blocks-gb-spacer gb-block-spacer gb-divider-solid gb-divider-size-1\"><hr style=\"height:10px\"\/><\/div>\n\n\n<div id=\"pl-gb2504-69e7626b55ce5\"  class=\"panel-layout\" ><div id=\"pg-gb2504-69e7626b55ce5-0\"  class=\"panel-grid panel-no-style\" ><div id=\"pgc-gb2504-69e7626b55ce5-0-0\"  class=\"panel-grid-cell panel-grid-cell-empty\" ><\/div><div id=\"pgc-gb2504-69e7626b55ce5-0-1\"  class=\"panel-grid-cell panel-grid-cell-mobile-last\" ><div id=\"panel-gb2504-69e7626b55ce5-0-1-0\" class=\"so-panel widget widget_text panel-first-child panel-last-child\" data-index=\"0\" >\t\t\t<div class=\"textwidget\"><p align=\"justify\">Im Rahmen dieses Forschungsprojektes wurde der im BMI angesiedelte Fonds zur Integration von Fl\u00fcchtlingen hinsichtlich der Effizienz seiner Leistungen, aber auch ihrer Angemessenheit aus der Sicht der Betroffenen evaluiert. Der Fonds gew\u00e4hrt sowohl Konventionsfl\u00fcchtlingen als auch bosnischen Kriegsfl\u00fcchtlingen Starthilfe in Form von Zusch\u00fcssen und Krediten f\u00fcr Wohnraumbeschaffung, -instandsetzung und -ausstattung und durch die \u00dcbernahme von Kosten f\u00fcr Deutschkurse und Ma\u00dfnahmen im Arbeitsmarktbereich. Der methodische Zugang lag in einer quantitativen und qualitativen Befragung jener Fl\u00fcchtlinge, die zum ersten Mal im Jahr 1996 einen Antrag auf Unterst\u00fctzung beim Fonds gestellt hatten, sowie in Interviews mit VertreterInnen von NGOs und ExpertInnen im Bereich Integration bzw. einer Gruppendiskussion mit MitarbeiterInnen des Fonds.<\/p>\n<p align=\"justify\">Mittels eines Fragebogens wurden Angaben der Fl\u00fcchtlinge zu den erhaltenen Ma\u00dfnahmen und der Qualit\u00e4t der Betreuung durch den Fonds, ebenso wie zu unterschiedlichen Integrationsbereichen (Arbeit, Wohnen, Schullaufbahn der Kinder, Freizeit) erhoben. Die Daten wurden statistisch ausgewertet und bildeten die Grundlage f\u00fcr die Auswahl der InterviewpartnerInnen unter den Betroffenen. Im Anschluss daran wurden in vier Bundesl\u00e4ndern qualitative Interviews gef\u00fchrt, in denen Themen wie die Fl\u00fcchtlingsbiographie, der Zugang zum und Erfahrungen mit dem Fonds, Arbeitssuche und Berufserfahrungen, die Wohnungssuche und Wohnzufriedenheit, die Schulkarriere der Kinder, die Freizeitgestaltung, aber auch der Integrationsbegriff der Betroffenen angesprochen wurden. Dar\u00fcber hinaus wurden VertreterInnen von NGOs \u00fcber deren Zusammenarbeit mit dem Fonds sowie ExpertInnen zum Integrationsbegriff, -verlauf und speziellen Problemen in diesem Bereich befragt.<\/p>\n<p align=\"justify\">Auf Grundlage des ausgewerteten Datenmaterials und der Interviews wurden in der Schlussphase des Projektes Interviews mit dem Gesch\u00e4ftsf\u00fchrer des Fonds und mit FondsmitarbeiterInnen durchgef\u00fchrt, um ihr ExpertInnenwissen zu n\u00fctzen. Von den MitarbeiterInnen angesprochene Schwierigkeiten, ebenso wie die Erfahrungen aus der Befragung der Fl\u00fcchtlinge, wurden in die Formulierung eines Ma\u00dfnahmenkataloges einbezogen.<\/p>\n<\/div>\n\t\t<\/div><\/div><div id=\"pgc-gb2504-69e7626b55ce5-0-2\"  class=\"panel-grid-cell panel-grid-cell-empty\" ><\/div><\/div><\/div>\n\n\n<div style=\"color:#333\" class=\"wp-block-genesis-blocks-gb-spacer gb-block-spacer gb-divider-solid gb-spacer-divider gb-divider-size-1\"><hr style=\"height:100px\"\/><\/div>\n<\/div><\/div><\/div>","protected":false},"excerpt":{"rendered":"","protected":false},"author":2,"featured_media":0,"parent":457,"menu_order":39,"comment_status":"closed","ping_status":"closed","template":"","meta":{"footnotes":""},"class_list":["post-2504","page","type-page","status-publish","hentry","post"],"featured_image_src":null,"featured_image_src_square":null,"_links":{"self":[{"href":"https:\/\/ikf.ac.at\/en\/wp-json\/wp\/v2\/pages\/2504","targetHints":{"allow":["GET"]}}],"collection":[{"href":"https:\/\/ikf.ac.at\/en\/wp-json\/wp\/v2\/pages"}],"about":[{"href":"https:\/\/ikf.ac.at\/en\/wp-json\/wp\/v2\/types\/page"}],"author":[{"embeddable":true,"href":"https:\/\/ikf.ac.at\/en\/wp-json\/wp\/v2\/users\/2"}],"replies":[{"embeddable":true,"href":"https:\/\/ikf.ac.at\/en\/wp-json\/wp\/v2\/comments?post=2504"}],"version-history":[{"count":3,"href":"https:\/\/ikf.ac.at\/en\/wp-json\/wp\/v2\/pages\/2504\/revisions"}],"predecessor-version":[{"id":2507,"href":"https:\/\/ikf.ac.at\/en\/wp-json\/wp\/v2\/pages\/2504\/revisions\/2507"}],"up":[{"embeddable":true,"href":"https:\/\/ikf.ac.at\/en\/wp-json\/wp\/v2\/pages\/457"}],"wp:attachment":[{"href":"https:\/\/ikf.ac.at\/en\/wp-json\/wp\/v2\/media?parent=2504"}],"curies":[{"name":"wp","href":"https:\/\/api.w.org\/{rel}","templated":true}]}}