{"id":2381,"date":"2021-03-30T09:13:00","date_gmt":"2021-03-30T09:13:00","guid":{"rendered":"http:\/\/test-ikf.online\/?page_id=2381"},"modified":"2021-03-30T09:14:15","modified_gmt":"2021-03-30T09:14:15","slug":"1996-rassismen-feminismen-analysen-afrikanisch-amerikanischer-wissenschafterinnen-bedeutung-oesterreich","status":"publish","type":"page","link":"https:\/\/ikf.ac.at\/en\/schwerpunkte\/cleavages\/antisemitismus\/1996-rassismen-feminismen-analysen-afrikanisch-amerikanischer-wissenschafterinnen-bedeutung-oesterreich","title":{"rendered":"1996: Rassismen &#038; Feminismen. Ausgew\u00e4hlte Analysen afrikanisch-amerikanischer Wissenschafterinnen und ihre Bedeutung f\u00fcr \u00d6sterreich"},"content":{"rendered":"<div class=\"wp-block-atomic-blocks-ab-container alignfull ab-block-container\"><div class=\"ab-container-inside\"><div class=\"ab-container-content\"><div id=\"pl-gb2381-69e762079b6ca\"  class=\"panel-layout\" ><div id=\"pg-gb2381-69e762079b6ca-0\"  class=\"panel-grid panel-no-style\" ><div id=\"pgc-gb2381-69e762079b6ca-0-0\"  class=\"panel-grid-cell\" ><div id=\"panel-gb2381-69e762079b6ca-0-0-0\" class=\"so-panel widget widget_media_image panel-first-child panel-last-child\" data-index=\"0\" ><img loading=\"lazy\" decoding=\"async\" width=\"2554\" height=\"10\" src=\"https:\/\/ikf.ac.at\/wp-content\/uploads\/2021\/01\/linie_IKF.jpg\" class=\"image wp-image-754  attachment-full size-full\" alt=\"\" style=\"max-width: 100%; height: auto;\" srcset=\"https:\/\/ikf.ac.at\/wp-content\/uploads\/2021\/01\/linie_IKF.jpg 2554w, https:\/\/ikf.ac.at\/wp-content\/uploads\/2021\/01\/linie_IKF-300x1.jpg 300w, https:\/\/ikf.ac.at\/wp-content\/uploads\/2021\/01\/linie_IKF-1024x4.jpg 1024w, https:\/\/ikf.ac.at\/wp-content\/uploads\/2021\/01\/linie_IKF-768x3.jpg 768w, https:\/\/ikf.ac.at\/wp-content\/uploads\/2021\/01\/linie_IKF-1536x6.jpg 1536w, https:\/\/ikf.ac.at\/wp-content\/uploads\/2021\/01\/linie_IKF-2048x8.jpg 2048w\" sizes=\"auto, (max-width: 2554px) 100vw, 2554px\" \/><\/div><\/div><\/div><\/div>\n\n\n<div style=\"color:#ddd\" class=\"wp-block-genesis-blocks-gb-spacer gb-block-spacer gb-divider-solid gb-divider-size-1\"><hr style=\"height:30px\"\/><\/div>\n\n\n<div id=\"pl-gb2381-69e762079bc4f\"  class=\"panel-layout\" ><div id=\"pg-gb2381-69e762079bc4f-0\"  class=\"panel-grid panel-no-style\" ><div id=\"pgc-gb2381-69e762079bc4f-0-0\"  class=\"panel-grid-cell panel-grid-cell-empty\" ><\/div><div id=\"pgc-gb2381-69e762079bc4f-0-1\"  class=\"panel-grid-cell\" ><div id=\"panel-gb2381-69e762079bc4f-0-1-0\" class=\"so-panel widget widget_sow-editor panel-first-child panel-last-child\" data-index=\"0\" ><div\n\t\t\t\n\t\t\tclass=\"so-widget-sow-editor so-widget-sow-editor-base\"\n\t\t\t\n\t\t>\n<div class=\"siteorigin-widget-tinymce textwidget\">\n\t<table style=\"height: 220px; width: 100%; border-collapse: collapse;\" border=\"1\" cellpadding=\"2\">\n<tbody>\n<tr style=\"height: 24px;\">\n<td style=\"width: 15.8421%; height: 24px;\">Project management:<\/td>\n<td style=\"width: 84.1578%; height: 24px;\" colspan=\"2\">Dr. Ilse K\u00f6nig<\/td>\n<\/tr>\n<tr style=\"height: 24px;\">\n<td style=\"width: 15.8421%; height: 24px;\">\n<hr \/>\n<\/td>\n<td style=\"width: 42.0037%; height: 24px;\">\n<hr \/>\n<\/td>\n<td style=\"width: 42.1541%; height: 24px;\"><\/td>\n<\/tr>\n<tr style=\"height: 24px;\">\n<td style=\"width: 15.8421%; height: 24px;\">Implementation:<\/td>\n<td style=\"width: 42.0037%;\" valign=\"top\" width=\"80%\">Mag. Helga Amesberger<br \/>\nMag. Brigitte Halbmayr<\/td>\n<td style=\"width: 42.1541%;\"><\/td>\n<\/tr>\n<tr style=\"height: 24px;\">\n<td style=\"width: 15.8421%; height: 24px;\">\n<hr \/>\n<\/td>\n<td style=\"width: 42.0037%; height: 24px;\">\n<hr \/>\n<\/td>\n<td style=\"width: 42.1541%; height: 24px;\"><\/td>\n<\/tr>\n<tr style=\"height: 24px;\">\n<td style=\"width: 15.8421%; height: 24px;\">Funded by:<\/td>\n<td style=\"width: 84.1578%; height: 24px;\" colspan=\"2\">Bundesministerium f\u00fcr Wissenschaft, Forschung und Kunst<\/td>\n<\/tr>\n<tr style=\"height: 24px;\">\n<td style=\"width: 15.8421%; height: 24px;\">\n<hr \/>\n<\/td>\n<td style=\"width: 42.0037%; height: 24px;\">\n<hr \/>\n<\/td>\n<td style=\"width: 42.1541%; height: 24px;\"><\/td>\n<\/tr>\n<tr style=\"height: 24px;\">\n<td style=\"width: 15.8421%; height: 24px;\">Completed in:<\/td>\n<td style=\"width: 42.0037%;\" valign=\"top\" width=\"80%\">August 1996<\/td>\n<td style=\"width: 42.1541%;\"><\/td>\n<\/tr>\n<\/tbody>\n<\/table>\n<\/div>\n<\/div><\/div><\/div><\/div><\/div>\n\n\n<div style=\"color:#404168\" class=\"wp-block-genesis-blocks-gb-spacer gb-block-spacer gb-divider-solid gb-spacer-divider gb-divider-size-1\"><hr style=\"height:3px\"\/><\/div>\n\n\n\n<div style=\"color:#404168\" class=\"wp-block-genesis-blocks-gb-spacer gb-block-spacer gb-divider-solid gb-divider-size-1\"><hr style=\"height:10px\"\/><\/div>\n\n\n<div id=\"pl-gb2381-69e762079c0ee\"  class=\"panel-layout\" ><div id=\"pg-gb2381-69e762079c0ee-0\"  class=\"panel-grid panel-no-style\" ><div id=\"pgc-gb2381-69e762079c0ee-0-0\"  class=\"panel-grid-cell panel-grid-cell-empty\" ><\/div><div id=\"pgc-gb2381-69e762079c0ee-0-1\"  class=\"panel-grid-cell panel-grid-cell-mobile-last\" ><div id=\"panel-gb2381-69e762079c0ee-0-1-0\" class=\"so-panel widget widget_text panel-first-child panel-last-child\" data-index=\"0\" >\t\t\t<div class=\"textwidget\"><p align=\"justify\">Im Forschungsbericht werden zu Beginn umstrittene Begriffe wie &#8220;Rasse&#8221; und &#8220;rassisch&#8221;, die, anders als im europ\u00e4ischen Kontext, im amerikanischen Diskurs nahezu unproblematisiert verwendet werden, diskutiert. Theoretische Konzeptionen von Rassismus, dessen Funktion und Wirkungsweise sowie neue Erscheinungsformen von Rassismus bilden einen weiteren Schwerpunkt in der Begriffskl\u00e4rung, die f\u00fcr die weiteren Ausf\u00fchrungen grundlegend ist.<\/p>\n<p align=\"justify\">Kapitel zwei und drei widmen sich den Analyseans\u00e4tzen Afrikanisch-amerikanischer Wissenschafterinnen und Feministinnen. Aufbauend auf der Kritik an der Wei\u00dfen Frauenbewegung, deren Betonung der &#8220;Global Sisterhood&#8221; und des Patriarchats als das Unterdr\u00fcckungssystem schlechthin, haben Schwarze Feministinnen einen neuen Zugang und eine neue Analyseform von ausbeutenden und diskriminierenden Systemen entwickelt. In ihrer Konzeptualisierung der Simultanit\u00e4t und Multiplit\u00e4t von Unterdr\u00fcckungsformen zeigen sie auf, wie Rassismus, Sexismus, Klassismus, etc. ineinander eingeschrieben, miteinander verwoben sind. In ihren Ans\u00e4tzen betonen sie auch die Machtverh\u00e4ltnisse zwischen Frauen und die strukturell ungleichen Beziehungen zwischen Frauen. Die unterschiedlichen Lebensrealit\u00e4ten von Frauen f\u00fchren zu unterschiedlichen Betroffenheiten durch Unterdr\u00fcckungssysteme und unterschiedliche Beteiligung an Ausbeutung und Diskriminierung, auch von Frauen.<\/p>\n<p align=\"justify\">Die Sichtung europ\u00e4ischer Literatur zum Themenfeld Rassismus ergibt, da\u00df manche WissenschafterInnen bereits weitere Unterdr\u00fcckungsformen wie etwa Sexismus und Klassenunterdr\u00fcckung, insbesondere jedoch Nationalismus in die Rassismus-Diskussion einbeziehen, eine Verkn\u00fcpfung in den Analysen jedoch gro\u00dfteils noch nicht stattfindet. Auch innerhalb der Wei\u00dfen feministischen Theorie und Praxis widerspiegeln sich nationalistische rassistische Denkweisen.<\/p>\n<p align=\"justify\">Die Relevanz dieser theoretischen Ans\u00e4tze f\u00fcr die gesellschaftspolitische Forschung in \u00d6sterreich zeigt sich in mehrfacher Weise. So ist neben den zahlreichen Anregungen, welche die im Projekt diskutierten Ans\u00e4tze f\u00fcr die Besch\u00e4ftigung mit Rassismus, Sexismus, Nationalismus etc. liefern, vor allem das Erkennen der Verwobenheit verschiedener Unterdr\u00fcckungssysteme hervorzuheben. Die spezifischen Ausformungen der Interdependenzen m\u00fcssen zwar f\u00fcr den \u00f6sterreichischen Kontext entsprechend der historischen und gesellschaftspolitischen Konstellation empirisch herausgearbeitet und gefa\u00dft werden, das Konzept der Simultanit\u00e4t und Multiplitit\u00e4t ist aber dennoch als theoretischer Bezugsrahmen von gr\u00f6\u00dfter Bedeutung. F\u00fcr die Wei\u00dfen und \u00f6sterreichischen Frauenbewegungen macht die Kritik deutlich, da\u00df es nicht nur um das Hinzuf\u00fcgen einiger Aspekte von anderen Lebensrealit\u00e4ten gehen kann, sondern um das \u00dcberdenken und die Ver\u00e4nderung diverser Konzeptionen und Pr\u00e4missen. Die Auseinandersetzung mit dem Theoriengeb\u00e4ude Afrikanisch-amerikanischer Feministinnen verdeutlicht weiters, da\u00df f\u00fcr die feministische Allianzenbildung die Thematisierung von Rassismus und Klassenherrschaft unbedingte Voraussetzung ist.<\/p>\n<\/div>\n\t\t<\/div><\/div><div id=\"pgc-gb2381-69e762079c0ee-0-2\"  class=\"panel-grid-cell panel-grid-cell-empty\" ><\/div><\/div><\/div>\n\n\n<div style=\"color:#333\" class=\"wp-block-genesis-blocks-gb-spacer gb-block-spacer gb-divider-solid gb-spacer-divider gb-divider-size-1\"><hr style=\"height:100px\"\/><\/div>\n<\/div><\/div><\/div>","protected":false},"excerpt":{"rendered":"","protected":false},"author":2,"featured_media":0,"parent":486,"menu_order":46,"comment_status":"closed","ping_status":"closed","template":"","meta":{"footnotes":""},"class_list":["post-2381","page","type-page","status-publish","hentry","post"],"featured_image_src":null,"featured_image_src_square":null,"_links":{"self":[{"href":"https:\/\/ikf.ac.at\/en\/wp-json\/wp\/v2\/pages\/2381","targetHints":{"allow":["GET"]}}],"collection":[{"href":"https:\/\/ikf.ac.at\/en\/wp-json\/wp\/v2\/pages"}],"about":[{"href":"https:\/\/ikf.ac.at\/en\/wp-json\/wp\/v2\/types\/page"}],"author":[{"embeddable":true,"href":"https:\/\/ikf.ac.at\/en\/wp-json\/wp\/v2\/users\/2"}],"replies":[{"embeddable":true,"href":"https:\/\/ikf.ac.at\/en\/wp-json\/wp\/v2\/comments?post=2381"}],"version-history":[{"count":2,"href":"https:\/\/ikf.ac.at\/en\/wp-json\/wp\/v2\/pages\/2381\/revisions"}],"predecessor-version":[{"id":2383,"href":"https:\/\/ikf.ac.at\/en\/wp-json\/wp\/v2\/pages\/2381\/revisions\/2383"}],"up":[{"embeddable":true,"href":"https:\/\/ikf.ac.at\/en\/wp-json\/wp\/v2\/pages\/486"}],"wp:attachment":[{"href":"https:\/\/ikf.ac.at\/en\/wp-json\/wp\/v2\/media?parent=2381"}],"curies":[{"name":"wp","href":"https:\/\/api.w.org\/{rel}","templated":true}]}}