{"id":2357,"date":"2021-03-25T13:09:15","date_gmt":"2021-03-25T13:09:15","guid":{"rendered":"http:\/\/test-ikf.online\/?page_id=2357"},"modified":"2021-03-29T12:48:27","modified_gmt":"2021-03-29T12:48:27","slug":"2001-forschungsdokumentation-fremdenfeindlichkeit-in-oesterreich-2","status":"publish","type":"page","link":"https:\/\/ikf.ac.at\/en\/schwerpunkte\/cleavages\/antisemitismus\/2001-forschungsdokumentation-fremdenfeindlichkeit-in-oesterreich-2","title":{"rendered":"2001: Forschungsdokumentation &#8220;Fremdenfeindlichkeit in \u00d6sterreich&#8221;\/2"},"content":{"rendered":"<div class=\"wp-block-atomic-blocks-ab-container alignfull ab-block-container\"><div class=\"ab-container-inside\"><div class=\"ab-container-content\"><div id=\"pl-gb2357-69e76249cec56\"  class=\"panel-layout\" ><div id=\"pg-gb2357-69e76249cec56-0\"  class=\"panel-grid panel-no-style\" ><div id=\"pgc-gb2357-69e76249cec56-0-0\"  class=\"panel-grid-cell\" ><div id=\"panel-gb2357-69e76249cec56-0-0-0\" class=\"so-panel widget widget_media_image panel-first-child panel-last-child\" data-index=\"0\" ><img loading=\"lazy\" decoding=\"async\" width=\"2554\" height=\"10\" src=\"https:\/\/ikf.ac.at\/wp-content\/uploads\/2021\/01\/linie_IKF.jpg\" class=\"image wp-image-754  attachment-full size-full\" alt=\"\" style=\"max-width: 100%; height: auto;\" srcset=\"https:\/\/ikf.ac.at\/wp-content\/uploads\/2021\/01\/linie_IKF.jpg 2554w, https:\/\/ikf.ac.at\/wp-content\/uploads\/2021\/01\/linie_IKF-300x1.jpg 300w, https:\/\/ikf.ac.at\/wp-content\/uploads\/2021\/01\/linie_IKF-1024x4.jpg 1024w, https:\/\/ikf.ac.at\/wp-content\/uploads\/2021\/01\/linie_IKF-768x3.jpg 768w, https:\/\/ikf.ac.at\/wp-content\/uploads\/2021\/01\/linie_IKF-1536x6.jpg 1536w, https:\/\/ikf.ac.at\/wp-content\/uploads\/2021\/01\/linie_IKF-2048x8.jpg 2048w\" sizes=\"auto, (max-width: 2554px) 100vw, 2554px\" \/><\/div><\/div><\/div><\/div>\n\n\n<div style=\"color:#ddd\" class=\"wp-block-genesis-blocks-gb-spacer gb-block-spacer gb-divider-solid gb-divider-size-1\"><hr style=\"height:30px\"\/><\/div>\n\n\n<div id=\"pl-gb2357-69e76249cf206\"  class=\"panel-layout\" ><div id=\"pg-gb2357-69e76249cf206-0\"  class=\"panel-grid panel-no-style\" ><div id=\"pgc-gb2357-69e76249cf206-0-0\"  class=\"panel-grid-cell panel-grid-cell-empty\" ><\/div><div id=\"pgc-gb2357-69e76249cf206-0-1\"  class=\"panel-grid-cell\" ><div id=\"panel-gb2357-69e76249cf206-0-1-0\" class=\"so-panel widget widget_sow-editor panel-first-child panel-last-child\" data-index=\"0\" ><div\n\t\t\t\n\t\t\tclass=\"so-widget-sow-editor so-widget-sow-editor-base\"\n\t\t\t\n\t\t>\n<div class=\"siteorigin-widget-tinymce textwidget\">\n\t<table style=\"height: 100px; width: 100%; border-collapse: collapse;\" border=\"1\" cellpadding=\"2\">\n<tbody>\n<tr style=\"height: 24px;\">\n<td style=\"width: 15.8421%; height: 24px;\">Project management:<\/td>\n<td style=\"width: 84.1578%; height: 24px;\" colspan=\"2\">Univ.-Prof. Dr. Anton Pelinka<\/td>\n<\/tr>\n<tr>\n<td style=\"width: 15.8421%;\">\n<hr \/>\n<\/td>\n<td style=\"width: 39.5713%;\">\n<hr \/>\n<\/td>\n<td style=\"width: 44.5865%; height: 24px;\"><\/td>\n<\/tr>\n<tr>\n<td style=\"width: 15.8421%;\">Implementation:<\/td>\n<td style=\"width: 84.1578%;\" colspan=\"2\">Mag. Dr. Stefanie Mayer<sup>a<\/sup> Katrin Auer<br \/>\nMag. Dr. Stefanie Mayer<sup>a<\/sup> Brigitte Halbmayr<br \/>\nMag. Dr. Stefanie Mayer<sup>a<\/sup> Barbara Liegl<\/td>\n<\/tr>\n<tr>\n<td style=\"width: 15.8421%;\">\n<hr \/>\n<\/td>\n<td style=\"width: 39.5713%;\">\n<hr \/>\n<\/td>\n<td style=\"width: 44.5865%;\"><\/td>\n<\/tr>\n<tr>\n<td style=\"width: 15.8421%;\">Funded by:<\/td>\n<td style=\"width: 84.1578%;\" colspan=\"2\">Bundesministerium f\u00fcr Bildung, Wissenschaft und Kultur<\/td>\n<\/tr>\n<tr>\n<td style=\"width: 15.8421%;\">\n<hr \/>\n<\/td>\n<td style=\"width: 39.5713%;\">\n<hr \/>\n<\/td>\n<td style=\"width: 44.5865%; height: 24px;\"><\/td>\n<\/tr>\n<tr style=\"height: 24px;\">\n<td style=\"width: 15.8421%; height: 24px;\">Completed in:<\/td>\n<td style=\"height: 24px; width: 84.1578%;\" colspan=\"2\">September 2001<\/td>\n<\/tr>\n<\/tbody>\n<\/table>\n<\/div>\n<\/div><\/div><\/div><\/div><\/div>\n\n\n<div style=\"color:#404168\" class=\"wp-block-genesis-blocks-gb-spacer gb-block-spacer gb-divider-solid gb-spacer-divider gb-divider-size-1\"><hr style=\"height:3px\"\/><\/div>\n\n\n\n<div style=\"color:#404168\" class=\"wp-block-genesis-blocks-gb-spacer gb-block-spacer gb-divider-solid gb-divider-size-1\"><hr style=\"height:10px\"\/><\/div>\n\n\n<div id=\"pl-gb2357-69e76249cf703\"  class=\"panel-layout\" ><div id=\"pg-gb2357-69e76249cf703-0\"  class=\"panel-grid panel-no-style\" ><div id=\"pgc-gb2357-69e76249cf703-0-0\"  class=\"panel-grid-cell panel-grid-cell-empty\" ><\/div><div id=\"pgc-gb2357-69e76249cf703-0-1\"  class=\"panel-grid-cell panel-grid-cell-mobile-last\" ><div id=\"panel-gb2357-69e76249cf703-0-1-0\" class=\"so-panel widget widget_text panel-first-child panel-last-child\" data-index=\"0\" >\t\t\t<div class=\"textwidget\"><p align=\"justify\">Bereits 1996 gab das damalige Bundesministerium f\u00fcr Wissenschaft und Verkehr dem Institut f\u00fcr Konfliktforschung den Auftrag, im Rahmen seines Forschungsschwerpunkts &#8220;Fremdenfeindlichkeit &#8211; Erforschung, Erkl\u00e4rung und Gegenstrategien&#8221; eine \u00dcbersicht \u00fcber die in \u00d6sterreich zu diesem Thema bereits vorliegenden Forschungsarbeiten zu erstellen und qualitativ aufzubereiten. Die im M\u00e4rz 1997 abgeschlossene Dokumentation umfasste rund 500 Forschungsberichte und Hochschulschriften. F\u00fcr die vorliegende Aktualisierung wurden weitere 200 Datens\u00e4tze (Arbeiten aus den Jahren 1997-2001) gesammelt, sodass nun \u00fcber 700 Forschungsarbeiten (Diplomarbeiten, Dissertationen sowie Forschungsprojekte an universit\u00e4ren und au\u00dferuniversit\u00e4ren Instituten) zum Thema &#8220;Fremdenfeindlichkeit in \u00d6sterreich&#8221; zur Verf\u00fcgung stehen. Den InteressentInnen soll die Datenbank ein rasches Auffinden der gesuchten Studien erm\u00f6glichen und dar\u00fcber hinaus auch eine Vielzahl von Informationen inhaltlicher und formaler Art bieten.<\/p>\n<p align=\"justify\">Spezifikum der vorliegenden Dokumentation ist die qualitative Aufbereitung der gesammelten Daten. Das hei\u00dft, dass die in die Datenbank bzw. Dokumentation aufgenommenen Projekte nach Themenbereichen gegliedert und nach Relevanz f\u00fcr den Themenkomplex Fremdenfeindlichkeit systematisiert sind. Die relevanten Arbeiten werden ganzseitig mit einem m\u00f6glichst aussagekr\u00e4ftigen Abstract dargestellt.<\/p>\n<p align=\"justify\">Die in der Datenbank gesammelten Forschungsarbeiten sind den Themenbereichen Ph\u00e4nomenologie, Migration, Politik\/Wirtschaft, Medien, Sozialstruktur und Kulturkonflikt\/Transkulturalit\u00e4t zugeordnet. Diese Themenbereiche sind wiederum in Unterbereiche gegliedert. Jeder Datensatz ist einem Hauptbereich und meist mehreren Unterbereichen zugeordnet. Diese Zuteilung wird jeweils ausgewiesen, es kann somit auch nach den Themenbereichen und Unterbereichen gesucht werden. Die Trefferquoten geben \u00fcber die thematische Treffsicherheit und zeitliche Aktualit\u00e4t einer Forschungsarbeit Auskunft. Die Vergabe von Trefferquoten wurde zum einen durch den inhaltlich sehr breit gefassten Begriff Fremdenfeindlichkeit, wie er bereits von der ExpertInnengruppe des Forschungsschwerpunkts verwendet wurde, zum anderen durch den weiten zeitlichen Bezugsrahmen der Studien notwendig. Die Trefferquoten reichen von 1 bis 10 (9 wurde nicht belegt), wobei 10 als h\u00f6chster Wert bedeutet, dass in hohem Ausma\u00df thematische Treffsicherheit und zeitliche Aktualit\u00e4t bzgl. Fremdenfeindlichkeit gegeben sind. F\u00fcr viele Arbeiten, die Fremdenfeindlichkeit nicht direkt zum Gegenstand haben, jedoch thematisch damit verbunden sind (wie etwa &#8220;Wirtschaftliche Auswirkungen der Besch\u00e4ftigung von Ausl\u00e4nderInnen am \u00f6sterreichischen Arbeitsmarkt&#8221;), kommt innerhalb der Trefferquoten zus\u00e4tzlich eine thematische Gliederung zum Tragen.<\/p>\n<p align=\"justify\">Den Ben\u00fctzerInnen dieser Datenbank sollen zu jedem Datensatz m\u00f6glichst umfangreiche Informationen zur Verf\u00fcgung stehen. Dies gilt insbesondere f\u00fcr die &#8220;best matches&#8221; (eine Kombination aus thematischer Treffsicherheit und zeitlicher Aktualit\u00e4t der Arbeiten), die f\u00fcr diese Datenbank neu recherchiert wurden. Ein &#8220;Datenblatt&#8221; gibt somit Auskunft \u00fcber die thematische Zuordnung (Bereiche und Unterbereiche) und die inhaltliche N\u00e4he einer Arbeit zum Begriff Fremdenfeindlichkeit (Trefferquoten). Zus\u00e4tzlich zu den in jeder Forschungsdatenbank \u00fcblichen Rubriken wie Titel, Untertitel, AutorInnen, Schlagw\u00f6rter, Ort, Jahr, etc. werden hier auch genannt: der\/die wissenschaftliche LeiterIn, die Institution, in deren Rahmen die Studie verfasst wurde, die Financiers von Forschungsprojekten, der Forschungstyp, die Zuordnung zu einer oder mehreren akademischen Disziplinen, die Zug\u00e4nglichkeit der Arbeit und schlie\u00dflich, welche Publikationen daraus hervorgegangen sind. Spezielles Augenmerk wurde zudem auf die methodische Herangehensweise in den Forschungsarbeiten und Hochschulschriften gelegt. Daher finden sich auch Angaben zu gew\u00e4hlten Methoden, spezifiziert in Erhebungs- und Analyseverfahren. Die Abstracts geben einen \u00dcberblick \u00fcber Aufbau und Inhalt der Arbeiten, erl\u00e4utern die Fragestellungen und angewandten Methoden n\u00e4her und gehen kurz auf die wichtigsten Ergebnisse ein. Die Dokumentation wird mit einer Adressenliste aller erfassten Financiers und Forschungsinstitutionen abgerundet.<\/p>\n<\/div>\n\t\t<\/div><\/div><div id=\"pgc-gb2357-69e76249cf703-0-2\"  class=\"panel-grid-cell panel-grid-cell-empty\" ><\/div><\/div><\/div>\n\n\n<div style=\"color:#333\" class=\"wp-block-genesis-blocks-gb-spacer gb-block-spacer gb-divider-solid gb-spacer-divider gb-divider-size-1\"><hr style=\"height:100px\"\/><\/div>\n<\/div><\/div><\/div>","protected":false},"excerpt":{"rendered":"","protected":false},"author":2,"featured_media":0,"parent":486,"menu_order":40,"comment_status":"closed","ping_status":"closed","template":"","meta":{"footnotes":""},"class_list":["post-2357","page","type-page","status-publish","hentry","post"],"featured_image_src":null,"featured_image_src_square":null,"_links":{"self":[{"href":"https:\/\/ikf.ac.at\/en\/wp-json\/wp\/v2\/pages\/2357","targetHints":{"allow":["GET"]}}],"collection":[{"href":"https:\/\/ikf.ac.at\/en\/wp-json\/wp\/v2\/pages"}],"about":[{"href":"https:\/\/ikf.ac.at\/en\/wp-json\/wp\/v2\/types\/page"}],"author":[{"embeddable":true,"href":"https:\/\/ikf.ac.at\/en\/wp-json\/wp\/v2\/users\/2"}],"replies":[{"embeddable":true,"href":"https:\/\/ikf.ac.at\/en\/wp-json\/wp\/v2\/comments?post=2357"}],"version-history":[{"count":2,"href":"https:\/\/ikf.ac.at\/en\/wp-json\/wp\/v2\/pages\/2357\/revisions"}],"predecessor-version":[{"id":2371,"href":"https:\/\/ikf.ac.at\/en\/wp-json\/wp\/v2\/pages\/2357\/revisions\/2371"}],"up":[{"embeddable":true,"href":"https:\/\/ikf.ac.at\/en\/wp-json\/wp\/v2\/pages\/486"}],"wp:attachment":[{"href":"https:\/\/ikf.ac.at\/en\/wp-json\/wp\/v2\/media?parent=2357"}],"curies":[{"name":"wp","href":"https:\/\/api.w.org\/{rel}","templated":true}]}}