{"id":2255,"date":"2021-03-17T12:07:07","date_gmt":"2021-03-17T12:07:07","guid":{"rendered":"http:\/\/test-ikf.online\/?page_id=2255"},"modified":"2021-04-15T12:56:17","modified_gmt":"2021-04-15T12:56:17","slug":"1999-bedarfserhebung-massnahmen-weibliche-prostituierte-wien","status":"publish","type":"page","link":"https:\/\/ikf.ac.at\/en\/schwerpunkte\/cleavages\/gender\/1999-bedarfserhebung-massnahmen-weibliche-prostituierte-wien","title":{"rendered":"1999: Bedarfserhebung &#8211; Ma\u00dfnahmen f\u00fcr weibliche Prostituierte in Wien"},"content":{"rendered":"<div class=\"wp-block-atomic-blocks-ab-container alignfull ab-block-container\"><div class=\"ab-container-inside\"><div class=\"ab-container-content\"><div id=\"pl-gb2255-69f23f8b6d830\"  class=\"panel-layout\" ><div id=\"pg-gb2255-69f23f8b6d830-0\"  class=\"panel-grid panel-no-style\" ><div id=\"pgc-gb2255-69f23f8b6d830-0-0\"  class=\"panel-grid-cell\" ><div id=\"panel-gb2255-69f23f8b6d830-0-0-0\" class=\"so-panel widget widget_media_image panel-first-child panel-last-child\" data-index=\"0\" ><img loading=\"lazy\" decoding=\"async\" width=\"2554\" height=\"10\" src=\"https:\/\/ikf.ac.at\/wp-content\/uploads\/2021\/01\/linie_IKF.jpg\" class=\"image wp-image-754  attachment-full size-full\" alt=\"\" style=\"max-width: 100%; height: auto;\" srcset=\"https:\/\/ikf.ac.at\/wp-content\/uploads\/2021\/01\/linie_IKF.jpg 2554w, https:\/\/ikf.ac.at\/wp-content\/uploads\/2021\/01\/linie_IKF-300x1.jpg 300w, https:\/\/ikf.ac.at\/wp-content\/uploads\/2021\/01\/linie_IKF-1024x4.jpg 1024w, https:\/\/ikf.ac.at\/wp-content\/uploads\/2021\/01\/linie_IKF-768x3.jpg 768w, https:\/\/ikf.ac.at\/wp-content\/uploads\/2021\/01\/linie_IKF-1536x6.jpg 1536w, https:\/\/ikf.ac.at\/wp-content\/uploads\/2021\/01\/linie_IKF-2048x8.jpg 2048w\" sizes=\"auto, (max-width: 2554px) 100vw, 2554px\" \/><\/div><\/div><\/div><\/div>\n\n\n<div style=\"color:#ddd\" class=\"wp-block-genesis-blocks-gb-spacer gb-block-spacer gb-divider-solid gb-divider-size-1\"><hr style=\"height:30px\"\/><\/div>\n\n\n<div id=\"pl-gb2255-69f23f8b6df3c\"  class=\"panel-layout\" ><div id=\"pg-gb2255-69f23f8b6df3c-0\"  class=\"panel-grid panel-no-style\" ><div id=\"pgc-gb2255-69f23f8b6df3c-0-0\"  class=\"panel-grid-cell panel-grid-cell-empty\" ><\/div><div id=\"pgc-gb2255-69f23f8b6df3c-0-1\"  class=\"panel-grid-cell\" ><div id=\"panel-gb2255-69f23f8b6df3c-0-1-0\" class=\"so-panel widget widget_sow-editor panel-first-child panel-last-child\" data-index=\"0\" ><div\n\t\t\t\n\t\t\tclass=\"so-widget-sow-editor so-widget-sow-editor-base\"\n\t\t\t\n\t\t>\n<div class=\"siteorigin-widget-tinymce textwidget\">\n\t<table style=\"height: 100px; width: 100%; border-collapse: collapse;\" border=\"1\" cellpadding=\"2\">\n<tbody>\n<tr style=\"height: 24px;\">\n<td style=\"width: 15.8421%; height: 24px;\">Project management:<\/td>\n<td style=\"width: 84.1578%; height: 24px;\" colspan=\"2\">Mag. Helga Amesberger<\/td>\n<\/tr>\n<tr>\n<td style=\"width: 15.8421%;\">\n<hr \/>\n<\/td>\n<td style=\"width: 22.3752%;\">\n<hr \/>\n<\/td>\n<td style=\"width: 61.7826%; height: 24px;\"><\/td>\n<\/tr>\n<tr>\n<td style=\"width: 15.8421%;\">Implementation:<\/td>\n<td style=\"width: 22.3752%;\" valign=\"top\" width=\"80%\">Mag. Helga Amesberger<br \/>\nMag. Brigitte Halbmayr<br \/>\nMag. Barbara Liegl<\/td>\n<td style=\"width: 61.7826%;\"><\/td>\n<\/tr>\n<tr>\n<td style=\"width: 15.8421%;\">\n<hr \/>\n<\/td>\n<td style=\"width: 22.3752%;\">\n<hr \/>\n<\/td>\n<td style=\"width: 61.7826%;\"><\/td>\n<\/tr>\n<tr>\n<td style=\"width: 15.8421%;\">Funded by:<\/td>\n<td style=\"width: 84.1578%;\" colspan=\"2\">Stadt Wien &#8211; MA 57<\/td>\n<\/tr>\n<tr>\n<td style=\"width: 15.8421%;\">\n<hr \/>\n<\/td>\n<td style=\"width: 22.3752%;\">\n<hr \/>\n<\/td>\n<td style=\"width: 61.7826%; height: 24px;\"><\/td>\n<\/tr>\n<tr style=\"height: 24px;\">\n<td style=\"width: 15.8421%; height: 24px;\">Completed in:<\/td>\n<td style=\"height: 24px; width: 84.1578%;\" colspan=\"2\">Dezember 1999<\/td>\n<\/tr>\n<\/tbody>\n<\/table>\n<\/div>\n<\/div><\/div><\/div><\/div><\/div>\n\n\n<div style=\"color:#404168\" class=\"wp-block-genesis-blocks-gb-spacer gb-block-spacer gb-divider-solid gb-spacer-divider gb-divider-size-1\"><hr style=\"height:3px\"\/><\/div>\n\n\n\n<div style=\"color:#404168\" class=\"wp-block-genesis-blocks-gb-spacer gb-block-spacer gb-divider-solid gb-divider-size-1\"><hr style=\"height:10px\"\/><\/div>\n\n\n<div id=\"pl-gb2255-69f23f8b6e43e\"  class=\"panel-layout\" ><div id=\"pg-gb2255-69f23f8b6e43e-0\"  class=\"panel-grid panel-no-style\" ><div id=\"pgc-gb2255-69f23f8b6e43e-0-0\"  class=\"panel-grid-cell panel-grid-cell-empty\" ><\/div><div id=\"pgc-gb2255-69f23f8b6e43e-0-1\"  class=\"panel-grid-cell panel-grid-cell-mobile-last\" ><div id=\"panel-gb2255-69f23f8b6e43e-0-1-0\" class=\"so-panel widget widget_text panel-first-child panel-last-child\" data-index=\"0\" >\t\t\t<div class=\"textwidget\"><p align=\"justify\">Die Studie behandelt im wesentlichen das Gesundheitsbewusstsein, die Gesundheitsvorsorge und den Zugang zu Gesundheitseinrichtungen von weiblichen Prostituierten in Wien. Ausgangspunkt war der R\u00fcckgang der im Sicherheitsb\u00fcro der BPD Wien registrierten und mit Kontrollkarten vom STD-Ambulatorium ausgestatteten Sexarbeiterinnen und die (vermutete) Zunahme der nicht registrierten Prostituierten. Unter letzteren finden sich viele zugewanderte Sexarbeiterinnen, die meist &#8211; zus\u00e4tzlich zur allgemeinen gesellschaftlichen Diskriminierung von Prostituierten &#8211; auch mit aufenthaltsrechtlichen Problemen zu k\u00e4mpfen haben und daher in mehrfacher Hinsicht illegalisiert leben; diesen Frauen ist der Zugang zum \u00f6sterreichischen Gesundheitssystem und zur Gesundheitsvorsorge besonders erschwert. Gefragt sind Ma\u00dfnahmen, die beiden Gruppen den Einstieg in regelm\u00e4\u00dfige Kontroll- und Pr\u00e4ventionsuntersuchungen erleichtern w\u00fcrden und gleichzeitig auch die Lebensbedingungen verbessern sowie den Ausstieg aus diesem Milieu erm\u00f6glichen k\u00f6nnten.<\/p>\n<p>Die vier wichtigsten Fragestellungen des Projekts lauten daher:<\/p>\n<ul>\n<li>\n<p align=\"justify\">Welche Ma\u00dfnahmen sind aus der Sicht der Sexarbeiterinnen dazu geeignet, ihnen den Zugang zum Gesundheitssystem zu erleichtern, bzw. woran scheitert dieser derzeit? Worauf f\u00fchren sie den R\u00fcckgang bei den Kontrolluntersuchungen zur\u00fcck, bzw. was macht diese f\u00fcr sie besonders unangenehm?<\/p>\n<p><\/li>\n<li>\n<p align=\"justify\">Welche Ma\u00dfnahmen sind aus der Sicht der Prostituierten dazu geeignet, die Lebens- und Arbeitsbedingungen zu verbessern und ihnen den Ausstieg aus dem Milieu zu erm\u00f6glichen, bzw. woran scheitert der Ausstieg? Was konkret w\u00fcrden sie f\u00fcr einen Ausstieg brauchen?<\/p>\n<p><\/li>\n<li>\n<p align=\"justify\">Welche Arten von niederschwelligen Einrichtungen mit welchem Angebot w\u00fcrden ihnen dies erleichtern (arbeitsrechtliche Ma\u00dfnahmen, aufenthaltsrechtliche Ma\u00dfnahmen, psycho-soziale Betreuung zus\u00e4tzlich zur medizinischen)?<\/p>\n<p><\/li>\n<li>\n<p align=\"justify\">Welche Arten\/Konzepte von niederschwelligen Einrichtungen gibt es in diesem Bereich bereits in den anderen \u00f6sterreichischen Bundesl\u00e4ndern und in der Bundesrepublik Deutschland? Inwiefern unterscheiden sie sich bzw. gibt es so etwas wie eine Mindestanforderung an eine niederschwellige Einrichtung f\u00fcr Sexarbeiterinnen?<\/p>\n<\/li>\n<\/ul>\n<p align=\"justify\">Um solche Ma\u00dfnahmen sinnvoll und effektiv gestalten zu k\u00f6nnen, muss die Perspektive der Prostituierten selbst in den Vordergrund ger\u00fcckt werden. Die methodische Vorgehensweise bestand daher in einer Fragebogenerhebung (Vollerhebung) unter den Prostituierten, die sich regelm\u00e4\u00dfig einer Untersuchung auf sexuell \u00fcbertragbare Krankheiten (sexually transmitted diseases &#8211; STD) im STD-Ambulatorium der Stadt Wien unterziehen (m\u00fcssen), und 30 qualitative, leitfadenorientierte Interviews mit Sexarbeiterinnen, wovon neun mit migrierten Sexarbeiterinnen gef\u00fchrt wurden. Zus\u00e4tzlich wurden sieben Expertinneninterviews (mit Frauen von \u00f6sterreichischen Beratungsstellen, (ehemaligen) Streetworkerinnen, Mitarbeiterinnen der STD-Ambulanzen in Wien und Hamburg) gef\u00fchrt. In den Vergleich der Angebote und Arbeitsweisen niederschwelliger Beratungsstellen wurden 23 Beratungsstellen aufgenommen (davon vier in \u00d6sterreich, zwei in der Schweiz und 17 in Deutschland). Schlie\u00dflich wurden noch die drei in \u00d6sterreich bereits entwickelten Konzepte (zwei in Wien, eines in Graz) f\u00fcr eine niederschwellige Einrichtung diskutiert. Die Ergebnisse der dargestellten Erhebungsschritte, insbesondere die Bedarfserhebung unter den Prostituierten selbst, bildeten die Grundlage f\u00fcr die abschlie\u00dfenden Empfehlungen des Projektteams hinsichtlich einer niederschwelligen Einrichtung f\u00fcr weibliche Prostituierte in Wien.<\/p>\n<\/div>\n\t\t<\/div><\/div><div id=\"pgc-gb2255-69f23f8b6e43e-0-2\"  class=\"panel-grid-cell panel-grid-cell-empty\" ><\/div><\/div><\/div>\n\n\n<div style=\"color:#333\" class=\"wp-block-genesis-blocks-gb-spacer gb-block-spacer gb-divider-solid gb-spacer-divider gb-divider-size-1\"><hr style=\"height:100px\"\/><\/div>\n<\/div><\/div><\/div>","protected":false},"excerpt":{"rendered":"","protected":false},"author":2,"featured_media":0,"parent":454,"menu_order":36,"comment_status":"closed","ping_status":"closed","template":"","meta":{"footnotes":""},"class_list":["post-2255","page","type-page","status-publish","hentry","post"],"featured_image_src":null,"featured_image_src_square":null,"_links":{"self":[{"href":"https:\/\/ikf.ac.at\/en\/wp-json\/wp\/v2\/pages\/2255","targetHints":{"allow":["GET"]}}],"collection":[{"href":"https:\/\/ikf.ac.at\/en\/wp-json\/wp\/v2\/pages"}],"about":[{"href":"https:\/\/ikf.ac.at\/en\/wp-json\/wp\/v2\/types\/page"}],"author":[{"embeddable":true,"href":"https:\/\/ikf.ac.at\/en\/wp-json\/wp\/v2\/users\/2"}],"replies":[{"embeddable":true,"href":"https:\/\/ikf.ac.at\/en\/wp-json\/wp\/v2\/comments?post=2255"}],"version-history":[{"count":3,"href":"https:\/\/ikf.ac.at\/en\/wp-json\/wp\/v2\/pages\/2255\/revisions"}],"predecessor-version":[{"id":2574,"href":"https:\/\/ikf.ac.at\/en\/wp-json\/wp\/v2\/pages\/2255\/revisions\/2574"}],"up":[{"embeddable":true,"href":"https:\/\/ikf.ac.at\/en\/wp-json\/wp\/v2\/pages\/454"}],"wp:attachment":[{"href":"https:\/\/ikf.ac.at\/en\/wp-json\/wp\/v2\/media?parent=2255"}],"curies":[{"name":"wp","href":"https:\/\/api.w.org\/{rel}","templated":true}]}}