{"id":2252,"date":"2021-03-17T11:57:04","date_gmt":"2021-03-17T11:57:04","guid":{"rendered":"http:\/\/test-ikf.online\/?page_id=2252"},"modified":"2021-07-01T10:53:23","modified_gmt":"2021-07-01T10:53:23","slug":"1999-handbuch-betriebliche-frauenfoerderung","status":"publish","type":"page","link":"https:\/\/ikf.ac.at\/en\/schwerpunkte\/cleavages\/gender\/1999-handbuch-betriebliche-frauenfoerderung","title":{"rendered":"1999: Handbuch betriebliche Frauenf\u00f6rderung &#8211; betriebliche Gleichstellung"},"content":{"rendered":"<div class=\"wp-block-atomic-blocks-ab-container alignfull ab-block-container\"><div class=\"ab-container-inside\"><div class=\"ab-container-content\"><div id=\"pl-gb2252-69e76184a737c\"  class=\"panel-layout\" ><div id=\"pg-gb2252-69e76184a737c-0\"  class=\"panel-grid panel-no-style\" ><div id=\"pgc-gb2252-69e76184a737c-0-0\"  class=\"panel-grid-cell\" ><div id=\"panel-gb2252-69e76184a737c-0-0-0\" class=\"so-panel widget widget_media_image panel-first-child panel-last-child\" data-index=\"0\" ><img loading=\"lazy\" decoding=\"async\" width=\"2554\" height=\"10\" src=\"https:\/\/ikf.ac.at\/wp-content\/uploads\/2021\/01\/linie_IKF.jpg\" class=\"image wp-image-754  attachment-full size-full\" alt=\"\" style=\"max-width: 100%; height: auto;\" srcset=\"https:\/\/ikf.ac.at\/wp-content\/uploads\/2021\/01\/linie_IKF.jpg 2554w, https:\/\/ikf.ac.at\/wp-content\/uploads\/2021\/01\/linie_IKF-300x1.jpg 300w, https:\/\/ikf.ac.at\/wp-content\/uploads\/2021\/01\/linie_IKF-1024x4.jpg 1024w, https:\/\/ikf.ac.at\/wp-content\/uploads\/2021\/01\/linie_IKF-768x3.jpg 768w, https:\/\/ikf.ac.at\/wp-content\/uploads\/2021\/01\/linie_IKF-1536x6.jpg 1536w, https:\/\/ikf.ac.at\/wp-content\/uploads\/2021\/01\/linie_IKF-2048x8.jpg 2048w\" sizes=\"auto, (max-width: 2554px) 100vw, 2554px\" \/><\/div><\/div><\/div><\/div>\n\n\n<div style=\"color:#ddd\" class=\"wp-block-genesis-blocks-gb-spacer gb-block-spacer gb-divider-solid gb-divider-size-1\"><hr style=\"height:6px\"\/><\/div>\n\n\n<div id=\"pl-gb2252-69e76184a78bc\"  class=\"panel-layout\" ><div id=\"pg-gb2252-69e76184a78bc-0\"  class=\"panel-grid panel-no-style\" ><div id=\"pgc-gb2252-69e76184a78bc-0-0\"  class=\"panel-grid-cell panel-grid-cell-empty\" ><\/div><div id=\"pgc-gb2252-69e76184a78bc-0-1\"  class=\"panel-grid-cell\" ><div id=\"panel-gb2252-69e76184a78bc-0-1-0\" class=\"so-panel widget widget_sow-editor panel-first-child panel-last-child\" data-index=\"0\" ><div\n\t\t\t\n\t\t\tclass=\"so-widget-sow-editor so-widget-sow-editor-base\"\n\t\t\t\n\t\t>\n<div class=\"siteorigin-widget-tinymce textwidget\">\n\t<table style=\"height: 100px; width: 100%; border-collapse: collapse;\" border=\"1\" cellpadding=\"2\">\n<tbody>\n<tr style=\"height: 24px;\">\n<td style=\"width: 16.9374%; height: 24px;\">In Kooperation mit:<\/td>\n<td style=\"width: 83.0625%; height: 24px;\" colspan=\"2\">GenderLink (Projektleitung)<br \/>\nForschungszentrum W.A.S. (Projektleitung)<br \/>\nFORBA<br \/>\nSolution<br \/>\nKomunariko<\/td>\n<\/tr>\n<tr>\n<td style=\"width: 16.9374%;\">\n<hr \/>\n<\/td>\n<td style=\"width: 38.476%;\">\n<hr \/>\n<\/td>\n<td style=\"width: 44.5865%; height: 24px;\"><\/td>\n<\/tr>\n<tr>\n<td style=\"width: 16.9374%;\">Implementation:<\/td>\n<td style=\"width: 83.0625%;\" colspan=\"2\">Mag. Helga Amesberger<\/td>\n<\/tr>\n<tr>\n<td style=\"width: 16.9374%;\">\n<hr \/>\n<\/td>\n<td style=\"width: 38.476%;\">\n<hr \/>\n<\/td>\n<td style=\"width: 44.5865%;\"><\/td>\n<\/tr>\n<tr>\n<td style=\"width: 16.9374%;\">Funded by:<\/td>\n<td style=\"width: 83.0625%;\" colspan=\"2\">W.A.S. (Stadt Wien &#8211; MA 57)<\/td>\n<\/tr>\n<tr>\n<td style=\"width: 16.9374%;\">\n<hr \/>\n<\/td>\n<td style=\"width: 38.476%;\">\n<hr \/>\n<\/td>\n<td style=\"width: 44.5865%; height: 24px;\"><\/td>\n<\/tr>\n<tr style=\"height: 24px;\">\n<td style=\"width: 16.9374%; height: 24px;\">Completed in:<\/td>\n<td style=\"height: 24px; width: 83.0625%;\" colspan=\"2\">Dezember 1999<\/td>\n<\/tr>\n<\/tbody>\n<\/table>\n<\/div>\n<\/div><\/div><\/div><\/div><\/div>\n\n\n<div style=\"color:#404168\" class=\"wp-block-genesis-blocks-gb-spacer gb-block-spacer gb-divider-solid gb-spacer-divider gb-divider-size-1\"><hr style=\"height:3px\"\/><\/div>\n\n\n\n<div style=\"color:#404168\" class=\"wp-block-genesis-blocks-gb-spacer gb-block-spacer gb-divider-solid gb-divider-size-1\"><hr style=\"height:10px\"\/><\/div>\n\n\n<div id=\"pl-gb2252-69e76184a7d5a\"  class=\"panel-layout\" ><div id=\"pg-gb2252-69e76184a7d5a-0\"  class=\"panel-grid panel-no-style\" ><div id=\"pgc-gb2252-69e76184a7d5a-0-0\"  class=\"panel-grid-cell panel-grid-cell-empty\" ><\/div><div id=\"pgc-gb2252-69e76184a7d5a-0-1\"  class=\"panel-grid-cell panel-grid-cell-mobile-last\" ><div id=\"panel-gb2252-69e76184a7d5a-0-1-0\" class=\"so-panel widget widget_text panel-first-child panel-last-child\" data-index=\"0\" >\t\t\t<div class=\"textwidget\"><p align=\"justify\">Ziel des Projektes war es, ein Handbuch zur betrieblichen Frauenf\u00f6rderung f\u00fcr UnternehmensvertreterInnen, Betriebsr\u00e4tInnen, GewerkschaftsvertreterInnen und ArbeitsmarktberaterInnen zu entwickeln. Es soll eine sachlich fundierte Argumentationshilfe f\u00fcr Diskussionen zum Thema Chancengleichheit im Betrieb bieten und konkrete Handlungsanleitungen f\u00fcr die Umsetzung von gleichheitsf\u00f6rdernden Ma\u00dfnahmen liefern. Anhand von sieben Modulen wurden m\u00f6gliche Ma\u00dfnahmen und einzelne konkrete Schritte zur Umsetzung dargestellt. Thematisch behandeln diese Module die Planung von Gleichstellungsma\u00dfnahmen, die Betriebsdiagnose, Ma\u00dfnahmen im Rahmen der Personalplanung, -suche und -auswahl, der Personalentwicklung, Weiterbildung und Karrieref\u00f6rderung, der Vereinbarkeit von Beruf und Familie\/Privatleben. Weiters wird auf die Bedeutung der Organisationskultur und auf die Implementierung von Gleichstellungsma\u00dfnahmen eingegangen. Jedes Modul umrei\u00dft die Problemlage und m\u00f6gliche Handlungsfelder, wobei bei letzteren zus\u00e4tzlich noch konkret auf die verschiedenen Zielgruppen eingegangen wird. Illustriert werden diverse Ma\u00dfnahmen durch ausf\u00fchrliche Good Practice Beispiele. Im Handbuch finden sich auch die relevanten rechtlichen Regelungen (EU und \u00d6sterreich) sowie Informationen zu Gleichstellungsaktivit\u00e4ten in \u00d6sterreich.<\/p>\n<\/div>\n\t\t<\/div><\/div><div id=\"pgc-gb2252-69e76184a7d5a-0-2\"  class=\"panel-grid-cell panel-grid-cell-empty\" ><\/div><\/div><\/div>\n\n\n<div style=\"color:#333\" class=\"wp-block-genesis-blocks-gb-spacer gb-block-spacer gb-divider-solid gb-spacer-divider gb-divider-size-1\"><hr style=\"height:67px\"\/><\/div>\n<\/div><\/div><\/div>","protected":false},"excerpt":{"rendered":"","protected":false},"author":2,"featured_media":0,"parent":454,"menu_order":35,"comment_status":"closed","ping_status":"closed","template":"","meta":{"footnotes":""},"class_list":["post-2252","page","type-page","status-publish","hentry","post"],"featured_image_src":null,"featured_image_src_square":null,"_links":{"self":[{"href":"https:\/\/ikf.ac.at\/en\/wp-json\/wp\/v2\/pages\/2252","targetHints":{"allow":["GET"]}}],"collection":[{"href":"https:\/\/ikf.ac.at\/en\/wp-json\/wp\/v2\/pages"}],"about":[{"href":"https:\/\/ikf.ac.at\/en\/wp-json\/wp\/v2\/types\/page"}],"author":[{"embeddable":true,"href":"https:\/\/ikf.ac.at\/en\/wp-json\/wp\/v2\/users\/2"}],"replies":[{"embeddable":true,"href":"https:\/\/ikf.ac.at\/en\/wp-json\/wp\/v2\/comments?post=2252"}],"version-history":[{"count":4,"href":"https:\/\/ikf.ac.at\/en\/wp-json\/wp\/v2\/pages\/2252\/revisions"}],"predecessor-version":[{"id":3136,"href":"https:\/\/ikf.ac.at\/en\/wp-json\/wp\/v2\/pages\/2252\/revisions\/3136"}],"up":[{"embeddable":true,"href":"https:\/\/ikf.ac.at\/en\/wp-json\/wp\/v2\/pages\/454"}],"wp:attachment":[{"href":"https:\/\/ikf.ac.at\/en\/wp-json\/wp\/v2\/media?parent=2252"}],"curies":[{"name":"wp","href":"https:\/\/api.w.org\/{rel}","templated":true}]}}