{"id":2191,"date":"2021-03-16T13:36:01","date_gmt":"2021-03-16T13:36:01","guid":{"rendered":"http:\/\/test-ikf.online\/?page_id=2191"},"modified":"2021-03-17T11:51:23","modified_gmt":"2021-03-17T11:51:23","slug":"2000-rechtsextreme-parteien-frauen","status":"publish","type":"page","link":"https:\/\/ikf.ac.at\/en\/schwerpunkte\/cleavages\/gender\/2000-rechtsextreme-parteien-frauen","title":{"rendered":"2000: Rechtsextreme Parteien &#8211; eine m\u00f6gliche Heimat f\u00fcr Frauen?"},"content":{"rendered":"<div class=\"wp-block-atomic-blocks-ab-container alignfull ab-block-container\"><div class=\"ab-container-inside\"><div class=\"ab-container-content\"><div id=\"pl-gb2191-69e75ce5077ba\"  class=\"panel-layout\" ><div id=\"pg-gb2191-69e75ce5077ba-0\"  class=\"panel-grid panel-no-style\" ><div id=\"pgc-gb2191-69e75ce5077ba-0-0\"  class=\"panel-grid-cell\" ><div id=\"panel-gb2191-69e75ce5077ba-0-0-0\" class=\"so-panel widget widget_media_image panel-first-child panel-last-child\" data-index=\"0\" ><img loading=\"lazy\" decoding=\"async\" width=\"2554\" height=\"10\" src=\"https:\/\/ikf.ac.at\/wp-content\/uploads\/2021\/01\/linie_IKF.jpg\" class=\"image wp-image-754  attachment-full size-full\" alt=\"\" style=\"max-width: 100%; height: auto;\" srcset=\"https:\/\/ikf.ac.at\/wp-content\/uploads\/2021\/01\/linie_IKF.jpg 2554w, https:\/\/ikf.ac.at\/wp-content\/uploads\/2021\/01\/linie_IKF-300x1.jpg 300w, https:\/\/ikf.ac.at\/wp-content\/uploads\/2021\/01\/linie_IKF-1024x4.jpg 1024w, https:\/\/ikf.ac.at\/wp-content\/uploads\/2021\/01\/linie_IKF-768x3.jpg 768w, https:\/\/ikf.ac.at\/wp-content\/uploads\/2021\/01\/linie_IKF-1536x6.jpg 1536w, https:\/\/ikf.ac.at\/wp-content\/uploads\/2021\/01\/linie_IKF-2048x8.jpg 2048w\" sizes=\"auto, (max-width: 2554px) 100vw, 2554px\" \/><\/div><\/div><\/div><\/div>\n\n\n<div style=\"color:#ddd\" class=\"wp-block-genesis-blocks-gb-spacer gb-block-spacer gb-divider-solid gb-divider-size-1\"><hr style=\"height:30px\"\/><\/div>\n\n\n<div id=\"pl-gb2191-69e75ce507cb9\"  class=\"panel-layout\" ><div id=\"pg-gb2191-69e75ce507cb9-0\"  class=\"panel-grid panel-no-style\" ><div id=\"pgc-gb2191-69e75ce507cb9-0-0\"  class=\"panel-grid-cell panel-grid-cell-empty\" ><\/div><div id=\"pgc-gb2191-69e75ce507cb9-0-1\"  class=\"panel-grid-cell\" ><div id=\"panel-gb2191-69e75ce507cb9-0-1-0\" class=\"so-panel widget widget_sow-editor panel-first-child panel-last-child\" data-index=\"0\" ><div\n\t\t\t\n\t\t\tclass=\"so-widget-sow-editor so-widget-sow-editor-base\"\n\t\t\t\n\t\t>\n<div class=\"siteorigin-widget-tinymce textwidget\">\n\t<table style=\"height: 100px; width: 100%; border-collapse: collapse;\" border=\"1\" cellpadding=\"2\">\n<tbody>\n<tr style=\"height: 24px;\">\n<td style=\"width: 15.8421%; height: 24px;\">Project management:<\/td>\n<td style=\"width: 84.1578%; height: 24px;\" colspan=\"2\">Univ.Prof. Dr. Anton Pelinka<\/td>\n<\/tr>\n<tr>\n<td style=\"width: 15.8421%;\">\n<hr \/>\n<\/td>\n<td style=\"width: 39.5713%;\">\n<hr \/>\n<\/td>\n<td style=\"width: 44.5865%; height: 24px;\"><\/td>\n<\/tr>\n<tr>\n<td style=\"width: 15.8421%;\">Implementation:<\/td>\n<td style=\"width: 84.1578%;\" colspan=\"2\">Mag. Dr. Stefanie Mayer<sup>a<\/sup> Helga Amesberger<br \/>\nMag. Dr. Stefanie Mayer<sup>a<\/sup> Brigitte Halbmayr<\/td>\n<\/tr>\n<tr>\n<td style=\"width: 15.8421%;\">\n<hr \/>\n<\/td>\n<td style=\"width: 39.5713%;\">\n<hr \/>\n<\/td>\n<td style=\"width: 44.5865%;\"><\/td>\n<\/tr>\n<tr>\n<td style=\"width: 15.8421%;\">Funded by:<\/td>\n<td style=\"width: 84.1578%;\" colspan=\"2\">Bundesministerium f\u00fcr Wissenschaft und Forschung<\/td>\n<\/tr>\n<tr>\n<td style=\"width: 15.8421%;\">\n<hr \/>\n<\/td>\n<td style=\"width: 39.5713%;\">\n<hr \/>\n<\/td>\n<td style=\"width: 44.5865%; height: 24px;\"><\/td>\n<\/tr>\n<tr style=\"height: 24px;\">\n<td style=\"width: 15.8421%; height: 24px;\">Completed in:<\/td>\n<td style=\"height: 24px; width: 84.1578%;\" colspan=\"2\">Februar 2000<\/td>\n<\/tr>\n<\/tbody>\n<\/table>\n<\/div>\n<\/div><\/div><\/div><\/div><\/div>\n\n\n<div style=\"color:#404168\" class=\"wp-block-genesis-blocks-gb-spacer gb-block-spacer gb-divider-solid gb-spacer-divider gb-divider-size-1\"><hr style=\"height:3px\"\/><\/div>\n\n\n\n<div style=\"color:#404168\" class=\"wp-block-genesis-blocks-gb-spacer gb-block-spacer gb-divider-solid gb-divider-size-1\"><hr style=\"height:10px\"\/><\/div>\n\n\n<div id=\"pl-gb2191-69e75ce5080e6\"  class=\"panel-layout\" ><div id=\"pg-gb2191-69e75ce5080e6-0\"  class=\"panel-grid panel-no-style\" ><div id=\"pgc-gb2191-69e75ce5080e6-0-0\"  class=\"panel-grid-cell panel-grid-cell-empty\" ><\/div><div id=\"pgc-gb2191-69e75ce5080e6-0-1\"  class=\"panel-grid-cell panel-grid-cell-mobile-last\" ><div id=\"panel-gb2191-69e75ce5080e6-0-1-0\" class=\"so-panel widget widget_text panel-first-child panel-last-child\" data-index=\"0\" >\t\t\t<div class=\"textwidget\"><p align=\"justify\">Die Studie widmet sich dem Ph\u00e4nomen des Rechtsextremismus unter besonderer Ber\u00fccksichtigung des Frauenaspekts. Dabei wird eine &#8220;Au\u00dfensicht&#8221; anhand der Aufarbeitung von Ver\u00f6ffentlichungen rechtsextremer Parteien mit der selten erhobenen, aber in der sozialwissenschaftlichen Forschung immer mehr eingeforderten &#8220;Innensicht&#8221;, also der Befragung rechtsextremer Aktivistinnen, kombiniert. Die Konzentration auf rechtsextreme Parteien gr\u00fcndet in der \u00dcberlegung, dass diese als wahlwerbende Organisationen durch bewusste \u00d6ffentlichkeitsarbeit und Medienpr\u00e4senz einen entsprechenden Bekanntheitsgrad (insbesondere bei zunehmendem Wahlerfolg) aufweisen und gleichzeitig ihre Ideen, Programme und ihre Ideologien an breite Bev\u00f6lkerungsschichten herantragen k\u00f6nnen. Der Umstand, dass Frauen nach wie vor signifikant weniger als M\u00e4nner, jedoch ebenfalls in steigendem Ausma\u00df rechtsextreme Parteien w\u00e4hlen und auch in ihnen mitarbeiten, l\u00e4sst nach den &#8220;Angeboten&#8221; dieser Parteien f\u00fcr Frauen sowie nach den Gr\u00fcnden der Frauen fragen, welche individuellen Lebensumst\u00e4nde und Lebenserfahrungen die Konzepte der Rechtsextremen f\u00fcr sie attraktiv erscheinen lassen.<\/p>\n<p>Die Studie gliedert sich im wesentlichen in vier Hauptteile:<\/p>\n<p align=\"justify\">Im ersten Teil befassen wir uns mit den wichtigsten sozialwissenschaftlichen Theorien\/Erkl\u00e4rungsans\u00e4tzen und empirischen Forschungsergebnissen zu Rechtsextremismus bzw. rechtsextremen Parteien unter dem &#8220;gender&#8221;-Aspekt.<\/p>\n<p align=\"justify\">Der zweite Teil, ebenfalls international konzipiert, umfasst die sekund\u00e4ranalytische Auswertung, Analyse und Interpretation von Parteiprogrammen, -reden und Publikationen (Parteizeitungen, Ver\u00f6ffentlichungen von Parteif\u00fchrern) ausgew\u00e4hlter rechtsextremer europ\u00e4ischer Parteien unter dem &#8220;gender&#8221;-Aspekt, d.h. im Hinblick auf deren Frauenbild und deren Angebote f\u00fcr Frauen, des (rechtsextremen) Wahlverhaltens von Frauen im L\u00e4ngsschnitt (ab 1990), und der Partizipation von Frauen in rechtsextremen Parteien.Folgende f\u00fcnf L\u00e4nder und Parteien wurden einbezogen:<\/p>\n<p>\u00d6sterreich: Freiheitliche Partei \u00d6sterreich (FP\u00d6)<br \/>\nItalien: Alleanza Nazionale (AN)<br \/>\nFrankreich: Front National (FN)<br \/>\nTschechische Republik: Vereinigung f\u00fcr die Republik &#8211; Republikanische Partei der Tschechoslowakei (SPR-RSC)<br \/>\nSlowakische Republik: Slowakische Nationalpartei (SNS).<\/p>\n<p align=\"justify\">Die sogenannten &#8220;L\u00e4nderberichte&#8221; wurden jeweils von Expertinnen vor Ort, von Sandra Riccio (Italien), Mariette Sineau und Nonna Mayer (Frankreich), Hana Havelkov\u00e1 (Tschechien) und Olga Gy\u00e1rf\u00e1sov\u00e1 (Slowakei) verfasst.<\/p>\n<p align=\"justify\">F\u00fcr den dritten, \u00f6sterreichbezogenen empirischen Teil wurden problemzentrierte Interviews mit FP\u00d6-Funktion\u00e4rinnen (neun Bezirksr\u00e4tinnen in Wien und Ober\u00f6sterreich) durchgef\u00fchrt und interpretiert. Thematische Schwerpunkte waren geschlechtsspezifische Lebenserfahrungen und deren m\u00f6gliche Einfl\u00fcsse auf die politische Orientierung sowie die entscheidenden Motive f\u00fcr eine aktive Beteiligung in der Partei.<\/p>\n<p align=\"justify\">Im vierten Teil werden Ableitungen und notwendige Konsequenzen f\u00fcr eine (Frauen)Politik beschrieben und diskutiert, sowie ein Ma\u00dfnahmenkatalog als Grundlage f\u00fcr eine politische Gegensteuerung gegen eine Ausweitung von rechtsradikalen Denkmustern und Handlungen erarbeitet.<\/p>\n<\/div>\n\t\t<\/div><\/div><div id=\"pgc-gb2191-69e75ce5080e6-0-2\"  class=\"panel-grid-cell panel-grid-cell-empty\" ><\/div><\/div><\/div>\n\n\n<div style=\"color:#333\" class=\"wp-block-genesis-blocks-gb-spacer gb-block-spacer gb-divider-solid gb-spacer-divider gb-divider-size-1\"><hr style=\"height:100px\"\/><\/div>\n<\/div><\/div><\/div>","protected":false},"excerpt":{"rendered":"","protected":false},"author":2,"featured_media":0,"parent":454,"menu_order":34,"comment_status":"closed","ping_status":"closed","template":"","meta":{"footnotes":""},"class_list":["post-2191","page","type-page","status-publish","hentry","post"],"featured_image_src":null,"featured_image_src_square":null,"_links":{"self":[{"href":"https:\/\/ikf.ac.at\/en\/wp-json\/wp\/v2\/pages\/2191","targetHints":{"allow":["GET"]}}],"collection":[{"href":"https:\/\/ikf.ac.at\/en\/wp-json\/wp\/v2\/pages"}],"about":[{"href":"https:\/\/ikf.ac.at\/en\/wp-json\/wp\/v2\/types\/page"}],"author":[{"embeddable":true,"href":"https:\/\/ikf.ac.at\/en\/wp-json\/wp\/v2\/users\/2"}],"replies":[{"embeddable":true,"href":"https:\/\/ikf.ac.at\/en\/wp-json\/wp\/v2\/comments?post=2191"}],"version-history":[{"count":4,"href":"https:\/\/ikf.ac.at\/en\/wp-json\/wp\/v2\/pages\/2191\/revisions"}],"predecessor-version":[{"id":2251,"href":"https:\/\/ikf.ac.at\/en\/wp-json\/wp\/v2\/pages\/2191\/revisions\/2251"}],"up":[{"embeddable":true,"href":"https:\/\/ikf.ac.at\/en\/wp-json\/wp\/v2\/pages\/454"}],"wp:attachment":[{"href":"https:\/\/ikf.ac.at\/en\/wp-json\/wp\/v2\/media?parent=2191"}],"curies":[{"name":"wp","href":"https:\/\/api.w.org\/{rel}","templated":true}]}}