{"id":2161,"date":"2021-03-16T08:42:17","date_gmt":"2021-03-16T08:42:17","guid":{"rendered":"http:\/\/test-ikf.online\/?page_id=2161"},"modified":"2021-03-17T13:30:46","modified_gmt":"2021-03-17T13:30:46","slug":"2010-feasibility-study-gender-violence-and-violence-against-children","status":"publish","type":"page","link":"https:\/\/ikf.ac.at\/en\/schwerpunkte\/cleavages\/gender\/2010-feasibility-study-gender-violence-and-violence-against-children","title":{"rendered":"2010: Feasibility Study: National legislation on gender violence and violence against children"},"content":{"rendered":"<div class=\"wp-block-atomic-blocks-ab-container alignfull ab-block-container\"><div class=\"ab-container-inside\"><div class=\"ab-container-content\"><div id=\"pl-gb2161-69f2550da532c\"  class=\"panel-layout\" ><div id=\"pg-gb2161-69f2550da532c-0\"  class=\"panel-grid panel-no-style\" ><div id=\"pgc-gb2161-69f2550da532c-0-0\"  class=\"panel-grid-cell\" ><div id=\"panel-gb2161-69f2550da532c-0-0-0\" class=\"so-panel widget widget_media_image panel-first-child panel-last-child\" data-index=\"0\" ><img loading=\"lazy\" decoding=\"async\" width=\"2554\" height=\"10\" src=\"https:\/\/ikf.ac.at\/wp-content\/uploads\/2021\/01\/linie_IKF.jpg\" class=\"image wp-image-754  attachment-full size-full\" alt=\"\" style=\"max-width: 100%; height: auto;\" srcset=\"https:\/\/ikf.ac.at\/wp-content\/uploads\/2021\/01\/linie_IKF.jpg 2554w, https:\/\/ikf.ac.at\/wp-content\/uploads\/2021\/01\/linie_IKF-300x1.jpg 300w, https:\/\/ikf.ac.at\/wp-content\/uploads\/2021\/01\/linie_IKF-1024x4.jpg 1024w, https:\/\/ikf.ac.at\/wp-content\/uploads\/2021\/01\/linie_IKF-768x3.jpg 768w, https:\/\/ikf.ac.at\/wp-content\/uploads\/2021\/01\/linie_IKF-1536x6.jpg 1536w, https:\/\/ikf.ac.at\/wp-content\/uploads\/2021\/01\/linie_IKF-2048x8.jpg 2048w\" sizes=\"auto, (max-width: 2554px) 100vw, 2554px\" \/><\/div><\/div><\/div><\/div>\n\n\n<div style=\"color:#ddd\" class=\"wp-block-genesis-blocks-gb-spacer gb-block-spacer gb-divider-solid gb-divider-size-1\"><hr style=\"height:30px\"\/><\/div>\n\n\n<div id=\"pl-gb2161-69f2550da57e8\"  class=\"panel-layout\" ><div id=\"pg-gb2161-69f2550da57e8-0\"  class=\"panel-grid panel-no-style\" ><div id=\"pgc-gb2161-69f2550da57e8-0-0\"  class=\"panel-grid-cell panel-grid-cell-empty\" ><\/div><div id=\"pgc-gb2161-69f2550da57e8-0-1\"  class=\"panel-grid-cell\" ><div id=\"panel-gb2161-69f2550da57e8-0-1-0\" class=\"so-panel widget widget_sow-editor panel-first-child panel-last-child\" data-index=\"0\" ><div\n\t\t\t\n\t\t\tclass=\"so-widget-sow-editor so-widget-sow-editor-base\"\n\t\t\t\n\t\t>\n<div class=\"siteorigin-widget-tinymce textwidget\">\n\t<table style=\"height: 100px; width: 100%; border-collapse: collapse;\" border=\"1\" cellpadding=\"2\">\n<tbody>\n<tr style=\"height: 24px;\">\n<td style=\"width: 15.8421%; height: 24px;\">L\u00e4nderbericht:<\/td>\n<td style=\"width: 84.1578%; height: 24px;\" colspan=\"2\" class=\"translation-block\"><span style=\"font-size: x-large\">Dr. Birgitt Haller<\/span><\/td>\n<\/tr>\n<tr>\n<td style=\"width: 15.8421%;\">\n<hr \/>\n<\/td>\n<td style=\"width: 39.5713%;\">\n<hr \/>\n<\/td>\n<td style=\"width: 44.5865%; height: 24px;\"><\/td>\n<\/tr>\n<tr>\n<td style=\"width: 15.8421%;\">Funded by:<\/td>\n<td style=\"width: 84.1578%;\" colspan=\"2\">Europ\u00e4ische Kommission, Daphne III<\/td>\n<\/tr>\n<tr>\n<td style=\"width: 15.8421%;\">\n<hr \/>\n<\/td>\n<td style=\"width: 39.5713%;\">\n<hr \/>\n<\/td>\n<td style=\"width: 44.5865%; height: 24px;\"><\/td>\n<\/tr>\n<tr style=\"height: 24px;\">\n<td style=\"width: 15.8421%; height: 24px;\">Completed in:<\/td>\n<td style=\"height: 24px; width: 84.1578%;\" colspan=\"2\">Juni 2010<\/td>\n<\/tr>\n<tr>\n<td style=\"width: 15.8421%;\">\n<hr \/>\n<\/td>\n<td style=\"width: 39.5713%;\">\n<hr \/>\n<\/td>\n<td style=\"width: 44.5865%;\"><\/td>\n<\/tr>\n<tr>\n<td style=\"width: 15.8421%;\"><\/td>\n<td style=\"width: 39.5713%;\" valign=\"top\" width=\"80%\"><img loading=\"lazy\" decoding=\"async\" src=\"http:\/\/www.ikf.ac.at\/design\/images\/Document%20Folder.png\" width=\"28\" height=\"28\" align=\"left\" \/>\u00a0<a href=\"https:\/\/ikf.ac.at\/wp-content\/uploads\/2021\/03\/daphne_feasibility_study_2010_en.pdf\" target=\"_blank\" rel=\"noopener\">Final Report (german)<\/a><\/td>\n<td style=\"width: 44.5865%;\"><\/td>\n<\/tr>\n<\/tbody>\n<\/table>\n<\/div>\n<\/div><\/div><\/div><\/div><\/div>\n\n\n<div style=\"color:#404168\" class=\"wp-block-genesis-blocks-gb-spacer gb-block-spacer gb-divider-solid gb-spacer-divider gb-divider-size-1\"><hr style=\"height:3px\"\/><\/div>\n\n\n\n<div style=\"color:#404168\" class=\"wp-block-genesis-blocks-gb-spacer gb-block-spacer gb-divider-solid gb-divider-size-1\"><hr style=\"height:10px\"\/><\/div>\n\n\n<div id=\"pl-gb2161-69f2550da5c68\"  class=\"panel-layout\" ><div id=\"pg-gb2161-69f2550da5c68-0\"  class=\"panel-grid panel-no-style\" ><div id=\"pgc-gb2161-69f2550da5c68-0-0\"  class=\"panel-grid-cell panel-grid-cell-empty\" ><\/div><div id=\"pgc-gb2161-69f2550da5c68-0-1\"  class=\"panel-grid-cell panel-grid-cell-mobile-last\" ><div id=\"panel-gb2161-69f2550da5c68-0-1-0\" class=\"so-panel widget widget_text panel-first-child panel-last-child\" data-index=\"0\" >\t\t\t<div class=\"textwidget\"><p align=\"justify\">Diese breit angelegte Studie untersuchte in allen EU-Mitgliedstaaten die in Hinblick auf Gewalt gegen Frauen und Kinder sowie auf Gewalt in Zusammenhang mit der sexuellen Orientierung der Opfer relevante Gesetzgebung. Auf der Grundlage eines Vergleichs der l\u00e4nderspezifischen Regelungen wurden einerseits rechtliche Mindeststandards f\u00fcr den EU-Raum identifiziert und andererseits Empfehlungen f\u00fcr verbesserte Gesetze zum Gewaltschutz, die in der EU als Standard etabliert werden sollten, erarbeitet.<\/p>\n<\/div>\n\t\t<\/div><\/div><div id=\"pgc-gb2161-69f2550da5c68-0-2\"  class=\"panel-grid-cell panel-grid-cell-empty\" ><\/div><\/div><\/div>\n\n\n<div style=\"color:#333\" class=\"wp-block-genesis-blocks-gb-spacer gb-block-spacer gb-divider-solid gb-spacer-divider gb-divider-size-1\"><hr style=\"height:100px\"\/><\/div>\n<\/div><\/div><\/div>","protected":false},"excerpt":{"rendered":"","protected":false},"author":2,"featured_media":0,"parent":454,"menu_order":28,"comment_status":"closed","ping_status":"closed","template":"","meta":{"footnotes":""},"class_list":["post-2161","page","type-page","status-publish","hentry","post"],"featured_image_src":null,"featured_image_src_square":null,"_links":{"self":[{"href":"https:\/\/ikf.ac.at\/en\/wp-json\/wp\/v2\/pages\/2161","targetHints":{"allow":["GET"]}}],"collection":[{"href":"https:\/\/ikf.ac.at\/en\/wp-json\/wp\/v2\/pages"}],"about":[{"href":"https:\/\/ikf.ac.at\/en\/wp-json\/wp\/v2\/types\/page"}],"author":[{"embeddable":true,"href":"https:\/\/ikf.ac.at\/en\/wp-json\/wp\/v2\/users\/2"}],"replies":[{"embeddable":true,"href":"https:\/\/ikf.ac.at\/en\/wp-json\/wp\/v2\/comments?post=2161"}],"version-history":[{"count":10,"href":"https:\/\/ikf.ac.at\/en\/wp-json\/wp\/v2\/pages\/2161\/revisions"}],"predecessor-version":[{"id":2280,"href":"https:\/\/ikf.ac.at\/en\/wp-json\/wp\/v2\/pages\/2161\/revisions\/2280"}],"up":[{"embeddable":true,"href":"https:\/\/ikf.ac.at\/en\/wp-json\/wp\/v2\/pages\/454"}],"wp:attachment":[{"href":"https:\/\/ikf.ac.at\/en\/wp-json\/wp\/v2\/media?parent=2161"}],"curies":[{"name":"wp","href":"https:\/\/api.w.org\/{rel}","templated":true}]}}